{"id":916,"date":"2011-08-12T21:11:53","date_gmt":"2011-08-12T21:11:53","guid":{"rendered":"https:\/\/speakingwellofgod.ootartb0-liquidwebsites.com\/?page_id=916"},"modified":"2011-08-15T23:12:00","modified_gmt":"2011-08-15T23:12:00","slug":"slavic-home","status":"publish","type":"page","link":"https:\/\/speakingwellofgod.org\/sla","title":{"rendered":"IN\u203a POH\u00baAD NA BOHA"},"content":{"rendered":"<p><P>Ver\u00ccm, \u00fbe najd\u00d9le\u00fbitej\u00f6\u00ccm bodom kres\u00f9anskej vierouky, ktor\u02dd prin\u00b7\u00f6a rados\u00f9 a&nbsp;istotu v\u00f6etk\u02ddm Bo\u00fb\u00ccm priate\u00e6om, je pravda o&nbsp;na\u00f6om nebeskom Otcovi, ktor\u00b7 bola potvrden\u00b7 takou vysokou cenou \u00f1 \u00fbivotom a&nbsp;smr\u00f9ou jeho Syna, Je\u00fbi\u00f6a Krista.<br \/>\n<P>Boh nie je tak\u02dd, ak\u00c8ho ho predstavuj\u02d9 jeho nepriatelia. Nie je svojvo\u00e6n\u02dd, nemilosrdn\u02dd a&nbsp;krut\u02dd. Boh-Otec n\u00b7s miluje rovnako ako jeho Syn, Boh-Je\u00fbi\u00f6 Kristus, je mo\u00fbn\u00c8 mu pr\u00b7ve tak d\u00d9verova\u00f9, je ochotn\u02dd odp\u02d9\u00f6\u00f9a\u00f9 a&nbsp;zachr\u00b7ni\u00f9 n\u00b7s takisto ako Je\u00fbi\u00f6. Napriek tomu, \u00fbe n\u00b7\u00f6 Stvorite\u00e6 je nekone\u00cbn\u02dd vo svojom majest\u00b7te a&nbsp;moci, je z\u00b7rove\u00da nekone\u00cbne l\u00b7skav\u02dd a&nbsp;nadov\u00f6etko si cen\u00cc slobodu, d\u00d9stojnos\u00f9 a&nbsp;individualitu stvoren\u02ddch rozumn\u02ddch bytost\u00cc. Niet pre\u00daho v\u2030\u00cb\u00f6ej radosti, ako ke\u00d4 mu svoju l\u00b7sku a&nbsp;vieru prin\u00b7\u00f6ame dobrovo\u00e6ne, ke\u00d4 ho ochotne po\u00cb\u02d9vame a&nbsp;posl\u02d9chame. Ba \u00cbo viac, nechce, aby sme boli jeho sluhami, ale t\u02d9\u00fbi po tom, aby sme boli jeho ch\u00b7paj\u02d9cimi priate\u00e6mi. T\u00b7to pravda je odhalen\u00b7 vo v\u00f6etk\u02ddch knih\u00b7ch Biblie. To je to ve\u00cbn\u00c8 evanjelium, ktor\u00c8 si z\u00ccskava d\u00d9veru a&nbsp;obdiv vern\u02ddch Bo\u00fb\u00ccch det\u00cc v&nbsp;celom vesm\u00ccre.<br \/>\n<P>Podobne ako Abrah\u00b7m a&nbsp;Moj\u00fbi\u00f6, ktor\u02ddch Boh nazval svojimi d\u00d9veryhodn\u02ddmi priate\u00e6mi, aj dne\u00f6n\u00cc Bo\u00fb\u00cc priatelia chc\u02d9 o&nbsp;Bohu hovori\u00f9 pravdivo a&nbsp;v&nbsp;dobrom svetle. Za najv\u2030\u00cb\u00f6iu poctu pova\u00fbuj\u02d9 slov\u00b7, ktor\u00c8 Boh povedal o&nbsp;J\u00dbbovi: \u00d1On hovoril o&nbsp;mne spr\u00b7vne.\u00ec <\/p>\n","protected":false},"excerpt":{"rendered":"<p>Ver\u00ccm, \u00fbe najd\u00d9le\u00fbitej\u00f6\u00ccm bodom kres\u00f9anskej vierouky, ktor\u02dd prin\u00b7\u00f6a rados\u00f9 a&nbsp;istotu v\u00f6etk\u02ddm Bo\u00fb\u00ccm priate\u00e6om, je pravda o&nbsp;na\u00f6om nebeskom Otcovi, ktor\u00b7 bola potvrden\u00b7 takou vysokou cenou \u00f1 \u00fbivotom a&nbsp;smr\u00f9ou jeho Syna, Je\u00fbi\u00f6a Krista. Boh nie je tak\u02dd, ak\u00c8ho ho predstavuj\u02d9 jeho nepriatelia. Nie je svojvo\u00e6n\u02dd, nemilosrdn\u02dd a&nbsp;krut\u02dd. Boh-Otec n\u00b7s miluje rovnako ako jeho Syn, Boh-Je\u00fbi\u00f6 Kristus, je [&hellip;]<\/p>\n","protected":false},"author":1,"featured_media":0,"parent":0,"menu_order":0,"comment_status":"closed","ping_status":"closed","template":"","meta":{"footnotes":""},"class_list":["post-916","page","type-page","status-publish","hentry"],"_links":{"self":[{"href":"https:\/\/speakingwellofgod.org\/sla\/wp-json\/wp\/v2\/pages\/916","targetHints":{"allow":["GET"]}}],"collection":[{"href":"https:\/\/speakingwellofgod.org\/sla\/wp-json\/wp\/v2\/pages"}],"about":[{"href":"https:\/\/speakingwellofgod.org\/sla\/wp-json\/wp\/v2\/types\/page"}],"author":[{"embeddable":true,"href":"https:\/\/speakingwellofgod.org\/sla\/wp-json\/wp\/v2\/users\/1"}],"replies":[{"embeddable":true,"href":"https:\/\/speakingwellofgod.org\/sla\/wp-json\/wp\/v2\/comments?post=916"}],"version-history":[{"count":0,"href":"https:\/\/speakingwellofgod.org\/sla\/wp-json\/wp\/v2\/pages\/916\/revisions"}],"wp:attachment":[{"href":"https:\/\/speakingwellofgod.org\/sla\/wp-json\/wp\/v2\/media?parent=916"}],"curies":[{"name":"wp","href":"https:\/\/api.w.org\/{rel}","templated":true}]}}