{"id":4188,"date":"2021-04-26T17:35:09","date_gmt":"2021-04-26T17:35:09","guid":{"rendered":"https:\/\/speakingwellofgod.org\/?page_id=4188"},"modified":"2021-06-07T21:21:54","modified_gmt":"2021-06-07T21:21:54","slug":"prefacio","status":"publish","type":"page","link":"https:\/\/speakingwellofgod.org\/pt-br\/materiais-escritos\/conversas-sobre-deus\/prefacio","title":{"rendered":"Pref\u00e1cio"},"content":{"rendered":"<p class=\"p1\"><b>Conversas sobre Deus<\/b><\/p>\n<p class=\"p2\"><b>Pref\u00e1cio<\/b><\/p>\n<p class=\"p4\">O t\u00edtulo deste livro, <i>Conversas Sobre Deus<\/i>, n\u00e3o apenas reflete seu conte\u00fado, mas \u00e9 tamb\u00e9m o resultado de uma s\u00e9rie de vinte programas com esse mesmo t\u00edtulo, apresentados na Igreja da Universidade de Loma Linda em 1984. Nesta s\u00e9rie memor\u00e1vel, o Dr. A. Graham Maxwell abriu o tema de cada noite com uma apresenta\u00e7\u00e3o, seguida por perguntas e coment\u00e1rios da plateia, moderados pelo ent\u00e3o pastor Louis Venden. O livro que voc\u00ea tem em suas m\u00e3os \u00e9 uma vers\u00e3o editada das &#8220;conversas&#8221; originais. O editor, Jon Paulien, guiado pela filha de Graham, Audrey Zinke e por sua amiga Cherie Kirk, procurou preservar tanto quanto poss\u00edvel o teor das conversas originais. O manuscrito tamb\u00e9m foi entusiasticamente examinado pelo pr\u00f3prio Pastor Venden.<span class=\"Apple-converted-space\">\u00a0<\/span><\/p>\n<p class=\"p4\">Essas conversas apresentam uma outra vis\u00e3o do nosso Pai celestial, Seu car\u00e1ter e governo levando em considera\u00e7\u00e3o o panorama mais amplo de um conflito que abrange todo o universo. Deus \u00e9 infinito em majestade e poder. No entanto, quando Ele veio em forma humana, Ele n\u00e3o procurou intimidar ou sobrecarregar as pessoas com uma demonstra\u00e7\u00e3o de majestade e poder. Em vez disso, Ele sentou-se entre elas. Ele conversou com elas. Ele at\u00e9 acolheu suas perguntas. Ali\u00e1s, Jesus ensinou algumas de Suas verdades mais importantes enquanto se reclinava \u00e0 mesa, jantando com Seus ouvintes.<\/p>\n<p class=\"p4\">Como indicado no t\u00edtulo deste livro, essas vinte conversas s\u00e3o essencialmente sobre Deus. Obviamente, por\u00e9m, \u00e9 poss\u00edvel que algu\u00e9m pergunte, <b><i>de que Deus<\/i><\/b> estamos falando? Deus n\u00e3o \u00e9 propriedade exclusiva de nenhuma denomina\u00e7\u00e3o em particular. Por exemplo, os Metodistas e os Batistas adoravam a Deus antes que os Adventistas do S\u00e9timo Dia entrassem em cena. Os Luteranos j\u00e1 adoravam a Deus antes dos Metodistas e dos Batistas entrarem em cena. Os judeus adoravam a Deus s\u00e9culos antes de haver crist\u00e3os. Ad\u00e3o e Eva adoravam a Deus antes de haver qualquer judeu. E antes de haver qualquer pessoa em nosso planeta, os anjos leais de Deus O adoravam por todo o universo.<\/p>\n<p class=\"p5\">Deus pertence a todos n\u00f3s. Embora hajam diferen\u00e7as religiosas entre n\u00f3s, somos todos membros de Sua fam\u00edlia. Ou seria melhor dizer que apenas os bons entre n\u00f3s s\u00e3o membros da fam\u00edlia de Deus? \u00c9 assim a maneira como voc\u00ea conta seus filhos? Hoje voc\u00ea diz que tem apenas um filho; enquanto que amanh\u00e3 voc\u00ea talvez diga que tem tr\u00eas? J\u00e1 no dia seguinte apenas dois? Voc\u00ea reconhece somente os filhos que se comportam bem? Francamente, todos n\u00f3s temos nos comportado mal. E ainda assim, Deus reconhece cada um de n\u00f3s, conta cada um de n\u00f3s como membros de Sua fam\u00edlia. Esse Deus maravilhoso e gentil \u00e9 que \u00e9 o tema deste livro. E &#8220;conversas&#8221; como esta s\u00e3o necess\u00e1rias hoje e v\u00e3o continuar sendo necess\u00e1rias. Mesmo a eternidade n\u00e3o ser\u00e1 suficientemente longa para celebrar e compreender plenamente nosso Deus.<\/p>\n<p class=\"p5\"><b>Uma outra VIS\u00c3O de DEUS<\/b><\/p>\n<p class=\"p4\">Eu acredito que a mais importante de todas as cren\u00e7as crist\u00e3s \u00e9 aquela que traz alegria e seguran\u00e7a aos que s\u00e3o amigos de Deus em todos os lugares&#8212;a verdade sobre nosso Pai celestial que por um pre\u00e7o t\u00e3o grande foi confirmada atrav\u00e9s da vida e morte de Seu Filho.<\/p>\n<p class=\"p4\">Deus n\u00e3o \u00e9 arbitr\u00e1rio, implac\u00e1vel e severo como Seus inimigos O apresentaram ser. Deus \u00e9 t\u00e3o amoroso e confi\u00e1vel quanto Seu Filho, igualmente disposto a perdoar e curar. Embora infinito em majestade e poder, nosso Criador \u00e9 uma pessoa igualmente am\u00e1vel e gentil que valoriza nada mais do que a liberdade, dignidade e individualidade de Suas criaturas inteligentes&#8212; para que seu amor, sua f\u00e9, sua disposi\u00e7\u00e3o em ouvir e obedecer, possam ser oferecidas livremente. Ele prefere nos considerar como amigos e n\u00e3o como servos. Esta \u00e9 a verdade revelada atrav\u00e9s de todos os livros das Escrituras. Esta \u00e9 a Boa Nova eterna que conquista a confian\u00e7a e admira\u00e7\u00e3o dos leais filhos de Deus por todo o universo.<\/p>\n<p class=\"p5\">Como Abra\u00e3o e Mois\u00e9s\u2014sobre os quais Deus falou como sendo Seus amigos de confian\u00e7a&#8212;os amigos de Deus hoje desejam falar a verdade e falar bem do nosso Pai celestial. Eles desejam o mais alto de todos os elogios como as palavras usadas por Deus com respeito a J\u00f3: &#8220;Ele disse de Mim o que \u00e9 certo.\u201d <span class=\"Apple-converted-space\">\u00a0<\/span><\/p>\n","protected":false},"excerpt":{"rendered":"<p>Conversas sobre Deus Pref\u00e1cio O t\u00edtulo deste livro, Conversas Sobre Deus, n\u00e3o apenas reflete seu conte\u00fado, mas \u00e9 tamb\u00e9m o resultado de uma s\u00e9rie de vinte programas com esse mesmo t\u00edtulo, apresentados na Igreja da Universidade de Loma Linda em 1984. Nesta s\u00e9rie memor\u00e1vel, o Dr. A. Graham Maxwell abriu o tema de cada noite [&hellip;]<\/p>\n","protected":false},"author":1,"featured_media":0,"parent":4187,"menu_order":0,"comment_status":"closed","ping_status":"closed","template":"","meta":{"footnotes":""},"class_list":["post-4188","page","type-page","status-publish","hentry"],"_links":{"self":[{"href":"https:\/\/speakingwellofgod.org\/pt-br\/wp-json\/wp\/v2\/pages\/4188","targetHints":{"allow":["GET"]}}],"collection":[{"href":"https:\/\/speakingwellofgod.org\/pt-br\/wp-json\/wp\/v2\/pages"}],"about":[{"href":"https:\/\/speakingwellofgod.org\/pt-br\/wp-json\/wp\/v2\/types\/page"}],"author":[{"embeddable":true,"href":"https:\/\/speakingwellofgod.org\/pt-br\/wp-json\/wp\/v2\/users\/1"}],"replies":[{"embeddable":true,"href":"https:\/\/speakingwellofgod.org\/pt-br\/wp-json\/wp\/v2\/comments?post=4188"}],"version-history":[{"count":0,"href":"https:\/\/speakingwellofgod.org\/pt-br\/wp-json\/wp\/v2\/pages\/4188\/revisions"}],"up":[{"embeddable":true,"href":"https:\/\/speakingwellofgod.org\/pt-br\/wp-json\/wp\/v2\/pages\/4187"}],"wp:attachment":[{"href":"https:\/\/speakingwellofgod.org\/pt-br\/wp-json\/wp\/v2\/media?parent=4188"}],"curies":[{"name":"wp","href":"https:\/\/api.w.org\/{rel}","templated":true}]}}