{"id":4183,"date":"2021-04-26T17:02:11","date_gmt":"2021-04-26T17:02:11","guid":{"rendered":"https:\/\/speakingwellofgod.org\/?page_id=4183"},"modified":"2021-04-26T17:02:11","modified_gmt":"2021-04-26T17:02:11","slug":"o-que-acreditamos-uma-mensagem-de-graham-maxwell","status":"publish","type":"page","link":"https:\/\/speakingwellofgod.org\/pt-br","title":{"rendered":"O Que Acreditamos &#8211; Uma mensagem de Graham Maxwell"},"content":{"rendered":"<p>Eu acredito que a mais importante de todas as cren\u00e7as crist\u00e3s \u00e9 aquela que traz alegria e seguran\u00e7a aos que s\u00e3o amigos de Deus em todos os lugares \u2014 a verdade sobre nosso Pai celestial que por um pre\u00e7o t\u00e3o grande foi confirmada atrav\u00e9s da vida e morte de Seu Filho.<\/p>\n<p class=\"p1\"><span class=\"s1\">Deus n\u00e3o \u00e9 o tipo de Pessoa que Seus inimigos O fizeram parecer \u2014 arbitr\u00e1rio, vingativo e severo. Jesus disse: \u201cQuem me v\u00ea a mim v\u00ea o Pai\u201d. Deus \u00e9 t\u00e3o am\u00e1vel e gentil quanto Seu Filho; com a mesma disposi\u00e7\u00e3o para perdoar e curar<\/span><span class=\"s2\">. <\/span>Embora infinito em majestade e poder, nosso Criador \u00e9 uma pessoa igualmente am\u00e1vel e gentil que valoriza nada mais do que a liberdade, dignidade e individualidade de Suas criaturas inteligentes \u2014 para que seu amor, sua f\u00e9, sua disposi\u00e7\u00e3o em ouvir e obedecer, possam ser oferecidas livremente. Ele prefere nos considerar como amigos e n\u00e3o como servos.<span class=\"Apple-converted-space\">\u00a0<\/span><\/p>\n<p class=\"p4\">Esta \u00e9 a verdade revelada atrav\u00e9s de todos os livros das Escrituras. Esta \u00e9 a Boa Nova eterna que conquista a confian\u00e7a e admira\u00e7\u00e3o dos leais filhos de Deus por todo o universo.<\/p>\n<p class=\"p4\">Como Abra\u00e3o e Mois\u00e9s \u2014 sobre os quais Deus falou como sendo Seus amigos de confian\u00e7a \u2014 os amigos de Deus hoje desejam falar a verdade e falar bem do nosso Pai celestial. Desejamos o mais alto de todos os elogios como as palavras usadas por Deus com respeito a J\u00f3: &#8220;Ele disse de Mim o que \u00e9 certo.\u201d <span class=\"Apple-converted-space\">\u00a0<\/span><\/p>\n<p><a href=\"https:\/\/speakingwellofgod.org\/wp-content\/uploads\/2011\/01\/graham_pict.gif\"><img decoding=\"async\" class=\"alignnone size-full wp-image-18 lazyload\" title=\"Graham Maxwell Image\" data-src=\"https:\/\/speakingwellofgod.org\/wp-content\/uploads\/2011\/01\/graham_pict.gif\" alt=\"\" width=\"105\" height=\"156\" src=\"data:image\/svg+xml;base64,PHN2ZyB3aWR0aD0iMSIgaGVpZ2h0PSIxIiB4bWxucz0iaHR0cDovL3d3dy53My5vcmcvMjAwMC9zdmciPjwvc3ZnPg==\" style=\"--smush-placeholder-width: 105px; --smush-placeholder-aspect-ratio: 105\/156;\" \/><\/a><\/p>\n<p>Uma mensagem de Graham Maxwell<\/p>\n","protected":false},"excerpt":{"rendered":"<p>Eu acredito que a mais importante de todas as cren\u00e7as crist\u00e3s \u00e9 aquela que traz alegria e seguran\u00e7a aos que s\u00e3o amigos de Deus em todos os lugares \u2014 a verdade sobre nosso Pai celestial que por um pre\u00e7o t\u00e3o grande foi confirmada atrav\u00e9s da vida e morte de Seu Filho. Deus n\u00e3o \u00e9 o [&hellip;]<\/p>\n","protected":false},"author":1,"featured_media":0,"parent":0,"menu_order":0,"comment_status":"closed","ping_status":"closed","template":"","meta":{"footnotes":""},"class_list":["post-4183","page","type-page","status-publish","hentry"],"_links":{"self":[{"href":"https:\/\/speakingwellofgod.org\/pt-br\/wp-json\/wp\/v2\/pages\/4183","targetHints":{"allow":["GET"]}}],"collection":[{"href":"https:\/\/speakingwellofgod.org\/pt-br\/wp-json\/wp\/v2\/pages"}],"about":[{"href":"https:\/\/speakingwellofgod.org\/pt-br\/wp-json\/wp\/v2\/types\/page"}],"author":[{"embeddable":true,"href":"https:\/\/speakingwellofgod.org\/pt-br\/wp-json\/wp\/v2\/users\/1"}],"replies":[{"embeddable":true,"href":"https:\/\/speakingwellofgod.org\/pt-br\/wp-json\/wp\/v2\/comments?post=4183"}],"version-history":[{"count":0,"href":"https:\/\/speakingwellofgod.org\/pt-br\/wp-json\/wp\/v2\/pages\/4183\/revisions"}],"wp:attachment":[{"href":"https:\/\/speakingwellofgod.org\/pt-br\/wp-json\/wp\/v2\/media?parent=4183"}],"curies":[{"name":"wp","href":"https:\/\/api.w.org\/{rel}","templated":true}]}}