{"id":4161,"date":"2021-04-21T22:16:18","date_gmt":"2021-04-21T22:16:18","guid":{"rendered":"https:\/\/speakingwellofgod.org\/?page_id=4161"},"modified":"2021-04-21T22:16:18","modified_gmt":"2021-04-21T22:16:18","slug":"over-de-auteur","status":"publish","type":"page","link":"https:\/\/speakingwellofgod.org\/nl\/written-materials\/is-god-te-vertrouwen\/over-de-auteur","title":{"rendered":"OVER DE AUTEUR"},"content":{"rendered":"<p><img decoding=\"async\" class=\"size-full wp-image-4135 alignleft lazyload\" data-src=\"https:\/\/speakingwellofgod.org\/wp-content\/uploads\/2021\/04\/graham_pict.gif\" alt=\"\" width=\"105\" height=\"156\" src=\"data:image\/svg+xml;base64,PHN2ZyB3aWR0aD0iMSIgaGVpZ2h0PSIxIiB4bWxucz0iaHR0cDovL3d3dy53My5vcmcvMjAwMC9zdmciPjwvc3ZnPg==\" style=\"--smush-placeholder-width: 105px; --smush-placeholder-aspect-ratio: 105\/156;\" \/><\/p>\n<p class=\"p1\">Graham Maxwell is emeritus hoogleraar van het Nieuw Testament aan de Universiteit van Loma Linda. Hij is geboren in Engeland, doorliep het college in Californi\u00eb en behaalde zijn Ph.D. (Dr.) in Biijbelse Studies, Nieuwe Testament, aan de Universiteit van Chicago Divinity School.<\/p>\n<p class=\"p2\">Zijn proefschrift behandelde de elementen van de interpretatie die in de vertaling van het Nieuwe Testament zijn opgenomen, met name de Romeinen.\u00a0 Sindsdien is Romeinen nog steeds een onderwerp van onderzoek en schrijven.\u00a0 Andere publicaties zijn: <i>I Want to Be Free<\/i>, <i>You Can trust the Bible<\/i>, <i>Servants or Friends?<\/i> <i>Another Look at God<\/i>, en <i>Be Careful who You Trust<\/i>.<\/p>\n<p class=\"p2\">Negentien jaar lang heeft hij de Bijbel en Bijbelse talen onderwezen aan college en ministeriele studenten van het Pacific Union College.\u00a0 In 1961 verhuisde hij naar Loma Linda om te dienen als directeur van de afdeling religie en om Bijbelonderwijs te geven aan medische, tandheelkundige en andere professionele studenten.<\/p>\n<p class=\"p2\">Zijn favoriete cursus was een jaar lange een reis door de hele Bijbel om het beeld van God in elk van de zesenzestig boeken te ontdekken.\u00a0 Hij heeft deze cursus 140 keer gegeven, niet alleen in de klas, maar ook in kerken en huizen, aan groepen van een dozijn tot 700 personen.<\/p>\n<p class=\"p2\">Mensen in 118 verschillende landen hebben in deze boek tot boek studie van de Bijbel gedeeld met behulp van bandopnames.\u00a0 Maar zoals \u00e9\u00e9n man vanuit de Falklandeilanden schreef: &#8220;Ik wil dat u weet dat ik het boek in de Bijbel altijd \u00e9\u00e9rst lees v\u00f3\u00f3rdat ik naar de band luister&#8221;.<\/p>\n<p class=\"p2\">Maxwell heeft de gevolgen van zo een Bijbelstudie op meer dan 10.000 mensen gezien, &#8220;Er lijkt iets te gebeuren,&#8221; zegt hij, &#8220;wanneer mensen van alle culturen in de Bijbel een consistent beeld van God ontdekken \u2013 een oneindig krachtige maar even genadig Persoon, die niets hoger waardeert dan hun vrijheid en vriendschap&#8221;.<span class=\"Apple-converted-space\">\u00a0 <\/span>Dat is wat leidde tot het schrijven van dit boek.<\/p>\n","protected":false},"excerpt":{"rendered":"<p>Graham Maxwell is emeritus hoogleraar van het Nieuw Testament aan de Universiteit van Loma Linda. Hij is geboren in Engeland, doorliep het college in Californi\u00eb en behaalde zijn Ph.D. (Dr.) in Biijbelse Studies, Nieuwe Testament, aan de Universiteit van Chicago Divinity School. Zijn proefschrift behandelde de elementen van de interpretatie die in de vertaling van [&hellip;]<\/p>\n","protected":false},"author":1,"featured_media":0,"parent":4147,"menu_order":0,"comment_status":"open","ping_status":"open","template":"","meta":{"footnotes":""},"class_list":["post-4161","page","type-page","status-publish","hentry"],"_links":{"self":[{"href":"https:\/\/speakingwellofgod.org\/nl\/wp-json\/wp\/v2\/pages\/4161","targetHints":{"allow":["GET"]}}],"collection":[{"href":"https:\/\/speakingwellofgod.org\/nl\/wp-json\/wp\/v2\/pages"}],"about":[{"href":"https:\/\/speakingwellofgod.org\/nl\/wp-json\/wp\/v2\/types\/page"}],"author":[{"embeddable":true,"href":"https:\/\/speakingwellofgod.org\/nl\/wp-json\/wp\/v2\/users\/1"}],"replies":[{"embeddable":true,"href":"https:\/\/speakingwellofgod.org\/nl\/wp-json\/wp\/v2\/comments?post=4161"}],"version-history":[{"count":0,"href":"https:\/\/speakingwellofgod.org\/nl\/wp-json\/wp\/v2\/pages\/4161\/revisions"}],"up":[{"embeddable":true,"href":"https:\/\/speakingwellofgod.org\/nl\/wp-json\/wp\/v2\/pages\/4147"}],"wp:attachment":[{"href":"https:\/\/speakingwellofgod.org\/nl\/wp-json\/wp\/v2\/media?parent=4161"}],"curies":[{"name":"wp","href":"https:\/\/api.w.org\/{rel}","templated":true}]}}