{"id":988,"date":"2011-11-04T16:24:24","date_gmt":"2011-11-04T16:24:24","guid":{"rendered":"https:\/\/speakingwellofgod.ootartb0-liquidwebsites.com\/?page_id=988"},"modified":"2011-11-04T16:24:24","modified_gmt":"2011-11-04T16:24:24","slug":"draudziga-dieva-draugi","status":"publish","type":"page","link":"https:\/\/speakingwellofgod.org\/lv\/written-materials-2\/kalpi-vai-draugi\/draudziga-dieva-draugi","title":{"rendered":"DRAUDZ\u012aG\u0100 DIEVA DRAUGI"},"content":{"rendered":"<p>Zieme\u013crietumu Anglij\u0101, net\u0101lu no Skotijas robe\u017eas, dz\u012bvo k\u0101ds sp\u0113c\u012bgs, bet<br \/>\nmaigas dabas gans. M\u0113s dzird\u0113j\u0101m, ka nesen vi\u0146\u0161 k\u013cuvis par kristieti. T\u0101 m\u0113s<br \/>\nnol\u0113m\u0101m aizdoties un uzzin\u0101t, kas pamudin\u0101jis vi\u0146u pie\u0146emt \u0161\u0101du l\u0113mumu.<br \/>\nAr sava labi apm\u0101c\u012bt\u0101 su\u0146a pal\u012bdz\u012bbu vi\u0146\u0161 veda gan\u0101mpulku lejup no kalna<br \/>\nm\u016bsu virzien\u0101. Tad m\u0113s noraudz\u012bj\u0101mies tr\u012bn\u012b\u0161u dzemd\u012bb\u0101s un apbr\u012bnoj\u0101m, cik<br \/>\nprasm\u012bgi vi\u0146\u0161 apr\u016bp\u0113ja gan m\u0101ti, gan tr\u012bs jaundzimu\u0161os j\u0113ri\u0146us. T\u0101 nu, ganam<br \/>\nst\u0101vot un turot rok\u0101s vienu no daudzajiem j\u0113riem, kuru dzemd\u012bbas vi\u0146\u0161 pie\u0146em<br \/>\nkatru gadu, man bija iesp\u0113ja pajaut\u0101t, k\u0101 vi\u0146\u0161 nol\u0113ma k\u013c\u016bt tic\u012bgs.<br \/>\n\u201cT\u0101 bija mana draudzene Alise,\u201d vi\u0146\u0161 nor\u0101d\u012bja uz k\u0101du sievieti ar p\u0101rsteidzo\u0161i<br \/>\ndraudz\u012bgu seju.<br \/>\n\u201cPast\u0101sti mums, ko vi\u0146a t\u0101du izdar\u012bja,\u201d es l\u016bdzu.<br \/>\n\u201cVi\u0146a vienk\u0101r\u0161i izvad\u012bja mani cauri B\u012bbelei, un es to pie\u0146\u0113mu.\u201d<br \/>\nM\u0113s par Alisi uzzin\u0101j\u0101m ko vair\u0101k. Vi\u0146a bija izlas\u012bjusi visas se\u0161desmit se\u0161as<br \/>\ngr\u0101matas un bija iem\u012bl\u0113jusi taj\u0101s att\u0113loto Dievu. Vi\u0146a bija diezgan akt\u012bva sav\u0101<br \/>\nnelielaj\u0101 lauku draudz\u0113 un m\u0113dza pa reizei pat sludin\u0101t, kad m\u0101c\u012bt\u0101js bija de-<br \/>\nvies prom. Nesen vi\u0146a man ats\u016bt\u012bja savu sv\u0113trunu par labo ganu. Mana sieva<br \/>\napgalvoja, ka t\u0101 ir lab\u0101k\u0101 sv\u0113truna, k\u0101du vi\u0146a ir dzird\u0113jusi par \u0161o t\u0113mu.<br \/>\nViena no patiesa Dieva drauga paz\u012bm\u0113m ir r\u016bpes par m\u016bsu debesu Drauga<br \/>\nlabo slavu. \u0100brah\u0101ms, Mozus un \u012ajabs \u2013 visi par\u0101d\u012bja \u012bpa\u0161u lojalit\u0101ti. T\u0101pat ar\u012b<br \/>\nAlise. Vi\u0146\u0101 grib\u0113ja, lai cilv\u0113ki ierauga Dievu t\u0101du, k\u0101ds Vi\u0146\u0161 ir, un tas savuk\u0101rt<br \/>\nbija uzrun\u0101jis gana sirdi.<br \/>\nEsmu iev\u0113rojis, ka Dieva draugiem \u012bpa\u0161i r\u016bp, lai Vi\u0146a b\u0113rni saskat\u012btu Diev\u0101<br \/>\nsavu draugu. P\u0113c tam, kad bij\u0101m paviesoju\u0161ies daudz\u0101s tuk\u0161\u0101s Lielbrit\u0101nijas<br \/>\ndraudz\u0113s, m\u0113s non\u0101c\u0101m k\u0101d\u0101 Londonas draudz\u0113, par kuru bija zi\u0146as, ka kat-<br \/>\nru ned\u0113\u013cu t\u0101 ir apmekl\u0113t\u0101ju pilna. \u010cetras dz\u012bv\u012bgas meitenes bija ar mieru p\u0113c<br \/>\ndievkalpojuma ar mani parun\u0101ties.<br \/>\n\u201cKo j\u016bs grib\u0113tu satikt pirmo, kad j\u016bs non\u0101ksiet debes\u012bs, \u2013 Dievu T\u0113vu vai<br \/>\nVi\u0146a d\u0113lu J\u0113zu?\u201d<br \/>\nBez vilcin\u0101\u0161an\u0101s viena no meiten\u0113m atbild\u0113ja: \u201c \u201cNav jau nek\u0101das starp\u012bbas.<\/p>\n<p>113<br \/>\nJ\u0113zus ta\u010du teica: \u201cKas Mani ir redz\u0113jis, Tas ir redz\u0113jis T\u0113vu.\u201d\u201d Es iedom\u0101jos, vai<br \/>\ntikai k\u0101ds no Dieva draugiem nav pal\u012bdz\u0113jis \u0161ai attap\u012bgajai, jaunajai meitenei.<br \/>\nKad jaut\u0101ju, ko vajadz\u0113tu dar\u012bt, lai cer\u012bbu zaud\u0113ju\u0161os cilv\u0113kus atgrieztu<br \/>\ndraudz\u0113, da\u017ei atbild, ka \u0161iem \u0161aub\u012bgajiem vajadz\u0113tu izbeigt uzdot tik daudz<br \/>\njaut\u0101jumu un vair\u0101k par\u0101d\u012bt tic\u012bbu. Da\u017ei pat piemin br\u012bdin\u0101jumu no V\u0113stu-<br \/>\nles ebrejiem: \u201cBez tic\u012bbas Dievam nevar patikt.\u201d (Ebr. 11:6) Man t\u0101s ir kalpu<br \/>\nrunas. Un tie\u0161i \u0161\u0101da veida attieksme ir t\u0101, kas tik daudzus pasaules cilv\u0113kus ir<br \/>\nnov\u0113rsusi no Dieva.<br \/>\nDieva draugi grib zin\u0101t, k\u0101p\u0113c t\u0101di cilv\u0113ki k\u0101 Lorena un vi\u0146as \u0123imene dom\u0101,<br \/>\nka kristie\u0161u m\u0101c\u012bbai vairs nav j\u0113gas. P\u0101r\u0101k bie\u017ei, run\u0101jot par Dievu un pest\u012b\u0161anu,<br \/>\ntiek lietota nesaprotama valoda.<br \/>\nJa m\u016bsdien\u0101s J\u0113zus b\u016btu \u0161eit, Vi\u0146\u0161 aizietu pie Lorenas un vienk\u0101r\u0161\u0101, saprota-<br \/>\nm\u0101 veid\u0101 uzrun\u0101tu \u0161o \u0123imeni, t\u0101pat miesnieku Beriju, kapraci un motociklistu.<br \/>\nK\u0101 Dieva b\u0113rniem vi\u0146iem ir ties\u012bbas saprast.<br \/>\nDieva draugu lielais gods ir kalpot k\u0101 \u201cstarpniekiem\u201d \u0161iem un citiem cilv\u0113-<br \/>\nkiem, k\u0101 to dar\u012bja Mozus ar Isra\u0113la b\u0113rniem.<br \/>\nKad es k\u0101dam skol\u0113nam jaut\u0101ju \u2013 k\u0101 vi\u0146\u0161 dom\u0101, ko vajadz\u0113tu dar\u012bt t\u0101du<br \/>\ncilv\u0113ku lab\u0101 k\u0101 Lorena, vi\u0146\u0161 \u0101tri atbild\u0113ja: \u201cVienk\u0101r\u0161i st\u0101stiet vi\u0146iem st\u0101stus<br \/>\npar J\u0113zu.\u201d<br \/>\nSt\u0101st\u012bt par J\u0113zu noz\u012bm\u0113 st\u0101st\u012bt par aug\u0161istabu \u2013 ko Kungs tur teica un dar\u012bja<br \/>\nkop\u0101 ar saviem m\u0101cek\u013ciem. Tas noz\u012bm\u0113 izskaidrot, ka Dievam nav nek\u0101 svar\u012b-<br \/>\ng\u0101ka par savu b\u0113rnu br\u012bv\u012bbu un draudz\u012bbu.<br \/>\nSt\u0101st\u012bt par J\u0113zu noz\u012bm\u0113 aicin\u0101t uzdot vair\u0101k jaut\u0101jumu, nevis maz\u0101k. Protams \u2013<br \/>\nnevis atjaut\u012bbas uzdevumus, bet jaut\u0101jumus, kas \u013cauj izprast paties\u012bbu.<br \/>\nTiem, kuri uzdro\u0161in\u0101s run\u0101t par Dievu, vajadz\u0113tu b\u016bt pirmajiem, kuri veicina<br \/>\n\u0161\u0101du jaut\u0101jumu uzdo\u0161anu.<br \/>\nSekot Kristus piem\u0113ram noz\u012bm\u0113 iedro\u0161in\u0101t cilv\u0113kus ar cie\u0146u uzdot jaut\u0101jumu<br \/>\npa\u0161am erud\u012bt\u0101kajam m\u0101c\u012bt\u0101jam: \u201cEs nesaprotu, ko j\u016bs tikko pateic\u0101t par Dievu.<br \/>\nPiedodiet man, ka es to saku, bet, manupr\u0101t, t\u0101 bija neskaidra run\u0101\u0161ana.\u201d<br \/>\nSekot Kristus piem\u0113ram ar\u012bdzan noz\u012bm\u0113 respekt\u0113t kalpus. Ja vi\u0146i sav\u0101s bail\u0113s<br \/>\nno Dieva ilgojas p\u0113c iedro\u0161in\u0101juma, ka vi\u0146u pus\u0113 ir Draugs, Dieva draugi st\u0101s-<br \/>\nt\u012bs vi\u0146iem, ka patie\u0161\u0101m vi\u0146iem ir \u0161\u0101ds starpnieks. Iesp\u0113jams, ka v\u0113l\u0101k rad\u012bsies<br \/>\niesp\u0113ja izskaidrot, ka \u0161is starpnieks paties\u012bb\u0101 ir pats Dievs.<br \/>\nAugst\u0101kais kompliments kalpam, ko vi\u0146\u0161 var sa\u0146emt no Dieva, ir: \u201cLabi, tu<br \/>\ngod\u012bgais un uztic\u012bgais kalps.\u201d<br \/>\nK\u0101 gan k\u0101ds sp\u0113tu v\u0113l\u0113ties kaut ko vair\u0101k?<br \/>\n114<br \/>\nTiem, kas pie\u0146\u0113mu\u0161i J\u0101\u0146a 15:15 pied\u0101v\u0101jumu, ir sagatavots v\u0113l k\u0101ds liel\u0101ks<br \/>\nkompliments: \u201cPaldies jums, Mani b\u0113rni, par to, ka st\u0101st\u0101t paties\u012bbu. Paldies<br \/>\npar to, ka esat Mani draugi.\u201d<\/p>\n","protected":false},"excerpt":{"rendered":"<p>Zieme\u013crietumu Anglij\u0101, net\u0101lu no Skotijas robe\u017eas, dz\u012bvo k\u0101ds sp\u0113c\u012bgs, bet maigas dabas gans. M\u0113s dzird\u0113j\u0101m, ka nesen vi\u0146\u0161 k\u013cuvis par kristieti. T\u0101 m\u0113s nol\u0113m\u0101m aizdoties un uzzin\u0101t, kas pamudin\u0101jis vi\u0146u pie\u0146emt \u0161\u0101du l\u0113mumu. Ar sava labi apm\u0101c\u012bt\u0101 su\u0146a pal\u012bdz\u012bbu vi\u0146\u0161 veda gan\u0101mpulku lejup no kalna m\u016bsu virzien\u0101. Tad m\u0113s noraudz\u012bj\u0101mies tr\u012bn\u012b\u0161u dzemd\u012bb\u0101s un apbr\u012bnoj\u0101m, cik [&hellip;]<\/p>\n","protected":false},"author":1,"featured_media":0,"parent":942,"menu_order":0,"comment_status":"open","ping_status":"open","template":"","meta":{"footnotes":""},"class_list":["post-988","page","type-page","status-publish","hentry"],"_links":{"self":[{"href":"https:\/\/speakingwellofgod.org\/lv\/wp-json\/wp\/v2\/pages\/988","targetHints":{"allow":["GET"]}}],"collection":[{"href":"https:\/\/speakingwellofgod.org\/lv\/wp-json\/wp\/v2\/pages"}],"about":[{"href":"https:\/\/speakingwellofgod.org\/lv\/wp-json\/wp\/v2\/types\/page"}],"author":[{"embeddable":true,"href":"https:\/\/speakingwellofgod.org\/lv\/wp-json\/wp\/v2\/users\/1"}],"replies":[{"embeddable":true,"href":"https:\/\/speakingwellofgod.org\/lv\/wp-json\/wp\/v2\/comments?post=988"}],"version-history":[{"count":0,"href":"https:\/\/speakingwellofgod.org\/lv\/wp-json\/wp\/v2\/pages\/988\/revisions"}],"up":[{"embeddable":true,"href":"https:\/\/speakingwellofgod.org\/lv\/wp-json\/wp\/v2\/pages\/942"}],"wp:attachment":[{"href":"https:\/\/speakingwellofgod.org\/lv\/wp-json\/wp\/v2\/media?parent=988"}],"curies":[{"name":"wp","href":"https:\/\/api.w.org\/{rel}","templated":true}]}}