{"id":942,"date":"2011-11-04T07:15:52","date_gmt":"2011-11-04T07:15:52","guid":{"rendered":"https:\/\/speakingwellofgod.ootartb0-liquidwebsites.com\/?page_id=942"},"modified":"2011-11-04T16:34:58","modified_gmt":"2011-11-04T16:34:58","slug":"kalpi-vai-draugi","status":"publish","type":"page","link":"https:\/\/speakingwellofgod.org\/lv\/written-materials-2\/kalpi-vai-draugi","title":{"rendered":"KALPI VAI   DRAUGI?"},"content":{"rendered":"<p><a href=\"https:\/\/speakingwellofgod.org\/wp-content\/uploads\/2011\/01\/colorservantandking.jpg\"><img decoding=\"async\" class=\"size-full wp-image-887 alignright lazyload\" title=\"Servants or Friends - by Graham Maxwell\" data-src=\"https:\/\/speakingwellofgod.org\/wp-content\/uploads\/2011\/01\/colorservantandking.jpg\" alt=\"Servants or Friends - by Graham Maxwell\" width=\"327\" height=\"502\" data-srcset=\"https:\/\/speakingwellofgod.org\/wp-content\/uploads\/2011\/01\/colorservantandking.jpg 327w, https:\/\/speakingwellofgod.org\/wp-content\/uploads\/2011\/01\/colorservantandking-195x300.jpg 195w\" data-sizes=\"(max-width: 327px) 100vw, 327px\" src=\"data:image\/svg+xml;base64,PHN2ZyB3aWR0aD0iMSIgaGVpZ2h0PSIxIiB4bWxucz0iaHR0cDovL3d3dy53My5vcmcvMjAwMC9zdmciPjwvc3ZnPg==\" style=\"--smush-placeholder-width: 327px; --smush-placeholder-aspect-ratio: 327\/502;\" \/><\/a>M\u0113r\u0137is ier\u0113d\u0146u vai Draugi? ir apsv\u0113rt t\u0101lejo\u0161as un zin\u0101m\u0101 tic\u012bgajiem, \u013coti v\u0113lama ietekme uz Dieva skaidri izteikto v\u0113l\u0113\u0161anos kaut ko vair\u0101k nek\u0101 tikai pak\u013c\u0101v\u012bgi pakalpojumu br\u012bv\u012bbas izpratnes draudz\u012bbu.<\/p>\n<ul>\n<li><a href=\"kalpi-vai-draugi\/ai-tev-butu-bail-satikt-dievu\">noda\u013ca 1<\/a><\/li>\n<li><a href=\"https:\/\/speakingwellofgod.org\/lv\/written-materials-2\/kalpi-vai-draugi\/kaut-jus-butu-mani-draugi\">noda\u013ca 2<\/a><\/li>\n<li><a href=\"https:\/\/speakingwellofgod.org\/lv\/written-materials-2\/kalpi-vai-draugi\/nav-draudzibas-bez-uzticibas\">noda\u013ca 3<\/a><\/li>\n<li><a href=\"https:\/\/speakingwellofgod.org\/lv\/written-materials-2\/kalpi-vai-draugi\/nav-iespejams-pavelet-uzticeties\">noda\u013ca 4<\/a><\/li>\n<li><a href=\"https:\/\/speakingwellofgod.org\/lv\/written-materials-2\/kalpi-vai-draugi\/uzmanies-kam-uzticies\">noda\u013ca 5<\/a><\/li>\n<li><a href=\"https:\/\/speakingwellofgod.org\/lv\/written-materials-2\/kalpi-vai-draugi\/draugi-runa-atklati\">noda\u013ca 6<\/a><\/li>\n<li><a href=\"https:\/\/speakingwellofgod.org\/lv\/written-materials-2\/kalpi-vai-draugi\/draudziba-un-dieva-likumi\">noda\u013ca 7<\/a><\/li>\n<li><a href=\"https:\/\/speakingwellofgod.org\/lv\/written-materials-2\/kalpi-vai-draugi\/greks-un-glabsana-no-kalpu-un-draugu-viedokla\">noda\u013ca 8<\/a><\/li>\n<li><a href=\"https:\/\/speakingwellofgod.org\/lv\/written-materials-2\/kalpi-vai-draugi\/tev-to-paradis-tikai-labakais-draugs\">noda\u013ca 9<\/a><\/li>\n<li><a href=\"https:\/\/speakingwellofgod.org\/lv\/written-materials-2\/kalpi-vai-draugi\/draudzibas-davata-briviba\">noda\u013ca 10<\/a><\/li>\n<li><a href=\"https:\/\/speakingwellofgod.org\/lv\/written-materials-2\/kalpi-vai-draugi\/draudziba-un-cina-ar-greku\">noda\u013ca 11<\/a><\/li>\n<li><a href=\"https:\/\/speakingwellofgod.org\/lv\/written-materials-2\/kalpi-vai-draugi\/draudziba-un-izligsana\">noda\u013ca 12<\/a><\/li>\n<li><a href=\"https:\/\/speakingwellofgod.org\/lv\/written-materials-2\/kalpi-vai-draugi\/esam-stavejusi-pie-si-kalna-pietiekami-ilgi\">noda\u013ca 13<\/a><\/li>\n<li><a href=\"https:\/\/speakingwellofgod.org\/lv\/written-materials-2\/kalpi-vai-draugi\/draudziga-dieva-draugi\">noda\u013ca 14<\/a><\/li>\n<\/ul>\n","protected":false},"excerpt":{"rendered":"<p>M\u0113r\u0137is ier\u0113d\u0146u vai Draugi? ir apsv\u0113rt t\u0101lejo\u0161as un zin\u0101m\u0101 tic\u012bgajiem, \u013coti v\u0113lama ietekme uz Dieva skaidri izteikto v\u0113l\u0113\u0161anos kaut ko vair\u0101k nek\u0101 tikai pak\u013c\u0101v\u012bgi pakalpojumu br\u012bv\u012bbas izpratnes draudz\u012bbu. noda\u013ca 1 noda\u013ca 2 noda\u013ca 3 noda\u013ca 4 noda\u013ca 5 noda\u013ca 6 noda\u013ca 7 noda\u013ca 8 noda\u013ca 9 noda\u013ca 10 noda\u013ca 11 noda\u013ca 12 noda\u013ca 13 noda\u013ca [&hellip;]<\/p>\n","protected":false},"author":1,"featured_media":0,"parent":944,"menu_order":0,"comment_status":"open","ping_status":"closed","template":"","meta":{"footnotes":""},"class_list":["post-942","page","type-page","status-publish","hentry"],"_links":{"self":[{"href":"https:\/\/speakingwellofgod.org\/lv\/wp-json\/wp\/v2\/pages\/942","targetHints":{"allow":["GET"]}}],"collection":[{"href":"https:\/\/speakingwellofgod.org\/lv\/wp-json\/wp\/v2\/pages"}],"about":[{"href":"https:\/\/speakingwellofgod.org\/lv\/wp-json\/wp\/v2\/types\/page"}],"author":[{"embeddable":true,"href":"https:\/\/speakingwellofgod.org\/lv\/wp-json\/wp\/v2\/users\/1"}],"replies":[{"embeddable":true,"href":"https:\/\/speakingwellofgod.org\/lv\/wp-json\/wp\/v2\/comments?post=942"}],"version-history":[{"count":0,"href":"https:\/\/speakingwellofgod.org\/lv\/wp-json\/wp\/v2\/pages\/942\/revisions"}],"up":[{"embeddable":true,"href":"https:\/\/speakingwellofgod.org\/lv\/wp-json\/wp\/v2\/pages\/944"}],"wp:attachment":[{"href":"https:\/\/speakingwellofgod.org\/lv\/wp-json\/wp\/v2\/media?parent=942"}],"curies":[{"name":"wp","href":"https:\/\/api.w.org\/{rel}","templated":true}]}}