{"id":912,"date":"2011-08-12T21:10:02","date_gmt":"2011-08-12T21:10:02","guid":{"rendered":"https:\/\/speakingwellofgod.ootartb0-liquidwebsites.com\/?page_id=912"},"modified":"2011-08-12T21:10:02","modified_gmt":"2011-08-12T21:10:02","slug":"latvian-home","status":"publish","type":"page","link":"https:\/\/speakingwellofgod.org\/lv","title":{"rendered":"Latvian Home"},"content":{"rendered":"<p>\u0160\u012b lapa ir tap\u0161anas stadij\u0101. L\u016bdzu, ien\u0101c v\u0113l\u0101k.<\/p>\n<p>Atvainojamies par sag\u0101d\u0101taj\u0101m ne\u0113rt\u012bb\u0101m.<\/p>\n","protected":false},"excerpt":{"rendered":"<p>\u0160\u012b lapa ir tap\u0161anas stadij\u0101. L\u016bdzu, ien\u0101c v\u0113l\u0101k. Atvainojamies par sag\u0101d\u0101taj\u0101m ne\u0113rt\u012bb\u0101m.<\/p>\n","protected":false},"author":1,"featured_media":0,"parent":0,"menu_order":0,"comment_status":"closed","ping_status":"closed","template":"","meta":{"footnotes":""},"class_list":["post-912","page","type-page","status-publish","hentry"],"_links":{"self":[{"href":"https:\/\/speakingwellofgod.org\/lv\/wp-json\/wp\/v2\/pages\/912","targetHints":{"allow":["GET"]}}],"collection":[{"href":"https:\/\/speakingwellofgod.org\/lv\/wp-json\/wp\/v2\/pages"}],"about":[{"href":"https:\/\/speakingwellofgod.org\/lv\/wp-json\/wp\/v2\/types\/page"}],"author":[{"embeddable":true,"href":"https:\/\/speakingwellofgod.org\/lv\/wp-json\/wp\/v2\/users\/1"}],"replies":[{"embeddable":true,"href":"https:\/\/speakingwellofgod.org\/lv\/wp-json\/wp\/v2\/comments?post=912"}],"version-history":[{"count":0,"href":"https:\/\/speakingwellofgod.org\/lv\/wp-json\/wp\/v2\/pages\/912\/revisions"}],"wp:attachment":[{"href":"https:\/\/speakingwellofgod.org\/lv\/wp-json\/wp\/v2\/media?parent=912"}],"curies":[{"name":"wp","href":"https:\/\/api.w.org\/{rel}","templated":true}]}}