{"id":1245,"date":"2012-07-22T06:27:15","date_gmt":"2012-07-22T06:27:15","guid":{"rendered":"https:\/\/speakingwellofgod.ootartb0-liquidwebsites.com\/?page_id=1245"},"modified":"2012-07-22T06:27:15","modified_gmt":"2012-07-22T06:27:15","slug":"sobraliku-jumala-sobrad","status":"publish","type":"page","link":"https:\/\/speakingwellofgod.org\/et\/kirjalikke-materjale\/teenistujad-voi-sobrad\/sobraliku-jumala-sobrad","title":{"rendered":"S\u00d4BRALIKU JUMALA S\u00d4BRAD"},"content":{"rendered":"<p><strong>K<\/strong>irde-Inglismaal, otse Sotimaa piiri l\u00e4hedal, elab \u00fcks tugev, kuid samal ajal \u00f4rn karjus. Kuulsime, et ta oli hiljuti kristlaseks saanud. L\u00e4ksime teda vaatama &#8211; et teada saada, mis teda selle otsuseni oli viinud.<\/p>\n<p>J\u00e4gisime, kuidas ta oma h\u00e4stitreenitud dogi abiga karja k\u00fcngastele saatis. Seej\u00e4rel vaatlesime kolmikute s\u00fcndi ning imetlesime, kui oskuslikult ta nii ute kui kolme vasts\u00fcndinud tallega \u00fcmber k\u00e4is. Kui ta seal vasts\u00fcndinuid k\u00e4tel hoides seisis (tal tuli neid igal aastal tuhandeid hoida!), kasutasin v\u00f4imalust p\u00e4rida, kuidas ta selle otsuse oli teinud &#8211; usklikuks saada.<\/p>\n<p>&#8220;See oli minu s\u00f4ber Alice,&#8221; vastas ta, noogutades imeliselt s\u00f4braliku n\u00e4oga naisterahva suunas.<\/p>\n<p>&#8220;\u00dctle meile, mida Alice tegi,&#8221; k\u00fcsisin.<\/p>\n<p>&#8220;Noh, ta lihtsalt v\u00f4ttis l\u00e4bi kogu Piibli ning k\u00f4ik n\u00e4is nii h\u00e4sti kokku sobivat!&#8221;<\/p>\n<p>Saime Alice&#8217;st rohkem teada. Ka tema oli lugenud varem k\u00f4iki kuutk\u00fcmmend kuut raamatut Piiblist ning talle meeldis neist\u00a0 Jumala kohta saadud pilt. Ta oli oma v\u00e4ikeses k\u00fclakirikus v\u00e4ga aktiivne liige ja isegi\u00a0 jutlustas m\u00f4nikord, kui pastor \u00e4ra oli. N\u00fc\u00fcd, \u00fcsna hiljuti saatis ta mulle oma k\u00f4nekonspekti Hea karjase kohta. Mu naine v\u00e4itis, et see on parim k\u00f4ne, mida ta sel teemal on kuulnud.<\/p>\n<p>\u00dcks Jumala t\u00f4eliste s\u00f4prade tunnuseid on mure meie taevase S\u00f4bra reputatsiooni p\u00e4rast. Aabraham, Mooses, Iiob &#8211; k\u00f4ik nad ilmutasid\u00a0 just\u00a0 sedaliiki\u00a0 ustavust.\u00a0 Nii\u00a0 ka\u00a0 Alice.\u00a0 Ta\u00a0\u00a0 soovis,\u00a0\u00a0 et Jumalat n\u00e4htaks sellisena, nagu Ta tegelikult on &#8211; ning v\u00f4itis sellega karjuse s\u00fcdame.<\/p>\n<p>Olen t\u00e4hele pannud, et Jumala s\u00f4brad on eriliselt huvitatud sellest, et ka nende lapsed Jumalas oma S\u00f4pra n\u00e4eksid. K\u00fclastanud palju t\u00fchje kirikuid Inglismaal, otsisime Londonis \u00fcles kiriku, mille kohta r\u00e4\u00e4giti, et see iga n\u00e4dal k\u00fclastajatest tulvil on. Kolm noort elavaloomulist t\u00fctarlast olid n\u00f4us p\u00e4rast teenistust minuga r\u00e4\u00e4kima.<\/p>\n<p>&#8220;Kui te taevasse saate, keda sooviksite seal k\u00f4ige esmalt kohata &#8211; Jumal Isa v\u00f4i Jeesust,\u00a0 Poega?&#8221;<\/p>\n<p>K\u00f4hklemata vastas \u00fcks: &#8220;Minul k\u00fcll poleks erilist vahet, Jeesus ju \u00fctles: &#8220;Kes on mind n\u00e4inud, see on Isa n\u00e4inud.&#8221; Kindlasti oli m\u00f4ni Jumala s\u00f4ber seda noort t\u00fcdrukut aidanud selle arusaamiseni j\u00f4uda!<\/p>\n<p>Kui olen p\u00e4rinud, mida tuleks ette v\u00f4tta, et pettunud inimesed kirikutesse tagasi tuua &#8211; vastavad m\u00f4ned, et sellistel kahtlejatel tuleks k\u00e4skida oma k\u00fcsimuste esitamine \u00e4ra l\u00f4petada ning pisut rohkem usku ilmutada. M\u00f4ned isegi lisavad Heebrea raamatus \u00e4ra toodud hoiatuse: &#8220;Ilma usuta on v\u00f4imatu olla \/Jumalale\/ meelep\u00e4rane.&#8221;<a title=\"\" href=\"#_edn1\">1<\/a>\u00a0 Minu jaoks iseloomustab selline k\u00f4ne sulaseid. Just selline l\u00e4henemine on paljusid inimesi maailmas Jumala vastu p\u00f6\u00f6ranud!<\/p>\n<p>Jumala s\u00f4brad seevastu sooviksid m\u00f4ista, misp\u00e4rast sellised inimesed nagu Lorraine ja ta perekond tunnevad, et kristlikel \u00f4petusetel t\u00e4nap\u00e4eval enam t\u00e4hendust ei ole. T\u00f4epoolest &#8211; Jumalast ja p\u00e4\u00e4stmsest on nii palju &#8220;m\u00f4istuk\u00f4net&#8221; olnud!<\/p>\n<p>Kui Jeesus isiklikult siin oleks, l\u00e4heks Ta k\u00fclastama Lorraine&#8217;i ja ta perekonda, lihapoeomanikku Barryt, raamatu alguses mainitud hauakaevajat ning mootorrattureid &#8211; ning r\u00e4\u00e4giks nendega selgesti ja lihtsalt. Jumala lastena v\u00e4\u00e4rivad nad v\u00f4imalust Temast aru saada!<\/p>\n<p>Jumala s\u00f4prade suur ees\u00f4igus on teenida selliste inimeste jaoks &#8220;vahendajatena&#8221; &#8211; nii nagu Mooses oli omal ajal Iisraeli rahva jaoks.<\/p>\n<p>Kui k\u00fcsisin \u00fchelt kristlasest koolipoisilt, mida tema arvates selliste inimeste jaoks nagu Lorraine annaks ette v\u00f4tta, vastas ta k\u00f4hklemata: &#8220;R\u00e4\u00e4kige neile lihtsalt Jeesusest!&#8221;<\/p>\n<p>Jutustada Jeesusest &#8211; see t\u00e4hendab jutustada ka \u00fclemisest toast ning seda, mida Issand seal j\u00fcngritele \u00f4petas ja mida Ta neile tegi. See t\u00e4hendab selgitada, et Jumal ei hinda midagi k\u00f4rgemalt kui oma s\u00f4prade vabadust ja s\u00f4prust nendega.<\/p>\n<p>K\u00f4nelda Jeesusest &#8211; see t\u00e4hendab kutsuda inimesi \u00fcles esitama\u00a0 r o h k e m\u00a0\u00a0 k\u00fcsimusi, mitte v\u00e4hem.\u00a0 Loomulikult mitte lihtsalt norivaid, t\u00e4hen\u00e4rijalikke k\u00fcsimusi, vaid k\u00fcsimusi, mille eesm\u00e4rgiks on m\u00f4ista t\u00f4de.<\/p>\n<p>Need, kes s\u00f6andavad k\u00f4nelda Jumala nimel, peaksid olema esimesed, kes sellisele uurimist\u00f6\u00f6le \u00f4hutavad. J\u00e4rgida Kristuse eeskuju\u00a0 t\u00e4hendab\u00a0 anda\u00a0 inimestele\u00a0 vabadus \u00f6elda aupaklikult ka k\u00f4ige lugupeetumale, erudiitsemale k\u00f4nelejale: &#8220;Ma ei saa aru, mida te\u00a0 just praegu Jumala kohta \u00fctlesite. Andestage, kuid minu jaoks on see k\u00f4ik m\u00f4istuk\u00f4ne&#8221;.<\/p>\n<p>J\u00e4rgida Kristuse eeskuju t\u00e4hendab aga ka olla v\u00e4ga lugupidav sulaste vastu. Kui nad oma kartuses Jumala vastu vajavad kinnitust, et neil on S\u00f4ber nende ja Jumala vahel, siis Jumala s\u00f4brad \u00fctlevad, et neil on t\u00f4epoolest selline s\u00f4bralik Eestkostja. V\u00f4ib-olla tuleb hiljem v\u00f4imalus selgitada, et see kahe poole vahel olev S\u00f4ber on Jumal\u00a0 ise!<\/p>\n<p>Sulaste jaoks on k\u00f4ige suurem kompliment, k\u00f4ige suurem tunnustus, mida nad Jumalalt kuulda v\u00f4ivad, j\u00e4rgmine: &#8220;H\u00e4sti tehtud, sina hea ja ustav sulane!&#8221;<\/p>\n<p>Kas v\u00f4ib keegi ihaldada midagi veel enamat?<\/p>\n<p>Nende jaoks, kes on vastu v\u00f4tnud Jh 15,15 pakkumise, on varuks veelgi suurem kompliment: &#8220;T\u00e4nan teid, mu lapsed, et r\u00e4\u00e4kisite t\u00f4tt Minu kohta. T\u00e4nan, et olete Mu s\u00f4brad.&#8221;<\/p>\n","protected":false},"excerpt":{"rendered":"<p>Kirde-Inglismaal, otse Sotimaa piiri l\u00e4hedal, elab \u00fcks tugev, kuid samal ajal \u00f4rn karjus. Kuulsime, et ta oli hiljuti kristlaseks saanud. L\u00e4ksime teda vaatama &#8211; et teada saada, mis teda selle otsuseni oli viinud. J\u00e4gisime, kuidas ta oma h\u00e4stitreenitud dogi abiga karja k\u00fcngastele saatis. Seej\u00e4rel vaatlesime kolmikute s\u00fcndi ning imetlesime, kui oskuslikult ta nii ute kui [&hellip;]<\/p>\n","protected":false},"author":1,"featured_media":0,"parent":1188,"menu_order":0,"comment_status":"open","ping_status":"open","template":"","meta":{"footnotes":""},"class_list":["post-1245","page","type-page","status-publish","hentry"],"_links":{"self":[{"href":"https:\/\/speakingwellofgod.org\/et\/wp-json\/wp\/v2\/pages\/1245","targetHints":{"allow":["GET"]}}],"collection":[{"href":"https:\/\/speakingwellofgod.org\/et\/wp-json\/wp\/v2\/pages"}],"about":[{"href":"https:\/\/speakingwellofgod.org\/et\/wp-json\/wp\/v2\/types\/page"}],"author":[{"embeddable":true,"href":"https:\/\/speakingwellofgod.org\/et\/wp-json\/wp\/v2\/users\/1"}],"replies":[{"embeddable":true,"href":"https:\/\/speakingwellofgod.org\/et\/wp-json\/wp\/v2\/comments?post=1245"}],"version-history":[{"count":0,"href":"https:\/\/speakingwellofgod.org\/et\/wp-json\/wp\/v2\/pages\/1245\/revisions"}],"up":[{"embeddable":true,"href":"https:\/\/speakingwellofgod.org\/et\/wp-json\/wp\/v2\/pages\/1188"}],"wp:attachment":[{"href":"https:\/\/speakingwellofgod.org\/et\/wp-json\/wp\/v2\/media?parent=1245"}],"curies":[{"name":"wp","href":"https:\/\/api.w.org\/{rel}","templated":true}]}}