{"id":1242,"date":"2012-07-22T06:23:48","date_gmt":"2012-07-22T06:23:48","guid":{"rendered":"https:\/\/speakingwellofgod.ootartb0-liquidwebsites.com\/?page_id=1242"},"modified":"2012-07-22T06:23:48","modified_gmt":"2012-07-22T06:23:48","slug":"me-oleme-liiga-kaua-viibinud-selle-mae-juures","status":"publish","type":"page","link":"https:\/\/speakingwellofgod.org\/et\/kirjalikke-materjale\/teenistujad-voi-sobrad\/me-oleme-liiga-kaua-viibinud-selle-mae-juures","title":{"rendered":"ME OLEME LIIGA KAUA VIIBINUD SELLE M\u00c4E JUURES"},"content":{"rendered":"<p><strong>\u00a0\u00a0\u00a0\u00a0\u00a0\u00a0 S<\/strong>iinai m\u00e4gi on tuntud eelk\u00f4ige selle poolest, et Jumal andis seal oma k\u00fcmme k\u00e4sku, samuti palju muid reegleid ja korraldusi, mida rahvas vajas. Kui nad olid p\u00f4hjalikku \u00f4petust saanud, \u00fctles Ta neile, et aeg on edasi liikuda. &#8220;K\u00fcllalt kaua olete viibinud selle m\u00e4e juures,&#8221; \u00fctles Jumal. &#8220;P\u00f6\u00f6rduge ja minge teele.&#8221;<a title=\"\" href=\"#_edn1\">1<\/a><\/p>\n<p>Iisraellased olid seda peatust Siinai juures v\u00e4ga vajanud. Neile oli tarvis l\u00e4inud k\u00f4iki neid t\u00e4iendavaid reegleid ja korraldusi &#8211; koos k\u00f4ige rituaalteenistuse &#8220;m\u00f4istuk\u00f4ne&#8221; ja tseremooniatega. Neil oli l\u00e4inud vaja pikset ja m\u00fcristamist &#8211; samuti nagu neil l\u00e4ks vaja imesid: kaljust jooksvat vett ning mannat, &#8220;inglite toitu&#8221;. Sama Jumal aga, kes Iisraeli Siinai juurde viis, selgitas hiljem \u00fclemises toas: &#8220;Ma sooviksin, et oleksite pigem Minu s\u00f4brad.&#8221;<\/p>\n<p>Kui iisraellased viimaks Kaananisse suundusid, v\u00f4tsid nad endaga kaasa tahvlid k\u00fcmne k\u00e4suga. Kui nad vaid k\u00f4iki neid armastust kehastavaid reegleid praktiliselt oleksid l\u00e4bi elanud! T\u00f4otatud maa oleks olnud siis t\u00f4esti uskumatult ohutu ja meeldiv elupaik!<\/p>\n<p>Ei l\u00e4inud kaua, kui paljud hakkasid k\u00fcmmet k\u00e4sku ignoreerima. Nende p\u00e4evade kohta k\u00f4lab Vana Tesatamendi aruanne: &#8220;Igamees tegi, mis tema enese silmis \u00f4ige oli.&#8221;<a title=\"\" href=\"#_edn2\">2<\/a>\u00a0 M\u00f4ned neist asjust, millega nad hakkama said, teeb Kohtum\u00f4istjate raamatust \u00f4ige \u00f4udse lugemisvara.<\/p>\n<p>Paljud unustasid Tema, kes oli nad Egiptuse orjusest p\u00e4\u00e4stnud ja t\u00f4otanud neile kuldset tulevikku maal, mis &#8220;piima ja mett jookseb.&#8221;<a title=\"\" href=\"#_edn3\">3<\/a>\u00a0 Isegi m\u00f4ned rahva juhid p\u00f6\u00f6rdusid taas ebajumalateenistuse juurde.<\/p>\n<p>Otse k\u00fcmne k\u00e4su keskel oli Jumal andnud reegli, mis pidi Iisraeli hoidma Teda unustamast, aitama neil meeles pidada k\u00f4ike seda head, mis Tal oma rahvaga plaanis oli. Jutt oli igan\u00e4dalasest hingamisp\u00e4evast.<\/p>\n<p>Kahjuks kaldusid nii m\u00f4nedki sulased pidama seda k\u00e4sku eriti raskeke koormaks. &#8220;Sa ei pea hingamisp\u00e4eval midagi tegema, mis sulle r\u00f4\u00f4mu valmistab,&#8221; n\u00e4is see k\u00e4sus\u00f4na paljude meelest k\u00f4lavat.<\/p>\n<p>Isegi t\u00e4nap\u00e4eval kirjeldavad m\u00f4ned sulased Jumala poolt hingamisp\u00e4eva kaudu pakutut meelevaldsete n\u00f4udmiste kompleksina &#8211; lihtsalt n\u00e4itamaks Jumala autoriteeti ning kontrollimaks meie tahtlikkust Tema s\u00f4na kuulda.<\/p>\n<p>Jeesus aga tuli n\u00e4itama, et Jumala juures ei ole midagi meelevaldset. Nagu Paulus selgitas, lisati Jumala k\u00e4sud juurde selleks, et meid aidata, et meid kaitsta meie teadmatuses ja ebak\u00fcpsuses, viia meid tagasi usaldusele Jumala vastu. See k\u00f4ik peab olema t\u00f4si ka igan\u00e4dalase hingamisp\u00e4eva kohta!<\/p>\n<p>\u00d4nneks on Jumala s\u00f4brad aidanud selgitada selle k\u00e4su andmise eesm\u00e4rki. Prohvet Jesaja isegi \u00fctleb, et kui me hingamisp\u00e4evast r\u00f4\u00f4mu ei tunne, siis me tegelikult ei pea seda!<a title=\"\" href=\"#_edn4\">4<\/a><\/p>\n<p>Seega on ilmne, et hingamisp\u00e4evapidamist ei ole v\u00f4imalik k\u00e4skida, seda peale sundida. &#8220;Tunne hingamisp\u00e4evast r\u00f4\u00f4mu &#8211; v\u00f4i saad karmilt karistada!&#8221; Ei, sellisel k\u00e4sul ei oleks \u00fcldse mingit m\u00f4tet. Kui su lapsele eriti ei meeldi spinat, kas sa k\u00e4sid tal \u00f6elda, et see on on suurep\u00e4rane &#8211; v\u00f4i muidu saad karistada?!<\/p>\n<p>Mida v\u00f4ime igan\u00e4dalase hingamisp\u00e4eva pidamises meeldivat leida? Tarvitseb lugeda Piiblit &#8211; tervikuna &#8211; et selleks v\u00e4ga t\u00e4helepanuv\u00e4\u00e4rseid p\u00f4hjusi\u00a0 leida.<\/p>\n<p>Sulased, kes lihtsalt teevad, mis neile \u00f6eldud, kalduvad n\u00e4gema hingamisp\u00e4evas oma vabaduse piiramist &#8211; piiramist, mida ustavad sulased on t\u00e4iesti tahtlikud vastu v\u00f4tma.<\/p>\n<p>S\u00f4brad m\u00f4istavad, et hingamisp\u00e4ev on s\u00f4pruse m\u00e4lestusm\u00e4rk, meeldetuletus neist t\u00f4enditest, mis on nende vabaduse ja usalduse aluseks.<\/p>\n<p align=\"center\"><strong>M\u00f4ned eelistavad Siinai juurde j\u00e4\u00e4da<\/strong><\/p>\n<p>\u00a0\u00a0\u00a0\u00a0\u00a0 Sulastest usklikud eelistavad sageli m\u00e4\u00e4ramatuks ajaks\u00a0 Siinai m\u00e4e juurde j\u00e4\u00e4da, otsides juhiseid ja julgeolekut seal pakutavast suurest reeglite koodeksist, samuti andestuse ja p\u00e4\u00e4stmise s\u00fcmbolitest.<\/p>\n<p>M\u00f4ned sulased n\u00e4ivad isegi eelistavat &#8220;m\u00f4istuk\u00f4net&#8221;. See sisendab neile enam aukartust ja lisab salap\u00e4ra. N\u00e4ib, et m\u00f4nedele religioossetele juhtidele annab see ka erilise m\u00f4ju ja v\u00f4imu. Neid austatakse v\u00e4hemteadlike sulaste poolt kui &#8220;Jumala saladuste majapidajaid.&#8221;<a title=\"\" href=\"#_edn5\">5<\/a><\/p>\n<p>Jumala &#8220;saladused&#8221; aga ei ole m\u00e4ssitud salastamisloori &#8211; nagu seda olid Pauluse p\u00e4evade hoolikalt varjatud m\u00fcstilised religioonid. Jumala saladused on t\u00e4ielikult ilmutatud ja teatavaks tehtud.<a title=\"\" href=\"#_edn6\">6<\/a>\u00a0 Tegelikult osutab Vana Testament, et Jumala k\u00f4ige t\u00e4htsam saladus on Kristus ise.<a title=\"\" href=\"#_edn7\">7<\/a>\u00a0 Jeesus aga ei tulnud t\u00f4de varjama. Vastupidi &#8211; Ta tuli seda selgeks ja lihtsaks tegema.<\/p>\n<p>M\u00f4ned vaatavad isegi igatsuse ja kahjutundega tagasi Siinai piksem\u00fcrinale ja v\u00e4lkudele. Ma otse kuulen m\u00f4ningaid \u00fctlevat: &#8220;Kui hea oleks kui Jumal meie kurja maailma peale j\u00e4lle oma h\u00e4\u00e4lt t\u00f4staks!&#8221;<\/p>\n<p>S\u00f4pradele meeldib seevastu meelde tuletada, et koobas, kus Jumal Elijaga &#8220;vaiksel, tasasel h\u00e4\u00e4lel&#8221; k\u00f4neles, asus otse sealsamas &#8211; Siinai l\u00e4hedal.<a title=\"\" href=\"#_edn8\">8<\/a><\/p>\n<p align=\"center\">\u00a0\u00a0\u00a0\u00a0\u00a0 <strong>Sulastest saavad s\u00f4brad<\/strong><\/p>\n<p>\u00a0\u00a0\u00a0\u00a0\u00a0 Ma tunnen paljusid, kellele Jh 15,15 pakkumine r\u00f4\u00f4mu on valmistanud. Nad tunnevad s\u00f4pruse vabaduse \u00fcle nii suurt r\u00f4\u00f4mu, et\u00a0 k\u00f4nelevad\u00a0 sageli\u00a0 sellest,\u00a0 kuidas\u00a0 seda\u00a0 k\u00fcll\u00a0 teistega\u00a0\u00a0 jagada v\u00f4iks. Loomulikult ei saa s\u00f4prust kellelegi peale pressida. Nagu andis n\u00f4u Jumala s\u00f4ber Paulus: &#8220;Iga\u00fcks olgu enese m\u00f4ttes kindel omas veendumuses.&#8221;<a title=\"\" href=\"#_edn9\">9<\/a><\/p>\n<p>K\u00f4ik mida s\u00f4brad saavad teha, on \u00f4hutada ka teisi otsima samu t\u00f4endeid, mille nad ise on leidnud nii veenvad olevat. Ning see t\u00e4hendab\u00a0\u00a0 k \u00f4 i k i\u00a0\u00a0 t\u00f4endeid &#8211; sealhulgas ka niinimetatud &#8220;P\u00fchakirja julmusi&#8221;. Liigagi sageli rajanevad Jumalast ja lunastusest loodavad pildid vaid teatud valikule Piibli tekstidest, mitte Piiblile kui tervikule. M\u00f4ned ustavad sulased nii \u00fctevadki: &#8220;Pisut siit, pisut sealt.&#8221; Mida aga \u00f6elda \u00fclej\u00e4\u00e4nud tekstide kohta?<\/p>\n<p align=\"center\">\u00a0<strong>\u00dclej\u00e4\u00e4nud osad<\/strong><\/p>\n<p>\u00a0\u00a0\u00a0\u00a0 N\u00e4ib loogilisena, et iga\u00fcks, kes v\u00e4idab tervet Piiblit olevat usaldusv\u00e4\u00e4rse, peaks rajama oma arusaamise, oma elumalli, oma filosoofia, oma pildi Jumalast ja lunastusest k\u00f4igi kuuek\u00fcmne kuue Piibli raamatu sisule. Kui miski Piiblis ei n\u00e4i minu mudeli, minu malliga koosk\u00f4las olevat, siis ma kas ei saa teksti t\u00e4hendusest aru v\u00f4i vajab parandamist minu mudel ise.<\/p>\n<p>Kui olin kuueteistk\u00fcmnene ja k\u00e4isin parajasti California keskkoolis, astusin automehaanikute klassi. Klassile hakkas v\u00e4ga meeldima meie lugupeetud \u00f4petaja, mr. Grubb. Ta jagas meid paaridesse ning igale paarile usaldati soliidses vanuses s\u00f4iduriist. Meie \u00fclesanne oli auto juppideks lahti v\u00f4tta &#8211; ka mootor. Pidime laagreid ja klappe n\u00fchkima ning muud remonti tegema viisil, nagu see 55 aastat tagasi tavaks oli.<\/p>\n<p>P\u00e4rast seda pidime k\u00f4ik j\u00e4lle ilusti kokku panema. N\u00fc\u00fcd saabus k\u00f4ige t\u00e4htsam hetk. Kui auto k\u00e4ima l\u00e4ks, saime hinde, millega v\u00f4is edasi \u00f4ppida. Kui mitte&#8230;\u00a0 Tegelikult ma ei suuda meelde tuletada, mis pidi siis saama, sest meie auto l\u00e4ks suure m\u00fcrina ja kolinaga siiski k\u00e4ima. M\u00f4ned semud tulid veel peale ja me s\u00f4itsime v\u00f4idukalt \u00fcmber kvartali.<\/p>\n<p>Ja ometi oli \u00fcks probleem. Meile paistis, et m\u00f4ned osad olid \u00fcle j\u00e4\u00e4nud. Mr. Grubb oli \u00f4nneks v\u00e4ga lahke ja me saime oma hinde k\u00e4tte. Loomulikult ei oleks ma olnud valmis selle autoga kuhugile kaugemale s\u00f4itma. Mitte nende &#8220;\u00fclej\u00e4\u00e4nud&#8221; osadeta!<\/p>\n<p>M\u00f4ni aeg tagasi saadeti mulle \u00e4sja ilmunud abimaterjal Johannese evangeeliumi uurimiseks. \u00dcheks v\u00e4ljaandes nimetatud eesm\u00e4rgiks oli lugeda Piiblit tervikuna. Tegin raamatukese erilise huviga lahti, et n\u00e4ha mida on selles \u00f6eldud Jh 16,26 kohta. Nagu m\u00e4letate, \u00fctleb Jeesus selles salmis &#8220;selgesti ja lihtsalt&#8221;, et Tal ei ole tarvis meie eest Isa paluda, kuna Isa armastab meid ise.<\/p>\n<p>Selles raamatus ei olnud salmi kohta \u00fchtki kommentaari. Ei olnud kommentaari ka kommentaari puudumise kohta. Kui autori telefoninumbri leidsin ja talt lugupidavalt k\u00fcsisin, miks see nii on, selgitas ta, et ei suutnud leida viisi, kuidas seda salmi traditsioonilise mudeliga kokku sobitada. Mulle tulid kohe meelde autoparandus keskkooli p\u00e4evil ja need &#8220;\u00fclej\u00e4\u00e4nud&#8221; jupid&#8221;.<\/p>\n<p align=\"center\"><strong>Pilt Jumalast k\u00f4igis kuuek\u00fcmne kuues raamatus<\/strong><\/p>\n<p>\u00a0\u00a0\u00a0\u00a0\u00a0 Aastate kestel on mul olnud ees\u00f4igus juhendada gruppe Piibli k\u00f4igi kuuek\u00fcmne kuue raamatu uurimisel, kusjuures meie ainsaks eesm\u00e4rgiks oli saada \u00f4ige pilt Jumalast. Me ei kulutanud aega sellele, et vaielda, kuidas Jumal dinosauruse Noa laeva paigutas! Kuid me\u00a0\u00a0 k u l u t a s i m e\u00a0\u00a0 aega, k\u00fcsides, missugune pidi olema see Jumal, kes k\u00f4ik inimesed seekord uputas.<\/p>\n<p>Mul on meeles \u00f4htu, kui \u00fcks 84-aastane jumalakartlik daam t\u00f4usis p\u00fcsti ja l\u00e4ks kolmesajaliikmelise kuulajaskonna ette. &#8220;Ma tahtsin teile \u00f6elda,&#8221; alustas ta m\u00e4rkimisv\u00e4\u00e4rselt kindla h\u00e4\u00e4lega, &#8220;et olen armastanud oma Issandat kogu elu. N\u00fc\u00fcd aga, mil me oleme k\u00f4ik need kuusk\u00fcmmend kuus raamatut koos l\u00e4bi v\u00f4tnud, ma mitte lihtsalt ei armasta Teda &#8211; Ta\u00a0\u00a0 m e e l d i b\u00a0\u00a0 mulle!&#8221;<\/p>\n<p>Eriti meeldiv on olnud v\u00f4tta Piibli k\u00f4ik kuusk\u00fcmmend kuus raamatut l\u00e4bi koos lastega. Nad on nii avameelsed oma k\u00fcsimuste ja t\u00e4helepanekutega!<\/p>\n<p>\u00dchel \u00f4htupoolikul olime j\u00f4udnud just Vana Testamendi \u00f4petuseni &#8220;silm silma ja hammas hamba vastu&#8221;.<a title=\"\" href=\"#_edn10\">10<\/a>\u00a0 Meenutati, et Jeesus ju \u00fctles, et enam ei ole tarvis nii teha. Seeasemel tuleb meil teine p\u00f4sk keerata!<\/p>\n<p>K\u00fcsisin lastelt, mis nad teeksid, kui keegi neil \u00fche hamba v\u00e4lja l\u00f6\u00f6ks.\u00a0 P\u00e4rast mitmeid ettepanekuid esitas minu k\u00f4rval istuv kaheksa-aastane Casey, kelle jalad veel p\u00f4randanigi ei ulatunud, oma hoolikalt kokkuseatud otsuse:<\/p>\n<p>&#8220;Esmalt l\u00f6\u00f6ksin\u00a0\u00a0 t e m a l\u00a0\u00a0 hamba v\u00e4lja, seej\u00e4rel keeraksin talle p\u00f4se!&#8221;<\/p>\n<p>Teisel korral k\u00f4elesime Piiblis kirjapandud paljudest viidetest \u00f4elate h\u00e4vitamise kohta Jumala poolt. K\u00fcsisin lastelt, kas nende emad on neile kunagi \u00f6elnud: &#8220;Tee, mis ma \u00fctlesin &#8211; muidu ma tapan su!&#8221;?<\/p>\n<p>&#8220;Jaa!&#8221; oli kogu grupi r\u00f4\u00f4msameelne vastus.<\/p>\n<p>&#8220;Kas ema m\u00f4tles seda t\u00f4siselt?&#8221; n\u00f4udsin.<\/p>\n<p>&#8220;Loomulikult mitte!&#8221; vastas v\u00e4ike Tiina. &#8220;Nii lihtsalt r\u00e4\u00e4gitakse!&#8221; (<em>I will kill you!<\/em> on inglise keeles harilik k\u00f4nekujund, ega t\u00e4henda midagi dramaatilist. &#8211; Tlk.)<\/p>\n<p>&#8220;Kas te ei arva, et ka Jumal kasutab Piiblis lihtsalt k\u00f4nekujundit?&#8221; j\u00e4tkasin k\u00fcsitelu. Lapsed \u00fctlesid, et pole sellega n\u00f4us. &#8220;Kas see siis t\u00e4hendab, et ema armsatab teid rohkem kui Jumal?&#8221;<\/p>\n<p>Viimaks oli taas Casey see, kes vaikuse l\u00f4petas. Olles asja l\u00e4bi m\u00f4elnud, lausus ta veendunult: &#8220;Mine n\u00fc\u00fcd ikka!&#8221;<\/p>\n<p>Oleksin v\u00f4inud v\u00e4ita, et sellised probleemid saab k\u00f4ige paremini lahendada, kui l\u00f4petada k\u00fcsimuste esitamine ning lihtsalt uskuda, mida Jumal \u00fctleb. Loomulikult oleks see meie reisile l\u00e4bi Piibli l\u00f4pu teinud. Taibukad lapsed v\u00e4sivad kiiresti, kui k\u00f4iketeadjad t\u00e4iskasvanud neile lihtsalt \u00fctlevad, mida nad uskuma peavad!<\/p>\n<p>Olen siiski kindel, et Jumalale meeldis kuulata, kuidas meie lastegrupp Tema kohta m\u00f4tteid vahetas. See oli ohutustunne, see oli vabadus &#8211; k\u00f4nelda avameelselt Jumalast, mis m\u00f4jutas neid k\u00f4ik kuusk\u00fcmmend kuus raamatut \u00fcksteise j\u00e4rel l\u00e4bi lugema!<\/p>\n<p align=\"center\">\u00a0<strong>&#8220;Jumal, t\u00e4nan Sind k\u00f4igi kuuek\u00fcmne kuue raamatu eest!&#8221;<\/strong><\/p>\n<p>\u00a0\u00a0\u00a0\u00a0\u00a0 Hiljuti Briti saartel k\u00e4ies kuulsin v\u00e4ikesest t\u00fctarlaspsest Leilanist, kes oli saatnud Jumalale m\u00f4ned kirjad. Sain ka teada, et vaatamata oma noorusele, oli ta l\u00e4bi lugenud k\u00f4ik Piibli raamatud. Ta oli otsustanud, et k\u00f4igis kuuek\u00fcmne kuues raamatus kirjeldatud Jumal peab t\u00f4epoolest t\u00e4helepanuv\u00e4\u00e4rne Isik olema!<\/p>\n<p>S\u00f4itsime Sotimaale t\u00fcdrukut vaatama. Istudes Leilani aias Edinburghis, palusime tal m\u00f4ni kiri meile ette lugeda.<\/p>\n<p>&#8220;Kuulake, see meeldib mulle endale k\u00f4ige rohkem!&#8221; alustas ta.<\/p>\n<p><em>Kallis Jumal,<\/em><\/p>\n<p><em>\u00a0Ma olen Sulle nii t\u00e4nulik, et oled mind loonud!<\/em><\/p>\n<p><em>T\u00e4nan Sind k\u00f4igi kuuek\u00fcmne kuue raamatu eest\u00a0\u00a0\u00a0 <\/em><\/p>\n<p><em>&#8211; 39 Vanas Teatamendis ja <\/em><\/p>\n<p><em>\u00a0\u00a0\u00a0\u00a0\u00a0\u00a0\u00a0\u00a0\u00a0\u00a0\u00a0\u00a0\u00a0\u00a0\u00a0\u00a0\u00a0\u00a0\u00a0\u00a0\u00a0\u00a0\u00a0\u00a0\u00a0\u00a0 27 Uues.<\/em><\/p>\n<p><em>Nende kaudu saame me Sinust <\/em><\/p>\n<p><em>palju rohkem teada!<\/em><\/p>\n<p><em>\u00a0\u00a0\u00a0\u00a0\u00a0\u00a0\u00a0\u00a0\u00a0\u00a0\u00a0\u00a0\u00a0\u00a0\u00a0\u00a0\u00a0\u00a0 Sinu s\u00f4ber Leilani<\/em><\/p>\n<p>&#8220;Sul on veel postskriptum,&#8221; panin t\u00e4hele.<\/p>\n<p>&#8220;Oh, see on \u00fcsna l\u00fchike: &#8220;Me k\u00f4ik teame, et see on t\u00f4si!&#8221;<\/p>\n<p>&#8220;See t\u00e4hendab,&#8221; seletas Leilani, &#8220;et me teame, et mis Piibel \u00fctleb, on t\u00f4si!&#8221;<\/p>\n<p>Ma tean, et Leilan meeldiks ka teile. Ta on \u00fcks Jumala s\u00f4pradest!<\/p>\n","protected":false},"excerpt":{"rendered":"<p>\u00a0\u00a0\u00a0\u00a0\u00a0\u00a0 Siinai m\u00e4gi on tuntud eelk\u00f4ige selle poolest, et Jumal andis seal oma k\u00fcmme k\u00e4sku, samuti palju muid reegleid ja korraldusi, mida rahvas vajas. Kui nad olid p\u00f4hjalikku \u00f4petust saanud, \u00fctles Ta neile, et aeg on edasi liikuda. &#8220;K\u00fcllalt kaua olete viibinud selle m\u00e4e juures,&#8221; \u00fctles Jumal. &#8220;P\u00f6\u00f6rduge ja minge teele.&#8221;1 Iisraellased olid seda peatust [&hellip;]<\/p>\n","protected":false},"author":1,"featured_media":0,"parent":1188,"menu_order":0,"comment_status":"open","ping_status":"open","template":"","meta":{"footnotes":""},"class_list":["post-1242","page","type-page","status-publish","hentry"],"_links":{"self":[{"href":"https:\/\/speakingwellofgod.org\/et\/wp-json\/wp\/v2\/pages\/1242","targetHints":{"allow":["GET"]}}],"collection":[{"href":"https:\/\/speakingwellofgod.org\/et\/wp-json\/wp\/v2\/pages"}],"about":[{"href":"https:\/\/speakingwellofgod.org\/et\/wp-json\/wp\/v2\/types\/page"}],"author":[{"embeddable":true,"href":"https:\/\/speakingwellofgod.org\/et\/wp-json\/wp\/v2\/users\/1"}],"replies":[{"embeddable":true,"href":"https:\/\/speakingwellofgod.org\/et\/wp-json\/wp\/v2\/comments?post=1242"}],"version-history":[{"count":0,"href":"https:\/\/speakingwellofgod.org\/et\/wp-json\/wp\/v2\/pages\/1242\/revisions"}],"up":[{"embeddable":true,"href":"https:\/\/speakingwellofgod.org\/et\/wp-json\/wp\/v2\/pages\/1188"}],"wp:attachment":[{"href":"https:\/\/speakingwellofgod.org\/et\/wp-json\/wp\/v2\/media?parent=1242"}],"curies":[{"name":"wp","href":"https:\/\/api.w.org\/{rel}","templated":true}]}}