{"id":1191,"date":"2012-07-22T03:57:25","date_gmt":"2012-07-22T03:57:25","guid":{"rendered":"https:\/\/speakingwellofgod.ootartb0-liquidwebsites.com\/?page_id=1191"},"modified":"2012-07-22T03:57:25","modified_gmt":"2012-07-22T03:57:25","slug":"kas-sa-kardaksid-kohtuda-jumalaga","status":"publish","type":"page","link":"https:\/\/speakingwellofgod.org\/et\/kirjalikke-materjale\/teenistujad-voi-sobrad\/kas-sa-kardaksid-kohtuda-jumalaga","title":{"rendered":"KAS SA KARDAKSID KOHTUDA JUMALAGA?"},"content":{"rendered":"<p><strong>K<\/strong>as sa kardaksid kohtuda Jumalaga?&#8221;<\/p>\n<p>&#8220;Jaa, \u00f4udselt!&#8221;<\/p>\n<p>&#8220;Aga&#8230;miks?&#8221;<\/p>\n<p>Kalmistul tibas vihma. Sotlasest hauakaevaja seisatas hetkeks ning silmitses tuhandeid hauakive vana kiriku \u00fcmber. (Mees oli kohakaasluse alusel veel kiriku p\u00fchap\u00e4evakooli eestseisjaks.)<\/p>\n<p>&#8220;Aga Piiblis on ju nii palju kohutavaid lugusid!&#8221;<\/p>\n<p>Olin esitanud sama k\u00fcsimuse paljudele inimestele Briti saartel, inimestele v\u00e4ga erinevatest keskkondadest. Mul oli seljataga peaaegu kaksk\u00fcmmend tuhat kilomeetrit selle kauni saareriigi eri osades. Soovisin m\u00f4ista, miks inimesed sellel kunagi l\u00e4binisti kristlikul maal veel n\u00fc\u00fcdki k\u00e4ivad regulaarselt kirikus &#8211; ning tunnistavad end isegi uskuvat Jumalat!<\/p>\n<p>\u00dchel reisil k\u00fcsitlesin vana daami, kes oli p\u00fchendanud kogu oma pika elu lastele &#8211; et neid Piiblit tundma \u00f4petada. &#8220;Kas\u00a0 k a\u00a0\u00a0\u00a0\u00a0\u00a0 t e i e\u00a0\u00a0 kardaksite kohtuda Jumalaga?&#8221;<\/p>\n<p>&#8220;Oh, ei sugugi.&#8221;<\/p>\n<p>&#8220;Miks mitte?&#8221;<\/p>\n<p>&#8220;Piiblis on ju nii\u00a0 palju imelisi jutustusi Jumala armastusest!&#8221;<\/p>\n<p>&#8220;Aga mida \u00f6elda k\u00f4igi nende kohutavate lugude kohta?&#8221;<\/p>\n<p>&#8220;Ei, me ei p\u00fchenda eriti palju aega kogu sellele julmusele. Mulle meeldib r\u00f4hutada seda, mis k\u00f4neleb Jumala armastusest.&#8221;<\/p>\n<p>&#8220;Aga Ilmutuse raamatu tulej\u00e4rv?&#8221;<\/p>\n<p>&#8220;Ei mingit probleemi &#8211; lastega ei k\u00e4sitle me Piibli viimast raamatut\u00a0 \u00fcldse!&#8221;<\/p>\n<p>&#8220;Aga on ju veel veeuputus Esimeses Moosese raamatus, kus Jumal peale kaheksa inimese k\u00f4ik \u00fclej\u00e4\u00e4nud uputas?&#8221;<\/p>\n<p>&#8220;Lastel ei ole ka siin midagi rasket. Neil on teravalt arenenud \u00f4iglusetunne ning neile meeldib eriti lugu sellest, kuidas Jumal need kaheksa laevas olnut p\u00e4\u00e4stis!&#8221;<\/p>\n<p>Hauakaevaja ja see vana usu\u00f4petaja ei kuulu ilmselt nende Suurbritannia elanike hulka, kes kristluse h\u00fcljanud on. Paljude teiste<\/p>\n<p>puhul on aga just see P\u00fchakirjas esitatud &#8220;julmus&#8221; neid nii Jumalast kui kirikust v\u00f4\u00f4rduma pannud.<\/p>\n<p>Inimesi k\u00f4netades kuulsin sageli viiteid p\u00f4rgu \u00f4udustele ning kinnitusi, kui v\u00f4imatu on usaldada Jumalat, kes n\u00f4uab kuulekust igavese piina \u00e4hvardusel. V\u00f4i nagu \u00fcks Shakespeare&#8217;i m\u00e4ngiv n\u00e4itleja\u00a0 \u00fcsna \u00e4gedalt kinnitas: &#8220;\u00dchegi religiooni jumal ei ole nii julm kui Vana Testamendi Jumal!&#8221; Ta meenutas \u00f4udusega lapsep\u00f4lvest tuntud jumalat &#8211; ja \u00fchtki usaldusv\u00e4\u00e4rsemat ei olnud selle asemele astunud&#8230;<\/p>\n<p>Kuid Briti saarte elanikud on sama s\u00f4bralikud, nagu olen neid teadnud olevat\u00a0 endistelgi aegadel. Kodu ja perekond on ikka veel \u00fchiskonna keskpunktiks. Seda soojust\u00a0 ja s\u00f4bralikkust aga, mida perekonnad omal ajal leidsid kirikust, otsitakse n\u00fc\u00fcd kusagilt mujalt. \u00dcks lemmikpaikadest on naabruses asuv joogikoht.<\/p>\n<p>&#8220;Miks on kirikud\u00a0 nii t\u00fchjad ja k\u00f4rtsid nii t\u00e4is?&#8221;<\/p>\n<p>&#8220;Parem teenindamine, mis muud!&#8221; oli \u00fchel Londoni &#8211; \u00e4sja pensionile l\u00e4inud &#8211; j\u00e4\u00e4tisem\u00fc\u00fcjal vastus valmis. Kepile toetudes silmitses ta\u00a0 enesega rahuloleval ilmel laudadega kinnil\u00f6\u00f6dud k\u00fclakirikut, mille ta endale varsti \u00e4ra\u00a0 osta lootis ning elamuks muuta kavatses.<\/p>\n<p>&#8220;Kas te kardaksite kohtuda Jumalaga?&#8221;<\/p>\n<p>&#8220;Misp\u00e4rast? Ma ei karda kedagi. Peale selle olen ma alati korralik inimene olnud. Maaslamajat pole ma kunagi jalaga l\u00f6\u00f6nud.&#8221;<\/p>\n<p>&#8220;Kas k\u00e4isite selles kirikus, enne kui see laudadega kinni\u00a0 l\u00f6\u00f6di?&#8221;<\/p>\n<p>&#8220;Kirikusse pole ma aastaid saanud.\u00a0 Nojah, v\u00e4ikese poisina k\u00e4isin p\u00fchap\u00e4evakoolis. Kuid selleks mind sunniti!&#8221;<\/p>\n<p>&#8220;Kes sundis?&#8221;<\/p>\n<p>&#8220;Ema!&#8221;<\/p>\n<p>Nii nagu selle pension\u00e4rist j\u00e4\u00e4tisem\u00fc\u00fcja puhul, kohtasin veel paljusid teisi, kelle emad ja vanaemad olid hoolitsenud nende p\u00fchap\u00e4evakoolis k\u00e4imise eest. Kui nad vanemaks said, t\u00f4id paljud vastuseta j\u00e4\u00e4nud k\u00fcsimused kaasa illusioonide haihtumise. Just seda terminit tarvitati sageli &#8211; illusioonide haihtumine Piibli, kiriku, Jumala suhtes. Sellelsamal maal, mis on teinud nii palju Piibli \u00fclemaailmseks levitamiseks, lausus \u00fcks raamatukaupmees: &#8220;Kui ma m\u00fc\u00fcn kaks piiblit p\u00e4evas, on mul h\u00e4sti l\u00e4inud!&#8221;<\/p>\n<p style=\"text-align: center;\"><strong>Paljud soovivad, et v\u00f4iksid uskuda<\/strong><\/p>\n<p><strong>\u00a0\u00a0\u00a0\u00a0 <\/strong>Kuid ehkki<strong> <\/strong>nii \u00fcksikisikud kui perekonnad tunnistasid oma uskmatust, kostis ridade vahelt l\u00e4bi nende salajane soov &#8211; kui hea oleks siiski, kui oleks Keegi, keda v\u00f4iks usaldada. Kui oleks Jumal, kelle tegudel oleks m\u00f4te t\u00e4nap\u00e4eva inimese jaoks.<strong>\u00a0\u00a0\u00a0\u00a0 <\/strong><\/p>\n<p><strong>\u00a0\u00a0\u00a0\u00a0 <\/strong>&#8220;Kas soovite m\u00f4nikord, et v\u00f4iksite veel Jumalat uskuda?&#8221;<\/p>\n<p>&#8220;Jah, t\u00f4epoolest,&#8221; vastas k\u00f4hklemata \u00fcks tuntud iiri telekommentaator, kes v\u00e4ikese poisina oli igal p\u00fchap\u00e4eval v\u00e4hemalt kolmes kirikus k\u00e4inud ja v\u00f4is praegugi veel piiblitekste peast tsiteerida. &#8220;Kuid tema kohta pole lihtsalt t\u00f4endeid!&#8221;<\/p>\n<p>Seistes tillukesel sillal Avoni-\u00e4\u00e4rses Stratfordis &#8211; Shakespeare&#8217;i linnas &#8211; vestlesin alla kanalile vaadates lihaselise mootorratturiga, kes kinnitas, et ta pole iial Jumalat uskunud.<\/p>\n<p>&#8220;Olete kunagi \u00fcldse Piiblit lugenud?&#8221;<\/p>\n<p>&#8220;Ei iial!&#8221;<\/p>\n<p>&#8220;Kirikus k\u00e4inud?&#8221;<\/p>\n<p>&#8220;Ei!&#8221;<\/p>\n<p>&#8220;Kui j\u00f4uame oma eluteekonna l\u00f4pule, avastame, et teiselpool on siiski Keegi.&#8221;<\/p>\n<p>&#8220;Jah, k\u00fcllap t\u00f4esti.&#8221;<\/p>\n<p>&#8220;Kui osutub, et Jumal on t\u00f4esti olemas, kas kardaksite Temaga kohtuda?&#8221;<\/p>\n<p style=\"text-align: left;\">\u00a0\u00a0\u00a0\u00a0\u00a0 &#8220;Ei. Kui Jumal on t\u00f4esti olemas, siis olen kindel, et Ta on &#8220;oma poiss&#8221;!&#8221; Noormees ei lausunud neid s\u00f4nu kerglaselt. \u00dcsna t\u00f4siselt lisas ta, et seni kui Jumalast midagi kindlat teada\u00a0 saame,<\/p>\n<p>peaksime v\u00e4hemalt \u00fcksteise vastu head olema. &#8220;Ei, t\u00f4elist p\u00f4rgut ei saa olla!&#8221; lausus ta. &#8220;P\u00f4rgu &#8211; see on inimesed ise. Inimesed, kes on \u00fcksteise vastu hundid!&#8221;<\/p>\n<p>Paistis, nagu m\u00f4tleks see tahumatu v\u00e4limusega siklimees t\u00f4epoolest nii: kui hea oleks, kui selline Jumal, keda ta \u00e4sja kirjeldanud oli, olemas oleks. \u00dcks asi n\u00e4is siiski kindel: \u00fcldlevinud pilt Jumala kohta on talle vastuv\u00f4tmatu.<\/p>\n<p style=\"text-align: left;\">\u00a0\u00a0\u00a0\u00a0 M\u00f4ned mu kaaasvestlejaist olid usu\u00f4petust saanud, teised mitte. \u00dcks aga oli paljudele Jumalat mitte uskuvatele inimestele \u00fchine: nad k\u00f4nelesid &#8211; ebam\u00e4\u00e4raselt &#8211; mingist kaugest, kuid heategevast J\u00f4ust.<\/p>\n<p>&#8220;Jumal on mingi ebam\u00e4\u00e4rane, hea J\u00f4ud,&#8221; lausus \u00fcks noor ema oma p\u00fchap\u00e4evakoolip\u00e4evi meenutades.<\/p>\n<p>\u00dchel Loode-Inglismaa rannal kohtasin neljaliikmelist perekonda. Kurvalt meenutas pereema, kuidas nii kirikusk\u00e4imine kui usk nende perest j\u00e4rkj\u00e4rgult kadunud oli. &#8220;Jumal ja kirik on meie jaoks liiga kauged,&#8221; selgitas ta. &#8220;Neil pole enam t\u00e4hendust.&#8221; Hoolimata aastatepikkusest kirikus- ja p\u00fchap\u00e4evakoolis k\u00e4imisest ei suutnud \u00fckski perekonnaliige meenutada ainsatki juhtumit Piiblist.<\/p>\n<p>&#8220;Jah, kui oleks jumal, v\u00f4iks t\u00f4esti uuesti peale hakata &#8211; kuid missugune see jumal oleks?&#8221;<\/p>\n<p>\u00dcheteist-aastane Lorry s\u00f4nas vaikselt: &#8220;Ta peaks olema selline, keda v\u00f4iks usaldada, kes mind iial maha ei j\u00e4taks&#8230;&#8221;<\/p>\n<p style=\"text-align: center;\"><strong>Kas on olemas Keegi, keda v\u00f4iksime usaldada?<\/strong><\/p>\n<p>Poleks kasu, kui p\u00fc\u00fcaksime neid probleeme lahendada lihtsalt Piiblit tsiteerides. Just Piibli pilt Jumalast &#8211; selline, nagu mu vestluskaaslased seda n\u00e4gid &#8211; oli pannud neid Piibli v\u00e4idetes kahtlema.\u00a0 Ning\u00a0 meeldivate lugude meenutamisest poleks k\u00fcllalt,<\/p>\n<p>kaalumaks \u00fcles\u00a0 P\u00fchakirjas esitatud\u00a0 &#8220;julmusi&#8221;. Millistes P\u00fchakirja tekstides\u00a0\u00a0 v\u00f4ime\u00a0 tegelikku t\u00f4de leida? Paljude m\u00f4tlejate inimeste<\/p>\n<p style=\"text-align: left;\">jaoks on Piibel kaotanud oma autoriteedi, kuna neile tundub, nagu poleks k\u00f4ik selles loogiline \u00a0\u00a0\u00a0\u00a0 \u00dche eduka \u00e4rimehe abikaasa p\u00fc\u00fcdis leida \u00f4igeid s\u00f4nu, et anda edasi oma pilti Jumalast. &#8220;Ebaj\u00e4rjekindel, meelevaldne&#8230;&#8221; alustas ta, ning lausus l\u00f4puks: &#8220;Ei, &#8220;julm&#8221; on \u00f4ige s\u00f4na.&#8221;\u00a0 &#8220;Ja ometi&#8221;, j\u00e4tkas ta m\u00f4tisklust, &#8220;miks ei v\u00f4iks me hoida seda, mis kristluses on v\u00e4\u00e4rtuslikku &#8211; n\u00e4iteks armastada ligimest nagu iseennast &#8211; kuid ilma kristlaste jumalata?&#8221; Nagu paljud teisedki, oli ka tema \u00fcles kasvanud p\u00fchap\u00e4evakoolis, n\u00fc\u00fcd aga &#8211; m\u00f4nev\u00f4rra seda kahetsedes &#8211; nimetas end &#8220;ateistiks&#8221;. \u00a0\u00a0\u00a0\u00a0 M\u00f4nda aega tagasi tunnistas kuninganna Elisabeth avalikult: britlased ei hinda midagi k\u00f4rgemalt kui\u00a0 oma vabadust ja individuaalsust. Sajandeid on nad kaitsnud &#8211; sageli elu hinnaga &#8211; oma \u00f4igust teenida Jumalat ja k\u00e4ia kirikus just nii, nagu nemad seda<\/p>\n<p>soovivad. Ja n\u00fc\u00fcd kasutavad paljud sama vabadust &#8211; selleks et kirikust eemale j\u00e4\u00e4da.<\/p>\n<p>Jumalat, Piiblit ja kirikut ei peeta niiv\u00f4rd ohuks sellele kallikspeetud vabadusele, kuiv\u00f4rd lihtsalt ebaoluliseks. Arvatakse, et need kolm asja kuuluvad minevikku, aristokraatide ajastusse, kui vabadus oli ainult privilegeeritud v\u00e4heste jaoks ning selle ilma v\u00e4gevad kasutasid vaeste ebausku \u00e4ra enda huvides.<\/p>\n<p>Kogu Briti saartel leidub m\u00e4lestisi aastatest, mil kristlusel oli kaugelt suurem autoriteet kui praegu. Sageli on aga tegemist m\u00e4lestusm\u00e4rkidega mitte ainult \u00fcksikisiku vaprusest ja usust, vaid ka pikast pimedast ajastust &#8211; kui religioon, sealhulgas kristlus, p\u00fc\u00fcdis sageli \u00fcsna barbaarsete vahenditega vabadust ja individuaalsust alla suruda.<\/p>\n<p>Chesteris, Inglismaa ja Walesi p\u00f4hjapiiri l\u00e4hedal, on\u00a0 otse teeservas lihtne kivist m\u00e4lestussammas, mis aitab meil meenutada, et sellist julma r\u00f4humist on harrastanud enam kui \u00fcks kristluse haru. Samba pealiskirjas on \u00f6eldud, et George Marsh, protestantlik kirikutegelane, &#8220;p\u00f4letati selle paiga l\u00e4hedal t\u00f4e eest elavalt &#8221; verise Mary ajal, a. 1555.&#8221; Sama sammas on \u00fchtlasti ka<\/p>\n<p>monumendiks\u00a0 John\u00a0 Pleasingtonile,\u00a0 roomakatoliku preestrile, kes<\/p>\n<p>&#8220;suri siin m\u00e4rtrisurma&#8221; protestantide k\u00e4e l\u00e4bi a. 1679 ning &#8220;kanoniseeriti\u00a0\u00a0 p\u00fchakuks a. 1970&#8221;.\u00a0 M\u00f4lemad\u00a0\u00a0 ketserid\u00a0\u00a0 saadeti<\/p>\n<p>surma \u00fche ja sama kristliku Jumala nimel, p\u00f4letamisele kogunenud rahvahulgale aga v\u00f4is vaevalt ette heita, kui nad sellisesse Jumalasse vaid kartuse ja segaste tunnetega suhtusid.<\/p>\n<p>Isegi hilisematel, enamvalgustatud aegadel tundub paljudele inimestele, et Jumal, Piibel ja kirik ei aita sugugi kaasa \u00fcksikisiku vabadusele, individuaalsusele ja v\u00e4\u00e4rikusele. Ja kuna ei suudeta kristluses loogikat leida, on paljud ilmselt l\u00e4inud kergemat teed, pidades nii Jumalat kui religiooni &#8211;\u00a0 nii nagu Stonehenge&#8217;i\u00a0 ja Towerit &#8211; k\u00fcll Briti v\u00e4rvika kultuurip\u00e4randi osaks, mida tuleb s\u00e4ilitada ja kalliks pidada, kuid mis ei ole enam osaks t\u00e4nap\u00e4eva elustiilist.<\/p>\n<p align=\"center\"><strong>Kas on saabunud kristliku ajastu l\u00f4pp?<\/strong><\/p>\n<p>\u00dcks teine mootorrattur \u00fctles mulle Stratfordis: &#8220;Kui olin p\u00fchap\u00e4evakoolilaps, uskusin s\u00f4bralikku Jumalat. N\u00fc\u00fcd ei tunne ma enam Tema j\u00e4rele vajadust.&#8221; Seda seisukohta jagavad nii paljud, et viimasel ajal on muutunud kombeks k\u00f4nelda kristliku ajastu l\u00f4pust nii Suurbritannias kui suures osas Euroopast.<\/p>\n<p>&#8220;Et olla korralikud inimesed, ei tarvitse meil seep\u00e4rast veel kirikus k\u00e4ia,&#8221; m\u00e4rkis elegantne lihunik Barry oma helepunasele veoautole toetudes. Kui\u00a0 p\u00e4risin ta k\u00e4est suure kiriku nime, mis asus ta kaupluse vastas \u00fcle t\u00e4nava, raputas ta naerdes pead. &#8220;Te ei p\u00e4ri \u00f4ige inimese k\u00e4est. Ma ei usu Jumalat ega k\u00e4i iialgi kirikus.&#8221; Ja Barry n\u00e4is t\u00f4esti &#8220;korralik inimene&#8221;!<\/p>\n<p>Oleks loogiline, et ajastul, mil kristlus oli valitsev, pidanuks eri seisukohtadega inimesed \u00fcksteisesse suurema lugupidamise ja viisakusega suhtuma. Kuid nagu \u00fcks Oxfordi raamatukogut\u00f6\u00f6taja &#8211; ise p\u00fchendunud kristlane &#8211; m\u00e4rkis: &#8220;Religiooni h\u00e4\u00e4bumine Briti saartel on kindlasti toonud kaasa \u00fche hea asja &#8211; inimesed on n\u00fc\u00fcd vastastikku palju sallivamad kui enne.&#8221;<\/p>\n<p style=\"text-align: left;\" align=\"center\">\u00a0\u00a0\u00a0\u00a0 Jumala jaoks peab see t\u00f4esti suur pettumus olema, et nii paljud kenad inimesed nii Briti saartel kui \u00fcle kogu maailma seostavad Teda minevikuga &#8211; v\u00e4hem vaba, v\u00e4hem tsiviliseeritud ajastuga.\u00a0 Kuidas Ta k\u00fcll sooviks, et nad kuuleksid kusagilt Tema Poja uskumatut ettepanekut tehtud juba peaaegu kaks tuhat aastat tagasi: &#8220;Ei, ma ei taha teid enam sulasteks nimetada. Pigem sooviksin teid h\u00fc\u00fcda s\u00f4pradeks!&#8221; \u00a0\u00a0\u00a0\u00a0 Milline riigis\u00fcsteem v\u00f4iks olla veel tsiviliseeritum, milline \u00fchiskond vabam kui \u00fchiskond, mille Juhiks oleks selline Jumal keda tutvustab meile Jh 15,15 tekst?<\/p>\n<p>&nbsp;<\/p>\n<p>&nbsp;<\/p>\n<p style=\"text-align: left;\">\n<p style=\"text-align: left;\">\n<p style=\"text-align: left;\">\n<p style=\"text-align: left;\">\n","protected":false},"excerpt":{"rendered":"<p>Kas sa kardaksid kohtuda Jumalaga?&#8221; &#8220;Jaa, \u00f4udselt!&#8221; &#8220;Aga&#8230;miks?&#8221; Kalmistul tibas vihma. Sotlasest hauakaevaja seisatas hetkeks ning silmitses tuhandeid hauakive vana kiriku \u00fcmber. (Mees oli kohakaasluse alusel veel kiriku p\u00fchap\u00e4evakooli eestseisjaks.) &#8220;Aga Piiblis on ju nii palju kohutavaid lugusid!&#8221; Olin esitanud sama k\u00fcsimuse paljudele inimestele Briti saartel, inimestele v\u00e4ga erinevatest keskkondadest. Mul oli seljataga peaaegu kaksk\u00fcmmend [&hellip;]<\/p>\n","protected":false},"author":1,"featured_media":0,"parent":1188,"menu_order":0,"comment_status":"open","ping_status":"open","template":"","meta":{"footnotes":""},"class_list":["post-1191","page","type-page","status-publish","hentry"],"_links":{"self":[{"href":"https:\/\/speakingwellofgod.org\/et\/wp-json\/wp\/v2\/pages\/1191","targetHints":{"allow":["GET"]}}],"collection":[{"href":"https:\/\/speakingwellofgod.org\/et\/wp-json\/wp\/v2\/pages"}],"about":[{"href":"https:\/\/speakingwellofgod.org\/et\/wp-json\/wp\/v2\/types\/page"}],"author":[{"embeddable":true,"href":"https:\/\/speakingwellofgod.org\/et\/wp-json\/wp\/v2\/users\/1"}],"replies":[{"embeddable":true,"href":"https:\/\/speakingwellofgod.org\/et\/wp-json\/wp\/v2\/comments?post=1191"}],"version-history":[{"count":0,"href":"https:\/\/speakingwellofgod.org\/et\/wp-json\/wp\/v2\/pages\/1191\/revisions"}],"up":[{"embeddable":true,"href":"https:\/\/speakingwellofgod.org\/et\/wp-json\/wp\/v2\/pages\/1188"}],"wp:attachment":[{"href":"https:\/\/speakingwellofgod.org\/et\/wp-json\/wp\/v2\/media?parent=1191"}],"curies":[{"name":"wp","href":"https:\/\/api.w.org\/{rel}","templated":true}]}}