{"id":1188,"date":"2012-07-20T22:03:00","date_gmt":"2012-07-20T22:03:00","guid":{"rendered":"https:\/\/speakingwellofgod.ootartb0-liquidwebsites.com\/?page_id=1188"},"modified":"2012-07-22T06:28:06","modified_gmt":"2012-07-22T06:28:06","slug":"teenistujad-voi-sobrad","status":"publish","type":"page","link":"https:\/\/speakingwellofgod.org\/et\/kirjalikke-materjale\/teenistujad-voi-sobrad","title":{"rendered":"Teenistujad v\u00f5i s\u00f5brad"},"content":{"rendered":"<p><a href=\"https:\/\/speakingwellofgod.org\/wp-content\/uploads\/2011\/01\/colorservantandking.jpg\"><img decoding=\"async\" class=\"size-full wp-image-887 alignright lazyload\" title=\"Servants or Friends - by Graham Maxwell\" data-src=\"https:\/\/speakingwellofgod.org\/wp-content\/uploads\/2011\/01\/colorservantandking.jpg\" alt=\"Servants or Friends - by Graham Maxwell\" width=\"327\" height=\"502\" data-srcset=\"https:\/\/speakingwellofgod.org\/wp-content\/uploads\/2011\/01\/colorservantandking.jpg 327w, https:\/\/speakingwellofgod.org\/wp-content\/uploads\/2011\/01\/colorservantandking-195x300.jpg 195w\" data-sizes=\"(max-width: 327px) 100vw, 327px\" src=\"data:image\/svg+xml;base64,PHN2ZyB3aWR0aD0iMSIgaGVpZ2h0PSIxIiB4bWxucz0iaHR0cDovL3d3dy53My5vcmcvMjAwMC9zdmciPjwvc3ZnPg==\" style=\"--smush-placeholder-width: 327px; --smush-placeholder-aspect-ratio: 327\/502;\" \/><\/a>Eesm\u00e4rk teenistujate v\u00f5i s\u00f5brad? on kaaluda kaugeleulatuvaid ja teatud usklikke, v\u00e4ga soovitav m\u00f5ju Jumala selgelt eelistab midagi enamat kui lihtsalt alistuvad teenuste vaba m\u00f5istmise s\u00f5prust.<\/p>\n<ul>\n<li style=\"text-align: left;\"><a href=\"https:\/\/speakingwellofgod.org\/et\/kirjalikke-materjale\/teenistujad-voi-sobrad\/kas-sa-kardaksid-kohtuda-jumalaga\" target=\"_blank\">Peat\u00fckk 1<\/a><\/li>\n<li><a href=\"https:\/\/speakingwellofgod.org\/et\/kirjalikke-materjale\/teenistujad-voi-sobrad\/sooviksin-pigem-et-oleksite-mu-sobrad\" target=\"_blank\">Peat\u00fckk 2<\/a><\/li>\n<li><a href=\"https:\/\/speakingwellofgod.org\/et\/kirjalikke-materjale\/teenistujad-voi-sobrad\/soprus-ilma-usalduseta-pole-voimalik\" target=\"_blank\">Peat\u00fckk 3<\/a><\/li>\n<li><a href=\"https:\/\/speakingwellofgod.org\/et\/kirjalikke-materjale\/teenistujad-voi-sobrad\/usaldus-ei-tule-kasu-korras\" target=\"_blank\">Peat\u00fckk 4<\/a><\/li>\n<li><a href=\"https:\/\/speakingwellofgod.org\/et\/kirjalikke-materjale\/teenistujad-voi-sobrad\/ole-ettevaatlik-oma-usaldust-kinkides\" target=\"_blank\">Peat\u00fckk 5<\/a><\/li>\n<li><a href=\"https:\/\/speakingwellofgod.org\/et\/kirjalikke-materjale\/teenistujad-voi-sobrad\/sobrad-konelevad-uksteisega-avameelselt\" target=\"_blank\">Peat\u00fckk 6<\/a><\/li>\n<li><a href=\"https:\/\/speakingwellofgod.org\/et\/kirjalikke-materjale\/teenistujad-voi-sobrad\/soprusest-ja-sellest-kuidas-jumal-kasutab-kasuseadust\" target=\"_blank\">Peat\u00fckk 7<\/a><\/li>\n<li><a href=\"https:\/\/speakingwellofgod.org\/et\/kirjalikke-materjale\/teenistujad-voi-sobrad\/kuidas-vaatavad-patule-ja-lunastusele-sulased-ja-sobrad\" target=\"_blank\">Peat\u00fckk 8<\/a><\/li>\n<li><a href=\"https:\/\/speakingwellofgod.org\/et\/kirjalikke-materjale\/teenistujad-voi-sobrad\/sind-oigesti-esitada-voib-ainult-sinu-parim-sober\" target=\"_blank\">Peat\u00fckk 9<\/a><\/li>\n<li><a href=\"https:\/\/speakingwellofgod.org\/et\/kirjalikke-materjale\/teenistujad-voi-sobrad\/sopruse-vabadused\" target=\"_blank\">Peat\u00fckk 10<\/a><\/li>\n<li><a href=\"https:\/\/speakingwellofgod.org\/et\/kirjalikke-materjale\/teenistujad-voi-sobrad\/soprus-ja-voitlus-patuga\" target=\"_blank\">Peat\u00fckk 11<\/a><\/li>\n<li><a href=\"https:\/\/speakingwellofgod.org\/et\/kirjalikke-materjale\/teenistujad-voi-sobrad\/las-jumal-muudab-teid-vaenlastest-oma-sopradeks\" target=\"_blank\">Peat\u00fckk 12<\/a><\/li>\n<li><a href=\"https:\/\/speakingwellofgod.org\/et\/kirjalikke-materjale\/teenistujad-voi-sobrad\/me-oleme-liiga-kaua-viibinud-selle-mae-juures\" target=\"_blank\">Peat\u00fckk 13<\/a><\/li>\n<li><a href=\"https:\/\/speakingwellofgod.org\/et\/kirjalikke-materjale\/teenistujad-voi-sobrad\/sobraliku-jumala-sobrad\" target=\"_blank\">Peat\u00fckk 14<\/a><\/li>\n<\/ul>\n","protected":false},"excerpt":{"rendered":"<p>Eesm\u00e4rk teenistujate v\u00f5i s\u00f5brad? on kaaluda kaugeleulatuvaid ja teatud usklikke, v\u00e4ga soovitav m\u00f5ju Jumala selgelt eelistab midagi enamat kui lihtsalt alistuvad teenuste vaba m\u00f5istmise s\u00f5prust. Peat\u00fckk 1 Peat\u00fckk 2 Peat\u00fckk 3 Peat\u00fckk 4 Peat\u00fckk 5 Peat\u00fckk 6 Peat\u00fckk 7 Peat\u00fckk 8 Peat\u00fckk 9 Peat\u00fckk 10 Peat\u00fckk 11 Peat\u00fckk 12 Peat\u00fckk 13 Peat\u00fckk 14<\/p>\n","protected":false},"author":1,"featured_media":0,"parent":1185,"menu_order":0,"comment_status":"open","ping_status":"closed","template":"","meta":{"footnotes":""},"class_list":["post-1188","page","type-page","status-publish","hentry"],"_links":{"self":[{"href":"https:\/\/speakingwellofgod.org\/et\/wp-json\/wp\/v2\/pages\/1188","targetHints":{"allow":["GET"]}}],"collection":[{"href":"https:\/\/speakingwellofgod.org\/et\/wp-json\/wp\/v2\/pages"}],"about":[{"href":"https:\/\/speakingwellofgod.org\/et\/wp-json\/wp\/v2\/types\/page"}],"author":[{"embeddable":true,"href":"https:\/\/speakingwellofgod.org\/et\/wp-json\/wp\/v2\/users\/1"}],"replies":[{"embeddable":true,"href":"https:\/\/speakingwellofgod.org\/et\/wp-json\/wp\/v2\/comments?post=1188"}],"version-history":[{"count":0,"href":"https:\/\/speakingwellofgod.org\/et\/wp-json\/wp\/v2\/pages\/1188\/revisions"}],"up":[{"embeddable":true,"href":"https:\/\/speakingwellofgod.org\/et\/wp-json\/wp\/v2\/pages\/1185"}],"wp:attachment":[{"href":"https:\/\/speakingwellofgod.org\/et\/wp-json\/wp\/v2\/media?parent=1188"}],"curies":[{"name":"wp","href":"https:\/\/api.w.org\/{rel}","templated":true}]}}