{"id":1183,"date":"2012-07-20T21:53:48","date_gmt":"2012-07-20T21:53:48","guid":{"rendered":"https:\/\/speakingwellofgod.ootartb0-liquidwebsites.com\/?page_id=1183"},"modified":"2012-07-20T21:53:48","modified_gmt":"2012-07-20T21:53:48","slug":"mida-me-usume","status":"publish","type":"page","link":"https:\/\/speakingwellofgod.org\/et","title":{"rendered":"Mida me usume"},"content":{"rendered":"<p>Ma usun, et k\u00f5ige t\u00e4htsam Christian uskumused on see, mis toob r\u00f5\u00f5mu ja kindluse Jumala s\u00f5pru k\u00f5ikjal &#8211; t\u00f5de meie Taevane Isa, et kinnitati sellise kulu elu ja surma oma poja.<\/p>\n<p>Jumal ei ole inimene, Tema vaenlased on teinud temast v\u00e4lja tuleb &#8211; meelevaldne, lepitamatu ja raske. Jeesus \u00fctles: &#8220;Kui olete n\u00e4inud mind, te olete n\u00e4inud Isa.&#8221; Jumal on sama armastav ja usaldusv\u00e4\u00e4rne nagu oma Poja, just nagu valmis andestama ja ravib. Kuigi l\u00f5pmatu sisse \u00fclevuse ja v\u00e4ega meie Looja on v\u00f5rdselt armuline inimene, kes hindab miski suurem vabaduse, v\u00e4\u00e4rikuse ja individuaalsust Tema intelligentseid olendeid -, et oma armastust, oma usku, oma valmisolekut kuulata ja kuuletuda v\u00f5ib vabalt anda. Ta isegi eelistab lugeda meile mitte teenistujate vaid s\u00f5brad.<\/p>\n<p>See on t\u00f5de selgus l\u00e4bi k\u00f5ik raamatud P\u00fchakirja. See on igavene hea uudis, et v\u00f5idab usaldus ja imetlus Jumala ustavad lapsed kogu universumis.<\/p>\n<p>Nagu Aabraham ja Mooses &#8211; need Jumal r\u00e4\u00e4kis Tema s\u00f5prade &#8211; Jumala s\u00f5brad t\u00e4na tahan r\u00e4\u00e4kida h\u00e4sti ja t\u00f5eliselt meie Taevane Isa. Me himustama on k\u00f5rgeim kogu kiitust Jumala s\u00f5nu umbes Job: &#8220;Ta on \u00f6elnud mulle, mis on \u00f5ige.&#8221;<\/p>\n<p><a href=\"https:\/\/speakingwellofgod.org\/wp-content\/uploads\/2011\/01\/graham_pict.gif\"><img decoding=\"async\" class=\"alignnone size-full wp-image-18 lazyload\" title=\"Graham Maxwell Image\" data-src=\"https:\/\/speakingwellofgod.org\/wp-content\/uploads\/2011\/01\/graham_pict.gif\" alt=\"Graham Maxwell\" width=\"105\" height=\"156\" src=\"data:image\/svg+xml;base64,PHN2ZyB3aWR0aD0iMSIgaGVpZ2h0PSIxIiB4bWxucz0iaHR0cDovL3d3dy53My5vcmcvMjAwMC9zdmciPjwvc3ZnPg==\" style=\"--smush-placeholder-width: 105px; --smush-placeholder-aspect-ratio: 105\/156;\" \/><\/a><\/p>\n","protected":false},"excerpt":{"rendered":"<p>Ma usun, et k\u00f5ige t\u00e4htsam Christian uskumused on see, mis toob r\u00f5\u00f5mu ja kindluse Jumala s\u00f5pru k\u00f5ikjal &#8211; t\u00f5de meie Taevane Isa, et kinnitati sellise kulu elu ja surma oma poja. Jumal ei ole inimene, Tema vaenlased on teinud temast v\u00e4lja tuleb &#8211; meelevaldne, lepitamatu ja raske. Jeesus \u00fctles: &#8220;Kui olete n\u00e4inud mind, te olete [&hellip;]<\/p>\n","protected":false},"author":1,"featured_media":0,"parent":0,"menu_order":0,"comment_status":"closed","ping_status":"closed","template":"","meta":{"footnotes":""},"class_list":["post-1183","page","type-page","status-publish","hentry"],"_links":{"self":[{"href":"https:\/\/speakingwellofgod.org\/et\/wp-json\/wp\/v2\/pages\/1183","targetHints":{"allow":["GET"]}}],"collection":[{"href":"https:\/\/speakingwellofgod.org\/et\/wp-json\/wp\/v2\/pages"}],"about":[{"href":"https:\/\/speakingwellofgod.org\/et\/wp-json\/wp\/v2\/types\/page"}],"author":[{"embeddable":true,"href":"https:\/\/speakingwellofgod.org\/et\/wp-json\/wp\/v2\/users\/1"}],"replies":[{"embeddable":true,"href":"https:\/\/speakingwellofgod.org\/et\/wp-json\/wp\/v2\/comments?post=1183"}],"version-history":[{"count":0,"href":"https:\/\/speakingwellofgod.org\/et\/wp-json\/wp\/v2\/pages\/1183\/revisions"}],"wp:attachment":[{"href":"https:\/\/speakingwellofgod.org\/et\/wp-json\/wp\/v2\/media?parent=1183"}],"curies":[{"name":"wp","href":"https:\/\/api.w.org\/{rel}","templated":true}]}}