{"id":922,"date":"2011-08-12T21:51:12","date_gmt":"2011-08-12T21:51:12","guid":{"rendered":"https:\/\/speakingwellofgod.ootartb0-liquidwebsites.com\/?page_id=922"},"modified":"2014-03-14T21:01:11","modified_gmt":"2014-03-14T21:01:11","slug":"siervos-o-amigos","status":"publish","type":"page","link":"https:\/\/speakingwellofgod.org\/es\/audio-2\/siervos-o-amigos","title":{"rendered":"Siervos o Amigos"},"content":{"rendered":"<p>El prop\u00f3sito de los Funcionarios o amigos? es considerar el alcance y, en algunos creyentes, las implicaciones altamente deseable de preferencia con claridad de Dios para algo m\u00e1s que el servicio s\u00f3lo sumisa libertad de amistad comprensi\u00f3n.<\/p>\n<p><strong>#1 Declaraci\u00f3n de misi\u00f3n<\/strong><br \/>\n<div class=\"codeart-google-mp3-player  align\" style=\"overflow:hidden;width:500px; height: 27px;min-height:58px;\"><embed type=\"application\/x-shockwave-flash\" src=\"http:\/\/prac-gadget.googlecode.com\/svn\/branches\/google-audio-step.swf\" quality=\"best\" flashvars=\"audioUrl=https:\/\/speakingwellofgod.org\/wp-content\/uploads\/2011\/08\/spanish-audio\/siervos-o-amigos\/sof_es_01.mp3\"  width=\"500\" height=\"27\"><\/embed><a id=\"downloadButtonkADwL\" class=\"download-flash\" href=\"https:\/\/speakingwellofgod.org\/wp-content\/plugins\/google-mp3-audio-player\/direct_download.php?file=https:\/\/speakingwellofgod.org\/wp-content\/uploads\/2011\/08\/spanish-audio\/siervos-o-amigos\/sof_es_01.mp3\"><\/a><\/div><\/p>\n<p><strong><strong>#2 <\/strong>Pr\u00f3logo y \u00bfTendr\u00edas miedo de encontrarte con Dios?<\/strong><br \/>\n<div class=\"codeart-google-mp3-player  align\" style=\"overflow:hidden;width:500px; height: 27px;min-height:58px;\"><embed type=\"application\/x-shockwave-flash\" src=\"http:\/\/prac-gadget.googlecode.com\/svn\/branches\/google-audio-step.swf\" quality=\"best\" flashvars=\"audioUrl=https:\/\/speakingwellofgod.org\/wp-content\/uploads\/2011\/08\/spanish-audio\/siervos-o-amigos\/sof_es_02.mp3\"  width=\"500\" height=\"27\"><\/embed><a id=\"downloadButtonDAk1M\" class=\"download-flash\" href=\"https:\/\/speakingwellofgod.org\/wp-content\/plugins\/google-mp3-audio-player\/direct_download.php?file=https:\/\/speakingwellofgod.org\/wp-content\/uploads\/2011\/08\/spanish-audio\/siervos-o-amigos\/sof_es_02.mp3\"><\/a><\/div><\/p>\n<p><strong>#3 Preferir\u00eda que fuesen mis amigos<\/strong><br \/>\n<div class=\"codeart-google-mp3-player  align\" style=\"overflow:hidden;width:500px; height: 27px;min-height:58px;\"><embed type=\"application\/x-shockwave-flash\" src=\"http:\/\/prac-gadget.googlecode.com\/svn\/branches\/google-audio-step.swf\" quality=\"best\" flashvars=\"audioUrl=https:\/\/speakingwellofgod.org\/wp-content\/uploads\/2011\/08\/spanish-audio\/siervos-o-amigos\/sof_es_03.mp3\"  width=\"500\" height=\"27\"><\/embed><a id=\"downloadButtonaAaPC\" class=\"download-flash\" href=\"https:\/\/speakingwellofgod.org\/wp-content\/plugins\/google-mp3-audio-player\/direct_download.php?file=https:\/\/speakingwellofgod.org\/wp-content\/uploads\/2011\/08\/spanish-audio\/siervos-o-amigos\/sof_es_03.mp3\"><\/a><\/div><\/p>\n<p><strong>#4 No hay amistad en donde no hay confianza<\/strong><br \/>\n<div class=\"codeart-google-mp3-player  align\" style=\"overflow:hidden;width:500px; height: 27px;min-height:58px;\"><embed type=\"application\/x-shockwave-flash\" src=\"http:\/\/prac-gadget.googlecode.com\/svn\/branches\/google-audio-step.swf\" quality=\"best\" flashvars=\"audioUrl=https:\/\/speakingwellofgod.org\/wp-content\/uploads\/2011\/08\/spanish-audio\/siervos-o-amigos\/sof_es_04.mp3\"  width=\"500\" height=\"27\"><\/embed><a id=\"downloadButtonKKTVo\" class=\"download-flash\" href=\"https:\/\/speakingwellofgod.org\/wp-content\/plugins\/google-mp3-audio-player\/direct_download.php?file=https:\/\/speakingwellofgod.org\/wp-content\/uploads\/2011\/08\/spanish-audio\/siervos-o-amigos\/sof_es_04.mp3\"><\/a><\/div><\/p>\n<p><strong>#5 La confianza no se impone por decreto<\/strong><br \/>\n<div class=\"codeart-google-mp3-player  align\" style=\"overflow:hidden;width:500px; height: 27px;min-height:58px;\"><embed type=\"application\/x-shockwave-flash\" src=\"http:\/\/prac-gadget.googlecode.com\/svn\/branches\/google-audio-step.swf\" quality=\"best\" flashvars=\"audioUrl=https:\/\/speakingwellofgod.org\/wp-content\/uploads\/2011\/08\/spanish-audio\/siervos-o-amigos\/sof_es_05.mp3\"  width=\"500\" height=\"27\"><\/embed><a id=\"downloadButtonoNgn7\" class=\"download-flash\" href=\"https:\/\/speakingwellofgod.org\/wp-content\/plugins\/google-mp3-audio-player\/direct_download.php?file=https:\/\/speakingwellofgod.org\/wp-content\/uploads\/2011\/08\/spanish-audio\/siervos-o-amigos\/sof_es_05.mp3\"><\/a><\/div><\/p>\n<p><strong>#6 Ten cuidado en donde pones tu confianza<\/strong><br \/>\n<div class=\"codeart-google-mp3-player  align\" style=\"overflow:hidden;width:500px; height: 27px;min-height:58px;\"><embed type=\"application\/x-shockwave-flash\" src=\"http:\/\/prac-gadget.googlecode.com\/svn\/branches\/google-audio-step.swf\" quality=\"best\" flashvars=\"audioUrl=https:\/\/speakingwellofgod.org\/wp-content\/uploads\/2011\/08\/spanish-audio\/siervos-o-amigos\/sof_es_06.mp3\"  width=\"500\" height=\"27\"><\/embed><a id=\"downloadButtoncn9sp\" class=\"download-flash\" href=\"https:\/\/speakingwellofgod.org\/wp-content\/plugins\/google-mp3-audio-player\/direct_download.php?file=https:\/\/speakingwellofgod.org\/wp-content\/uploads\/2011\/08\/spanish-audio\/siervos-o-amigos\/sof_es_06.mp3\"><\/a><\/div><\/p>\n<p><strong>#7 Los amigos se tratan con franqueza<\/strong><br \/>\n<div class=\"codeart-google-mp3-player  align\" style=\"overflow:hidden;width:500px; height: 27px;min-height:58px;\"><embed type=\"application\/x-shockwave-flash\" src=\"http:\/\/prac-gadget.googlecode.com\/svn\/branches\/google-audio-step.swf\" quality=\"best\" flashvars=\"audioUrl=https:\/\/speakingwellofgod.org\/wp-content\/uploads\/2011\/08\/spanish-audio\/siervos-o-amigos\/sof_es_07.mp3\"  width=\"500\" height=\"27\"><\/embed><a id=\"downloadButtontZf88\" class=\"download-flash\" href=\"https:\/\/speakingwellofgod.org\/wp-content\/plugins\/google-mp3-audio-player\/direct_download.php?file=https:\/\/speakingwellofgod.org\/wp-content\/uploads\/2011\/08\/spanish-audio\/siervos-o-amigos\/sof_es_07.mp3\"><\/a><\/div><\/p>\n<p><strong>#8 Amistad y C\u00f3mo Dios usa la ley<\/strong><br \/>\n<div class=\"codeart-google-mp3-player  align\" style=\"overflow:hidden;width:500px; height: 27px;min-height:58px;\"><embed type=\"application\/x-shockwave-flash\" src=\"http:\/\/prac-gadget.googlecode.com\/svn\/branches\/google-audio-step.swf\" quality=\"best\" flashvars=\"audioUrl=https:\/\/speakingwellofgod.org\/wp-content\/uploads\/2011\/08\/spanish-audio\/siervos-o-amigos\/sof_es_08.mp3\"  width=\"500\" height=\"27\"><\/embed><a id=\"downloadButtonUg4Fv\" class=\"download-flash\" href=\"https:\/\/speakingwellofgod.org\/wp-content\/plugins\/google-mp3-audio-player\/direct_download.php?file=https:\/\/speakingwellofgod.org\/wp-content\/uploads\/2011\/08\/spanish-audio\/siervos-o-amigos\/sof_es_08.mp3\"><\/a><\/div><\/p>\n<p><strong>#9 C\u00f3mo los siervos y los amigos miran el pecado y la salvaci\u00f3n<\/strong><br \/>\n<div class=\"codeart-google-mp3-player  align\" style=\"overflow:hidden;width:500px; height: 27px;min-height:58px;\"><embed type=\"application\/x-shockwave-flash\" src=\"http:\/\/prac-gadget.googlecode.com\/svn\/branches\/google-audio-step.swf\" quality=\"best\" flashvars=\"audioUrl=https:\/\/speakingwellofgod.org\/wp-content\/uploads\/2011\/08\/spanish-audio\/siervos-o-amigos\/sof_es_09.mp3\"  width=\"500\" height=\"27\"><\/embed><a id=\"downloadButtonDblwe\" class=\"download-flash\" href=\"https:\/\/speakingwellofgod.org\/wp-content\/plugins\/google-mp3-audio-player\/direct_download.php?file=https:\/\/speakingwellofgod.org\/wp-content\/uploads\/2011\/08\/spanish-audio\/siervos-o-amigos\/sof_es_09.mp3\"><\/a><\/div><\/p>\n<p><strong>#10 Solamente tu mejor amigo te lo mostrar\u00eda<\/strong><br \/>\n<div class=\"codeart-google-mp3-player  align\" style=\"overflow:hidden;width:500px; height: 27px;min-height:58px;\"><embed type=\"application\/x-shockwave-flash\" src=\"http:\/\/prac-gadget.googlecode.com\/svn\/branches\/google-audio-step.swf\" quality=\"best\" flashvars=\"audioUrl=https:\/\/speakingwellofgod.org\/wp-content\/uploads\/2011\/08\/spanish-audio\/siervos-o-amigos\/sof_es_10.mp3\"  width=\"500\" height=\"27\"><\/embed><a id=\"downloadButton8znda\" class=\"download-flash\" href=\"https:\/\/speakingwellofgod.org\/wp-content\/plugins\/google-mp3-audio-player\/direct_download.php?file=https:\/\/speakingwellofgod.org\/wp-content\/uploads\/2011\/08\/spanish-audio\/siervos-o-amigos\/sof_es_10.mp3\"><\/a><\/div><\/p>\n<p><strong>#11 Las libertades de la amistad<\/strong><br \/>\n<div class=\"codeart-google-mp3-player  align\" style=\"overflow:hidden;width:500px; height: 27px;min-height:58px;\"><embed type=\"application\/x-shockwave-flash\" src=\"http:\/\/prac-gadget.googlecode.com\/svn\/branches\/google-audio-step.swf\" quality=\"best\" flashvars=\"audioUrl=https:\/\/speakingwellofgod.org\/wp-content\/uploads\/2011\/08\/spanish-audio\/siervos-o-amigos\/sof_es_11.mp3\"  width=\"500\" height=\"27\"><\/embed><a id=\"downloadButton3kc7j\" class=\"download-flash\" href=\"https:\/\/speakingwellofgod.org\/wp-content\/plugins\/google-mp3-audio-player\/direct_download.php?file=https:\/\/speakingwellofgod.org\/wp-content\/uploads\/2011\/08\/spanish-audio\/siervos-o-amigos\/sof_es_11.mp3\"><\/a><\/div><\/p>\n<p><strong>#12 La amistad y la lucha con el pecado<\/strong><br \/>\n<div class=\"codeart-google-mp3-player  align\" style=\"overflow:hidden;width:500px; height: 27px;min-height:58px;\"><embed type=\"application\/x-shockwave-flash\" src=\"http:\/\/prac-gadget.googlecode.com\/svn\/branches\/google-audio-step.swf\" quality=\"best\" flashvars=\"audioUrl=https:\/\/speakingwellofgod.org\/wp-content\/uploads\/2011\/08\/spanish-audio\/siervos-o-amigos\/sof_es_12.mp3\"  width=\"500\" height=\"27\"><\/embed><a id=\"downloadButtonvDDsY\" class=\"download-flash\" href=\"https:\/\/speakingwellofgod.org\/wp-content\/plugins\/google-mp3-audio-player\/direct_download.php?file=https:\/\/speakingwellofgod.org\/wp-content\/uploads\/2011\/08\/spanish-audio\/siervos-o-amigos\/sof_es_12.mp3\"><\/a><\/div><\/p>\n<p><strong>#13 \u00a1Permite que Dios te cambie de enemigo a amigo!<\/strong><br \/>\n<div class=\"codeart-google-mp3-player  align\" style=\"overflow:hidden;width:500px; height: 27px;min-height:58px;\"><embed type=\"application\/x-shockwave-flash\" src=\"http:\/\/prac-gadget.googlecode.com\/svn\/branches\/google-audio-step.swf\" quality=\"best\" flashvars=\"audioUrl=https:\/\/speakingwellofgod.org\/wp-content\/uploads\/2011\/08\/spanish-audio\/siervos-o-amigos\/sof_es_13.mp3\"  width=\"500\" height=\"27\"><\/embed><a id=\"downloadButtonlgXur\" class=\"download-flash\" href=\"https:\/\/speakingwellofgod.org\/wp-content\/plugins\/google-mp3-audio-player\/direct_download.php?file=https:\/\/speakingwellofgod.org\/wp-content\/uploads\/2011\/08\/spanish-audio\/siervos-o-amigos\/sof_es_13.mp3\"><\/a><\/div><\/p>\n<p><strong>#14 Bastante hemos rodeado este monte<\/strong><br \/>\n<div class=\"codeart-google-mp3-player  align\" style=\"overflow:hidden;width:500px; height: 27px;min-height:58px;\"><embed type=\"application\/x-shockwave-flash\" src=\"http:\/\/prac-gadget.googlecode.com\/svn\/branches\/google-audio-step.swf\" quality=\"best\" flashvars=\"audioUrl=https:\/\/speakingwellofgod.org\/wp-content\/uploads\/2011\/08\/spanish-audio\/siervos-o-amigos\/sof_es_14.mp3\"  width=\"500\" height=\"27\"><\/embed><a id=\"downloadButtonV2toX\" class=\"download-flash\" href=\"https:\/\/speakingwellofgod.org\/wp-content\/plugins\/google-mp3-audio-player\/direct_download.php?file=https:\/\/speakingwellofgod.org\/wp-content\/uploads\/2011\/08\/spanish-audio\/siervos-o-amigos\/sof_es_14.mp3\"><\/a><\/div><\/p>\n<p><strong>#15 Amigos de un Dios amigable<\/strong><br \/>\n<div class=\"codeart-google-mp3-player  align\" style=\"overflow:hidden;width:500px; height: 27px;min-height:58px;\"><embed type=\"application\/x-shockwave-flash\" src=\"http:\/\/prac-gadget.googlecode.com\/svn\/branches\/google-audio-step.swf\" quality=\"best\" flashvars=\"audioUrl=https:\/\/speakingwellofgod.org\/wp-content\/uploads\/2011\/08\/spanish-audio\/siervos-o-amigos\/sof_es_15.mp3\"  width=\"500\" height=\"27\"><\/embed><a id=\"downloadButtonlGWn2\" class=\"download-flash\" href=\"https:\/\/speakingwellofgod.org\/wp-content\/plugins\/google-mp3-audio-player\/direct_download.php?file=https:\/\/speakingwellofgod.org\/wp-content\/uploads\/2011\/08\/spanish-audio\/siervos-o-amigos\/sof_es_15.mp3\"><\/a><\/div><\/p>\n<p>&nbsp;<\/p>\n","protected":false},"excerpt":{"rendered":"<p>El prop\u00f3sito de los Funcionarios o amigos? es considerar el alcance y, en algunos creyentes, las implicaciones altamente deseable de preferencia con claridad de Dios para algo m\u00e1s que el servicio s\u00f3lo sumisa libertad de amistad comprensi\u00f3n. #1 Declaraci\u00f3n de misi\u00f3n #2 Pr\u00f3logo y \u00bfTendr\u00edas miedo de encontrarte con Dios? #3 Preferir\u00eda que fuesen mis [&hellip;]<\/p>\n","protected":false},"author":1,"featured_media":0,"parent":918,"menu_order":0,"comment_status":"open","ping_status":"open","template":"","meta":{"footnotes":""},"class_list":["post-922","page","type-page","status-publish","hentry"],"_links":{"self":[{"href":"https:\/\/speakingwellofgod.org\/es\/wp-json\/wp\/v2\/pages\/922","targetHints":{"allow":["GET"]}}],"collection":[{"href":"https:\/\/speakingwellofgod.org\/es\/wp-json\/wp\/v2\/pages"}],"about":[{"href":"https:\/\/speakingwellofgod.org\/es\/wp-json\/wp\/v2\/types\/page"}],"author":[{"embeddable":true,"href":"https:\/\/speakingwellofgod.org\/es\/wp-json\/wp\/v2\/users\/1"}],"replies":[{"embeddable":true,"href":"https:\/\/speakingwellofgod.org\/es\/wp-json\/wp\/v2\/comments?post=922"}],"version-history":[{"count":0,"href":"https:\/\/speakingwellofgod.org\/es\/wp-json\/wp\/v2\/pages\/922\/revisions"}],"up":[{"embeddable":true,"href":"https:\/\/speakingwellofgod.org\/es\/wp-json\/wp\/v2\/pages\/918"}],"wp:attachment":[{"href":"https:\/\/speakingwellofgod.org\/es\/wp-json\/wp\/v2\/media?parent=922"}],"curies":[{"name":"wp","href":"https:\/\/api.w.org\/{rel}","templated":true}]}}