{"id":920,"date":"2011-08-12T21:48:45","date_gmt":"2011-08-12T21:48:45","guid":{"rendered":"https:\/\/speakingwellofgod.ootartb0-liquidwebsites.com\/?page_id=920"},"modified":"2014-04-09T22:30:00","modified_gmt":"2014-04-09T22:30:00","slug":"conversaciones-acerca-de-dios","status":"publish","type":"page","link":"https:\/\/speakingwellofgod.org\/es\/audio-2\/conversaciones-acerca-de-dios","title":{"rendered":"Conversaciones Acerca de Dios"},"content":{"rendered":"<p><a href=\"https:\/\/speakingwellofgod.org\/es\/recursos-escritos\/conversaciones-acerca-de-dios\" target=\"_blank\">Hojas de Referencias B\u00edblicas<\/a><\/p>\n<p>&#8220;Conversaciones acerca de Dios&#8221;, es una serie de veinte discusiones de viernes por la noche originalmente conducida por Graham Maxwell. Est\u00e1n basadas en la convicci\u00f3n de que la m\u00e1s importante de todas las creencias es la que lleva gozo y seguridad a los cristianos por doquier<\/p>\n<p>\u2013la verdad acerca de nuestro Padre Celestial que fue confirmada a un precio tan alto mediante la vida y la muerte de su Hijo.<\/p>\n<p>Esta es nuestra invitaci\u00f3n: \u00fanase con nosotros para darle otra mirada a Dios, \u2013esta vez desde la abarcante perspectiva del conflicto universal acerca de su car\u00e1cter y gobierno.<\/p>\n<p>(Traducida, editada y grabada en espa\u00f1ol por Henry Colindres, Frank Barcel\u00f3 y Orlando Maga\u00f1a)<\/p>\n<p><strong>#1 Como empezo el conflicto? <a href=\"https:\/\/speakingwellofgod.org\/es\/recursos-escritos\/conversaciones-acerca-de-dios\/handout-1\" target=\"_blank\">Handout #1<\/a><br \/>\n<\/strong><\/p>\n<div class=\"codeart-google-mp3-player  align\" style=\"overflow:hidden;width:500px; height: 27px;min-height:58px;\"><embed type=\"application\/x-shockwave-flash\" src=\"http:\/\/prac-gadget.googlecode.com\/svn\/branches\/google-audio-step.swf\" quality=\"best\" flashvars=\"audioUrl=\/wp-content\/uploads\/2011\/08\/spanish-audio\/conversaciones-acerca-de-dios\/cag_es_01large.mp3\"  width=\"500\" height=\"27\"><\/embed><a id=\"downloadButtongTTBJ\" class=\"download-flash\" href=\"https:\/\/speakingwellofgod.org\/wp-content\/plugins\/google-mp3-audio-player\/direct_download.php?file=\/wp-content\/uploads\/2011\/08\/spanish-audio\/conversaciones-acerca-de-dios\/cag_es_01large.mp3\"><\/a><\/div>\n<p><strong>#2 Que salio mal en el universo de Dios? <a href=\"https:\/\/speakingwellofgod.org\/es\/recursos-escritos\/conversaciones-acerca-de-dios\/handout-2\" target=\"_blank\">Handout #2<\/a><br \/>\n<\/strong><\/p>\n<div class=\"codeart-google-mp3-player  align\" style=\"overflow:hidden;width:500px; height: 27px;min-height:58px;\"><embed type=\"application\/x-shockwave-flash\" src=\"http:\/\/prac-gadget.googlecode.com\/svn\/branches\/google-audio-step.swf\" quality=\"best\" flashvars=\"audioUrl=\/wp-content\/uploads\/2011\/08\/spanish-audio\/conversaciones-acerca-de-dios\/cag_es_02large.mp3\"  width=\"500\" height=\"27\"><\/embed><a id=\"downloadButtonLolXj\" class=\"download-flash\" href=\"https:\/\/speakingwellofgod.org\/wp-content\/plugins\/google-mp3-audio-player\/direct_download.php?file=\/wp-content\/uploads\/2011\/08\/spanish-audio\/conversaciones-acerca-de-dios\/cag_es_02large.mp3\"><\/a><\/div>\n<p><strong>#3 Todo lo que Dios pide es confianza <a href=\"https:\/\/speakingwellofgod.org\/es\/recursos-escritos\/conversaciones-acerca-de-dios\/handout-3\" target=\"_blank\">Handout #3<\/a><br \/>\n<\/strong><\/p>\n<div class=\"codeart-google-mp3-player  align\" style=\"overflow:hidden;width:500px; height: 27px;min-height:58px;\"><embed type=\"application\/x-shockwave-flash\" src=\"http:\/\/prac-gadget.googlecode.com\/svn\/branches\/google-audio-step.swf\" quality=\"best\" flashvars=\"audioUrl=\/wp-content\/uploads\/2011\/08\/spanish-audio\/conversaciones-acerca-de-dios\/cag_es_03large.mp3\"  width=\"500\" height=\"27\"><\/embed><a id=\"downloadButtonzBpip\" class=\"download-flash\" href=\"https:\/\/speakingwellofgod.org\/wp-content\/plugins\/google-mp3-audio-player\/direct_download.php?file=\/wp-content\/uploads\/2011\/08\/spanish-audio\/conversaciones-acerca-de-dios\/cag_es_03large.mp3\"><\/a><\/div>\n<p><strong>#4 La forma en la que Dios restaura la confianza <a href=\"https:\/\/speakingwellofgod.org\/es\/recursos-escritos\/conversaciones-acerca-de-dios\/handout-4\" target=\"_blank\">Handout #4<\/a><br \/>\n<\/strong><\/p>\n<div class=\"codeart-google-mp3-player  align\" style=\"overflow:hidden;width:500px; height: 27px;min-height:58px;\"><embed type=\"application\/x-shockwave-flash\" src=\"http:\/\/prac-gadget.googlecode.com\/svn\/branches\/google-audio-step.swf\" quality=\"best\" flashvars=\"audioUrl=\/wp-content\/uploads\/2011\/08\/spanish-audio\/conversaciones-acerca-de-dios\/cag_es_04large.mp3\"  width=\"500\" height=\"27\"><\/embed><a id=\"downloadButtonRVVUz\" class=\"download-flash\" href=\"https:\/\/speakingwellofgod.org\/wp-content\/plugins\/google-mp3-audio-player\/direct_download.php?file=\/wp-content\/uploads\/2011\/08\/spanish-audio\/conversaciones-acerca-de-dios\/cag_es_04large.mp3\"><\/a><\/div>\n<p><strong>#5 El registro de las pruebas <a href=\"https:\/\/speakingwellofgod.org\/es\/recursos-escritos\/conversaciones-acerca-de-dios\/handout-5\" target=\"_blank\">Handout #5<\/a><br \/>\n<\/strong><\/p>\n<div class=\"codeart-google-mp3-player  align\" style=\"overflow:hidden;width:500px; height: 27px;min-height:58px;\"><embed type=\"application\/x-shockwave-flash\" src=\"http:\/\/prac-gadget.googlecode.com\/svn\/branches\/google-audio-step.swf\" quality=\"best\" flashvars=\"audioUrl=\/wp-content\/uploads\/2011\/08\/spanish-audio\/conversaciones-acerca-de-dios\/cag_es_05large.mp3\"  width=\"500\" height=\"27\"><\/embed><a id=\"downloadButtonK4jKw\" class=\"download-flash\" href=\"https:\/\/speakingwellofgod.org\/wp-content\/plugins\/google-mp3-audio-player\/direct_download.php?file=\/wp-content\/uploads\/2011\/08\/spanish-audio\/conversaciones-acerca-de-dios\/cag_es_05large.mp3\"><\/a><\/div>\n<p><strong>#6 Evaluando las pruebas <a href=\"https:\/\/speakingwellofgod.org\/es\/recursos-escritos\/conversaciones-acerca-de-dios\/handout-6\" target=\"_blank\">Handout #6<\/a><br \/>\n<\/strong><\/p>\n<div class=\"codeart-google-mp3-player  align\" style=\"overflow:hidden;width:500px; height: 27px;min-height:58px;\"><embed type=\"application\/x-shockwave-flash\" src=\"http:\/\/prac-gadget.googlecode.com\/svn\/branches\/google-audio-step.swf\" quality=\"best\" flashvars=\"audioUrl=\/wp-content\/uploads\/2011\/08\/spanish-audio\/conversaciones-acerca-de-dios\/cag_es_06large.mp3\"  width=\"500\" height=\"27\"><\/embed><a id=\"downloadButtonvV49N\" class=\"download-flash\" href=\"https:\/\/speakingwellofgod.org\/wp-content\/plugins\/google-mp3-audio-player\/direct_download.php?file=\/wp-content\/uploads\/2011\/08\/spanish-audio\/conversaciones-acerca-de-dios\/cag_es_06large.mp3\"><\/a><\/div>\n<p><strong>#7 Un asunto de autoridad <a href=\"https:\/\/speakingwellofgod.org\/es\/recursos-escritos\/conversaciones-acerca-de-dios\/handout-7\" target=\"_blank\">Handout #7<\/a><br \/>\n<\/strong><\/p>\n<div class=\"codeart-google-mp3-player  align\" style=\"overflow:hidden;width:500px; height: 27px;min-height:58px;\"><embed type=\"application\/x-shockwave-flash\" src=\"http:\/\/prac-gadget.googlecode.com\/svn\/branches\/google-audio-step.swf\" quality=\"best\" flashvars=\"audioUrl=\/wp-content\/uploads\/2011\/08\/spanish-audio\/conversaciones-acerca-de-dios\/cag_es_07large.mp3\"  width=\"500\" height=\"27\"><\/embed><a id=\"downloadButtonSpOAs\" class=\"download-flash\" href=\"https:\/\/speakingwellofgod.org\/wp-content\/plugins\/google-mp3-audio-player\/direct_download.php?file=\/wp-content\/uploads\/2011\/08\/spanish-audio\/conversaciones-acerca-de-dios\/cag_es_07large.mp3\"><\/a><\/div>\n<p><strong>#8 La mas costosa y convincente evidencia <a href=\"https:\/\/speakingwellofgod.org\/es\/recursos-escritos\/conversaciones-acerca-de-dios\/handout-8\" target=\"_blank\">Handout #8<\/a><br \/>\n<\/strong><\/p>\n<div class=\"codeart-google-mp3-player  align\" style=\"overflow:hidden;width:500px; height: 27px;min-height:58px;\"><embed type=\"application\/x-shockwave-flash\" src=\"http:\/\/prac-gadget.googlecode.com\/svn\/branches\/google-audio-step.swf\" quality=\"best\" flashvars=\"audioUrl=\/wp-content\/uploads\/2011\/08\/spanish-audio\/conversaciones-acerca-de-dios\/cag_es_08large.mp3\"  width=\"500\" height=\"27\"><\/embed><a id=\"downloadButtonmWl5P\" class=\"download-flash\" href=\"https:\/\/speakingwellofgod.org\/wp-content\/plugins\/google-mp3-audio-player\/direct_download.php?file=\/wp-content\/uploads\/2011\/08\/spanish-audio\/conversaciones-acerca-de-dios\/cag_es_08large.mp3\"><\/a><\/div>\n<p><strong>#9 No hay necesidad de tenerle miedo a Dios <a href=\"https:\/\/speakingwellofgod.org\/es\/recursos-escritos\/conversaciones-acerca-de-dios\/handout-9\" target=\"_blank\">Handout #9<\/a><br \/>\n<\/strong><\/p>\n<div class=\"codeart-google-mp3-player  align\" style=\"overflow:hidden;width:500px; height: 27px;min-height:58px;\"><embed type=\"application\/x-shockwave-flash\" src=\"http:\/\/prac-gadget.googlecode.com\/svn\/branches\/google-audio-step.swf\" quality=\"best\" flashvars=\"audioUrl=\/wp-content\/uploads\/2011\/08\/spanish-audio\/conversaciones-acerca-de-dios\/cag_es_09large.mp3\"  width=\"500\" height=\"27\"><\/embed><a id=\"downloadButtoneCdaC\" class=\"download-flash\" href=\"https:\/\/speakingwellofgod.org\/wp-content\/plugins\/google-mp3-audio-player\/direct_download.php?file=\/wp-content\/uploads\/2011\/08\/spanish-audio\/conversaciones-acerca-de-dios\/cag_es_09large.mp3\"><\/a><\/div>\n<p><strong>#10 El recordatorio de la evidencia <a href=\"https:\/\/speakingwellofgod.org\/es\/recursos-escritos\/conversaciones-acerca-de-dios\/handout-10\" target=\"_blank\">Handout #10<\/a><br \/>\n<\/strong><\/p>\n<div class=\"codeart-google-mp3-player  align\" style=\"overflow:hidden;width:500px; height: 27px;min-height:58px;\"><embed type=\"application\/x-shockwave-flash\" src=\"http:\/\/prac-gadget.googlecode.com\/svn\/branches\/google-audio-step.swf\" quality=\"best\" flashvars=\"audioUrl=\/wp-content\/uploads\/2011\/08\/spanish-audio\/conversaciones-acerca-de-dios\/cag_es_10large.mp3\"  width=\"500\" height=\"27\"><\/embed><a id=\"downloadButtonVHozJ\" class=\"download-flash\" href=\"https:\/\/speakingwellofgod.org\/wp-content\/plugins\/google-mp3-audio-player\/direct_download.php?file=\/wp-content\/uploads\/2011\/08\/spanish-audio\/conversaciones-acerca-de-dios\/cag_es_10large.mp3\"><\/a><\/div>\n<p><strong>#11 Las medidas de emergencia de Dios <a href=\"https:\/\/speakingwellofgod.org\/es\/recursos-escritos\/conversaciones-acerca-de-dios\/handout-11\" target=\"_blank\">Handout #11<\/a><br \/>\n<\/strong><\/p>\n<div class=\"codeart-google-mp3-player  align\" style=\"overflow:hidden;width:500px; height: 27px;min-height:58px;\"><embed type=\"application\/x-shockwave-flash\" src=\"http:\/\/prac-gadget.googlecode.com\/svn\/branches\/google-audio-step.swf\" quality=\"best\" flashvars=\"audioUrl=\/wp-content\/uploads\/2011\/08\/spanish-audio\/conversaciones-acerca-de-dios\/cag_es_11large.mp3\"  width=\"500\" height=\"27\"><\/embed><a id=\"downloadButton05UHu\" class=\"download-flash\" href=\"https:\/\/speakingwellofgod.org\/wp-content\/plugins\/google-mp3-audio-player\/direct_download.php?file=\/wp-content\/uploads\/2011\/08\/spanish-audio\/conversaciones-acerca-de-dios\/cag_es_11large.mp3\"><\/a><\/div>\n<p><strong>#12 La ley de Dios no es una amenaza a nuestra libertad <a href=\"https:\/\/speakingwellofgod.org\/es\/recursos-escritos\/conversaciones-acerca-de-dios\/handout-12\" target=\"_blank\">Handout #12<\/a><br \/>\n<\/strong><\/p>\n<div class=\"codeart-google-mp3-player  align\" style=\"overflow:hidden;width:500px; height: 27px;min-height:58px;\"><embed type=\"application\/x-shockwave-flash\" src=\"http:\/\/prac-gadget.googlecode.com\/svn\/branches\/google-audio-step.swf\" quality=\"best\" flashvars=\"audioUrl=\/wp-content\/uploads\/2011\/08\/spanish-audio\/conversaciones-acerca-de-dios\/cag_es_12large.mp3\"  width=\"500\" height=\"27\"><\/embed><a id=\"downloadButtonZ0auG\" class=\"download-flash\" href=\"https:\/\/speakingwellofgod.org\/wp-content\/plugins\/google-mp3-audio-player\/direct_download.php?file=\/wp-content\/uploads\/2011\/08\/spanish-audio\/conversaciones-acerca-de-dios\/cag_es_12large.mp3\"><\/a><\/div>\n<p><strong>#13 Como trata Dios a sus hijos descarriados <a href=\"https:\/\/speakingwellofgod.org\/es\/recursos-escritos\/conversaciones-acerca-de-dios\/handout-13\" target=\"_blank\">Handout #13<\/a><br \/>\n<\/strong><\/p>\n<div class=\"codeart-google-mp3-player  align\" style=\"overflow:hidden;width:500px; height: 27px;min-height:58px;\"><embed type=\"application\/x-shockwave-flash\" src=\"http:\/\/prac-gadget.googlecode.com\/svn\/branches\/google-audio-step.swf\" quality=\"best\" flashvars=\"audioUrl=\/wp-content\/uploads\/2011\/08\/spanish-audio\/conversaciones-acerca-de-dios\/cag_es_13large.mp3\"  width=\"500\" height=\"27\"><\/embed><a id=\"downloadButton4rei1\" class=\"download-flash\" href=\"https:\/\/speakingwellofgod.org\/wp-content\/plugins\/google-mp3-audio-player\/direct_download.php?file=\/wp-content\/uploads\/2011\/08\/spanish-audio\/conversaciones-acerca-de-dios\/cag_es_13large.mp3\"><\/a><\/div>\n<p><strong>#14 Dios puede sanar completamente el dano hecho <a href=\"https:\/\/speakingwellofgod.org\/es\/recursos-escritos\/conversaciones-acerca-de-dios\/handout-14\" target=\"_blank\">Handout #14<\/a><br \/>\n<\/strong><\/p>\n<div class=\"codeart-google-mp3-player  align\" style=\"overflow:hidden;width:500px; height: 27px;min-height:58px;\"><embed type=\"application\/x-shockwave-flash\" src=\"http:\/\/prac-gadget.googlecode.com\/svn\/branches\/google-audio-step.swf\" quality=\"best\" flashvars=\"audioUrl=\/wp-content\/uploads\/2011\/08\/spanish-audio\/conversaciones-acerca-de-dios\/cag_es_14large.mp3\"  width=\"500\" height=\"27\"><\/embed><a id=\"downloadButtonz8NZt\" class=\"download-flash\" href=\"https:\/\/speakingwellofgod.org\/wp-content\/plugins\/google-mp3-audio-player\/direct_download.php?file=\/wp-content\/uploads\/2011\/08\/spanish-audio\/conversaciones-acerca-de-dios\/cag_es_14large.mp3\"><\/a><\/div>\n<p><strong>#15 Hablando con Dios como con un amigo <a href=\"https:\/\/speakingwellofgod.org\/es\/recursos-escritos\/conversaciones-acerca-de-dios\/handout-15\" target=\"_blank\">Handout #15<\/a><br \/>\n<\/strong><\/p>\n<div class=\"codeart-google-mp3-player  align\" style=\"overflow:hidden;width:500px; height: 27px;min-height:58px;\"><embed type=\"application\/x-shockwave-flash\" src=\"http:\/\/prac-gadget.googlecode.com\/svn\/branches\/google-audio-step.swf\" quality=\"best\" flashvars=\"audioUrl=\/wp-content\/uploads\/2011\/08\/spanish-audio\/conversaciones-acerca-de-dios\/cag_es_15large.mp3\"  width=\"500\" height=\"27\"><\/embed><a id=\"downloadButtonNPw3v\" class=\"download-flash\" href=\"https:\/\/speakingwellofgod.org\/wp-content\/plugins\/google-mp3-audio-player\/direct_download.php?file=\/wp-content\/uploads\/2011\/08\/spanish-audio\/conversaciones-acerca-de-dios\/cag_es_15large.mp3\"><\/a><\/div>\n<p><strong>#16 El ultimo ruego de Dios a sus hijos <a href=\"https:\/\/speakingwellofgod.org\/es\/recursos-escritos\/conversaciones-acerca-de-dios\/handout-16\" target=\"_blank\">Handout #16<\/a><br \/>\n<\/strong><\/p>\n<div class=\"codeart-google-mp3-player  align\" style=\"overflow:hidden;width:500px; height: 27px;min-height:58px;\"><embed type=\"application\/x-shockwave-flash\" src=\"http:\/\/prac-gadget.googlecode.com\/svn\/branches\/google-audio-step.swf\" quality=\"best\" flashvars=\"audioUrl=\/wp-content\/uploads\/2011\/08\/spanish-audio\/conversaciones-acerca-de-dios\/cag_es_16large.mp3\"  width=\"500\" height=\"27\"><\/embed><a id=\"downloadButtonTP6CU\" class=\"download-flash\" href=\"https:\/\/speakingwellofgod.org\/wp-content\/plugins\/google-mp3-audio-player\/direct_download.php?file=\/wp-content\/uploads\/2011\/08\/spanish-audio\/conversaciones-acerca-de-dios\/cag_es_16large.mp3\"><\/a><\/div>\n<p><strong>#17 El esfuerzo final de Satanas por enganar <a href=\"https:\/\/speakingwellofgod.org\/es\/recursos-escritos\/conversaciones-acerca-de-dios\/handout-17\" target=\"_blank\">Handout #17<\/a><br \/>\n<\/strong><\/p>\n<div class=\"codeart-google-mp3-player  align\" style=\"overflow:hidden;width:500px; height: 27px;min-height:58px;\"><embed type=\"application\/x-shockwave-flash\" src=\"http:\/\/prac-gadget.googlecode.com\/svn\/branches\/google-audio-step.swf\" quality=\"best\" flashvars=\"audioUrl=\/wp-content\/uploads\/2011\/08\/spanish-audio\/conversaciones-acerca-de-dios\/cag_es_17large.mp3\"  width=\"500\" height=\"27\"><\/embed><a id=\"downloadButtonYlnNT\" class=\"download-flash\" href=\"https:\/\/speakingwellofgod.org\/wp-content\/plugins\/google-mp3-audio-player\/direct_download.php?file=\/wp-content\/uploads\/2011\/08\/spanish-audio\/conversaciones-acerca-de-dios\/cag_es_17large.mp3\"><\/a><\/div>\n<p><strong>#18 Dios espera a que sus hijos maduren <a href=\"https:\/\/speakingwellofgod.org\/es\/recursos-escritos\/conversaciones-acerca-de-dios\/handout-18\" target=\"_blank\">Handout #18<\/a><br \/>\n<\/strong><\/p>\n<div class=\"codeart-google-mp3-player  align\" style=\"overflow:hidden;width:500px; height: 27px;min-height:58px;\"><embed type=\"application\/x-shockwave-flash\" src=\"http:\/\/prac-gadget.googlecode.com\/svn\/branches\/google-audio-step.swf\" quality=\"best\" flashvars=\"audioUrl=\/wp-content\/uploads\/2011\/08\/spanish-audio\/conversaciones-acerca-de-dios\/cag_es_18large.mp3\"  width=\"500\" height=\"27\"><\/embed><a id=\"downloadButtonUGzO3\" class=\"download-flash\" href=\"https:\/\/speakingwellofgod.org\/wp-content\/plugins\/google-mp3-audio-player\/direct_download.php?file=\/wp-content\/uploads\/2011\/08\/spanish-audio\/conversaciones-acerca-de-dios\/cag_es_18large.mp3\"><\/a><\/div>\n<p><strong>#19 Cuan pronto concluira el conflicto? <a href=\"https:\/\/speakingwellofgod.org\/es\/recursos-escritos\/conversaciones-acerca-de-dios\/handout-19\" target=\"_blank\">Handout #19<\/a><br \/>\n<\/strong><\/p>\n<div class=\"codeart-google-mp3-player  align\" style=\"overflow:hidden;width:500px; height: 27px;min-height:58px;\"><embed type=\"application\/x-shockwave-flash\" src=\"http:\/\/prac-gadget.googlecode.com\/svn\/branches\/google-audio-step.swf\" quality=\"best\" flashvars=\"audioUrl=\/wp-content\/uploads\/2011\/08\/spanish-audio\/conversaciones-acerca-de-dios\/cag_es_19large.mp3\"  width=\"500\" height=\"27\"><\/embed><a id=\"downloadButton1Ipwf\" class=\"download-flash\" href=\"https:\/\/speakingwellofgod.org\/wp-content\/plugins\/google-mp3-audio-player\/direct_download.php?file=\/wp-content\/uploads\/2011\/08\/spanish-audio\/conversaciones-acerca-de-dios\/cag_es_19large.mp3\"><\/a><\/div>\n<p><strong>#20 En paz con nuestro Padre Celestial <a href=\"https:\/\/speakingwellofgod.org\/es\/recursos-escritos\/conversaciones-acerca-de-dios\/handout-20\" target=\"_blank\">Handout #20<\/a><br \/>\n<\/strong><\/p>\n<div class=\"codeart-google-mp3-player  align\" style=\"overflow:hidden;width:500px; height: 27px;min-height:58px;\"><embed type=\"application\/x-shockwave-flash\" src=\"http:\/\/prac-gadget.googlecode.com\/svn\/branches\/google-audio-step.swf\" quality=\"best\" flashvars=\"audioUrl=\/wp-content\/uploads\/2011\/08\/spanish-audio\/conversaciones-acerca-de-dios\/cag_es_20large.mp3\"  width=\"500\" height=\"27\"><\/embed><a id=\"downloadButtonXjhFc\" class=\"download-flash\" href=\"https:\/\/speakingwellofgod.org\/wp-content\/plugins\/google-mp3-audio-player\/direct_download.php?file=\/wp-content\/uploads\/2011\/08\/spanish-audio\/conversaciones-acerca-de-dios\/cag_es_20large.mp3\"><\/a><\/div>\n","protected":false},"excerpt":{"rendered":"<p>Hojas de Referencias B\u00edblicas &#8220;Conversaciones acerca de Dios&#8221;, es una serie de veinte discusiones de viernes por la noche originalmente conducida por Graham Maxwell. Est\u00e1n basadas en la convicci\u00f3n de que la m\u00e1s importante de todas las creencias es la que lleva gozo y seguridad a los cristianos por doquier \u2013la verdad acerca de nuestro [&hellip;]<\/p>\n","protected":false},"author":1,"featured_media":0,"parent":918,"menu_order":0,"comment_status":"open","ping_status":"open","template":"","meta":{"footnotes":""},"class_list":["post-920","page","type-page","status-publish","hentry"],"_links":{"self":[{"href":"https:\/\/speakingwellofgod.org\/es\/wp-json\/wp\/v2\/pages\/920","targetHints":{"allow":["GET"]}}],"collection":[{"href":"https:\/\/speakingwellofgod.org\/es\/wp-json\/wp\/v2\/pages"}],"about":[{"href":"https:\/\/speakingwellofgod.org\/es\/wp-json\/wp\/v2\/types\/page"}],"author":[{"embeddable":true,"href":"https:\/\/speakingwellofgod.org\/es\/wp-json\/wp\/v2\/users\/1"}],"replies":[{"embeddable":true,"href":"https:\/\/speakingwellofgod.org\/es\/wp-json\/wp\/v2\/comments?post=920"}],"version-history":[{"count":0,"href":"https:\/\/speakingwellofgod.org\/es\/wp-json\/wp\/v2\/pages\/920\/revisions"}],"up":[{"embeddable":true,"href":"https:\/\/speakingwellofgod.org\/es\/wp-json\/wp\/v2\/pages\/918"}],"wp:attachment":[{"href":"https:\/\/speakingwellofgod.org\/es\/wp-json\/wp\/v2\/media?parent=920"}],"curies":[{"name":"wp","href":"https:\/\/api.w.org\/{rel}","templated":true}]}}