{"id":562,"date":"2011-03-24T04:27:12","date_gmt":"2011-03-24T04:27:12","guid":{"rendered":"https:\/\/speakingwellofgod.ootartb0-liquidwebsites.com\/?page_id=562"},"modified":"2014-02-21T06:10:02","modified_gmt":"2014-02-21T06:10:02","slug":"lo-que-creemos","status":"publish","type":"page","link":"https:\/\/speakingwellofgod.org\/es","title":{"rendered":"En qu\u00e9 creemos:"},"content":{"rendered":"<p>Creo que la m\u00e1s importante de todas las creencias cristianas es la que lleva gozo y seguridad a los amigos de Dios en cualquier parte, la verdad acerca de nuestro Padre Celestial que fue confirmada a un precio tan alto mediante la vida y la muerte de su Hijo.<\/p>\n<p>Dios no es el tipo de persona que sus enemigos le han hecho parecer, arbitrario, severo y no perdonador. Jes\u00fas dijo: \u201cSi me han visto a m\u00ed han visto al Padre\u201d.<\/p>\n<p>Dios es tan amante y digno de confianza como el Hijo, dispuesto\u00a0 a perdonar y a sanar. Aunque infinito en majestad y poder, nuestro Creador es igualmente misericordioso que valora por sobre todas las cosas la libertad, la dignidad y la individualidad de sus inteligentes criaturas; para que su amor, su fe y su disposici\u00f3n a escuchar y a obedecer le sean dadas libremente. Hasta prefiere considerarnos como sus amigos, y no como siervos.<\/p>\n<p>Esta es la verdad que se revela a lo largo de todos los libros de las Escrituras. Estas son las buenas nuevas eternas que ganan la confianza y la admiraci\u00f3n de todos los hijos leales de Dios por todo el universo.<\/p>\n<p>Como con Abrah\u00e1n y Mois\u00e9s, con quienes Dios habl\u00f3 como se habla con amigos de confianza, los amigos de Dios hoy d\u00eda queremos hablar bien y verazmente de nuestro Padre celestial. Ambicionamos el m\u00e1s destacado elogio de Dios, las palabras que le dirigiera a Job: \u201c\u00c9l ha dicho de m\u00ed lo que es correcto\u201d.<\/p>\n<p>&nbsp;<\/p>\n<p><a href=\"http:\/\/swog.newblood.com\/wp-content\/uploads\/2011\/01\/graham_pict.gif\"><img decoding=\"async\" title=\"Graham Maxwell Image\" alt=\"\" data-src=\"http:\/\/swog.newblood.com\/wp-content\/uploads\/2011\/01\/graham_pict.gif\" width=\"105\" height=\"156\" src=\"data:image\/svg+xml;base64,PHN2ZyB3aWR0aD0iMSIgaGVpZ2h0PSIxIiB4bWxucz0iaHR0cDovL3d3dy53My5vcmcvMjAwMC9zdmciPjwvc3ZnPg==\" class=\"lazyload\" style=\"--smush-placeholder-width: 105px; --smush-placeholder-aspect-ratio: 105\/156;\" \/><\/a><\/p>\n<p>Un mensaje de Graham Maxwell<\/p>\n","protected":false},"excerpt":{"rendered":"<p>Creo que la m\u00e1s importante de todas las creencias cristianas es la que lleva gozo y seguridad a los amigos de Dios en cualquier parte, la verdad acerca de nuestro Padre Celestial que fue confirmada a un precio tan alto mediante la vida y la muerte de su Hijo. Dios no es el tipo de [&hellip;]<\/p>\n","protected":false},"author":1,"featured_media":0,"parent":0,"menu_order":0,"comment_status":"closed","ping_status":"closed","template":"","meta":{"footnotes":""},"class_list":["post-562","page","type-page","status-publish","hentry"],"_links":{"self":[{"href":"https:\/\/speakingwellofgod.org\/es\/wp-json\/wp\/v2\/pages\/562","targetHints":{"allow":["GET"]}}],"collection":[{"href":"https:\/\/speakingwellofgod.org\/es\/wp-json\/wp\/v2\/pages"}],"about":[{"href":"https:\/\/speakingwellofgod.org\/es\/wp-json\/wp\/v2\/types\/page"}],"author":[{"embeddable":true,"href":"https:\/\/speakingwellofgod.org\/es\/wp-json\/wp\/v2\/users\/1"}],"replies":[{"embeddable":true,"href":"https:\/\/speakingwellofgod.org\/es\/wp-json\/wp\/v2\/comments?post=562"}],"version-history":[{"count":0,"href":"https:\/\/speakingwellofgod.org\/es\/wp-json\/wp\/v2\/pages\/562\/revisions"}],"wp:attachment":[{"href":"https:\/\/speakingwellofgod.org\/es\/wp-json\/wp\/v2\/media?parent=562"}],"curies":[{"name":"wp","href":"https:\/\/api.w.org\/{rel}","templated":true}]}}