{"id":526,"date":"2011-03-23T16:14:23","date_gmt":"2011-03-23T16:14:23","guid":{"rendered":"https:\/\/speakingwellofgod.ootartb0-liquidwebsites.com\/?page_id=526"},"modified":"2011-11-04T22:30:31","modified_gmt":"2011-11-04T22:30:31","slug":"siervos-o-amigos-capitulo-14","status":"publish","type":"page","link":"https:\/\/speakingwellofgod.org\/es\/recursos-escritos\/siervos-o-amigos\/siervos-o-amigos-capitulo-14","title":{"rendered":"SIERVOS O AMIGOS: Capitulo 14"},"content":{"rendered":"<p>&nbsp;<\/p>\n<h2 style=\"text-align: center;\">AMIGOS DE UN DIOS AMIGABLE<\/h2>\n<p style=\"text-align: justify;\">En el noroeste de Inglaterra, cerca del l\u00edmite con Escocia, vive un pastor de ovejas fuerte y ben\u00e9volo. Supimos que hac\u00eda poco que hab\u00eda llegado a ser cristiano. As\u00ed que viajamos all\u00ed para averiguar qu\u00e9 era lo que lo hab\u00eda llevado a tomar tal decisi\u00f3n.<\/p>\n<p style=\"text-align: justify;\">Con la ayuda de un perro bien amaestrado condujo su reba\u00f1o cerro abajo hacia donde est\u00e1bamos nosotros. All\u00ed observamos el nacimiento de trillizos, y admiramos la manera como trat\u00f3 tan h\u00e1bilmente a la madre y a los corderitos. Mientra estaba all\u00ed, sosteniendo en sus brazos uno de los miles de corderitos que ha ayudado a llegar al mundo cada a\u00f1o, tuve la oportunidad de preguntarle c\u00f3mo hab\u00eda hecho la decisi\u00f3n de ser creyente.<\/p>\n<p style=\"text-align: justify;\">\u201cFue mi amiga Alicia\u201d, dijo, indicando con su cabeza a una mujer que ten\u00eda un rostro admirablemente amigable.<\/p>\n<p style=\"text-align: justify;\">\u201cD\u00edganos qu\u00e9 hizo ella\u201d, le rogamos.<\/p>\n<p style=\"text-align: justify;\">\u201cOh, simplemente me llev\u00f3 a trav\u00e9s de toda la Biblia, y todo pareci\u00f3 salir bien\u201d.<\/p>\n<p style=\"text-align: justify;\">Nos informamos m\u00e1s acerca de Alicia. Ella hab\u00eda le\u00eddo todos los 66 libros, y amaba la imagen de Dios que hab\u00eda descubierto. Era muy activa en la peque\u00f1a iglesia de campo, y a veces, hasta predicaba cuando el pastor estaba ausente. No hace mucho, me mand\u00f3 una grabaci\u00f3n de su serm\u00f3n sobre el Buen Pastor. Mi esposa lo calific\u00f3 como el mejor serm\u00f3n que hab\u00eda o\u00eddo sobre el tema.<\/p>\n<p style=\"text-align: justify;\">Una de las se\u00f1ales de verdadera amistad con Dios es el celo por la buena reputaci\u00f3n de nuestro Amigo. Abrah\u00e1n, Mois\u00e9s y Job, todos demostraron una lealtad similar. Alicia tambi\u00e9n. Quer\u00eda que a Dios se lo viera como realmente es, y esto gan\u00f3 el coraz\u00f3n del pastor de ovejas.<\/p>\n<p style=\"text-align: justify;\">He notado que los amigos de Dios tienen especial inter\u00e9s en que sus hijos vean a Dios como un Amigo. Despu\u00e9s de visitar tantas iglesias vac\u00edas en Gran Breta\u00f1a, asistimos a una en Londres que nos dijeron que desbordaba de adoradores cada semana. Cuatro ni\u00f1as muy vivaces me permitieron hablar con ellas al fin del servicio.<\/p>\n<p style=\"text-align: justify;\">\u201c\u00bfCuando llegues al cielo, a qui\u00e9n quisieras encontrar primero, a Dios el Padre o a Jes\u00fas el Hijo?\u201d<\/p>\n<p style=\"text-align: justify;\">Sin un momento de demora, una de ellas contest\u00f3, \u201cDar\u00eda lo mismo. Jes\u00fas dijo, \u2018Si me has visto a m\u00ed, has visto al Padre\u2019 \u201d. Me qued\u00e9 pensando si alg\u00fan amigo de Dios hab\u00eda ayudado a esta ni\u00f1a vivaz.<\/p>\n<p style=\"text-align: justify;\">Cuando pregunto qu\u00e9 se podr\u00eda hacer para traer de vuelta a la iglesia a algunos miembros desilusionados, algunos me dicen que se les deber\u00eda decir a estas personas con dudas, que deben dejar de hacer tantas preguntas y ejercer m\u00e1s fe. Algunos hasta agregan esa advertencia del libro de Hebreos, \u201cSin fe es imposible agradar a Dios\u201d.<sup>1<\/sup> A mi juicio, esta es la manera como hablan los siervos. Y esta forma de encarar los problemas es la raz\u00f3n por la que muchos en el mundo se han vuelto contra Dios.<\/p>\n<p style=\"text-align: justify;\">Los amigos de Dios quieren entender por qu\u00e9 tantas personas como Lorena y su familia sienten que las ense\u00f1anzas cristianas ya no tienen m\u00e1s significado para ellas. Ha habido mucho discurso \u201coscuro\u201d al hablar de Dios y de la salvaci\u00f3n.<\/p>\n<p style=\"text-align: justify;\">Si Jes\u00fas estuviera aqu\u00ed en persona, ir\u00eda a ver a Lorena para hablarle con toda llaneza y claridad; as\u00ed tambi\u00e9n ir\u00eda a ver a su linda familia, a Barry el carnicero, al sepulturero y a los motociclistas. Como hijos de Dios merecen la oportunidad de entender.<\/p>\n<p style=\"text-align: justify;\">Es el elevado privilegio de los amigos de Dios servir como \u201cmediadores\u201d para personas como las mencionadas, as\u00ed como Mois\u00e9s sirvi\u00f3 para el pueblo de Israel.<\/p>\n<p style=\"text-align: justify;\">Cuando le pregunt\u00e9 a un jovencito cristiano de escuela primaria qu\u00e9 cre\u00eda \u00e9l que se debiera hacer para ayudar a personas como Lorena, de inmediato respondi\u00f3, \u201cS\u00f3lo contarles las historias de Jes\u00fas\u201d.<\/p>\n<p style=\"text-align: justify;\">Contar historias de Jes\u00fas es contar lo que dijo en el aposento alto, y de lo que hizo para sus disc\u00edpulos. Es explicar que Dios valora en el m\u00e1s alto grado la libertad y la amistad de sus hijos en el mundo entero.<\/p>\n<p style=\"text-align: justify;\">Hablar acerca de Jes\u00fas es invitar a la gente a hacer <em>m\u00e1s <\/em>preguntas y no menos. No preguntas balad\u00edes, sino preguntas que buscan entender la verdad.<\/p>\n<p style=\"text-align: justify;\">Quienes se animen a hablar por Dios deben ser los primeros en animar tambi\u00e9n a los oyentes a formular tales preguntas.<\/p>\n<p style=\"text-align: justify;\">Seguir el ejemplo de Cristo significa darle a la gente la libertad de decirle respetuosamente al m\u00e1s erudito predicador, \u201cNo entiendo lo que acaba de decir acerca de Dios. Perd\u00f3neme por tener que decir esto, pero para m\u00ed eran todas <em>palabras oscuras <\/em>\u201d.<\/p>\n<p style=\"text-align: justify;\">Seguir el ejemplo de Cristo es tambi\u00e9n respetar mucho a los siervos. Si por el miedo que le tienen a Dios, necesitan la seguridad de que tienen un Amigo entre ellos y Dios, los amigos de Dios les dir\u00e1n que en verdad tienen un Intecesor amigable. Quiz\u00e1s m\u00e1s tarde tengan la oportunidad de decirles que ese Amigo es tambi\u00e9n Dios.<\/p>\n<p style=\"text-align: justify;\">Para los siervos, el cumplido mayor que quisieran o\u00edr de Dios es, \u201cBien, buen siervo y fiel\u201d.<\/p>\n<p style=\"text-align: justify;\">\u00bfQui\u00e9n podr\u00eda pedir m\u00e1s?<\/p>\n<p style=\"text-align: justify;\">Para aquellos que han aceptado la oferta de Juan 15:15, hay un cumplido todav\u00eda m\u00e1s elevado. \u201cGracias, hijos m\u00edos, por decir la verdad. Gracias por ser mis amigos\u201d.<\/p>\n<p style=\"text-align: justify;\">1. Hebreos 11:6.<\/p>\n","protected":false},"excerpt":{"rendered":"<p>&nbsp; AMIGOS DE UN DIOS AMIGABLE En el noroeste de Inglaterra, cerca del l\u00edmite con Escocia, vive un pastor de ovejas fuerte y ben\u00e9volo. Supimos que hac\u00eda poco que hab\u00eda llegado a ser cristiano. As\u00ed que viajamos all\u00ed para averiguar qu\u00e9 era lo que lo hab\u00eda llevado a tomar tal decisi\u00f3n. Con la ayuda de [&hellip;]<\/p>\n","protected":false},"author":1,"featured_media":0,"parent":457,"menu_order":0,"comment_status":"open","ping_status":"open","template":"","meta":{"footnotes":""},"class_list":["post-526","page","type-page","status-publish","hentry"],"_links":{"self":[{"href":"https:\/\/speakingwellofgod.org\/es\/wp-json\/wp\/v2\/pages\/526","targetHints":{"allow":["GET"]}}],"collection":[{"href":"https:\/\/speakingwellofgod.org\/es\/wp-json\/wp\/v2\/pages"}],"about":[{"href":"https:\/\/speakingwellofgod.org\/es\/wp-json\/wp\/v2\/types\/page"}],"author":[{"embeddable":true,"href":"https:\/\/speakingwellofgod.org\/es\/wp-json\/wp\/v2\/users\/1"}],"replies":[{"embeddable":true,"href":"https:\/\/speakingwellofgod.org\/es\/wp-json\/wp\/v2\/comments?post=526"}],"version-history":[{"count":0,"href":"https:\/\/speakingwellofgod.org\/es\/wp-json\/wp\/v2\/pages\/526\/revisions"}],"up":[{"embeddable":true,"href":"https:\/\/speakingwellofgod.org\/es\/wp-json\/wp\/v2\/pages\/457"}],"wp:attachment":[{"href":"https:\/\/speakingwellofgod.org\/es\/wp-json\/wp\/v2\/media?parent=526"}],"curies":[{"name":"wp","href":"https:\/\/api.w.org\/{rel}","templated":true}]}}