{"id":522,"date":"2011-03-23T16:08:14","date_gmt":"2011-03-23T16:08:14","guid":{"rendered":"https:\/\/speakingwellofgod.ootartb0-liquidwebsites.com\/?page_id=522"},"modified":"2011-11-04T22:31:28","modified_gmt":"2011-11-04T22:31:28","slug":"siervos-o-amigos-capitulo-13","status":"publish","type":"page","link":"https:\/\/speakingwellofgod.org\/es\/recursos-escritos\/siervos-o-amigos\/siervos-o-amigos-capitulo-13","title":{"rendered":"SIERVOS O AMIGOS: Capitulo 13"},"content":{"rendered":"<p>&nbsp;<\/p>\n<h2 style=\"text-align: center;\">BASTANTE HEMOS RODEADO<\/h2>\n<h2 style=\"text-align: center;\">ESTE MONTE<\/h2>\n<p style=\"text-align: justify;\">El Monte Sina\u00ed es renombrado por la presentaci\u00f3n que Dios hizo all\u00ed de la ley de los Diez Mandamientos, junto con otras muchas reglas y reglamentos que sab\u00eda que el pueblo necesitaba. Despu\u00e9s que hab\u00edan sido plenamente instruidos, les dijo que era tiempo de proseguir la marcha. \u201cBastante hab\u00e9is estado en este monte \u2014dijo Dios\u2014, poneos en camino\u201d.<sup>1<\/sup><\/p>\n<p style=\"text-align: justify;\">El pueblo de Israel hab\u00eda tenido necesidad de acampar en esa monta\u00f1a. Necesitaban todas esas reglas y reglamentos, como tambi\u00e9n los ritos y ceremonias que eran muy poco claros para ellos. Hab\u00edan necesitado los truenos y los rel\u00e1mpagos, tanto como necesitaron de los milagros del agua y de la \u201ccomida de \u00e1ngeles\u201d. Y el Dios que los llev\u00f3 al Sina\u00ed era el mismo que les explic\u00f3 m\u00e1s tarde, en el aposento alto, \u201cPreferir\u00eda que fueran mis amigos\u201d.<\/p>\n<p style=\"text-align: justify;\">Cuando Israel finalmente entr\u00f3 en Cana\u00e1n, llev\u00f3 consigo las tablas de los Diez Mandamientos. Si tan s\u00f3lo hubiera vivido de acuerdo con esas reglas de amor, la Tierra Prometida habr\u00eda llegado a ser un lugar incre\u00edblemente seguro y feliz donde vivir.<\/p>\n<p style=\"text-align: justify;\">Pero no pas\u00f3 mucho tiempo antes que muchos comenzaron a ignorar los mandamientos.<\/p>\n<p style=\"text-align: justify;\">En esos d\u00edas, seg\u00fan registra el Antiguo Testamento, \u201cCada uno hac\u00eda lo que le parec\u00eda bien\u201d.<sup>2<\/sup> Algunas de las cosas que hicieron hace espeluznante la lectura del libro de los Jueces.<\/p>\n<p style=\"text-align: justify;\">Muchos se olvidaron de qui\u00e9n los hab\u00eda liberado de la esclavitud en Egipto y les hab\u00eda prometido un futuro dorado en la tierra que \u201cmana leche y miel\u201d.<sup>3<\/sup> Hasta algunos de los dirigentes volvieron a adorar \u00eddolos.<\/p>\n<p style=\"text-align: justify;\">En el medio de los Diez Mandamientos, Dios hab\u00eda incluido un reglamento ideado para ayudar a Israel a no olvidar a su Dios, y para que recordara las buenas cosas que \u00e9l ten\u00eda pensadas para su pueblo. Era la ley del s\u00e1bado.<\/p>\n<p style=\"text-align: justify;\">Desafortunadamente, los siervos tienen la idea de que la ley es un requerimiento particularmente gravoso. Da la impresi\u00f3n que para ellos el mandamiento dec\u00eda, \u201cNo har\u00e1s nada que te sea agradable en el d\u00eda s\u00e1bado\u201d.<\/p>\n<p style=\"text-align: justify;\">Aun hoy, algunos siervos describen las provisiones para el descanso en el s\u00e1bado como requerimientos arbitrarios, colocados para mostrar la autoridad de Dios y para probar nuestra voluntad de obedecer.<\/p>\n<p style=\"text-align: justify;\">Pero Jes\u00fas vino para mostrar que en Dios no hay arbitrariedades. Como nos explic\u00f3 Pablo, las leyes de Dios fueron agregadas para ayudarnos, para protegernos en nuestra ignorancia y falta de madurez, y para llevarnos a confiar de nuevo en Dios. Esto tiene que ser tambi\u00e9n verdad para el s\u00e1bado semanal.<\/p>\n<p style=\"text-align: justify;\">Afortunadamente, los amigos de Dios han ayudado a explicar su prop\u00f3sito al dar esta ley. Isa\u00edas hasta dice que si no se goza del s\u00e1bado, no se est\u00e1 realmente observ\u00e1ndolo.<sup>4<\/sup><\/p>\n<p style=\"text-align: justify;\">Por esto, es obvio, que la observancia del s\u00e1bado no se puede obligar ni imponer. \u201c\u00a1Goza del s\u00e1bado, o te castigo severamente!\u201d no tiene sentido ni es razonable. Si a tu ni\u00f1o no le gusta la espinaca, \u00bfle dir\u00edas que debe decirte lo deliciosa que es, o le castigar\u00e1s severamente?<\/p>\n<p style=\"text-align: justify;\">Pero, \u00bfqu\u00e9 hay de agradable en la observancia del s\u00e1bado? Leyendo toda la Biblia se encuentran razones muy significativas.<\/p>\n<p style=\"text-align: justify;\">Los siervos, que simplemente hacen lo que se les manda, tienden a ver en el s\u00e1bado una limitaci\u00f3n de su libertad, una restricci\u00f3n que est\u00e1n bien dispuestos a aceptar.<\/p>\n<p style=\"text-align: justify;\">Los amigos consideran el s\u00e1bado como un monumento a la amistad, un recordativo de la evidencia que es la base de la libertad y de la confianza.<\/p>\n<p style=\"text-align: justify;\">&nbsp;<\/p>\n<h2 style=\"text-align: justify;\">Algunos prefieren detenerse en el Sina\u00ed<\/h2>\n<p style=\"text-align: justify;\">el Los creyentes siervos tienden a detenerse indefinidamente en el Monte Sina\u00ed, encontrando direcci\u00f3n y seguridad en el gran c\u00f3digo de reglamentos y s\u00edmbolos, de perd\u00f3n y salvaci\u00f3n, que all\u00ed se ofrecen.<\/p>\n<p style=\"text-align: justify;\">Algunos siervos parecen preferir el lenguaje \u201coscuro\u201d. Les infunde mayor sentido de misterio y pavor. Tambi\u00e9n parece darles a ciertos dirigentes religiosos influencia y poder especiales. Son venerados por siervos menos conocedores como \u201cmayordomos de los misterios\u201d de Dios.<sup>5<\/sup><\/p>\n<p style=\"text-align: justify;\">Pero los misterios de Dios no son para ser amortajados a fin de ocultarlos, como el conocimiento escondido cuidadosamente por ciertas religiones misteriosas del tiempo de Pablo. Los secretos de Dios son para ser ampliamente revelados y divulgados.<sup>6<\/sup> El Nuevo Testamento describe el m\u00e1s importante secreto de Dios, \u201cCristo mismo\u201d.<sup>7<\/sup> Cristo no vino para esconder la verdad. Al contrario, vino para hacerla llana y clara.<\/p>\n<p style=\"text-align: justify;\">Algunos a\u00f1oran los truenos y los rel\u00e1mpagos del Sina\u00ed. He escuchado a algunos decir, \u201c\u00a1Cu\u00e1n bueno ser\u00eda si Dios le levantara la voz a nuestro mundo malvado de hoy!\u201d<\/p>\n<p style=\"text-align: justify;\">A los amigos les agrada recordar que la cueva donde Dios le habl\u00f3 a El\u00edas con \u201cun silbo apacible y suave\u201d estaba tambi\u00e9n all\u00ed, en Monte Sina\u00ed.<sup>8<\/sup><\/p>\n<p style=\"text-align: justify;\">&nbsp;<\/p>\n<h2 style=\"text-align: justify;\">De siervos a amigos<\/h2>\n<p style=\"text-align: justify;\">Conozco a muchos que han dado la bienvenida a la oferta de Juan 15:15. Gozan tanto de la libertad de la amistad que a menudo hablan de c\u00f3mo pueden compartirla con los dem\u00e1s. Claro, la amistad no se la puede imponer a nadie. Como aconsej\u00f3 el amigo de Dios, Pablo, \u201cCada uno est\u00e9 plenamente convencido en su mente\u201d.<sup>9<\/sup><\/p>\n<p style=\"text-align: justify;\">Lo m\u00e1ximo que pueden hacer los amigos es animar a otros a buscar la misma evidencia que a ellos les ha parecido tan convincente. Eso quiere decir <em>toda <\/em>la evidencia, e incluye aquellos \u201caspectos m\u00e1s feroces de las Escrituras\u201d. Demasiado a menudo los conceptos que tenemos de Dios y la salvaci\u00f3n se basan en una cierta selecci\u00f3n de pasajes b\u00edblicos m\u00e1s bien que en la Biblia en su totalidad. Hay siervos fieles que dicen, \u201cAqu\u00ed un poco, y all\u00ed un poco\u201d. \u00bfPero, qu\u00e9 hacemos con el resto?<\/p>\n<p style=\"text-align: justify;\">&nbsp;<\/p>\n<h2 style=\"text-align: justify;\">Piezas sobrantes<\/h2>\n<p style=\"text-align: justify;\">Parece l\u00f3gico y de buen sentido que cualquiera que afirma que acepta la Biblia como digna de confianza, debe construir su conocimiento, su modelo, su filosof\u00eda, su concepto de Dios y la salvaci\u00f3n, en el contenido de todos los 66 libros. Si aparece algo en la Biblia que no parece cuadrarse en mi modelo, o estoy malentendiendo el pasaje, o mi modelo necesita ensanchamiento y arreglo.<\/p>\n<p style=\"text-align: justify;\">Cuando ten\u00eda 16 a\u00f1os me matricul\u00e9 en una clase de mec\u00e1nica de autos en el colegio secundario donde estudiaba en California. Los alumnos llegamos a querer mucho a nuestro muy respetable maestro, el se\u00f1or Grubb. Nos dividi\u00f3 en parejas, y nos asign\u00f3 a cada pareja un venerable autom\u00f3vil. Nuestra tarea era desmantelar todas las partes movibles del veh\u00edculo, especialmente el motor. Ten\u00edamos que limpiar los cojinetes, pulir las v\u00e1lvulas, y efectuar ciertos otros servicios en la forma como se hac\u00eda hace 55 a\u00f1os.<\/p>\n<p style=\"text-align: justify;\">Despu\u00e9s de todo esto, ten\u00edamos que armar nuevamente todas las partes. Entonces ven\u00eda la prueba de fuego. Si el veh\u00edculo volv\u00eda a marchar, recib\u00edamos una nota. Si no marchaba . . . En realidad no recuerdo cu\u00e1l era la alternativa, porque nuestro veh\u00edculo comenz\u00f3 con un rugido. Varios compa\u00f1eros subieron al autom\u00f3vil, y triunfalmente le dimos la vuelta a la cuadra.<\/p>\n<p style=\"text-align: justify;\">Hubo s\u00f3lo un problema. Nos hab\u00edan sobrado varias piezas. Con misericordia y bondad, el se\u00f1or Grubb nos dio una nota. Con todo no me agradar\u00eda viajar lejos en ese autom\u00f3vil. \u00a1No sin colocar las piezas que sobraban!<\/p>\n<p style=\"text-align: justify;\">Hace un tiempo, recib\u00ed una gu\u00eda impresa para el estudio del Evangelio de San Juan. Uno de los prop\u00f3sitos indicados de la publicaci\u00f3n era animar a todos a leer la Biblia en su totalidad. Busqu\u00e9, con inter\u00e9s especial, para ver lo que la gu\u00eda dec\u00eda acerca de Juan 16:26. Ese es el vers\u00edculo donde Jes\u00fas les dijo a sus disc\u00edpulos \u201cdirecta y claramente\u201d que no habr\u00eda necesidad de que \u00e9l orara por nosotros al Padre, porque el Padre mismo nos ama.<\/p>\n<p style=\"text-align: justify;\">Pero no hab\u00eda ning\u00fan comentario sobre ese vers\u00edculo de Juan 16. Tampoco ten\u00eda indicaci\u00f3n alguna de por qu\u00e9 no hab\u00eda un comentario. Cuando solicitamos respetuosamente por qu\u00e9 no ten\u00eda un comentario de ese vers\u00edculo, el autor explic\u00f3 que no hab\u00eda podido acomodar ese vers\u00edculo en el modelo tradicional. Me hizo recordar el autom\u00f3vil que armamos en el colegio secundario y las piezas que sobraron.<\/p>\n<p style=\"text-align: justify;\">&nbsp;<\/p>\n<h2 style=\"text-align: justify;\">La imagen de Dios a trav\u00e9s de los 66 libros<\/h2>\n<p style=\"text-align: justify;\">Durante los a\u00f1os que he tenido el privilegio de conducir grupos de estudio a lo largo de los 66 libros de la Biblia, nuestro inter\u00e9s ha sido la imagen de Dios. No nos hemos ocupado de c\u00f3mo hizo entrar los dinosaurios en el arca, pero s\u00ed hemos preguntado qu\u00e9 clase de Dios ahogar\u00eda a tanta gente.<\/p>\n<p style=\"text-align: justify;\">Recuerdo un d\u00eda cuando una santa de 84 a\u00f1os se puso de pie delante de 300 personas y dijo, con voz notablemente firme y clara, \u201cSolamente quiero decirles que toda mi vida he <em>amado <\/em>al Se\u00f1or. Pero ahora que hemos estudiado los 66 libros, no s\u00f3lo lo amo. \u00a1Realmente <em>me gusta<\/em>!\u201d<\/p>\n<p style=\"text-align: justify;\">Ha sido muy agradable leer toda la Biblia con ni\u00f1os. Son tan c\u00e1ndidos en sus preguntas y sus observaciones.<\/p>\n<p style=\"text-align: justify;\">Una tarde, hab\u00edamos llegado a la ense\u00f1anza del Antiguo Testamento acerca de \u201cojo por ojo, diente por diente\u201d.<sup>10<\/sup> Surgieron preguntas relacionadas con lo que dijo Jes\u00fas, que no debemos hacer eso m\u00e1s, sino, que debemos ofrecer la otra mejilla.<\/p>\n<p style=\"text-align: justify;\">Les pregunt\u00e9 a los ni\u00f1os qu\u00e9 har\u00edan si alguien, de un golpe, les sacara un diente. Despu\u00e9s de varias ideas, Casey, de ocho a\u00f1os, que estaba sentado a mi lado y con los pies colgados porque no alcanzaban el suelo, dio su versi\u00f3n cuidadosa de su bien pensada decisi\u00f3n.<\/p>\n<p style=\"text-align: justify;\">\u201cPrimero le sacar\u00eda, de un golpe, un diente. \u00a1Luego le ofrecer\u00eda la otra mejilla!\u201d<\/p>\n<p style=\"text-align: justify;\">En otra ocasi\u00f3n, est\u00e1bamos hablando de las muchas referencias en la Biblia acerca de la destrucci\u00f3n de los malos por Dios. Les pregunt\u00e9 a los ni\u00f1os si alguna vez sus madres dec\u00edan, \u201cO haces lo que te digo o te mato\u201d.<\/p>\n<p style=\"text-align: justify;\">\u201c\u00a1S\u00ed!\u201d, dijeron todos en coro con risotadas.<\/p>\n<p style=\"text-align: justify;\">\u201c\u00bfCreen que la mam\u00e1 lo dice en serio?\u201d, pregunt\u00e9.<\/p>\n<p style=\"text-align: justify;\">\u201cClaro que no\u201d, dijo Tina. \u201cSabemos que es s\u00f3lo una manera de hablar, una figura\u201d.<\/p>\n<p style=\"text-align: justify;\">\u201c\u00bfCreen que Dios est\u00e1 usando solamente una figura cuando habla as\u00ed?\u201d, segu\u00ed preguntando. Movieron la cabeza indicando que no, que cre\u00edan que hablaba en serio. \u201c\u00bfSignifica eso, entonces, que sus mam\u00e1s les aman m\u00e1s que Dios?\u201d<\/p>\n<p style=\"text-align: justify;\">Finalmente Casey, otra vez rompi\u00f3 el silencio. Despu\u00e9s que lo hubo reflexionado bien, lo \u00fanico que pudo decir fue, \u201c\u00a1Ay, ay, ay!\u201d<\/p>\n<p style=\"text-align: justify;\">Podr\u00eda haberles dicho a los ni\u00f1os que la mejor soluci\u00f3n a tales problemas era no hacer m\u00e1s preguntas y seguir teniendo fe en Dios. Naturalmente eso habr\u00eda sido el fin de su viaje de exploraci\u00f3n por la Biblia. Los ni\u00f1os inteligentes pronto se cansan cuando los adultos conocedores simplemente les dicen lo que se debe creer.<\/p>\n<p style=\"text-align: justify;\">Pero estoy seguro que a Dios le agrada escuchar a los ni\u00f1os hablar acerca de \u00e9l en la forma que lo hac\u00eda ese grupo de jovencitos. Era la libertad, y la seguridad, lo que les permiti\u00f3 hablar c\u00e1ndidamente acerca de Dios y seguir con inter\u00e9s la lectura de libro tras libro a trav\u00e9s de los 66 libros de la Biblia.<\/p>\n<p style=\"text-align: justify;\">&nbsp;<\/p>\n<h2 style=\"text-align: justify;\">\u201cGracias por todos los 66\u201d<\/h2>\n<p style=\"text-align: justify;\">En un viaje reciente a Gran Breta\u00f1a, me informaron de una ni\u00f1ita llamada Leilani, que le hab\u00eda escrito algunas cartas a Dios. Tambi\u00e9n supe que, aunque era muy joven, hab\u00eda le\u00eddo todos los libros de la Biblia. Ella hab\u00eda decidido que el Dios de los 66 libros ten\u00eda que ser una Persona muy especial.<\/p>\n<p style=\"text-align: justify;\">Viajamos hasta Escocia para verla. Mientras est\u00e1bamos de pie en el jard\u00edn del fondo de su casa en Edinburgo, Leilani nos ley\u00f3 algunas de sus cartas.<\/p>\n<p style=\"text-align: justify;\">Ella dijo que esta carta era su favorita:<\/p>\n<p style=\"text-align: justify;\"><em> <\/em><\/p>\n<p style=\"text-align: justify;\"><em>Querido Dios:<\/em><\/p>\n<p style=\"text-align: justify;\"><em> <\/em><\/p>\n<p style=\"text-align: justify;\"><em>Muchas gracias por haberme hecho,<\/em><\/p>\n<p style=\"text-align: justify;\"><em>y por los 66 libros:<\/em><\/p>\n<p style=\"text-align: justify;\"><em>39 en el Antiguo Testamento,<\/em><\/p>\n<p style=\"text-align: justify;\"><em> 27 en el Nuevo,<\/em><\/p>\n<p style=\"text-align: justify;\"><em>para que podamos leerlos y saber c\u00f3mo<\/em><\/p>\n<p style=\"text-align: justify;\"><em> eres.<\/em><\/p>\n<p style=\"text-align: justify;\"><em> <\/em><\/p>\n<p style=\"text-align: justify;\"><em>Tu amiga,<\/em><\/p>\n<p style=\"text-align: justify;\"><em>Leilani.<\/em><\/p>\n<p style=\"text-align: justify;\">&nbsp;<\/p>\n<p style=\"text-align: justify;\">\u201cVeo que hay una <em>posdata <\/em>al final\u201d, observ\u00e9.<\/p>\n<p style=\"text-align: justify;\">\u201cOh s\u00ed, solamente una cortita, que dice, \u2018Todos sabemos que es verdad\u2019 \u201d.<\/p>\n<p style=\"text-align: justify;\">\u201cEso quiere decir \u2014explic\u00f3\u2014 que sabemos que lo que la Biblia dice es verdad\u201d.<\/p>\n<p style=\"text-align: justify;\">Yo s\u00e9 que todos ustedes amar\u00edan a Leilani. Y Leilani es una de las amigas de Dios.<\/p>\n<p style=\"text-align: justify;\">&nbsp;<\/p>\n<p style=\"text-align: justify;\">&nbsp;<\/p>\n<p style=\"text-align: justify;\">1. Deuteronomio 1:6,7.<\/p>\n<p style=\"text-align: justify;\">2. Jueces 21:25; ver tambi\u00e9n Jueces 17:6.<\/p>\n<p style=\"text-align: justify;\">3. Ver Exodo 3:8.<\/p>\n<p style=\"text-align: justify;\">4. Ver Isa\u00edas 58:13.<\/p>\n<p style=\"text-align: justify;\">5. Ver 1 Corintios 4:1.<\/p>\n<p style=\"text-align: justify;\">6. Ver Colosenses 1:25,26.<\/p>\n<p style=\"text-align: justify;\">7. Ver Colosenses 2:2,3.<\/p>\n<p style=\"text-align: justify;\">8. Ver 1 Reyes 19:8\u201313.<\/p>\n<p style=\"text-align: justify;\">9. Romanos 14:5.<\/p>\n<p style=\"text-align: justify;\">10. Exodo 21:24; Lev\u00edtico 24:20; Deuteronomio 19:21; Mateo 5:38\u201342.<\/p>\n<p style=\"text-align: justify;\">&nbsp;<\/p>\n","protected":false},"excerpt":{"rendered":"<p>&nbsp; BASTANTE HEMOS RODEADO ESTE MONTE El Monte Sina\u00ed es renombrado por la presentaci\u00f3n que Dios hizo all\u00ed de la ley de los Diez Mandamientos, junto con otras muchas reglas y reglamentos que sab\u00eda que el pueblo necesitaba. Despu\u00e9s que hab\u00edan sido plenamente instruidos, les dijo que era tiempo de proseguir la marcha. \u201cBastante hab\u00e9is [&hellip;]<\/p>\n","protected":false},"author":1,"featured_media":0,"parent":457,"menu_order":0,"comment_status":"open","ping_status":"open","template":"","meta":{"footnotes":""},"class_list":["post-522","page","type-page","status-publish","hentry"],"_links":{"self":[{"href":"https:\/\/speakingwellofgod.org\/es\/wp-json\/wp\/v2\/pages\/522","targetHints":{"allow":["GET"]}}],"collection":[{"href":"https:\/\/speakingwellofgod.org\/es\/wp-json\/wp\/v2\/pages"}],"about":[{"href":"https:\/\/speakingwellofgod.org\/es\/wp-json\/wp\/v2\/types\/page"}],"author":[{"embeddable":true,"href":"https:\/\/speakingwellofgod.org\/es\/wp-json\/wp\/v2\/users\/1"}],"replies":[{"embeddable":true,"href":"https:\/\/speakingwellofgod.org\/es\/wp-json\/wp\/v2\/comments?post=522"}],"version-history":[{"count":0,"href":"https:\/\/speakingwellofgod.org\/es\/wp-json\/wp\/v2\/pages\/522\/revisions"}],"up":[{"embeddable":true,"href":"https:\/\/speakingwellofgod.org\/es\/wp-json\/wp\/v2\/pages\/457"}],"wp:attachment":[{"href":"https:\/\/speakingwellofgod.org\/es\/wp-json\/wp\/v2\/media?parent=522"}],"curies":[{"name":"wp","href":"https:\/\/api.w.org\/{rel}","templated":true}]}}