{"id":519,"date":"2011-03-23T16:01:59","date_gmt":"2011-03-23T16:01:59","guid":{"rendered":"https:\/\/speakingwellofgod.ootartb0-liquidwebsites.com\/?page_id=519"},"modified":"2011-03-24T00:35:08","modified_gmt":"2011-03-24T00:35:08","slug":"siervos-o-amigos-capitulo-12","status":"publish","type":"page","link":"https:\/\/speakingwellofgod.org\/es\/recursos-escritos\/siervos-o-amigos\/siervos-o-amigos-capitulo-12","title":{"rendered":"SIERVOS O AMIGOS: Capitulo 12"},"content":{"rendered":"<p>&nbsp;<\/p>\n<h2 style=\"text-align: center;\">ENEMIGO A AMIGO!\u201d<\/h2>\n<p style=\"text-align: justify;\">El t\u00edtulo de este cap\u00edtulo viene del mensaje lleno de j\u00fabilo que Pablo les envi\u00f3 a los creyentes de Corinto. Acababa de atravesar ese largo y doloroso per\u00edodo de hostilidad y desconfianza con los miembros de la iglesia de Corinto. Algunos de ellos hasta hab\u00edan comenzado a considerar al ap\u00f3stol como su enemigo. Pero los esfuerzos piadosos de Pablo para reconciliarlos finalmente hab\u00edan prosperado, como se describe en el cap\u00edtulo 3 de su segunda ep\u00edstola. En el fulgor de la unidad y amistad restauradas, Pablo les escribi\u00f3 estas palabras, registradas en el cap\u00edtulo 5:<\/p>\n<p style=\"text-align: justify;\">\u201cPor lo tanto, el que est\u00e1 unido a Cristo es nueva persona. Las cosas viejas pasaron; lo que ahora hay, es nuevo. Todo esto es obra de Dios, quien por medio de Cristo nos puso en paz consigo mismo y nos dio el encargo de poner a todos en paz con \u00e9l. Es decir, en Cristo, Dios estaba poniendo al mundo en paz consigo mismo, sin tomar en cuenta los pecados de los hombres; y a nosotros nos encarg\u00f3 que di\u00e9ramos a conocer este mensaje. As\u00ed que somos embajadores de Cristo, lo cual es como si Dios mismo les rogara a ustedes por medio de nosotros. As\u00ed pues, en el nombre de Cristo les rogamos que se pongan en paz con Dios\u201d.<sup>1<\/sup><\/p>\n<p style=\"text-align: justify;\">La versi\u00f3n en ingl\u00e9s de \u201cGood News Bible\u201d, que el autor ha usado, dice as\u00ed:<\/p>\n<p style=\"text-align: justify;\"><em> <\/em><\/p>\n<p style=\"text-align: justify;\"><em>\u201cCuando uno est\u00e1 unido a Cristo, es una nueva persona; el ser antiguo ha pasado, el nuevo ha venido. Todo esto es obra de Dios, quien mediante Cristo nos cambi\u00f3 de enemigos en sus amigos y nos dio la tarea de hacer tambi\u00e9n a otros amigos de \u00e9l. Nuestro mensaje es que Dios estaba amistando a toda la humanidad mediante Cristo. Dios no guardaba el registro de sus pecados, y nos ha dado el mensaje que nos dice c\u00f3mo los transforma en amigos.<\/em><\/p>\n<p style=\"text-align: justify;\"><em>\u201cAqu\u00ed estamos, hablando por Cristo, como si Dios mismo les rogara a trav\u00e9s de nosotros. Les rogamos en nombre de Cristo: permitan que Dios les cambie de enemigos a sus amigos\u201d.<\/em><\/p>\n<p style=\"text-align: justify;\">&nbsp;<\/p>\n<p style=\"text-align: justify;\">En este pasaje la expresi\u00f3n \u201chacer amigos\u201d o \u201ctransformar en amigos\u201d, es la palabra griega que a menudo se traduce como \u201creconciliaci\u00f3n\u201d.<\/p>\n<p style=\"text-align: justify;\">&nbsp;<\/p>\n<h2 style=\"text-align: justify;\">\u00bfQuieres decir que PUEDO volver a casa?<\/h2>\n<p style=\"text-align: justify;\">Una de las par\u00e1bolas m\u00e1s memorables del Se\u00f1or se refiere a la reconciliaci\u00f3n. Jes\u00fas cont\u00f3 la historia del hijo que hab\u00eda gastado su vida y la parte de la herencia que recibi\u00f3 de su padre en desenfrenada indulgencia. Ahora sin un centavo y hambriento, encontr\u00f3 empleo cuidando cerdos.<\/p>\n<p style=\"text-align: justify;\">Mientras languidec\u00eda all\u00ed en la porqueriza, comenz\u00f3 a recordar cu\u00e1n bueno hab\u00eda sido todo en su hogar, y pensaba en alguna manera de persuadir a su padre ofendido a que le permitiese volver. Habr\u00eda sido muy diferente su pensamiento si hubiera sabido que su padre por mucho tiempo hab\u00eda estado vigilando el camino para ver si avistaba a su hijo que retornaba. Desafortunadamente el hijo no conoc\u00eda muy bien a su padre.<\/p>\n<p style=\"text-align: justify;\">Comenz\u00f3 a pensar en c\u00f3mo persuadir a su padre que le permitiese la entrada cuando llegara a la puerta. Pensaba que su padre con raz\u00f3n podr\u00eda estar muy airado con \u00e9l. Quiz\u00e1s ser\u00eda mejor ver primero a su madre, y ella podr\u00eda ayudarlo a convencer al padre para que lo perdonara, y que le diera una oportunidad m\u00e1s.<\/p>\n<p style=\"text-align: justify;\">Adem\u00e1s, pensaba en todo ese dinero que hab\u00eda malgastado. Tendr\u00eda que encontrar c\u00f3mo reponerlo.<\/p>\n<p style=\"text-align: justify;\">\u201cS\u00e9 lo que voy a hacer\u201d, decidi\u00f3 el hijo. \u201cLe pedir\u00e9 que me trate como a uno de sus jornaleros\u201d. Con este pensamiento comenz\u00f3 su camino de regreso al hogar, practicando su discurso en el camino.<\/p>\n<p style=\"text-align: justify;\">Si \u00e9l hubiera mirado atentamente en direcci\u00f3n a la casa, quiz\u00e1s habr\u00eda divisado a su padre oteando el camino. \u201cY cuando a\u00fan estaba lejos su padre lo vio venir, y se enterneci\u00f3. Corri\u00f3, se ech\u00f3 sobre su cuello, y lo bes\u00f3.<\/p>\n<p style=\"text-align: justify;\">\u201cY el joven le dijo: \u2018Padre, he pecado contra el cielo y contra ti. Ya no soy digno de ser llamado tu hijo . . .\u2019<\/p>\n<p style=\"text-align: justify;\">\u201cPero el padre les dijo a sus siervos: \u2018\u00a1Pronto! Sacad el mejor vestido y vestidlo. . . . Y comamos y hagamos fiesta.<\/p>\n<p style=\"text-align: justify;\">\u201cPorque este mi hijo estaba muerto, y ha revivido; se hab\u00eda perdido, y ha sido hallado\u2019 \u201d.<sup>2<\/sup><\/p>\n<p style=\"text-align: justify;\">Por fin el hijo hab\u00eda aprendido la verdad acerca de su padre. No tuvo, siquiera, que terminar su discurso. Cuando el pr\u00f3digo estuvo en los brazos de su padre, estaba seguro de que no necesitaba hacer nada para reconciliarse con su padre. Su padre lo hab\u00eda perdonado mucho antes. Pero tuvo que volver al hogar para llegar a saberlo. Ahora el perd\u00f3n de su padre lo impuls\u00f3 a un arrepentimiento verdadero y a la reconciliaci\u00f3n.<\/p>\n<p style=\"text-align: justify;\">El hermano mayor era simplemente un siervo.<\/p>\n<p style=\"text-align: justify;\">Cuando la algarab\u00eda de la fiesta lleg\u00f3 a los o\u00eddos del hermano mayor, protest\u00f3 de que no se hab\u00eda hecho justicia.<\/p>\n<p style=\"text-align: justify;\">Se quej\u00f3 al padre diciendo: \u201c \u2018Hace tantos a\u00f1os que te sirvo, sin haberte desobedecido jam\u00e1s, y nunca me has dado ni un cabrito para gozarme con mis amigos.<\/p>\n<p style=\"text-align: justify;\">\u201c \u2018Y ahora que vino tu hijo, que ha consumido tus bienes con rameras, has matado para \u00e9l el becerro grueso\u2019.<\/p>\n<p style=\"text-align: justify;\">\u201cEntonces el padre le dijo: \u2018Hijo, t\u00fa siempres est\u00e1s conmigo, y todas mis cosas son tuyas.<\/p>\n<p style=\"text-align: justify;\">\u201c \u2018Pero era necesario hacer fiesta y alegrarnos, porque tu hermano estaba muerto, y ha revivido; estaba perdido, y ha sido hallado\u2019 \u201d.<sup>3<\/sup><\/p>\n<p style=\"text-align: justify;\">Con su preocupaci\u00f3n por la justicia \u2014como muchas veces sucede con los que son meros siervos\u2014 el hermano mayor se neg\u00f3 a asistir a la fiesta. La par\u00e1bola no nos indica si alguna vez cambi\u00f3 de actitud.<\/p>\n<p style=\"text-align: justify;\">&nbsp;<\/p>\n<h2 style=\"text-align: justify;\">El Padre siempre ha sido nuestro Amigo<\/h2>\n<p style=\"text-align: justify;\">Reconciliaci\u00f3n quiere decir cambiar los enemigos en amigos. Pero as\u00ed como lo presenta la par\u00e1bola del hijo pr\u00f3digo, en ning\u00fan lugar de la Biblia se sugiere que el Padre mismo necesita ser reconciliado. El Padre celestial nunca ha sido el enemigo de sus hijos desobedientes. La hostilidad y el alejamiento siempre han estado de nuestra parte.<\/p>\n<p style=\"text-align: justify;\">A trav\u00e9s de los siglos, muchos creyentes siervos, en su preocupaci\u00f3n por su situaci\u00f3n legal con relaci\u00f3n a su Maestro y con el temor de que hayan hecho que su Se\u00f1or se vuelva contra ellos, han llegado a creer que la reconciliaci\u00f3n tiene que ser de ambas partes. Pero como se lo explic\u00f3 Jes\u00fas a sus disc\u00edpulos justamente antes de salir hacia la cruz, no hay ninguna necesidad de cambiar la actitud del Padre para con sus hijos pecadores. El los ama como los ama el Hijo.<sup>4<\/sup> As\u00ed como Pablo quiso hacerlo muy claro, \u201cDios estaba en Cristo reconciliando consigo al mundo\u201d.<sup>5<\/sup><\/p>\n<p style=\"text-align: justify;\">&nbsp;<\/p>\n<h2 style=\"text-align: justify;\">Jes\u00fas habl\u00f3 de la unidad y la amistad de la reconciliaci\u00f3n<\/h2>\n<p style=\"text-align: justify;\">Inmediatamente despu\u00e9s que Jes\u00fas hizo la oferta de amistad registrada en Juan 15:15, comenz\u00f3 a describir la perfecta unidad que exist\u00eda entre \u00e9l y su Padre y la cit\u00f3 como ejemplo de la amistad y la armon\u00eda que \u00e9l deseaba para sus disc\u00edpulos. Escuchen lo que dijo en esa memorable oraci\u00f3n registrada en Juan 17.<\/p>\n<p style=\"text-align: justify;\">\u201cNo ruego s\u00f3lo por ellos \u2014or\u00f3 Jes\u00fas, refir\u00e9ndose a sus disc\u00edpulos\u2014 sino tambi\u00e9n por los que han de creer en m\u00ed por la palabra de ellos.<\/p>\n<p style=\"text-align: justify;\">\u201cPara que todos sean uno, como t\u00fa, oh Padre, en m\u00ed, y yo en ti. Que tambi\u00e9n ellos sean uno en nosotros, para que el mundo crea que t\u00fa me enviaste\u201d.<sup>6<\/sup><\/p>\n<p style=\"text-align: justify;\">\u00bfQu\u00e9 significa estar \u201cen\u201d alguien? Si Jes\u00fas est\u00e1 en m\u00ed, y yo estoy en \u00e9l, y \u00e9l est\u00e1 en su Padre, y su Padre est\u00e1 en \u00e9l, huelga preguntar qui\u00e9n est\u00e1 en qui\u00e9n, o si realmente alguien est\u00e1 en alg\u00fan otro.<\/p>\n<p style=\"text-align: justify;\">El estar \u201cen\u201d otra persona ha sido interpretado por muchos como que significa \u201cen uni\u00f3n con\u201d, y ha sido traducido as\u00ed muchas veces. La uni\u00f3n que desea Dios con sus amigos es tan estrecha que es como si estuvieran el uno en el otro. Aunque somos personas individuales, podemos tener una uni\u00f3n tan estrecha el uno con el otro que es como si fu\u00e9ramos uno.<\/p>\n<p style=\"text-align: justify;\">La relaci\u00f3n del Padre con el Hijo se presenta en la Biblia como el modelo perfecto de completa unidad. \u201cYo les di la gloria que me diste \u2014or\u00f3 Jes\u00fas a su Padre\u2014 para que sean uno, as\u00ed como nosotros somos uno\u201d.<sup>7<\/sup><\/p>\n<p style=\"text-align: justify;\">&nbsp;<\/p>\n<h2 style=\"text-align: justify;\">El precio de la reconciliaci\u00f3n<\/h2>\n<p style=\"text-align: justify;\">Varias veces Jes\u00fas explic\u00f3 cu\u00e1nto costar\u00eda restaurar su universo, su familia, a la paz y la armon\u00eda. El us\u00f3 el t\u00e9rmino que a veces es traducido \u201crescate\u201d o tambi\u00e9n \u201cprecio de redenci\u00f3n\u201d.<sup>8<\/sup> Entonces dijo cu\u00e1nto ser\u00eda el precio.<\/p>\n<p style=\"text-align: justify;\">\u201cY cuando sea levantado de la tierra, atraer\u00e9 a todos hacia m\u00ed\u201d.<\/p>\n<p style=\"text-align: justify;\">\u201cEsto dijo para dar a entender de qu\u00e9 muerte hab\u00eda de morir\u201d.<sup>9<\/sup><\/p>\n<p style=\"text-align: justify;\">\u201cAtraer\u00e9 a todos hacia m\u00ed\u201d, dijo Jes\u00fas. No s\u00f3lo los seres humanos sino tambi\u00e9n los \u00e1ngeles son atra\u00eddos a una uni\u00f3n m\u00e1s estrecha con Dios cuando consideran el significado de la cruz.<\/p>\n<p style=\"text-align: justify;\">Pablo estaba de acuerdo con esta manera de pensar. El habl\u00f3 del plan de Dios, \u201cpara que, llegado el tiempo, reuniera en \u00e9l, bajo una sola cabeza, todo lo que est\u00e1 en la tierra y lo que est\u00e1 en el cielo\u201d.<sup>10<\/sup><\/p>\n<p style=\"text-align: justify;\">En otra carta, Pablo explica que \u201cagrad\u00f3 al Padre que en \u00e9l habitase toda plenitud, y por medio de \u00e9l reconciliar consigo todas las cosas, as\u00ed lo que est\u00e1 en la tierra como lo que est\u00e1 en los cielos, haciendo paz mediante la sangre de su cruz\u201d.<sup>11<\/sup><\/p>\n<p style=\"text-align: justify;\">&nbsp;<\/p>\n<h2 style=\"text-align: justify;\">Paz en el universo<\/h2>\n<p style=\"text-align: justify;\">\u00bfEn qu\u00e9 sentido necesita el universo el sacrificio pacificador de Cristo? \u00bfHa habido alguna vez una amenaza a la unidad, una brecha en la paz y la amistad, en la familia de Dios en el cielo?<\/p>\n<p style=\"text-align: justify;\">Para los que podemos tomar con toda seriedad el \u00faltimo de los 66 libros de la Biblia, el cap\u00edtulo 12 de Apocalipsis parece describir una guerra que comenz\u00f3 en el cielo. Desde G\u00e9nesis hasta Apocalipsis se puede leer de las causas y las consecuencias de aquella guerra, y por qu\u00e9 cost\u00f3 los sufrimientos y la muerte de Cristo a fin de ganar esa guerra y establecer la paz para el resto de la eternidad. En un tiempo hab\u00eda unidad en la familia de Dios, antes que comenzara la guerra. Entonces, cada hijo de Dios confiaba el uno en el otro. Todos confiaban en su Padre celestial, y \u00e9l a su vez, pod\u00eda tener la seguridad de confiar en ellos. Y donde hay tal confianza y confiabilidad, hay perfecta paz y armon\u00eda.<\/p>\n<p style=\"text-align: justify;\">&nbsp;<\/p>\n<h2 style=\"text-align: justify;\">\u00bfQu\u00e9 anduvo mal?<\/h2>\n<p style=\"text-align: justify;\">Pero surgi\u00f3 un conflicto de confianza, hasta que se lleg\u00f3 a un punto de abierta rebeli\u00f3n y guerra. La desuni\u00f3n y la desarmon\u00eda reemplazaron a la unidad y la paz. As\u00ed es como el pecado entr\u00f3 en el universo. Como lo explica Juan, el pecado es rebeli\u00f3n: \u201cEl que comete pecado est\u00e1 contra Dios, porque pecar es quebrantar las leyes divinas\u201d.<sup>12<\/sup> Pablo tambi\u00e9n lo describe como el quebrantamiento de la fe y la confianza.<sup>13<\/sup><\/p>\n<p style=\"text-align: justify;\">El prop\u00f3sito del plan de salvaci\u00f3n es restaurar esa confianza, terminar con la rebeli\u00f3n, y as\u00ed nuevamente establecer la unidad en todo el universo. En esto est\u00e1n involucrados todos los hijos de Dios, sin excepci\u00f3n.<\/p>\n<p style=\"text-align: justify;\">Parecer\u00eda que algunos encuentran un poco desalentador el darse cuenta de que Cristo no muri\u00f3 exclusiva y primariamente por ellos, y hasta se ofenden. Pero si Dios no ganara esta guerra y reestableciera la paz en su familia entera, nuestra propia salvaci\u00f3n no tendr\u00eda sentido. \u00bfQui\u00e9n quisiera vivir por la eternidad en un universo en guerra?<\/p>\n<p style=\"text-align: justify;\">Sin esta comprensi\u00f3n m\u00e1s amplia del conflicto que envolvi\u00f3 al universo entero, es dificil entender la explicaci\u00f3n que da Pablo de que Jes\u00fas derram\u00f3 su sangre para traer paz, reconciliaci\u00f3n y unidad a los hijos de Dios en el cielo como tambi\u00e9n en la tierra. Pero comprender esta guerra y sus problemas ayuda a ampliar el panorama de la cruz y el plan de salvaci\u00f3n.<\/p>\n<p style=\"text-align: justify;\">El tipo de uni\u00f3n que Dios desea no puede ser decretado o producido por fuerza o temor. En el curso de la historia humana, muchos tiranos han querido mantener la unidad por el terror y la brutalidad. Pero esa forma de unidad por la fuerza no perdura. Consideren lo que ha pasado en un buen numero de pa\u00edses en los \u00faltimos a\u00f1os.<\/p>\n<p style=\"text-align: justify;\">La clase de unidad que Dios desea se describe en el Nuevo Testamento como la armon\u00eda que es \u201cla unidad de la fe y del conocimiento del Hijo de Dios\u201d.<sup>14<\/sup> Personas que aman y conf\u00edan en el mismo Jes\u00fas y en el mismo Dios son atra\u00eddas naturalmente las unas a las otras. La misma verdad acerca de Dios que las libera de la tiran\u00eda y el temor, las liga en la unidad de la calidad m\u00e1s firme. Los amigos de un Dios amigable gozan de la amistad del uno para con el otro.<\/p>\n<p style=\"text-align: justify;\">Aqu\u00ed es donde cobra importancia el verdadero significado de la cruz. No puede haber amistad donde domina el temor. El Calvario nos dice que no hay ninguna necesidad de tenerle miedo a Dios. Cuando Dios dice, \u201csean mis amigos\u201d, no est\u00e1 diciendo, \u201csean mis amigos o los voy a castigar severamente; aun los puedo matar\u201d. Esa no es la manera como se hablan los amigos, especialmente si desean conservar la amistad. Y la amistad es el prop\u00f3sito y el significado pleno de la reconciliaci\u00f3n.<\/p>\n<p style=\"text-align: justify;\">&nbsp;<\/p>\n<h2>La reconciliaci\u00f3n significa hacer amigos<\/h2>\n<p style=\"text-align: justify;\">Pablo resume todo esto en su carta a los romanos. \u201cY si siendo enemigos se nos reconcili\u00f3 con Dios por la muerte de su Hijo, \u00a1gloriosas ser\u00e1n las bendiciones ahora que somos amigos y El vive en nosotros! Ahora tenemos la maravillosa alegr\u00eda del Se\u00f1or en nuestras vidas, gracias a que Cristo muri\u00f3 por nuestros pecados y nos hizo sus amigos <em>(de Dios) <\/em>\u201d.<sup>15<\/sup><\/p>\n<p style=\"text-align: justify;\"><em>El resumen de todo el significado de la reconciliaci\u00f3n es ser cambiados de enemigos en amigos de Dios.<\/em><\/p>\n<p style=\"text-align: justify;\">&nbsp;<\/p>\n<p style=\"text-align: justify;\">&nbsp;<\/p>\n<p style=\"text-align: justify;\">1. 2 Corintios 5:17\u201320. Versi\u00f3n, DIOS HABLA HOY.<\/p>\n<p style=\"text-align: justify;\">2. Lucas 15:20\u201324.<\/p>\n<p style=\"text-align: justify;\">3. Lucas 15:29\u201332.<\/p>\n<p style=\"text-align: justify;\">4. Juan 16:26.<\/p>\n<p style=\"text-align: justify;\">5. 2 Corintios 5:19.<\/p>\n<p style=\"text-align: justify;\">6. Juan 17:20,21.<\/p>\n<p style=\"text-align: justify;\">7. Juan 17:22.<\/p>\n<p style=\"text-align: justify;\">8. Ver Mateo 20:28.<\/p>\n<p style=\"text-align: justify;\">9. Juan 12:32.<\/p>\n<p style=\"text-align: justify;\">10. Efesios 1:10.<\/p>\n<p style=\"text-align: justify;\">11. Colosenses 1:19,20.<\/p>\n<p style=\"text-align: justify;\">12. 1 Juan 3:4. Versi\u00f3n, LA BIBLIA AL D\u00cdA.<\/p>\n<p style=\"text-align: justify;\">13. Ver Romanos 14.<\/p>\n<p style=\"text-align: justify;\">14. Efesios 4:13.<\/p>\n<p style=\"text-align: justify;\">15. Romanos 5:10,11. Versi\u00f3n, LA BIBLIA AL D\u00cdA.<\/p>\n<p style=\"text-align: justify;\">&nbsp;<\/p>\n","protected":false},"excerpt":{"rendered":"<p>&nbsp; ENEMIGO A AMIGO!\u201d El t\u00edtulo de este cap\u00edtulo viene del mensaje lleno de j\u00fabilo que Pablo les envi\u00f3 a los creyentes de Corinto. Acababa de atravesar ese largo y doloroso per\u00edodo de hostilidad y desconfianza con los miembros de la iglesia de Corinto. Algunos de ellos hasta hab\u00edan comenzado a considerar al ap\u00f3stol como [&hellip;]<\/p>\n","protected":false},"author":1,"featured_media":0,"parent":457,"menu_order":0,"comment_status":"open","ping_status":"open","template":"","meta":{"footnotes":""},"class_list":["post-519","page","type-page","status-publish","hentry"],"_links":{"self":[{"href":"https:\/\/speakingwellofgod.org\/es\/wp-json\/wp\/v2\/pages\/519","targetHints":{"allow":["GET"]}}],"collection":[{"href":"https:\/\/speakingwellofgod.org\/es\/wp-json\/wp\/v2\/pages"}],"about":[{"href":"https:\/\/speakingwellofgod.org\/es\/wp-json\/wp\/v2\/types\/page"}],"author":[{"embeddable":true,"href":"https:\/\/speakingwellofgod.org\/es\/wp-json\/wp\/v2\/users\/1"}],"replies":[{"embeddable":true,"href":"https:\/\/speakingwellofgod.org\/es\/wp-json\/wp\/v2\/comments?post=519"}],"version-history":[{"count":0,"href":"https:\/\/speakingwellofgod.org\/es\/wp-json\/wp\/v2\/pages\/519\/revisions"}],"up":[{"embeddable":true,"href":"https:\/\/speakingwellofgod.org\/es\/wp-json\/wp\/v2\/pages\/457"}],"wp:attachment":[{"href":"https:\/\/speakingwellofgod.org\/es\/wp-json\/wp\/v2\/media?parent=519"}],"curies":[{"name":"wp","href":"https:\/\/api.w.org\/{rel}","templated":true}]}}