{"id":448,"date":"2011-03-21T22:20:06","date_gmt":"2011-03-21T22:20:06","guid":{"rendered":"https:\/\/speakingwellofgod.ootartb0-liquidwebsites.com\/?page_id=448"},"modified":"2011-03-23T23:55:40","modified_gmt":"2011-03-23T23:55:40","slug":"siervos-o-amigos-capitulo-1","status":"publish","type":"page","link":"https:\/\/speakingwellofgod.org\/es\/recursos-escritos\/siervos-o-amigos\/siervos-o-amigos-capitulo-1","title":{"rendered":"SIERVOS O AMIGOS: Capitulo 1"},"content":{"rendered":"<p>&nbsp;<\/p>\n<h2 style=\"text-align: center;\">\u00bfTENDRIAS MIEDO<\/h2>\n<h2 style=\"text-align: center;\">DE ENCONTRARTE CON DIOS?<\/h2>\n<p style=\"text-align: justify;\"><a href=\"https:\/\/speakingwellofgod.org\/wp-content\/uploads\/2011\/03\/ch1pg4-252x300.jpg\"><img decoding=\"async\" class=\"alignleft size-full wp-image-537 lazyload\" style=\"--smush-placeholder-width: 252px; --smush-placeholder-aspect-ratio: 252\/300;margin: 10px;\" title=\"Servants or Friends\" data-src=\"https:\/\/speakingwellofgod.org\/wp-content\/uploads\/2011\/03\/ch1pg4-252x300.jpg\" alt=\"\" width=\"252\" height=\"300\" src=\"data:image\/svg+xml;base64,PHN2ZyB3aWR0aD0iMSIgaGVpZ2h0PSIxIiB4bWxucz0iaHR0cDovL3d3dy53My5vcmcvMjAwMC9zdmciPjwvc3ZnPg==\" \/><\/a>Tendr\u00edas miedo de encontrarte con Dios?\u201d<\/p>\n<p style=\"text-align: justify;\">\u201c\u00a1S\u00ed, estar\u00eda terriblemente aterrado!\u201d<\/p>\n<p style=\"text-align: justify;\">\u201c\u00bfPor qu\u00e9?\u201d<\/p>\n<p style=\"text-align: justify;\">El sepulturero escoc\u00e9s estaba parado bajo la lluvia entre miles de l\u00e1pidas que rodeaban la antigua iglesia donde tambi\u00e9n se desempe\u00f1aba como director de la escuela dominical.<\/p>\n<p style=\"text-align: justify;\">\u201cPor esas historias aterrorizadoras de la Biblia\u201d.<\/p>\n<p style=\"text-align: justify;\">Les hab\u00eda hecho la misma pregunta a toda clase de personas en distintas localidades de las Islas Brit\u00e1nicas. Recorr\u00ed veinte mil kil\u00f3metros del suelo brit\u00e1nico, un centro hist\u00f3rico del cristianismo, como parte de un estudio que realizaba para descubrir por qu\u00e9 tan pocas personas en esas hermosas islas asist\u00edan a la iglesia o profesaban<\/p>\n<p style=\"text-align: justify;\">una creencia en Dios.<\/p>\n<p style=\"text-align: justify;\">Le hice la misma pregunta a una devota cristiana que hab\u00eda dedicado su larga vida a la ense\u00f1anza de la Biblia a los ni\u00f1os: \u201c\u00bfTendr\u00edas miedo de encontrarte con Dios?\u201d<\/p>\n<p style=\"text-align: justify;\">\u201cDe ninguna manera\u201d.<\/p>\n<p style=\"text-align: justify;\">\u201c\u00bfPor qu\u00e9 no?\u201d<\/p>\n<p style=\"text-align: justify;\">\u201cPor todas las maravillosas historias acerca del amor de Dios\u201d.<\/p>\n<p style=\"text-align: justify;\">\u201cPero, \u00bfqu\u00e9 diremos de todas las historias aterradoras de la Biblia?\u201d<\/p>\n<p style=\"text-align: justify;\">\u201cNo nos concentramos en los aspectos m\u00e1s espeluznantes de la Biblia. Preferimos destacar aquellos que realzan el amor\u201d.<\/p>\n<p style=\"text-align: justify;\">\u201cPero, \u00bfqu\u00e9 me dices del lago de fuego en el libro de Apocalipsis?\u201d<\/p>\n<p style=\"text-align: justify;\">\u201cEs que con los ni\u00f1os no estudiamos ese \u00faltimo libro de la Biblia\u201d.<\/p>\n<p style=\"text-align: justify;\">\u201c\u00bfY la historia del diluvio en G\u00e9nesis, donde Dios ahog\u00f3 a todos menos ocho?\u201d<\/p>\n<p style=\"text-align: justify;\">\u201c\u00a1Oh!, los ni\u00f1os no tienen dificultad alguna con ella. Poseen un agudo sentido de justicia, y especialmente les agrada ver c\u00f3mo Dios salv\u00f3 a los ocho en el arca\u201d. Es obvio que el sepulturero y la maestra de Biblia no pertenecen al grupo de las Islas Brit\u00e1nicas que ha abandonado el cristianismo, seg\u00fan lo entienden ellos. Pero para muchos otros, los \u201caspectos m\u00e1s espeluznantes de las Escrituras\u201d, como los califica la maestra, los han alejado de Dios y de la iglesia.<\/p>\n<p style=\"text-align: justify;\">Escuch\u00e9 frecuentes referencias a los horrores del infierno y de la imposibilidad de confiar en un Dios que demanda la obediencia bajo la amenaza de un tormento eterno. Una actriz shakesperiana se quej\u00f3 acaloradamente de que \u201clos dioses de otras religiones son menos crueles que el Dios del Antiguo Testamento\u201d. Con terror se acordaba del Dios que hab\u00eda conocido de ni\u00f1a, y ning\u00fan otro dios digno de confianza hab\u00eda a\u00fan tomado su lugar.<\/p>\n<p style=\"text-align: justify;\">Sin embargo, los brit\u00e1nicos son amigables como siempre. El hogar y la familia siguen siendo el centro de la sociedad. El afecto y la amistad que las familias pueden haber encontrado antes en la iglesia, muchos ahora los buscan en otro lugar. Un sitio favorito es la cantina del barrio.<\/p>\n<p style=\"text-align: justify;\">\u201c\u00bfPor qu\u00e9 las iglesias est\u00e1n tan vac\u00edas y las cantinas tan llenas?\u201d<\/p>\n<p style=\"text-align: justify;\">\u201cMejor servicio, supongo\u201d, fue la respuesta inmediata de un heladero londinense jubilado, que garbosamente se inclinaba sobre su bast\u00f3n frente a una iglesia de piedras cerrada con tablas que \u00e9l pronto esperaba comprar para convertirla en su casa.<\/p>\n<p style=\"text-align: justify;\">\u201c\u00bfTendr\u00edas miedo de encontrarte con Dios?\u201d<\/p>\n<p style=\"text-align: justify;\">\u201c\u00bfPor qu\u00e9 tendr\u00eda miedo? No le tengo miedo a nadie. Adem\u00e1s siempre he sido una persona m\u00e1s o menos decente, nunca le he dado puntapi\u00e9s al vecino ca\u00eddo\u201d.<\/p>\n<p style=\"text-align: justify;\">\u201c\u00bfAsististe a esta iglesia antes de que se cerrara?\u201d<\/p>\n<p style=\"text-align: justify;\">\u201cPor a\u00f1os no he asistido a ninguna iglesia. Cuando era peque\u00f1o, claro, asist\u00eda a la escuela dominical. Pero me obligaban a asistir\u201d.<\/p>\n<p style=\"text-align: justify;\">\u201c\u00bfQui\u00e9n te obligaba?\u201d<\/p>\n<p style=\"text-align: justify;\">\u201c\u00a1Mi madre!\u201d<\/p>\n<p style=\"text-align: justify;\">Como el vendedor de helados jubilado, muchos otros hablaron de sus mam\u00e1s y abuelitas como las que les mandaban a la escuela dominical. Pero al crecer, las preguntas sin respuestas los llevaron a la desilusi\u00f3n \u2014esta era una palabra muy frecuente\u2014, desilusi\u00f3n con la Biblia, con la iglesia y con Dios. En una tierra que tanto ha hecho para la distribuci\u00f3n mundial de las Sagradas Escrituras, el due\u00f1o de una librer\u00eda me dijo: \u201cConsidero que me va bien si vendo dos Biblias por a\u00f1o\u201d.<\/p>\n<p style=\"text-align: justify;\">&nbsp;<\/p>\n<h2 style=\"text-align: justify;\">Muchos quisieran creer todav\u00eda<\/h2>\n<p style=\"text-align: justify;\">Mientras muchos individuos y familias describ\u00edan su incredulidad, yo present\u00eda que hab\u00eda en ellos una a\u00f1oranza de Alguien en quien confiar, un Dios cuyas acciones tuvieran sentido l\u00f3gico para ellos.<\/p>\n<p style=\"text-align: justify;\">\u201c\u00bfA veces deseas poder creer todav\u00eda?\u201d<\/p>\n<p style=\"text-align: justify;\">\u201cS\u00ed, por cierto\u201d, fue la respuesta inmediata de un elocuente comentarista irland\u00e9s, quien cuando era muchacho asist\u00eda cada domingo a tres iglesias y todav\u00eda pod\u00eda repetir de memoria pasajes de las Escrituras. \u201cPero simplemente no hay evidencia\u201d.<\/p>\n<p style=\"text-align: justify;\">Sobre un peque\u00f1o puente arqueado del canal en el pueblo de Shakespeare, Stratford-upon-Avon, habl\u00e9 con un musculoso motociclista que aseveraba que nunca hab\u00eda cre\u00eddo en Dios.<\/p>\n<p style=\"text-align: justify;\">\u201c\u00bfHas le\u00eddo alguna vez la Biblia?\u201d<\/p>\n<p style=\"text-align: justify;\">\u201cNo\u201d.<\/p>\n<p style=\"text-align: justify;\">\u201c\u00bfHas asistido alguna vez a la iglesia?\u201d<\/p>\n<p style=\"text-align: justify;\">\u201cNo\u201d.<\/p>\n<p style=\"text-align: justify;\">\u201cCuando lleguemos al fin de la vida, sabremos si hay Alguien al otro lado\u201d.<\/p>\n<p style=\"text-align: justify;\">\u201cNaturalmente\u201d.<\/p>\n<p style=\"text-align: justify;\">\u201cSi realmente resulta que hay un Dios, \u00bfcrees que vas a tenerle miedo?\u201d<\/p>\n<p style=\"text-align: justify;\">\u201cNo. Si hay un Dios, estoy seguro que ser\u00e1 un buen camarada\u201d. No dijo esto con ligereza, pues agreg\u00f3 que hasta que sepamos bien qui\u00e9n es Dios, por lo menos debemos tratarnos con amabilidad. Continu\u00f3 diciendo: \u201cNo hay un infierno real, el infierno es la gente. Gente que no se porta con decencia\u201d.<\/p>\n<p style=\"text-align: justify;\">Este motociclista, de aspecto rudo pero muy gentil, parec\u00eda estar dispuesto a aceptar la buena nueva de que realmente hay un Dios como \u00e9l lo describ\u00eda. Sin embargo, era muy claro que no podr\u00eda aceptar a un Dios como muchos lo presentan.<\/p>\n<p style=\"text-align: justify;\">Con o sin instrucci\u00f3n religiosa previa, tantas personas que no profesaban creer en Dios, hablaban vagamente de un poder distante y bondadoso. \u201cUna presencia et\u00e9rea benevolente\u201d, fue la descripci\u00f3n dada por una madre joven, quien con un movimiento<\/p>\n<p style=\"text-align: justify;\">gracioso de la mano, recordaba los a\u00f1os de su ni\u00f1ez cuando asist\u00eda a la escuela dominical.<\/p>\n<p style=\"text-align: justify;\">Me encontr\u00e9 con una familia de cuatro miembros mientras caminaban cerca de la playa en el noroeste de Inglaterra. La madre habl\u00f3 con tristeza de su lento abandono de la adoraci\u00f3n cristiana y de su fe. \u201cDios y la iglesia se han alejado demasiado\u201d, explic\u00f3. \u201cNo tienen m\u00e1s sentido\u201d. A pesar de los a\u00f1os de asistencia a la iglesia y a la escuela dominical, ninguno de la familia pod\u00eda recordar siquiera una historia de la Biblia.<\/p>\n<p style=\"text-align: justify;\">\u201cPara que hubiera un dios a quien pudieras adorar nuevamente, \u00bfc\u00f3mo deber\u00eda ser?\u201d<\/p>\n<p style=\"text-align: justify;\">\u201cTendr\u00eda que ser alguien en quien pudiera confiar, uno que nunca me fallara\u201d, dijo serenamente Lorraine, una ni\u00f1a de once a\u00f1os.<\/p>\n<p style=\"text-align: justify;\">&nbsp;<\/p>\n<h2 style=\"text-align: justify;\">\u00bfHay alguien en quien podemos confiar?<\/h2>\n<p style=\"text-align: justify;\">Citar lo que dicen las Escrituras no resolver\u00eda esta duda. La descripci\u00f3n de Dios que ellos encontraron en la Biblia es lo que los llev\u00f3 a dudar de las aseveraciones b\u00edblicas. Y repetir las historias de amor no alcanzar\u00eda a contrapesar los \u201caspectos m\u00e1s espeluznantes de las Escrituras\u201d. \u00bfQu\u00e9 pasajes son los que realmente dicen la verdad? Para muchas personas reflexivas, la Biblia ha perdido su autoridad porque no siempre parece razonable o que tenga sentido com\u00fan.<\/p>\n<p style=\"text-align: justify;\">La esposa de un comerciante de \u00e9xito buscaba las palabras adecuadas para describir su idea de Dios. \u201cIncongruente, contradictorio, arbitrario\u201d, comenz\u00f3, pero finalmente dijo, \u201ccruel\u201d. Continu\u00f3 diciendo: \u201c\u00bfPor qu\u00e9 no podemos mantener los valores del cristianismo, como amar al pr\u00f3jimo como a uno mismo, sin incluir al Dios del cristiano?\u201d Como tantos otros, ella hab\u00eda sido criada en la escuela dominical, pero ahora \u2014con cierta renuencia\u2014 se declaraba \u201catea\u201d.<\/p>\n<p style=\"text-align: justify;\">No hace mucho, la reina Isabel manifest\u00f3 p\u00fablicamente que el pueblo brit\u00e1nico valora como lo m\u00e1s precioso su libertad y su individualidad. Por siglos ha defendido \u2014a veces con peligro de su vida\u2014 su libertad de adorar en la iglesia de su elecci\u00f3n. Ahora hay muchos que ejercen esa misma libertad no asistiendo a la iglesia.<\/p>\n<p style=\"text-align: justify;\">Se considera a Dios, a la Biblia y a la iglesia no tanto una amenaza a esta libertad atesorada, sino m\u00e1s bien simplemente como cosas sin importancia, que pertenecen a una \u00e9poca pasada de siervos y de arist\u00f3cratas, cuando la libertad era el privilegio de unos pocos, y los poderosos se aprovechaban de las supersticiones de los pobres.<\/p>\n<p style=\"text-align: justify;\">Hay recordativos, en toda Gran Breta\u00f1a, de la \u00e9poca en que el cristianismo desplegaba una autoridad mucho mayor. Pero muchas veces son monumentos no s\u00f3lo del valor y de la fe, sino tambi\u00e9n de la historia larga y oscura de los intentos de la religi\u00f3n \u2014incluyendo el cristianismo\u2014 de suprimir la libertad y la individualidad, a menudo mediante m\u00e9todos b\u00e1rbaros.<\/p>\n<p style=\"text-align: justify;\">En Chester, cerca de la frontera norte de Inglaterra con Gales, hay un sencillo monumento de piedra a la vera del camino que nos hace recordar que m\u00e1s de una rama del cristianismo ha practicado esta cruel represi\u00f3n. La inscripci\u00f3n registra que George Marsh, un cl\u00e9rigo protestante, fue \u201cmuerto en la hoguera cerca de este lugar por causa de la verdad\u201d en 1555, durante el reinado de Mar\u00eda la Sanguinaria. Es a la vez un monumento a John Pleasington, un sacerdote cat\u00f3lico romano, \u201cmartirizado aqu\u00ed\u201d por los protestantes en 1679, y \u201ccanonizado en 1970\u201d. Ambos herejes fueron muertos en el nombre del mismo Dios cristiano, y las multitudes que se divert\u00edan al congregarse para presenciar tales procedimientos dif\u00edcilmente pueden ser culpadas por considerar a Dios con marcado temor y confusi\u00f3n.<\/p>\n<p style=\"text-align: justify;\">Aun en tiempos recientes, de mayor luz, muchos no consideran a Dios, la Biblia y la iglesia como conceptos que enaltecen la dignidad de la libertad y la individualidad. Al no poder hallar un sentido l\u00f3gico en el cristianismo, muchos aparentemente han hallado m\u00e1s f\u00e1cil colocar a Dios y la religi\u00f3n entre la herencia cultural de alto colorido de Gran Breta\u00f1a, junto con Stonehenge y la Torre de Londres, para ser conservados y por cierto atesorados, pero que no forman parte de la vida moderna.<\/p>\n<p style=\"text-align: justify;\">&nbsp;<\/p>\n<h2 style=\"text-align: justify;\">\u00bfEs este el fin de la Edad Cristiana?<\/h2>\n<p style=\"text-align: justify;\">Otro motociclista en Stratford nos dijo: \u201cCuando era un muchacho en la escuela dominical, cre\u00eda en un Dios amigable. Pero ahora parece que ya no me hace falta\u201d. Hay tantos que comparten este punto de vista que en los \u00faltimos a\u00f1os se escucha a muchos hablar del fin de la Edad Cristiana para Gran Breta\u00f1a y para gran parte de Europa.<\/p>\n<p style=\"text-align: justify;\">\u201cNo es necesario que vayamos a la iglesia para ser personas decentes\u201d. As\u00ed comentaba Barry, un amable carnicero, mientras se apoyaba en su camioneta roja. Cuando le ped\u00ed el nombre de la iglesia grande situada al otro lado de la calle, se ri\u00f3 y mene\u00f3 la cabeza. \u201cLe est\u00e1 preguntando a la persona equivocada. Yo no creo en Dios y nunca asisto a la iglesia\u201d, respondi\u00f3. Con todo, Barry mostraba las caracter\u00edsticas de una persona verdaderamente decente.<\/p>\n<p style=\"text-align: justify;\">Cuando el cristianismo era m\u00e1s dominante, se pod\u00eda esperar que las personas de opiniones diversas tuvieran m\u00e1s respeto mutuo y fueran m\u00e1s consideradas las unas con las otras. Pero como dijo un bibliotecario de Oxford, un devoto cristiano: \u201cUna cosa buena se puede decir acerca de la decadencia de la religi\u00f3n en Gran Breta\u00f1a, y es que las personas ahora son m\u00e1s tolerantes las unas con las otras\u201d.<\/p>\n<p style=\"text-align: justify;\">Debe ser un gran chasco para Dios escuchar que tanta gente respetable en Gran Breta\u00f1a y en otras partes de mundo lo identifican con una \u00e9poca de menos libertad y menos civilizada. \u00a1C\u00f3mo desear\u00e1 que ellos pudieran o\u00edr la incre\u00edble oferta de su Hijo hace casi dos mil a\u00f1os: \u201cNo os llamo siervos. Prefiero llamaros mis amigos!\u201d<\/p>\n<p style=\"text-align: justify;\">\u00bfAcaso podr\u00eda haber un gobierno m\u00e1s civilizado, una sociedad m\u00e1s libre, que el que presidiera el Dios de Juan 15:15?<\/p>\n","protected":false},"excerpt":{"rendered":"<p>&nbsp; \u00bfTENDRIAS MIEDO DE ENCONTRARTE CON DIOS? Tendr\u00edas miedo de encontrarte con Dios?\u201d \u201c\u00a1S\u00ed, estar\u00eda terriblemente aterrado!\u201d \u201c\u00bfPor qu\u00e9?\u201d El sepulturero escoc\u00e9s estaba parado bajo la lluvia entre miles de l\u00e1pidas que rodeaban la antigua iglesia donde tambi\u00e9n se desempe\u00f1aba como director de la escuela dominical. \u201cPor esas historias aterrorizadoras de la Biblia\u201d. Les hab\u00eda [&hellip;]<\/p>\n","protected":false},"author":1,"featured_media":0,"parent":457,"menu_order":0,"comment_status":"open","ping_status":"open","template":"","meta":{"footnotes":""},"class_list":["post-448","page","type-page","status-publish","hentry"],"_links":{"self":[{"href":"https:\/\/speakingwellofgod.org\/es\/wp-json\/wp\/v2\/pages\/448","targetHints":{"allow":["GET"]}}],"collection":[{"href":"https:\/\/speakingwellofgod.org\/es\/wp-json\/wp\/v2\/pages"}],"about":[{"href":"https:\/\/speakingwellofgod.org\/es\/wp-json\/wp\/v2\/types\/page"}],"author":[{"embeddable":true,"href":"https:\/\/speakingwellofgod.org\/es\/wp-json\/wp\/v2\/users\/1"}],"replies":[{"embeddable":true,"href":"https:\/\/speakingwellofgod.org\/es\/wp-json\/wp\/v2\/comments?post=448"}],"version-history":[{"count":0,"href":"https:\/\/speakingwellofgod.org\/es\/wp-json\/wp\/v2\/pages\/448\/revisions"}],"up":[{"embeddable":true,"href":"https:\/\/speakingwellofgod.org\/es\/wp-json\/wp\/v2\/pages\/457"}],"wp:attachment":[{"href":"https:\/\/speakingwellofgod.org\/es\/wp-json\/wp\/v2\/media?parent=448"}],"curies":[{"name":"wp","href":"https:\/\/api.w.org\/{rel}","templated":true}]}}