{"id":1659,"date":"2017-09-07T09:26:16","date_gmt":"2017-09-07T09:26:16","guid":{"rendered":"https:\/\/speakingwellofgod.ootartb0-liquidwebsites.com\/?page_id=1659"},"modified":"2017-09-07T09:26:16","modified_gmt":"2017-09-07T09:26:16","slug":"como-gano-dios-su-caso","status":"publish","type":"page","link":"https:\/\/speakingwellofgod.org\/es\/recursos-escritos\/como-gano-dios-su-caso","title":{"rendered":"C\u00f3mo gan\u00f3 Dios su caso"},"content":{"rendered":"<p style=\"text-align: left;\"><a href=\"https:\/\/speakingwellofgod.org\/wp-content\/uploads\/2011\/07\/wonhiscase.pdf\">Download PDF Version<\/a><\/p>\n<p style=\"text-align: left;\"><em>La percepci\u00f3n de un &#8220;miembro del jurado&#8221;.<\/em><\/p>\n<p style=\"text-align: left;\"><strong>by Graham Maxwell<\/strong><\/p>\n<p>Dios, \u00a1que venzas cuando vayas a juicio!&#8221;<\/p>\n<p>Esa dram\u00e1tica traducci\u00f3n de Romanos 3:4 es comparable con el uso que Pablo hace de la oraci\u00f3n de David en el Salmo 51:6 seg\u00fan La Biblia del Peregrino de Sh\u00f6ckel, que \u00abresultes inocente en el juicio\u00bb, (Salmo 51:4 en la mayor\u00eda de las versiones). El ap\u00f3stol ha hecho la pregunta: \u00bfser\u00e1 que la falta de fe de parte del privilegiado pueblo de Dios significa que no se puede confiar en Dios? &#8220;En ninguna manera. Antes bien, sea Dios veraz, y todo hombre mentiroso; como est\u00e1 escrito: \u00abPara que seas justificado en tus palabras, y venzas cuando vayas a juicio\u00bb&#8221;.<\/p>\n<p>Si Dios no hubiese sido acusado, no habr\u00eda necesidad de que se defendiera a s\u00ed mismo. Y como los cargos en su contra fueron presentados ante todo el universo, la respuesta entonces debe ser presentada p\u00fablicamente. Cuando Daniel describi\u00f3 la reuni\u00f3n del tribunal celestial, hizo \u00e9nfasis en la presentaci\u00f3n p\u00fablica de la evidencia. Millares de millares observaban mientras &#8220;el tribunal dio principio a la sesi\u00f3n, y los libros fueron abiertos&#8221;. (Daniel 7:10, DHH).<\/p>\n<p>Como pecadores necesitados de salvaci\u00f3n tenemos, naturalmente, la tendencia a preocuparnos en lo que Dios ha hecho por salvarnos, para as\u00ed ser considerados justos cuando nuestros casos sean llevados a juicio. Pero la Biblia habla de una inquietud previa, de mucha mayor importancia, la confirmaci\u00f3n de la veracidad y confiabilidad del mismo Dios.<\/p>\n<p>A algunos les parece dif\u00edcil creer que el Dios infinito pueda tolerar, no digamos animar, el que se cuestione sus inescrutables caminos. Pero el libro de Apocalipsis y muchas otras partes de las Escrituras describen un antiguo conflicto acerca de su divino car\u00e1cter y su gobierno. Un conflicto que involucr\u00f3 a todo el universo, al punto de que hubo guerra en el cielo (ver Apocalipsis 12:7-17).<\/p>\n<p>A menos de que Dios gane esta guerra y restablezca la paz en su familia, la salvaci\u00f3n no tendr\u00eda significado alguno. \u00bfQui\u00e9n desear\u00eda vivir por la eternidad en un universo en guerra? M\u00e1s que eso, el conflicto es respecto a la confiabilidad misma de Dios y mientras esas graves dudas relacionadas con su car\u00e1cter no hayan sido convincentemente satisfechas, \u00bfhabr\u00e1 un fundamento firme para nuestra fe en \u00e9l?<\/p>\n<p>\u00bfQu\u00e9 significa para Dios el ganar esta guerra? Sus enemigos son sus propios hijos. Para un Padre amante, destruirlos no ser\u00eda una victoria, sino una angustiosa p\u00e9rdida. \u00a1Piensen en el eterno vac\u00edo que Lucifer dejar\u00e1 en la infinita memoria de Dios!<\/p>\n<p>Si este conflicto fuera solamente acerca de poder, cu\u00e1n f\u00e1cilmente podr\u00eda demostrar Dios su superioridad. Porque a\u00fan hasta los demonios reconocen eso ya, y desconfiando de tan poderoso Dios &#8220;tiemblan de espanto&#8221; (Santiago 2:19, LBN).<\/p>\n<p>Este conflicto es acerca de un asunto m\u00e1s sutil: \u00bfQui\u00e9n dice la verdad?, \u00bfDios o el brillante l\u00edder de sus \u00e1ngeles?<\/p>\n<p>El antiguo portador de luz, ahora llamado Satan\u00e1s o Diablo, nombre que significa \u00abacusador\u00bb o \u00abadversario\u00bb, fue inicialmente exitoso al persuadir a un vasto n\u00famero de sus compa\u00f1eros \u00e1ngeles de que Dios no era digno de confianza (ver Apocalipsis 12:4, 9). Entonces, cuando el conflicto se extendi\u00f3 al recientemente creado planeta, este acus\u00f3 a Dios de haberle mentido a nuestros primeros padres e insinu\u00f3 que hab\u00eda sido arbitrario, vengativo y severo al restringirles duramente su libertad.<\/p>\n<p>Si las acusaciones de Satan\u00e1s tienen fundamento, ser\u00eda una necedad de nuestra parte depositar nuestra confianza en una deidad tal. \u00bfHa respondido Dios a esas acusaciones? \u00bfSon sus respuestas fundamento suficiente para nuestra fe?<\/p>\n<p>La Biblia, toda ella, es un registro de cu\u00e1n lejos ha estado Dios dispuesto a llegar para convencernos de su confiabilidad. Durante los \u00faltimos cuarenta a\u00f1os, he disfrutado el privilegio de dirigir grupos a trav\u00e9s de los sesenta y seis libros de la Biblia m\u00e1s de ciento treinta veces. Despu\u00e9s de leerla sucesivamente cada vez, se hace m\u00e1s convincentemente aparente que Dios no es el tipo de persona que sus enemigos le han hecho parecer. Al contrario, no hay nada que \u00e9l valora m\u00e1s alto que nuestra libertad y el otorgamiento liberal de nuestro amor y confianza, hacia \u00e9l y entre nosotros. Y tales cualidades no se pueden demandar o producir a la fuerza. Dios tampoco nos pide que confiemos en \u00e9l como su fuera un extra\u00f1o. Por el contrario, lo primero que hace es revelarse a s\u00ed mismo para que podamos conocerle y as\u00ed decidir, por nosotros mismos, si nos parece digno de confianza.<\/p>\n<p>Este es el por qu\u00e9, en vez de destruir a sus enemigos, \u00e9l llev\u00f3 su caso ante el tribunal. El supremo Creador del universo, humildemente someti\u00f3 su car\u00e1cter y gobierno al escrutinio e investigaci\u00f3n de sus criaturas.<\/p>\n<p>\u00bfY c\u00f3mo se propuso Dios ganar su caso? \u00bfRecurri\u00f3 al soborno o a la intimidaci\u00f3n? Satan\u00e1s acus\u00f3 a Dios de comprar lealtades, como en el caso de Job. \u00bfEsperaba \u00e9l que el tribunal aceptara sus reclamos de ser digno de confianza, solamente por ser quien es, el poderoso Creador del universo? \u00bfImpresion\u00f3 al tribunal con milagros? \u00bfAmenaz\u00f3 con destruir a cualquiera que no votara en su favor? \u00bfLe habr\u00eda eso ayudado a ganar su caso? \u00bfQu\u00e9 tipo de victoria desea obtener \u00e9l en el tribunal?<\/p>\n<p>Sobre todo, y puesto que este es un problema de confianza, \u00bfmanipul\u00f3 Dios al jurado implantando milagrosamente fe en sus corazones para que votaran a su favor? \u00bfConfiar\u00eda usted en un Dios que controlara de tal manera las mentes de sus hijos, o estar\u00eda satisfecho \u00e9l con una fe as\u00ed, artificial?<\/p>\n<p>No hay atajos para llegar a la confianza. El reclamar que se es digno de confianza, no prueba nada. El diablo mismo puede reclamar eso. Hitler declaraba que se pod\u00eda confiar en \u00e9l, y la historia demostr\u00f3 la locura de creer en simples promesas y en aseveraciones sin pruebas que las ratifiquen. Cuando Satan\u00e1s puso en duda la autenticidad de la fe de Job, Dios no resolvi\u00f3 el asunto mediante un pronunciamiento divino. En vez de eso, el permiti\u00f3 la dolorosa demostraci\u00f3n de los hechos en el caso. Esta es la forma en que Dios establece la confianza.<\/p>\n<p>Aunque Dios ha sido acusado falsamente, solamente existe una manera de enfrentar los cargos. Solamente mediante la demostraci\u00f3n de que se es digno de confianza, en un largo per\u00edodo de tiempo y bajo una gran variedad de circunstancias, especialmente las dif\u00edciles, puede restablecerse y confirmarse la confianza.<\/p>\n<p>Es por esto que Dios, &#8220;muchas veces y de muchas maneras&#8221; demostr\u00f3 la verdad acerca de s\u00ed mismo, &#8220;a los padres&#8221; a trav\u00e9s de los largos siglos de la historia del Antiguo Testamento (ver Hebreos 1:1, RVA 1989). Hasta que finalmente, envi\u00f3 a su Hijo a vivir entre nosotros. Y de la manera en que Jes\u00fas vivi\u00f3, en que trat\u00f3 a la gente, las cosas que ense\u00f1\u00f3 acerca de su Padre, y la singular y horrenda forma en que muri\u00f3 fueron la m\u00e1s clara revelaci\u00f3n de la verdad que el universo ver\u00e1 o necesitar\u00e1 alg\u00fan d\u00eda acerca de la confiabilidad de Dios .<\/p>\n<p>\u00a1Vaya precio el que Dios ha estado dispuesto a pagar con el fin de restaurar y confirmar la confianza en su familia! Y tan costosa demostraci\u00f3n no fue de beneficio para nosotros, mortales pecadores, solamente. El universo entero ha estado involucrado. Cristo no muri\u00f3 \u00fanicamente por esta raza pecadora. \u00a1El tambi\u00e9n verti\u00f3 su sangre por los santos \u00e1ngeles! Porque ellos tambi\u00e9n necesitaban el confirmador mensaje de fe de la cruz.<\/p>\n<p>Pablo les explicaba esto a los creyentes de Colosas. &#8220;A trav\u00e9s del Hijo, Dios abri\u00f3 el camino por el que todas las cosas, ya est\u00e9n en los cielos o en la tierra, pueden allegarse a El. La sangre de Cristo derramada en la cruz puso la paz de Dios al alcance de todos.\u201d (Colosenses 1:19, 20, NT BAD). Es por medio del significado de la cruz que la guerra que empez\u00f3 all\u00e1 en el cielo finalmente concluy\u00f3 y asegur\u00f3 la paz eterna.<\/p>\n<p>Dos veces, escribi\u00f3 Pablo en su carta a los Efesios, acerca del prop\u00f3sito de Dios de poner en armon\u00eda y unidad, una vez m\u00e1s a toda su familia (ver Efesios 1:10; 3:10). Tal como Jes\u00fas lo dijo antes de su crucifixi\u00f3n: &#8220;Pero cuando yo sea levantado de la tierra, atraer\u00e9 a todos a m\u00ed mismo.\u201d (Juan 12:32, DHH).<\/p>\n<p>Hay versiones que ponen en labios de Jes\u00fas las palabras &#8220;atraer\u00e9 a m\u00ed a todos los hombres&#8221;, pero la mayor\u00eda de las versiones indican &#8220;a todos&#8221; \u00fanicamente. Cuando las palabras: &#8220;los hombres&#8221; aparecen en el texto, eso es a\u00f1adido. La amplia comprensi\u00f3n que el ap\u00f3stol Pablo ten\u00eda de que el significado de la cruz abarca incluso al universo que observa, apoya la idea de &#8220;todo lo atraer\u00e9 a m\u00ed&#8221;, seg\u00fan lo presenta la versi\u00f3n de Torres Amat.<\/p>\n<p>Ellen White enf\u00e1ticamente declara &#8220;Pero el plan de redenci\u00f3n ten\u00eda un prop\u00f3sito todav\u00eda m\u00e1s amplio y profundo que el de salvar al hombre. Cristo no vino a la tierra s\u00f3lo por este motivo&#8230; sino que vino para vindicar el car\u00e1cter de Dios ante el universo&#8221;. Para luego citar Juan 12:32, dejando fuera, atrevida y acertadamente, las limitantes palabras &#8220;los hombres&#8221; (PP 55).<\/p>\n<p>En el mismo cap\u00edtulo de Romanos en el que Pablo anuncia la victoria de Dios ante el tribunal, \u00e9l cita la suprema evidencia sobre la que Dios basa su defensa y gana su caso. Dios se sacrifica a s\u00ed mismo, en su Hijo, para demostrar convincentemente la verdad. As\u00ed como Pablo lo explica, &#8220;Dios se present\u00f3 muriendo p\u00fablicamente, como medio de reconciliaci\u00f3n que se aprovecha por fe. Esto fue para demostrar su propia rectitud, porque en su paciencia Dios hab\u00eda, aparentemente, pasado por alto los pecados pasados de los hombres. Esto fue para demostrar su rectitud, en este tiempo, para demostrar que \u00e9l mismo es recto y que puede hacer rectos a quienes conf\u00eden en Jes\u00fas&#8221;, (Romanos 3:25, mi propia traducci\u00f3n).<\/p>\n<p>Dios dijo la verdad en el Ed\u00e9n. \u00c9l no minti\u00f3, seg\u00fan Satan\u00e1s lo acus\u00f3. El pecado causa la muerte. Pero no, no es tortura o ejecuci\u00f3n en las manos de un Dios vengativo. Dios no puso ni siquiera un dedo sobre su hijo, ni en el Getseman\u00ed, ni en el Calvario. Dios &#8220;lo abandon\u00f3&#8221; de la misma manera en que &#8220;abandonar\u00e1&#8221; a los pecadores al final. Y estos morir\u00e1n. Y Dios se lamentar\u00e1, llorar\u00e1, as\u00ed como se lament\u00f3 por el rebelde Israel: &#8220;\u00bfc\u00f3mo podr\u00e9 abandonarte, oh Efra\u00edn? \u00bfC\u00f3mo podr\u00e9 entregarte, oh Israel?&#8221; (ver Oseas 11:8; cf. Romanos 1:24, 26, 28; 4:25)<\/p>\n<p>\u00bfVal\u00eda la pena pagar un precio tal con tal de aclarar cualquier malentendido acerca del pecado y de sus consecuencias, y de c\u00f3mo es que Dios participa en la muerte eterna de sus insalvables hijos? \u00bfPor qu\u00e9 era tan importante para Dios que sus hijos le sirvieran pero no por miedo a ser torturados y ejecutados?<br \/>\nAlgunos miembros del mism\u00edsimo pueblo de Dios demostraron la terrible respuesta. El universo horrorizado observ\u00f3 de qu\u00e9 manera los escrupulosamente devotos observadores del S\u00e1bado torturaron a Jes\u00fas hasta la muerte, en el nombre de Dios, y luego se apresuraron a llegar a casa para guardar otro s\u00e9ptimo d\u00eda m\u00e1s. Para demostrar que eran en verdad el obediente y fiel pueblo de Dios.<\/p>\n<p>\u00bfC\u00f3mo pod\u00edan ser tan religiosos y tan crueles a la vez? \u00bfSer\u00eda porque adoraban a un dios que har\u00eda exactamente lo mismo? Saulo, el cruel perseguidor serv\u00eda a un dios tal, hasta el d\u00eda en que se encontr\u00f3 con Jes\u00fas camino a Damasco. \u00bfHabr\u00e1 alguna advertencia aqu\u00ed para aquellos cristianos que adoran a un dios dispuesto a mantener vivos de manera milagrosa a los pecadores, en las llamas del fin hasta que hayan sido suficientemente torturados para su ejecuci\u00f3n?<\/p>\n<p>Tres disc\u00edpulos altamente privilegiados fueron invitados a observar la asombrosa experiencia del Getseman\u00ed, pero estaban demasiado adormitados como para prestar atenci\u00f3n. Solamente uno de ellos fue al Calvario para ver y escuchar por s\u00ed mismo las costosas respuestas a las preguntas presentadas en este gran conflicto.<\/p>\n<p>Pero el resto del universo no desperdici\u00f3 la evidencia. Desde que Cristo clam\u00f3 &#8220;consumado es&#8221; all\u00e1 en el Calvario, los \u00e1ngeles leales no se han cansado de afirmarle a Dios que ha ganado su amor y su confianza por la eternidad (ver Apocalipsis 4:8; 5:11-14). Basado en las pruebas que se proveyeron, Dios gan\u00f3 abrumadoramente su caso. \u00a1Y gan\u00f3 con pruebas capaces de soportar una investigaci\u00f3n por la eternidad! Es solamente aqu\u00ed, en este planeta, en donde persisten dudas sobre la veracidad y confiabilidad de Dios.<\/p>\n<p>La manera tan abierta en la que Dios procur\u00f3 ganar su caso, es en s\u00ed misma, la prueba m\u00e1s persuasiva de que \u00c9l es digno de confianza. Advirti\u00e9ndonos a\u00fan de que no aceptemos pruebas dudosas como sustituto de la verdad (ver Deuteronomio 13:1-3). Esta advertencia claro, fue una invitaci\u00f3n a todos los pueblos a prestar atenci\u00f3n, con mucho cuidado, de los mismos milagros que Dios mismo realiz\u00f3.<\/p>\n<p>Dios tambi\u00e9n nos advirti\u00f3 del peligro de aceptar, demasiado pronto, las aseveraciones de l\u00edderes religiosos que dicen que sus mensajes vienen directamente de Dios; porque pueden estar mintiendo (ver 1 Reyes 13). Por el contrario, esta es una invitaci\u00f3n de Dios a que seamos cuidadosos al aceptar afirmaciones y promesas que parecen haber sido hechas por Dios mismo.<\/p>\n<p>En el camino a Ema\u00fas, Dios manifest\u00f3 claramente que las decisiones importantes deben tomarse de acuerdo al peso de la evidencia, m\u00e1s que basados en las meras aseveraciones de alguien con autoridad, no importa qui\u00e9n este sea. Mientras Jes\u00fas hablaba a los dos disc\u00edpulos, no permiti\u00f3 que lo reconocieran sino hasta haberles interpretado las Escrituras llev\u00e1ndolos a una fe inteligente en su vida, su car\u00e1cter, su misi\u00f3n en la tierra y su muerte y su resurrecci\u00f3n. Es claro que \u00e9l deseaba que la verdad se estableciera en sus mentes, no porque \u00e9l la apoyaba con su testimonio personal, sino porque las ense\u00f1anzas y predicciones del Antiguo Testamento, en com\u00fan acuerdo con cada uno de los aspectos de su vida y su muerte, se presentaban como pruebas irrefutables de la verdad (ver Lucas 24:13-35).<\/p>\n<p>El hecho de que el Soberano del universo, quien tiene el poder de dirigir su creaci\u00f3n de la manera en que le plazca, deba escoger humildemente ganar nuestro apoyo basado en pruebas innegables \u00a1es incre\u00edble, pero cierto! Dios claramente ha demostrado que prefiere ese m\u00e9todo, y la historia nos demuestra el por qu\u00e9.<\/p>\n<p>Dios incluso no prefiere que nos consideremos como sus siervos, sino como sus amigos. As\u00ed como Jes\u00fas lo explicara en Juan 15:15, y la raz\u00f3n de tan incre\u00edble oferta es que un siervo solamente hace lo que se le dice. Sin importar las razones y sin explicaciones. Solamente sumisi\u00f3n y obediencia incuestionables. Es un honor ser un fiel siervo de Dios, pero \u00e9l prefiere la cooperaci\u00f3n inteligente de amigos que han entendido.<\/p>\n<p>Dios era honrado con la confianza que Abraham y Mois\u00e9s le mostraban, cuando, con toda reverencia, se aventuraban a cuestionar sus planes y prop\u00f3sitos. Tal como se esperar\u00eda de los buenos amigos, a ellos les preocupaba la reputaci\u00f3n de Dios. Y Dios estaba orgulloso de presentarlos en la Biblia como sus amigos de confianza.<\/p>\n<p>\u00bfC\u00f3mo podr\u00eda fracasar un Dios as\u00ed en ganar su caso? \u00a1Al menos con usted y conmigo!<\/p>\n<p>\u00a91987 Graham Maxwell.<\/p>\n<hr size=\"1\" \/>\n<p><span style=\"font-family: Verdana,Arial,Helvetica; font-size: xx-small;\">\u00a91998 Pine Knoll Publications.<br \/>\nAll rights reserved.<\/span><\/p>\n","protected":false},"excerpt":{"rendered":"<p>Download PDF Version La percepci\u00f3n de un &#8220;miembro del jurado&#8221;. by Graham Maxwell Dios, \u00a1que venzas cuando vayas a juicio!&#8221; Esa dram\u00e1tica traducci\u00f3n de Romanos 3:4 es comparable con el uso que Pablo hace de la oraci\u00f3n de David en el Salmo 51:6 seg\u00fan La Biblia del Peregrino de Sh\u00f6ckel, que \u00abresultes inocente en el [&hellip;]<\/p>\n","protected":false},"author":1,"featured_media":0,"parent":452,"menu_order":0,"comment_status":"open","ping_status":"open","template":"","meta":{"footnotes":""},"class_list":["post-1659","page","type-page","status-publish","hentry"],"_links":{"self":[{"href":"https:\/\/speakingwellofgod.org\/es\/wp-json\/wp\/v2\/pages\/1659","targetHints":{"allow":["GET"]}}],"collection":[{"href":"https:\/\/speakingwellofgod.org\/es\/wp-json\/wp\/v2\/pages"}],"about":[{"href":"https:\/\/speakingwellofgod.org\/es\/wp-json\/wp\/v2\/types\/page"}],"author":[{"embeddable":true,"href":"https:\/\/speakingwellofgod.org\/es\/wp-json\/wp\/v2\/users\/1"}],"replies":[{"embeddable":true,"href":"https:\/\/speakingwellofgod.org\/es\/wp-json\/wp\/v2\/comments?post=1659"}],"version-history":[{"count":0,"href":"https:\/\/speakingwellofgod.org\/es\/wp-json\/wp\/v2\/pages\/1659\/revisions"}],"up":[{"embeddable":true,"href":"https:\/\/speakingwellofgod.org\/es\/wp-json\/wp\/v2\/pages\/452"}],"wp:attachment":[{"href":"https:\/\/speakingwellofgod.org\/es\/wp-json\/wp\/v2\/media?parent=1659"}],"curies":[{"name":"wp","href":"https:\/\/api.w.org\/{rel}","templated":true}]}}