{"id":1580,"date":"2014-04-14T18:00:59","date_gmt":"2014-04-14T18:00:59","guid":{"rendered":"https:\/\/speakingwellofgod.ootartb0-liquidwebsites.com\/?page_id=1580"},"modified":"2014-04-14T18:00:59","modified_gmt":"2014-04-14T18:00:59","slug":"numero-veinte-en-paz-con-nuestro-padre-celestial","status":"publish","type":"page","link":"https:\/\/speakingwellofgod.org\/es\/recursos-escritos\/conversaciones-acerca-de-dios\/numero-veinte-en-paz-con-nuestro-padre-celestial","title":{"rendered":"N\u00daMERO VEINTE: &#8220;EN PAZ CON NUESTRO PADRE CELESTIAL&#8221;"},"content":{"rendered":"<p style=\"text-align: justify;\"><strong>N\u00famero veinte:<\/strong> &#8220;En paz con nuestro Padre celestial&#8221;, otra mirada a la exitosa pero altamente costosa soluci\u00f3n de Dios a la crisis en su familia.<\/p>\n<p style=\"text-align: justify;\">Empezamos estas conversaciones recordando que una vez hubo paz en todo el universo. Y hab\u00eda paz porque todos los miembros de la vasta familia de Dios confiaban los unos en los otros, y en su Padre celestial. \u00c9l a su vez pod\u00eda sin riesgo alguno, confiar en ellos. Pero tambi\u00e9n hablamos de de la guerra que empez\u00f3 en el cielo, el conflicto de desconfianza, las falsas acusaciones del enemigo y la paciente demostraci\u00f3n de parte de Dios de la verdad. El conflicto no era meramente acerca de la obediencia a las leyes, sino acerca del car\u00e1cter y el gobierno del mismo Dios. La victoria para Dios no es la destrucci\u00f3n de sus enemigos. Eso lo pudo haber logrado mediante una simple orden o por la manifestaci\u00f3n de su ilimitado poder. Pero es que los enemigos de Dios son sus propios hijos descarriados. No hay victoria para Dios sino hasta que todo lo que sali\u00f3 mal sea corregido, hasta que la paz haya sido asegurada para la eternidad. No una falsa paz a base de fuerza o temor, sino paz verdadera basada en el amor y la confianza que se dan en libertad.<\/p>\n<p style=\"text-align: justify;\">No puede haber paz si Dios fuera como Satan\u00e1s ha dicho que es: arbitrario, vengativo, no perdonador y severo. El simple perd\u00f3n y el ajuste de nuestra situaci\u00f3n legal no producir\u00e1 paz entre pecadores y este tipo de Dios. Pero existen explicaciones de la salvaci\u00f3n que parecen basarse en el supuesto de que las acusaciones de Satan\u00e1s son verdaderas. &#8220;Dios es arbitrario&#8221; dir\u00e1n algunos, &#8220;pero como el Soberano \u00c9l tiene derecho a serlo&#8221;. &#8220;Dios toma venganza, pero en su caso la llamamos justicia&#8221;. Algunos insinuar\u00e1n que Dios es severo y no perdonador, pero muchos sugieren lo mismo al urgir la necesidad de un Amigo all\u00e1 que le ruega al Padre que nos perdone y sane.<\/p>\n<p style=\"text-align: justify;\">Pablo le dijo a los primeros cristianos que puesto que fuimos ganados de nuevo a la confianza y as\u00ed rectificados con Dios debemos seguir disfrutando la paz que tenemos con Dios por medio de Jesucristo (Romanos 5:1). Jes\u00fas vino para traernos paz con Dios, no al pagar una pena legal para que Dios no tuviera que matarnos al final. \u00c9l trajo paz al demostrar la verdad acerca de Dios, de que no es necesario tener miedo. Ciertamente que Dios abandanor\u00e1 a quienes reh\u00fasen confiar, escuchar y aceptar su sanidad. Pero Dios no torturar\u00e1 a muerte a sus hijos que est\u00e1n muriendo. Jes\u00fas trajo paz, no tanto al asegurarnos que \u00c9l ser\u00e1 nuestro amigo en el tribunal, sino al mostrarnos que no es necesario que \u00c9l le ruegue a Dios de nuestra parte, porque el Padre es tan amigo como \u00c9l.<\/p>\n<p style=\"text-align: justify;\">Ciertamente que la \u00fanica manera de rectificarnos y mantenernos rectos fue que Jes\u00fas viniera a demostrar la verdad acerca del Padre. Y as\u00ed, como lo dijera una de las mejores amigas de Dios: &#8220;Todo el prop\u00f3sito de la misi\u00f3n de Cristo en esta tierra fue rectificar al hombre al revelarle la verdad acerca del car\u00e1cter de Dios&#8221;. Esta es la verdad que nos libera. Esta es la verdad que trae paz eterna. Pero, \u00bfnos gusta? \u00bfla deseamos? Al igual que Dios \u00bflo entregar\u00edamos todo con tal de obtener una paz tal?<\/p>\n<p style=\"text-align: justify;\"><strong>Textos b\u00edblicos incluidos:<\/strong><br \/>\n<strong> Romanos 5:1.<\/strong> &#8220;En consecuencia, ya que hemos sido justificados mediante la fe, tenemos paz con Dios por medio de nuestro Se\u00f1or Jesucristo&#8221; (La Biblia al D\u00eda).<br \/>\n&#8220;Paz tengamos&#8221; (Septuaginta en espa\u00f1ol)<br \/>\n\u201cMantengamos la paz&#8221; (Torres Amat)<br \/>\n\u201cSigamos disfrutando la paz que tenemos\u201d (Versi\u00f3n en ingl\u00e9s de Helen Barrett Montgomery)<\/p>\n<p style=\"text-align: justify;\"><strong>1 Reyes 9:3, 4.<\/strong> &#8220;Jehov\u00e1 le dijo a Salom\u00f3n. . . \u00absi me sigues con integridad y rectitud de coraz\u00f3n, como lo hizo tu padre David, . . . \u00bb&#8221; (Nueva Versi\u00f3n Internacional).<\/p>\n<p style=\"text-align: justify;\"><strong>Colosenses 1:20.<\/strong> &#8220;Por medio de Cristo, Dios hizo que todo el universo volviera a estar en paz con \u00e9l. Y esto lo hizo posible por medio de la muerte de su Hijo en la cruz&#8221; (La Biblia en Lenguaje Sencillo).<\/p>\n<p style=\"text-align: justify;\"><strong>Mateo 10:34-36.<\/strong> &#8220;No vine a traer la paz, sino la espada. Porque he venido a enfrentar al hijo con su padre, a la hija con su madre y a la nuera con su suegra; y as\u00ed, el hombre tendr\u00e1 como enemigos a los de su propia casa\u201d (La Biblia Palabra de Dios).<\/p>\n<p style=\"text-align: justify;\"><strong>Juan 1:11.<\/strong> &#8220;Vino a su propia casa, y los suyos no le recibieron&#8221; (Torres Amat).<\/p>\n<p style=\"text-align: justify;\"><strong>1 Pedro 4:12-14.<\/strong> &#8220;No se sorprendan con la dolorosa prueba por la que est\u00e1n pasando. . . M\u00e1s bien, al\u00e9grense de compartir los sufrimientos de Cristo&#8230; Si otros los maldicen por causa de Cristo, ustedes son afortunados porque el glorioso Esp\u00edritu de Dios est\u00e1 sobre ustedes&#8221; (La Biblia Palabra de Dios para Todos).<\/p>\n<p style=\"text-align: justify;\"><strong>G\u00e1latas 5:22.<\/strong> &#8220;En cambio, cuando el Esp\u00edritu Santo dirige nuestra vida, produce en nosotros frutos de amor, gozo, y paz\u2026 &#8221; (Biblia en Castellano Antiguo).<\/p>\n<p style=\"text-align: justify;\"><strong>Juan 14:25, 26.<\/strong> &#8220;El Consolador, el Esp\u00edritu Santo&#8230; os recordar\u00e1 todo lo que yo os he dicho&#8230; La paz os dejo, mi paz os doy&#8230; No se turbe vuestro coraz\u00f3n, ni tenga miedo&#8221; (Reina Valera 1960).<\/p>\n<p style=\"text-align: justify;\"><strong>John 16:33; 17:1, 3, 4.<\/strong> &#8220;Yo les dije esto para que encuentren paz en m\u00ed. En el mundo ustedes tendr\u00e1n que enfrentar persecuci\u00f3n, pero, \u00a1sean valientes! Yo he conquistado al mundo&#8221;. Es decir, hemos ganado nuestro caso en el gran conflicto. Luego se vuelve y le dice a su Padre: &#8220;Padre&#8230; \u00e9sta es la vida eterna: que te conozcan a ti, el \u00fanico Dios verdadero&#8230; te he glorificado en la tierra, habiendo acabado la obra que me has dado que hiciera&#8221; (Reina Valera 1989).<\/p>\n<p style=\"text-align: justify;\"><strong>Romanos 7:23, 24.<\/strong> &#8220;Pero veo otra ley en los miembros de mi cuerpo que hace guerra contra la ley de mi mente&#8230; Me hace prisionero&#8230; \u00a1Miserable de m\u00ed! \u00bfQui\u00e9n me libertar\u00e1?&#8221; (La Biblia de las Am\u00e9ricas).<\/p>\n<p style=\"text-align: justify;\"><strong>Romanos 8:31, 38, 39.<\/strong> &#8220;Si Dios es por nosotros, \u00bfqui\u00e9n contra nosotros?&#8230; estoy seguro que&#8230; ni \u00e1ngeles ni principados ni potestades&#8230; nos podr\u00e1n separar del amor de Dios\u201d (Reina Valera 1995).<\/p>\n<p style=\"text-align: justify;\"><strong>Hebreos 12:11.<\/strong> Ciertamente, ning\u00fan castigo es agradable en el momento de recibirlo&#8230; el resultado es una vida de paz y rectitud&#8221; (Dios Habla Hoy).<\/p>\n<p style=\"text-align: justify;\"><strong>Romanos 5:3, 4.<\/strong> &#8220;Todo esto hace que nos sintamos gozosos incluso en situaciones adversas y aflictivas, porque las aflicciones nos ense\u00f1an a tener paciencia, la paciencia genera fortaleza de car\u00e1cter&#8230; y la fortaleza de car\u00e1cter es principio de esperanza. Y la esperanza no defrauda&#8221; (Biblia en Castellano Antiguo).<\/p>\n<p style=\"text-align: justify;\"><strong>Isa\u00edas 26:3, 4.<\/strong> &#8220;Al de firme prop\u00f3sito guardar\u00e1s en perfecta paz, porque en ti conf\u00eda&#8221; (La Biblia de las Am\u00e9ricas).<\/p>\n<p style=\"text-align: justify;\"><strong>Hebreos 4:2.<\/strong> &#8220;Porque nosotros, al igual que ellos, tambi\u00e9n recibimos la buena noticia, pero a ellos no les sirvi\u00f3 de nada porque no la aceptaron con fe&#8221; (La Biblia, Palabra de Dios para Todos).<\/p>\n","protected":false},"excerpt":{"rendered":"<p>N\u00famero veinte: &#8220;En paz con nuestro Padre celestial&#8221;, otra mirada a la exitosa pero altamente costosa soluci\u00f3n de Dios a la crisis en su familia. Empezamos estas conversaciones recordando que una vez hubo paz en todo el universo. Y hab\u00eda paz porque todos los miembros de la vasta familia de Dios confiaban los unos en [&hellip;]<\/p>\n","protected":false},"author":1,"featured_media":0,"parent":1352,"menu_order":0,"comment_status":"open","ping_status":"open","template":"","meta":{"footnotes":""},"class_list":["post-1580","page","type-page","status-publish","hentry"],"_links":{"self":[{"href":"https:\/\/speakingwellofgod.org\/es\/wp-json\/wp\/v2\/pages\/1580","targetHints":{"allow":["GET"]}}],"collection":[{"href":"https:\/\/speakingwellofgod.org\/es\/wp-json\/wp\/v2\/pages"}],"about":[{"href":"https:\/\/speakingwellofgod.org\/es\/wp-json\/wp\/v2\/types\/page"}],"author":[{"embeddable":true,"href":"https:\/\/speakingwellofgod.org\/es\/wp-json\/wp\/v2\/users\/1"}],"replies":[{"embeddable":true,"href":"https:\/\/speakingwellofgod.org\/es\/wp-json\/wp\/v2\/comments?post=1580"}],"version-history":[{"count":0,"href":"https:\/\/speakingwellofgod.org\/es\/wp-json\/wp\/v2\/pages\/1580\/revisions"}],"up":[{"embeddable":true,"href":"https:\/\/speakingwellofgod.org\/es\/wp-json\/wp\/v2\/pages\/1352"}],"wp:attachment":[{"href":"https:\/\/speakingwellofgod.org\/es\/wp-json\/wp\/v2\/media?parent=1580"}],"curies":[{"name":"wp","href":"https:\/\/api.w.org\/{rel}","templated":true}]}}