{"id":1575,"date":"2014-04-14T17:55:33","date_gmt":"2014-04-14T17:55:33","guid":{"rendered":"https:\/\/speakingwellofgod.ootartb0-liquidwebsites.com\/?page_id=1575"},"modified":"2014-04-14T17:55:33","modified_gmt":"2014-04-14T17:55:33","slug":"numero-diecinueve-cuan-pronto-concluira-el-conflicto","status":"publish","type":"page","link":"https:\/\/speakingwellofgod.org\/es\/recursos-escritos\/conversaciones-acerca-de-dios\/numero-diecinueve-cuan-pronto-concluira-el-conflicto","title":{"rendered":"N\u00daMERO DIECINUEVE: &#8220;\u00bfCU\u00c1N PRONTO CONCLUIR\u00c1 EL CONFLICTO?&#8221;"},"content":{"rendered":"<p style=\"text-align: justify;\"><strong>N\u00famero diecinueve:<\/strong> &#8220;\u00bfCu\u00e1n pronto concluir\u00e1 el conflicto?&#8221; Esta vez la pregunta no es \u00bfcu\u00e1ndo? sino \u00bfcu\u00e1n pronto?. El conflicto concluir\u00e1 cuando los hijos de Dios en este planeta hayan en su totalidad respondido al \u00faltimo ruego de Dios (conversaci\u00f3n #16), y est\u00e9n tan firmes en la verdad que puedan resistir el \u00faltimo esfuerzo de Satan\u00e1s por enga\u00f1ar (conversaci\u00f3n #17). Y que como creyentes maduros puedan no solo sobrevivir el tiempo de angustia, sino que como Job, puedan hablar bien y en verdad de nuestro Padre celestial (conversaci\u00f3n #18).<\/p>\n<p style=\"text-align: justify;\">&#8220;\u00bfCu\u00e1n pronto?&#8221; le preguntaron los disc\u00edpulos a Jes\u00fas. &#8220;D\u00ednos \u00bfcu\u00e1ndo suceder\u00e1n estas cosas? \u00bfQu\u00e9 se\u00f1al habr\u00e1 de tu venida y del fin del mundo?&#8221; (Mateo 24:3). Jes\u00fas habl\u00f3 de alarmantes disturbios en la tierra y el cielo, de la creciente desconfianza entre las naciones, del levantamiento de falsos l\u00edderes religiosos, y de las buenas noticias yendo alrededor del mundo. \u00c9l dijo que el fin estaba cerca, \u00a1m\u00e1s de 1900 a\u00f1os atr\u00e1s! Pero, \u00bfcu\u00e1n cerca es &#8220;cerca&#8221;? Poco antes de morir Juan escribi\u00f3: &#8220;Hijos esta es la \u00faltima hora&#8230; sabemos que esta es la \u00faltima hora&#8221; (1 Juan 2:18). \u00bfEstaba equivocado? Cuando Juan se levante en la Segunda Venida se sorprender\u00e1 al enterarse de todo lo que estuvo durmiendo. \u00a1Juan tendr\u00e1 algunas preguntas, pero \u00a1seguro que no tendr\u00e1 quejas! Y habr\u00e1n acontecimientos que sacudir\u00e1n la tierra que a\u00fan tendr\u00e1 que ver.<\/p>\n<p style=\"text-align: justify;\">Cerca de siglo y medio artr\u00e1s surgi\u00f3 en varias partes del mundo una creciente convicci\u00f3n de que el tiempo del regreso de Jes\u00fas hab\u00eda llegado. Miles de cristianos en todo el mundo todav\u00eda concuerdan en que aquellos primeros creyentes adventistas hab\u00edan realmente visto la se\u00f1al de Dios de que Cristo volver\u00eda pronto. Pero esta no era una se\u00f1al para salir del mundo, y empacar para el viaje al cielo. Fue un llamado de Dios para terminar la obra de preparar al mundo para su venida.<\/p>\n<p style=\"text-align: justify;\">Es cierto que el tiempo ha continuado m\u00e1s de lo que aquellos primeros adventistas esperaban. Aquellas se\u00f1ales que los conmovieron tienen ahora m\u00e1s de ciento cincuenta a\u00f1os. Pero, \u00bfestamos sorprendidos o avergonzados de que Dios est\u00e9 dispuesto a esperar? \u00bfNos preocupa nuestra reputaci\u00f3n o la suya? Si nuestro fracaso de completar nuestra misi\u00f3n contribuye al retraso, merecemos estar avergonzados. Pero mientras Dios m\u00e1s espera, m\u00e1s misericordioso se ve. Su retraso \u00a1simplemente confirma las buenas noticias!<\/p>\n<p style=\"text-align: justify;\">\u00bfCu\u00e1nto tiempo m\u00e1s cree usted que Dios tendr\u00e1 que esperar? Podemos confiar en que \u00c9l esperar\u00e1 mientras haya esperanza para alguno. Pero Aquel que conoce todo pensamiento sabr\u00e1 cuando las \u00faltimas decisiones se hayan hecho. &#8220;Asi que&#8221;, dijo Jes\u00fas, &#8220;tienen que estar listos siempre, porque el Hijo del Hombre vendr\u00e1 a la hora en que no esperan&#8221; (Mateo 24:44). A lo que Pablo dijo: &#8220;Pero ustedes hermanos no est\u00e1n en oscuridad para que el d\u00eda les tome por sorpresa&#8221; (1 Tesalonicenses 5:4) \u00bfQu\u00e9 debi\u00e9ramos estar buscandor?&#8221;<\/p>\n<p style=\"text-align: justify;\"><strong>Textos b\u00edblicos incluidos:<\/strong><br \/>\n<strong> Mateo 24:3.<\/strong> &#8220;Dinos, \u00bfcu\u00e1ndo ser\u00e1n estas cosas, y qu\u00e9 se\u00f1al habr\u00e1 de tu venida, y del fin del mundo?&#8221; (Reina Valera 1909).<\/p>\n<p style=\"text-align: justify;\"><strong>Mateo 24:36.<\/strong> &#8220;Pero en cuanto al d\u00eda y la hora, nadie lo sabe, ni siquiera los \u00e1ngeles en el cielo, ni el Hijo, sino s\u00f3lo el Padre&#8221; (La Biblia al D\u00eda).<\/p>\n<p style=\"text-align: justify;\"><strong>Juan 14:1,3.<\/strong> &#8220;No os angusti\u00e9is. Confiad en Dios, confiad tambi\u00e9n en m\u00ed. . . . vendr\u00e9 para llevaros conmigo. As\u00ed estar\u00e9is donde yo est\u00e9&#8221; (La Biblia al D\u00eda).<\/p>\n<p style=\"text-align: justify;\"><strong>Mateo 24: 26, 27, 30, 31.<\/strong> &#8220;No les cre\u00e1is, porque como el rel\u00e1mpago que sale del oriente y se muestra hasta el occidente, as\u00ed ser\u00e1 tambi\u00e9n la venida del Hijo del Hombre. . . y entonces lamentar\u00e1n todas las tribus de la tierra, y ver\u00e1n al Hijo del Hombre viniendo sobre las nubes del cielo, con poder y gran gloria. Con gran voz de trompeta, y juntar\u00e1n a sus escogidos, de los cuatro vientos, desde un extremo del cielo hasta el otro&#8221; (Reina Valera 1960).<\/p>\n<p style=\"text-align: justify;\"><strong>Apocalipsis 1:7.<\/strong> &#8220;Y todo ojo le ver\u00e1&#8221; (Reina Valera 1960).<\/p>\n<p style=\"text-align: justify;\"><strong>Isa\u00edas 25:9.<\/strong> &#8220;En aquel d\u00eda se dir\u00e1: \u00a1S\u00ed, \u00e9ste es nuestro Dios; en \u00e9l confiamos, y \u00e9l nos salv\u00f3! \u00a1\u00c9ste es el Se\u00f1or, en \u00e9l hemos confiado; regocij\u00e9monos y alegr\u00e9monos en su salvaci\u00f3n!&#8221; (Nueva Versi\u00f3n Internacional).<\/p>\n<p style=\"text-align: justify;\"><strong>Apocalipsis 6:16.<\/strong> &#8220;Y dec\u00edan a los montes y a las pe\u00f1as: Caed sobre nosotros, y escondednos del rostro de aquel que est\u00e1 sentado sobre el trono, y de la ira del Cordero&#8221; (Reina Valera 1960).<\/p>\n<p style=\"text-align: justify;\"><strong>2 Cr\u00f3nicas 36:15,16.<\/strong> &#8220;Y Jehov\u00e1 el Dios de sus padres envi\u00f3 constantemente palabra a ellos por medio de sus mensajeros, porque \u00e9l ten\u00eda misericordia de su pueblo&#8230; Mas ellos hac\u00edan escarnio de los mensajeros de Dios, y menospreciaban sus palabras, burl\u00e1ndose de sus profetas, hasta que subi\u00f3 la ira de Jehov\u00e1 contra su pueblo y no hubo ya remedio&#8221; (Reina Valera 1960).<\/p>\n<p style=\"text-align: justify;\"><strong>Romanos 2:4.<\/strong> &#8220;\u00bfEst\u00e1n ustedes quiz\u00e1s malinterpretando la generosidad de Dios y su paciente misericordia con ustedes como debilidad de su parte? \u00bfNo se dan cuenta que la amabilidad de Dios tiene el prop\u00f3sito de llevarles al arrepentimiento?\u201d (Versi\u00f3n en ingl\u00e9s de Phillips)<\/p>\n<p style=\"text-align: justify;\"><strong>Habacuc 2:3.<\/strong> \u201cAunque parezca que demora en llegar, esp\u00e9ralo; porque es seguro que llegar\u00e1\u201d (La Biblia, Palabra de Dios para Todos).<\/p>\n<p style=\"text-align: justify;\"><strong>2 Pedro 3:3,4.<\/strong> &#8220;En los postreros d\u00edas aparecer\u00e1n individuos entregados a sus malas pasiones, que se burlar\u00e1n de la verdad del evangelio. Dir\u00e1n: \u00ab\u00a1Conque Jes\u00fas prometi\u00f3 regresar! \u00bfPor qu\u00e9 no lo ha hecho todav\u00eda?&#8230; \u00a1Desde que murieron nuestros antepasados, todas las cosas siguen lo mismo que desde el primer d\u00eda de la creaci\u00f3n!\u00bb\u201d (Biblia Castilian CST-IBS).<\/p>\n<p style=\"text-align: justify;\"><strong>2 Pedro 3:9.<\/strong> \u201cEl Se\u00f1or no tarda en cumplir su promesa, seg\u00fan entienden algunos la tardanza. M\u00e1s bien, \u00e9l tiene paciencia con vosotros, porque no quiere que nadie perezca, sino que todos se arrepientan&#8221; (La Biblia al D\u00eda).<\/p>\n<p style=\"text-align: justify;\"><strong>Jon\u00e1s 4:2,3.<\/strong> &#8220;\u00bfNo es esto lo que yo dec\u00eda estando a\u00fan en mi tierra? Por eso me apresur\u00e9 a huir a Tarsis; porque sab\u00eda yo que t\u00fa eres Dios clemente y piadoso, tardo en enojarte, y de grande misericordia, y que te arrepientes del mal. Ahora pues, oh Jehov\u00e1, te ruego que me quites la vida; porque mejor me es la muerte que la vida&#8221; (Reina Valera 1960).<\/p>\n<p style=\"text-align: justify;\"><strong>Mateo 24:29.<\/strong> &#8220;El sol se oscurecer\u00e1, y la luna no dar\u00e1 su resplandor, y las estrellas caer\u00e1n del cielo&#8221; (Reina Valera 1960).<\/p>\n<p style=\"text-align: justify;\"><strong>2 Pedro 3:12.<\/strong> \u201cEsperen la llegada del d\u00eda de Dios y hagan lo posible para que llegue pronto&#8221; (La Biblia, Palabra de Dios para Todos).<\/p>\n<p style=\"text-align: justify;\"><strong>Mateo 24:44.<\/strong> &#8220;Por eso, tambi\u00e9n ustedes, disc\u00edpulos, est\u00e9n preparados porque a la hora que no piensan vendr\u00e1 el Hijo del Hombre&#8221; (Nueva Biblia de los Hispanos).<\/p>\n<p style=\"text-align: justify;\"><strong>1 Tesalonicenses 5:4.<\/strong> &#8220;Pero vosotros, hermanos, no viv\u00eds en la oscuridad, para que ese D\u00eda os sorprenda como ladr\u00f3n\u201d (Biblia de Jerusal\u00e9n).<\/p>\n","protected":false},"excerpt":{"rendered":"<p>N\u00famero diecinueve: &#8220;\u00bfCu\u00e1n pronto concluir\u00e1 el conflicto?&#8221; Esta vez la pregunta no es \u00bfcu\u00e1ndo? sino \u00bfcu\u00e1n pronto?. El conflicto concluir\u00e1 cuando los hijos de Dios en este planeta hayan en su totalidad respondido al \u00faltimo ruego de Dios (conversaci\u00f3n #16), y est\u00e9n tan firmes en la verdad que puedan resistir el \u00faltimo esfuerzo de Satan\u00e1s [&hellip;]<\/p>\n","protected":false},"author":1,"featured_media":0,"parent":1352,"menu_order":0,"comment_status":"open","ping_status":"open","template":"","meta":{"footnotes":""},"class_list":["post-1575","page","type-page","status-publish","hentry"],"_links":{"self":[{"href":"https:\/\/speakingwellofgod.org\/es\/wp-json\/wp\/v2\/pages\/1575","targetHints":{"allow":["GET"]}}],"collection":[{"href":"https:\/\/speakingwellofgod.org\/es\/wp-json\/wp\/v2\/pages"}],"about":[{"href":"https:\/\/speakingwellofgod.org\/es\/wp-json\/wp\/v2\/types\/page"}],"author":[{"embeddable":true,"href":"https:\/\/speakingwellofgod.org\/es\/wp-json\/wp\/v2\/users\/1"}],"replies":[{"embeddable":true,"href":"https:\/\/speakingwellofgod.org\/es\/wp-json\/wp\/v2\/comments?post=1575"}],"version-history":[{"count":0,"href":"https:\/\/speakingwellofgod.org\/es\/wp-json\/wp\/v2\/pages\/1575\/revisions"}],"up":[{"embeddable":true,"href":"https:\/\/speakingwellofgod.org\/es\/wp-json\/wp\/v2\/pages\/1352"}],"wp:attachment":[{"href":"https:\/\/speakingwellofgod.org\/es\/wp-json\/wp\/v2\/media?parent=1575"}],"curies":[{"name":"wp","href":"https:\/\/api.w.org\/{rel}","templated":true}]}}