{"id":1437,"date":"2014-03-22T17:37:19","date_gmt":"2014-03-22T17:37:19","guid":{"rendered":"https:\/\/speakingwellofgod.ootartb0-liquidwebsites.com\/?page_id=1437"},"modified":"2014-03-22T17:37:19","modified_gmt":"2014-03-22T17:37:19","slug":"handout-18","status":"publish","type":"page","link":"https:\/\/speakingwellofgod.org\/es\/recursos-escritos\/conversaciones-acerca-de-dios\/handout-18","title":{"rendered":"Handout 18"},"content":{"rendered":"<h3 style=\"text-align: center;\" align=\"center\"><b>CONVERSACIONES ACERCA DE DIOS<\/b><\/h3>\n<p style=\"text-align: justify;\">1 de junio de 1984. Iglesia de la Universidad de Loma Linda.<b><\/b><\/p>\n<p style=\"text-align: justify;\"><b>N\u00famero dieciocho:<\/b> &#8220;Dios espera a que sus hijos maduren&#8221;, otra mirada a las razones del aparente retraso de los acontecimientos finales en el gran conflicto acerca del car\u00e1cter de Dios y su gobierno.<\/p>\n<p style=\"text-align: justify;\">Alrededor de dos mil a\u00f1os han pasado desde que Dios gan\u00f3 su caso en el Calvario. Hace tiempo ya que las mentiras y acusaciones de Satan\u00e1s fueron desmentidas. La libertad del universo ha sido asegurada por la eternidad. \u00bfPor qu\u00e9 continua entonces tolerando Dios este rebelde punto de su leal universo? El ans\u00eda recrear nuestro mundo para darlo a sus santos que confian en \u00c9l. \u00bfPor qu\u00e9 sigue esperando?<\/p>\n<p style=\"text-align: justify;\">Cuando Jes\u00fas vuelva, lo har\u00e1 a una generaci\u00f3n de creyentes que habr\u00e1n experimentado el \u00faltimo y supremo intento de Satan\u00e1s para enga\u00f1ar y destruir a los leales hijos de Dios en este planeta. Ellos habr\u00e1n logrado lo que un tercio de los \u00e1ngeles no pudo. Habr\u00e1n rehusado volverse en contra de Dios por las mentiras de Satan\u00e1s. Habr\u00e1n sido capaces de decir con el ap\u00f3stol Pablo: &#8220;Si alguien, incluso un \u00e1ngel del cielo, trajera una versi\u00f3n diferente de las buenas noticias eternas, estar\u00e1 equivocado y \u00a1no voy a creerle!&#8221; (G\u00e1latas 1). Estos no son beb\u00e9s en la verdad. Son creyentes maduros. Ellos cumplen la descripci\u00f3n b\u00edblica de la perfecci\u00f3n y madurez cristianas: ellos tienen &#8220;sus facultades entrenadas por la pr\u00e1ctica para distinguir entre el bien y el mal&#8221; (Hebreos 5:14). Ellos tienen no solamente la educable fe de un ni\u00f1o peque\u00f1o, que todav\u00eda necesita mucha protecci\u00f3n, pero que como Job, puede mantenerse de pie por s\u00ed mismo. Y aunque su fe es probada con severidad, nunca defraudar\u00e1n a Dios.<\/p>\n<p style=\"text-align: justify;\">Dios aguarda por estos firmes creyentes. El \u00faltimo libro de la Biblia describe \u00e1ngeles que en misericordia retienen los vientos finales de conflicto hasta que las mentes de los hijos de Dios hayan sido inamoviblemente selladas y afirmadas en la verdad.<\/p>\n<p style=\"text-align: justify;\">Pero, \u00bfcu\u00e1l es la verdad? Recuerden las piadosas creencias de quienes clavaron a Jes\u00fas a la cruz, y que luego se apresuraron a casa \u00a1para guardar otro santo s\u00e1bado! \u00bfAceptamos nosotros el testimonio de Jes\u00fas acerca de su Padre? \u00bfEstamos convencidos de que Dios es tan misericordioso como el Hijo? \u00bfO todav\u00eda somos &#8220;f\u00e1cilmente llevados de aqu\u00ed para all\u00e1 por todo viento de doctrina&#8221;? \u00bfNecesitamos todav\u00eda medidas de emergencia para ser reverentes y hacer lo que es correcto? \u00bfSomos nosotros la raz\u00f3n por la que Dios todav\u00eda espera?<\/p>\n<h3 style=\"text-align: justify;\"><b>Textos b\u00edblicos incluidos:<\/b><\/h3>\n<p style=\"text-align: justify;\"><b>Daniel 12:1, 3. <\/b>&#8220;Habr\u00e1 un per\u00edodo de angustia,\u00a0 como no lo ha habido jam\u00e1s\u00a0 desde que las naciones existen. Ser\u00e1n salvados los de tu pueblo,\u00a0 cuyo nombre se halla anotado en el libro&#8230; Los sabios resplandecer\u00e1n\u00a0 con el brillo de la b\u00f3veda celeste; \u00a0los que instruyen a las multitudes\u00a0 en el camino de la justicia brillar\u00e1n como las estrellas\u00a0 por toda la eternidad&#8221; (Nueva Versi\u00f3n Internacional).<\/p>\n<p style=\"text-align: justify;\"><b>1 Timoteo 4:1-3. <\/b>&#8220;El Esp\u00edritu dice claramente que, en los \u00faltimos tiempos, algunos abandonar\u00e1n la fe para seguir a inspiraciones enga\u00f1osas y doctrinas diab\u00f3licas. Tales ense\u00f1anzas provienen de embusteros hip\u00f3critas, que tienen la conciencia encallecida. Proh\u00edben el matrimonio y no permiten comer ciertos alimentos que Dios ha creado para que los creyentes, conocedores de la verdad,\u00a0 los coman con acci\u00f3n de gracias&#8221; (Nueva Versi\u00f3n Internacional).<\/p>\n<p style=\"text-align: justify;\"><b>2 Tesalonicenses 2:1, 3, 4, 6, 7, 9, 10<\/b>. &#8220;En cuanto a la venida de nuestro Se\u00f1or Jesucristo\u2026\u00a0 Nadie os enga\u00f1e en ninguna manera; porque no vendr\u00e1 sin que antes venga la apostas\u00eda, y sea revelado el hombre de pecado&#8230; El cual se opone y se exalta contra todo lo que se llama Dios o es adorado, tanto que como Dios se sienta en el templo de Dios, haci\u00e9ndose pasar por Dios. Y ahora vosotros sab\u00e9is lo que lo detiene\u2026 Porque el misterio de iniquidad ya opera&#8230; s\u00f3lo espera hasta que sea quitado de en medio el que ahora lo detiene&#8230; aquel <i>inicuo<\/i>, cuya venida ser\u00e1 seg\u00fan la operaci\u00f3n de Satan\u00e1s, con todo poder y se\u00f1ales, y prodigios mentirosos, \u00a0y con todo enga\u00f1o de iniquidad en los que perecen; por cuanto no recibieron el amor de la verdad para ser salvos&#8221;\u00a0 (Reina Valera 1960).<\/p>\n<p style=\"text-align: justify;\"><b>Apocalipsis 7:1-3. <\/b>&#8220;Despu\u00e9s de esto vi a cuatro \u00e1ngeles en pie sobre los cuatro \u00e1ngulos de la tierra, que deten\u00edan los cuatro vientos de la tierra, para que no soplase viento alguno sobre la tierra, ni sobre el mar, ni sobre ning\u00fan \u00e1rbol. Vi tambi\u00e9n a otro \u00e1ngel que sub\u00eda de donde sale el sol, y ten\u00eda el sello del Dios vivo; y clam\u00f3 a gran voz a los cuatro \u00e1ngeles. . .\u00a0 No hag\u00e1is da\u00f1o a la tierra, ni al mar, ni a los \u00e1rboles, hasta que hayamos sellado en sus frentes a los siervos de nuestro Dios\u201d (Reina Valera 1960).<\/p>\n<p style=\"text-align: justify;\"><b>Efesios 4:30. <\/b>\u201cY no contrist\u00e9is al Esp\u00edritu Santo de Dios, con el cual fuisteis sellados para el d\u00eda de la redenci\u00f3n\u201d (Reina Valera 1960).<\/p>\n<p style=\"text-align: justify;\"><b>Efesios 1:13. <\/b>\u201cEn \u00e9l&#8230; tambi\u00e9n vosotros, habiendo o\u00eddo la palabra de verdad&#8230; el evangelio de vuestra salvaci\u00f3n, y habiendo cre\u00eddo en \u00e9l, fuisteis sellados con el Esp\u00edritu Santo que hab\u00eda sido prometido&#8221; (Reina Valera 1989).<\/p>\n<p style=\"text-align: justify;\"><b>Efesios 1:17. <\/b>\u201cPido que el Dios de nuestro Se\u00f1or Jesucristo, el Padre glorioso, os d\u00e9 el Esp\u00edritu de sabidur\u00eda y de revelaci\u00f3n&#8230; para que lo conozc\u00e1is mejor&#8221; (La Biblia al D\u00eda).<\/p>\n<p style=\"text-align: justify;\"><b>Juan 14:26; 15:26; 16:13. <\/b>\u201cEl Esp\u00edritu Santo\u2026 os ense\u00f1ar\u00e1 todas las cosas y os har\u00e1 recordar todo lo que os he dicho. \u2026cuando venga el Ayudador&#8230; el esp\u00edritu de la verdad\u2026 \u00e9l dar\u00e1 testimonio de m\u00ed&#8230; Y ustedes tambi\u00e9n testificar\u00e1n&#8230; \u00e9l los guiar\u00e1 a toda la verdad&#8221;\u00a0 (Biblia Peshita en espa\u00f1ol).<\/p>\n<p style=\"text-align: justify;\"><b>Efesios 4:14,15. <\/b>\u201cPara que ya no seamos ni\u00f1os, sacudidos por las olas y llevados de aqu\u00ed para all\u00e1 por todo viento de doctrina, por la astucia de los hombres, por las artima\u00f1as enga\u00f1osas del error; sino que hablando la verdad en amor, crezcamos en todos los aspectos en aquel que es la cabeza, es decir, Cristo\u201d\u00a0 (La Biblia de las Am\u00e9ricas).<\/p>\n<p style=\"text-align: justify;\"><b>Hebreos 5:13,14;\u00a0 6:1.<\/b> &#8220;Pues todo el que se alimenta de leche no es capaz de entender la palabra de la justicia, porque a\u00fan es ni\u00f1o&#8230; Pero el alimento s\u00f3lido es para los maduros&#8230; que por la pr\u00e1ctica tienen los sentidos entrenados para discernir entre el bien y el mal. Por tanto, dejando las doctrinas elementales de Cristo, sigamos adelante hasta la madurez&#8221; (Reina Valera 1989).<\/p>\n<p style=\"text-align: justify;\"><b>1 Corintios 13:11. <\/b>\u201cCuando yo era ni\u00f1o, hablaba como ni\u00f1o, pensaba como ni\u00f1o, razonaba como ni\u00f1o; cuando llegu\u00e9 a ser adulto, dej\u00e9 atr\u00e1s las cosas de ni\u00f1o&#8221; (La Biblia al D\u00eda).<\/p>\n<p style=\"text-align: justify;\"><b>Efesios 6:11-14. <\/b>&#8220;Prot\u00e9janse con toda la armadura que Dios les ha dado, para que puedan estar firmes contra los enga\u00f1os del diablo.\u00a0 Porque no estamos luchando contra poderes humanos, sino contra malignas fuerzas espirituales del cielo, contra malignas fuerzas espirituales del cielo las cuales tienen mando, autoridad y dominio sobre el mundo de tinieblas que nos rodea. Por eso, tomen toda la armadura que Dios les ha dado, para que puedan resistir en el d\u00eda malo y, despu\u00e9s de haberse preparado bien, mantenerse firmes. As\u00ed que mant\u00e9nganse firmes, revestidos de la verdad&#8221; (Dios Habla Hoy).<\/p>\n","protected":false},"excerpt":{"rendered":"<p>CONVERSACIONES ACERCA DE DIOS 1 de junio de 1984. Iglesia de la Universidad de Loma Linda. N\u00famero dieciocho: &#8220;Dios espera a que sus hijos maduren&#8221;, otra mirada a las razones del aparente retraso de los acontecimientos finales en el gran conflicto acerca del car\u00e1cter de Dios y su gobierno. Alrededor de dos mil a\u00f1os han [&hellip;]<\/p>\n","protected":false},"author":1,"featured_media":0,"parent":1352,"menu_order":0,"comment_status":"open","ping_status":"open","template":"","meta":{"footnotes":""},"class_list":["post-1437","page","type-page","status-publish","hentry"],"_links":{"self":[{"href":"https:\/\/speakingwellofgod.org\/es\/wp-json\/wp\/v2\/pages\/1437","targetHints":{"allow":["GET"]}}],"collection":[{"href":"https:\/\/speakingwellofgod.org\/es\/wp-json\/wp\/v2\/pages"}],"about":[{"href":"https:\/\/speakingwellofgod.org\/es\/wp-json\/wp\/v2\/types\/page"}],"author":[{"embeddable":true,"href":"https:\/\/speakingwellofgod.org\/es\/wp-json\/wp\/v2\/users\/1"}],"replies":[{"embeddable":true,"href":"https:\/\/speakingwellofgod.org\/es\/wp-json\/wp\/v2\/comments?post=1437"}],"version-history":[{"count":0,"href":"https:\/\/speakingwellofgod.org\/es\/wp-json\/wp\/v2\/pages\/1437\/revisions"}],"up":[{"embeddable":true,"href":"https:\/\/speakingwellofgod.org\/es\/wp-json\/wp\/v2\/pages\/1352"}],"wp:attachment":[{"href":"https:\/\/speakingwellofgod.org\/es\/wp-json\/wp\/v2\/media?parent=1437"}],"curies":[{"name":"wp","href":"https:\/\/api.w.org\/{rel}","templated":true}]}}