{"id":1434,"date":"2014-03-22T17:34:04","date_gmt":"2014-03-22T17:34:04","guid":{"rendered":"https:\/\/speakingwellofgod.ootartb0-liquidwebsites.com\/?page_id=1434"},"modified":"2014-03-22T17:34:04","modified_gmt":"2014-03-22T17:34:04","slug":"handout-17","status":"publish","type":"page","link":"https:\/\/speakingwellofgod.org\/es\/recursos-escritos\/conversaciones-acerca-de-dios\/handout-17","title":{"rendered":"Handout 17"},"content":{"rendered":"<div style=\"text-align: justify;\">\n<h3 align=\"center\"><b>CONVERSACIONES ACERCA DE DIOS<\/b><\/h3>\n<p>25 de mayo de 1984. Iglesia de la Universidad de Loma Linda.<b><\/b><\/p>\n<p><b>N\u00famero diecisiete:<\/b> &#8220;El esfuerzo final de Satan\u00e1s por enga\u00f1ar&#8221;, otra mirada al \u00faltimo y m\u00e1s diab\u00f3lico intento del enemigo de confundirnos para que nos unamos a \u00e9l en este gran conflicto acerca del car\u00e1cter de Dios y su gobierno.<\/p>\n<p>El libro de Apocalipsis no solo describe el \u00faltimo ruego de Dios a sus hijos (cap\u00edtulo 14) sino tambi\u00e9n el esfuerzo final de Satan\u00e1s por enga\u00f1ar (cap\u00edtulo 13). Aunque Jes\u00fas dijo que \u00c9l &#8220;ve\u00eda a Satan\u00e1s caer del cielo como un rayo&#8221; (Lucas 10:18), el derrotado enemigo de Dios y del hombre todav\u00eda &#8220;anda como le\u00f3n rugiente&#8221; (1 Pedro 5:8), porque sabe que le queda poco tiempo (Apocalipsis 12:12). El mismo cuyo demente deseo de ser Dios condujo a la guerra en el cielo parecer\u00e1, al final, de gozar de un \u00e9xito total. &#8220;Todos los habitantes de la tierra le adorar\u00e1n&#8221;, excepto quienes prefieren creer el testimonio de Jes\u00fas acerca de su Padre (Apocalipsis 12:17) y as\u00ed permancen leales a Dios (Apocalipsis 14:12). Naturalmente que estos leales son el objetivo especial de los esfuerzos de Satan\u00e1s por enga\u00f1a\u00adr.\u00a0Si aun \u00e1ngeles pudieron ser arrastrados, \u00bfc\u00f3mo esperamos nosotros, simples humanos, resistir la m\u00e1s astuta persuasi\u00f3n? La historia nos advierte del exceso de confianza propia. Hasta el pueblo escogido de Dios en la tierra prometida fue enga\u00f1ado a crucificar a su Redentor para luego apresurarse a llegar a casa para guardar el s\u00e1bado santo. \u00a1Ellos le\u00edan sus Biblias, pagaban sus diezmos, vigilaban su dieta, y odiaron la imagen que del Padre presentaba Jes\u00fas! \u00bfSer\u00e1 posible que nosotros seamos similarmente enga\u00f1ados?<\/p>\n<p>As\u00ed como a lo largo de los siglos Dios ha demostrado que es digno de confianza, as\u00ed Satan\u00e1s ha mostrado su habilidad y disposici\u00f3n a enga\u00f1ar. Sus falsificaci\u00f3n de la primera venida de Jes\u00fas en las &#8220;religiones de misterios&#8221; debiera alertarnos de su brillante falsificaci\u00f3n de la segunda venida en el tiempo del fin. Puesto que la verdad y las pruebas no favorecen a Satan\u00e1s, \u00e9l ha contra atacado con la ampliamente sostenida creencia de que la fe religiosa no necesita pruebas, que no es necesario investigar las declaraciones religiosas. Temas tales como el del pecado, la expiaci\u00f3n (reconciliaci\u00f3n), la cruz, la ley, el juicio, la intercesi\u00f3n de Cristo, la destrucci\u00f3n de los imp\u00edos, todos han sido torcidos para apoyar sus desviadas respresentaciones de nuestro Dios. \u00bfC\u00f3mo podemos prepararnos para resistir su sus finales esfuerzos para enga\u00f1ar?<\/p>\n<h3><b>Textos b\u00edblicos incluidos:<\/b><\/h3>\n<p><b>Apocalipsis 4:8, 11; 15:3, 4.<\/b> &#8220;Santo, santo, santo es el Se\u00f1or Dios Todopoderoso\u2026 T\u00fa eres digno, Se\u00f1or y Dios nuestro, de recibir la gloria y el honor y el poder\u2026 Grandes y admirables son tus obras, Se\u00f1or Dios, Todopoderoso; justos y verdaderos son tus caminos, Rey de los pueblos. \u00bfQui\u00e9n\u00a0 dejar\u00e1 de temerte? \u00bfSe\u00f1or qui\u00e9n no alabar\u00e1 tu Nombre? S\u00f3lo t\u00fa eres santo, y todas las naciones vendr\u00e1n a adorarte, porque se ha manifestado la justicia de tus actos&#8221; (La Biblia Palabra de Dios).<\/p>\n<p><b>Lucas 10:18.<\/b>&#8220;Yo ve\u00eda a Satan\u00e1s caer como un rayo&#8221; (Reina Valera 1960)<\/p>\n<p><b>Apocalipsis 12:12.<\/b> &#8220;Por lo cual regocijaos, cielos y los que mor\u00e1is en ellos. \u00a1Ay de la tierra y del mar! Porque el diablo ha descendido a vosotros con gran furor, sabiendo que tiene poco tiempo\u201d\u00a0 (La Biblia de las Am\u00e9ricas).<\/p>\n<\/div>\n<p style=\"text-align: justify;\"><b>1 Pedro 5:8, 9.<\/b> &#8220;Estad alerta y velad, que vuestro adversario el diablo, como le\u00f3n rugiente, anda rondando y busca a qui\u00e9n devorar, al cual resistir\u00e9is firmes en la fe&#8221;\u00a0 (N\u00e1car- Colunga).<\/p>\n<p style=\"text-align: justify;\"><b>Apocalipsis 13:5, 7, 8, 10. <\/b>&#8220;A la bestia le fue dada una boca&#8230; para blasfemar contra Dios, se le concedi\u00f3 hacer la guerra a los santos y vencerlos\u2026 Y la adorar\u00e1n todos los habitantes de la tierra cuyo nombre no est\u00e1 inscrito, desde la creaci\u00f3n del mundo, en el libro de la vida&#8230; Aqu\u00ed se requiere la paciencia y la fe de los santos&#8221;\u00a0 (Biblia de Jerusal\u00e9n 1976).<\/p>\n<p style=\"text-align: justify;\"><b>Apocalipsis 12:17. <\/b>&#8220;Los que obedecen los mandamientos de Dios y siguen fieles al testimonio de Jes\u00fas&#8221;\u00a0 (Dios Habla Hoy).<\/p>\n<p style=\"text-align: justify;\"><b>Juan 8:48.<\/b> &#8220;Los jud\u00edos le replicaron: &#8220;Tenemos raz\u00f3n en decir que eres un samaritano y que est\u00e1s pose\u00eddo por un demonio&#8221;\u00a0 (Biblia Latinoamericana 1995).<\/p>\n<p style=\"text-align: justify;\"><b>Mateo 23:15, 23, 24.<\/b> &#8220;\u00a1Ay de ustedes,\u00a0 maestros de la ley y fariseos,\u00a0 hip\u00f3critas!\u00a0 Recorren tierra y mar para ganar un solo adepto, y cuando lo han logrado lo hacen dos veces m\u00e1s merecedor del infierno que ustedes\u2026 Dan la d\u00e9cima parte de sus especias: la menta, el an\u00eds y el comino.\u00a0 Pero han descuidado los asuntos m\u00e1s importantes de la ley,\u00a0 tales como la justicia,\u00a0 la misericordia y la fidelidad \u00a1Gu\u00edas ciegos! Cuelan el mosquito pero se tragan el camello&#8221; (Nueva Versi\u00f3n Internacional).<\/p>\n<p style=\"text-align: justify;\"><b>Juan 18:28.<\/b> &#8220;Luego los jud\u00edos llevaron a Jes\u00fas de la casa de Caif\u00e1s al palacio del gobernador romano. Como ya amanec\u00eda, los jud\u00edos no entraron en el palacio, pues de hacerlo se contaminar\u00edan ritualmente&#8230; pues de hacerlo se contaminar\u00edan ritualmente y no podr\u00edan comer la Pascua&#8221; (Nueva Versi\u00f3n Internacional).<\/p>\n<p style=\"text-align: justify;\"><b>Juan 19:31.<\/b>&#8220;Era viernes, y al d\u00eda siguiente ser\u00eda la fiesta de la Pascua&#8230; ese ser\u00eda un s\u00e1bado muy especial&#8230; Los jefes jud\u00edos no quer\u00edan que en el d\u00eda s\u00e1bado siguieran los tres hombres colgados en las cruces, porque ese ser\u00eda un s\u00e1bado muy especial. Por eso le pidieron a Pilato ordenar que se les quebraran las piernas a los tres hombres. As\u00ed los har\u00edan morir m\u00e1s r\u00e1pido y podr\u00edan quitar los cuerpos&#8221; (La Biblia en Lenguaje Sencillo).<\/p>\n<p style=\"text-align: justify;\"><b>Mateo 7:23.<\/b> &#8220;Muchos me dir\u00e1n en aquel d\u00eda del juicio: \u00a1Se\u00f1or, Se\u00f1or!, \u00bfpues no hemos nosotros profetizado en tu nombre, y lanzado en tu nombre los demonios, y hecho muchos milagros en tu nombre? Mas entonces yo les contestar\u00e9: Jam\u00e1s os he conocido&#8221; (Torres-Amat).<\/p>\n<p style=\"text-align: justify;\"><b>Apocalipsis 3:15-17.<\/b> &#8220;S\u00e9 todo lo que haces&#8230; no eres ni fr\u00edo ni caliente. \u00a1Ser\u00eda bueno que fueras lo uno o lo otro! Como eres tibio, no fr\u00edo ni caliente&#8230; te voy a escupir de mi boca. T\u00fa dices que eres rico, que tienes cosas en abundancia y que no necesitas nada, pero no te das cuenta de que en realidad eres un desdichado, miserable, pobre, ciego y desnudo&#8221; (La Biblia Palabra de Dios para Todos).<b><\/b><\/p>\n<p style=\"text-align: justify;\"><b>1 Juan 4:1, 2.<\/b> &#8220;Amados, no cre\u00e1is a todo esp\u00edritu, \u00a0sino \u00a0probad \u00a0los \u00a0esp\u00edritus si son de Dios; porque muchos falsos profetas han salido por el mundo. En esto conoced el Esp\u00edritu de Dios. Todo esp\u00edritu que confiesa que Jesucristo ha venido en carne, es de Dios&#8221;\u00a0 (Reina Valera 1909).<\/p>\n","protected":false},"excerpt":{"rendered":"<p>CONVERSACIONES ACERCA DE DIOS 25 de mayo de 1984. Iglesia de la Universidad de Loma Linda. N\u00famero diecisiete: &#8220;El esfuerzo final de Satan\u00e1s por enga\u00f1ar&#8221;, otra mirada al \u00faltimo y m\u00e1s diab\u00f3lico intento del enemigo de confundirnos para que nos unamos a \u00e9l en este gran conflicto acerca del car\u00e1cter de Dios y su gobierno. [&hellip;]<\/p>\n","protected":false},"author":1,"featured_media":0,"parent":1352,"menu_order":0,"comment_status":"open","ping_status":"open","template":"","meta":{"footnotes":""},"class_list":["post-1434","page","type-page","status-publish","hentry"],"_links":{"self":[{"href":"https:\/\/speakingwellofgod.org\/es\/wp-json\/wp\/v2\/pages\/1434","targetHints":{"allow":["GET"]}}],"collection":[{"href":"https:\/\/speakingwellofgod.org\/es\/wp-json\/wp\/v2\/pages"}],"about":[{"href":"https:\/\/speakingwellofgod.org\/es\/wp-json\/wp\/v2\/types\/page"}],"author":[{"embeddable":true,"href":"https:\/\/speakingwellofgod.org\/es\/wp-json\/wp\/v2\/users\/1"}],"replies":[{"embeddable":true,"href":"https:\/\/speakingwellofgod.org\/es\/wp-json\/wp\/v2\/comments?post=1434"}],"version-history":[{"count":0,"href":"https:\/\/speakingwellofgod.org\/es\/wp-json\/wp\/v2\/pages\/1434\/revisions"}],"up":[{"embeddable":true,"href":"https:\/\/speakingwellofgod.org\/es\/wp-json\/wp\/v2\/pages\/1352"}],"wp:attachment":[{"href":"https:\/\/speakingwellofgod.org\/es\/wp-json\/wp\/v2\/media?parent=1434"}],"curies":[{"name":"wp","href":"https:\/\/api.w.org\/{rel}","templated":true}]}}