{"id":1426,"date":"2014-03-22T17:24:21","date_gmt":"2014-03-22T17:24:21","guid":{"rendered":"https:\/\/speakingwellofgod.ootartb0-liquidwebsites.com\/?page_id=1426"},"modified":"2014-03-22T17:24:21","modified_gmt":"2014-03-22T17:24:21","slug":"handout-15","status":"publish","type":"page","link":"https:\/\/speakingwellofgod.org\/es\/recursos-escritos\/conversaciones-acerca-de-dios\/handout-15","title":{"rendered":"Handout 15"},"content":{"rendered":"<h3 style=\"text-align: center;\" align=\"center\"><b>CONVERSACIONES ACERCA DE DIOS<\/b><\/h3>\n<p style=\"text-align: justify;\">11 de mayo de 1984. Iglesia de la Universidad de Loma Linda.<b><\/b><\/p>\n<p style=\"text-align: justify;\"><b>N\u00famero quince:<\/b> &#8220;Hablando con Dios como con un amigo&#8221;, otra mirada al significado y prop\u00f3sito de la oraci\u00f3n, desde el amplio escenario del gran conflicto acerca del car\u00e1cter de Dios y su gobierno.<\/p>\n<p style=\"text-align: justify;\">Si como Jes\u00fas dijo, nuestro Padre celestial conoce nuestras necesidades antes de que le pidamos, \u00bfcu\u00e1l es el objetivo entonces de apartar tiempo para orar? Asumiendo, claro est\u00e1, que el objetivo primario de la oraci\u00f3n es depositar nuestras solicitudes ante Dios. Pero algunos prefieren entender la oraci\u00f3n como mantener una conversaci\u00f3n con Dios tal como se hace con un amigo. Recuerden como Abraham y Mois\u00e9s conversaban con Dios, y Dios los llam\u00f3 sus amigos. Recuerden cu\u00e1n atrevida pero reverentemente Job contend\u00eda con Dios, ante el p\u00e1nico de los amigos de Job, honrando a Dios con su confianza. Verdaderamente la forma en la que oramos revela el tipo de persona que creemos que nuestro buen Dios es.<\/p>\n<p style=\"text-align: justify;\">Si el Padre apareciera, visiblemente, en nuestro medio, \u00bfc\u00f3mo nos dirigir\u00edamos a \u00e9l? \u00bfQu\u00e9 lenguaje usar\u00edamos? \u00bfEstar\u00edamos demasiado asustados como para hablar? \u00bfNos sentir\u00edamos compelidos a mencionar solo los temas m\u00e1s elevados, o nos sentir\u00edamos en libertad de, c\u00e1ndidamente, hablar de lo que \u00c9l sabe que llevamos en el coraz\u00f3n? \u00bfSer\u00eda m\u00e1s f\u00e1cil discutir esos temas con el Hijo? \u00bfQu\u00e9 ser\u00eda\u00a0 lo m\u00e1s apropiado: hablar o escuchar? \u00bfC\u00f3mo escucha uno la voz de Dios? Y al cierre de tan especial reuni\u00f3n, \u00bfsentir\u00edamos que tenemos que cerrar con &#8220;unas palabras de oraci\u00f3n&#8221;? \u00bfO ser\u00eda correcto pensar que al hablar con Dios como a un amigo hemos estado orando todo el tiempo?<\/p>\n<p style=\"text-align: justify;\">Un d\u00eda, cuando le veamos cara a cara, \u00bfser\u00e9 ese el fin de la oraci\u00f3n? \u00bfSer\u00e1 la oraci\u00f3n otra de las medidas de emergencia de Dios para mantener abiertas las v\u00edas de comunicaci\u00f3n con sus hijos hasta el momento en que ya no sea necesario hablar otra vez? \u00bfQu\u00e9 queremos decir cuando cantamos: &#8220;Entonces me despedir\u00e9 feliz de t\u00ed dulce oraci\u00f3n&#8221;?<\/p>\n<h3 style=\"text-align: justify;\"><b>Textos b\u00edblicos incluidos:<\/b><\/h3>\n<p style=\"text-align: justify;\"><b>Mateo 6:9-15. <\/b>\u00a0&#8220;Cuando ustedes oren, no sean como los hip\u00f3critas, a quienes les gusta orar&#8230;para que la gente los vea&#8230;Pero t\u00fa, cuando ores, entra en tu cuarto, cierra la puerta y ora a tu Padre en secreto&#8230;Y al orar no repitan ustedes palabras in\u00fatiles, como hacen los paganos, que se imaginan que cuanto m\u00e1s hablen m\u00e1s caso les har\u00e1 Dios&#8230;su Padre ya sabe lo que ustedes necesitan, antes que se lo pidan&#8230;Ustedes deben orar as\u00ed: Padre nuestro que est\u00e1s en el cielo, santificado sea tu nombre. Venga tu reino. H\u00e1gase tu voluntad en la tierra, as\u00ed como se hace en el cielo. Danos hoy el pan que necesitamos.\u00a0 Perd\u00f3nanos el mal que hemos hecho, as\u00ed como nosotros hemos perdonado a los que nos han hecho mal. No nos expongas a la tentaci\u00f3n, sino l\u00edbranos del maligno&#8221; (Dios Habla Hoy).<\/p>\n<p style=\"text-align: justify;\"><b>Mateo 14:23.<\/b> &#8220;Subi\u00f3 a la monta\u00f1a para orar a solas&#8221; (La Biblia al D\u00eda).<\/p>\n<p style=\"text-align: justify;\"><b>Lucas 6:12.<\/b> &#8220;Pas\u00f3 la noche orando a Dios&#8221; (Reina Valera 1960).<\/p>\n<p style=\"text-align: justify;\"><b>Juan 15:15.<\/b> <b>\u00a0<\/b>&#8220;Los he llamado amigos&#8221; (Nueva Versi\u00f3n Internacional).<\/p>\n<p style=\"text-align: justify;\"><b>Juan 14:7,9<\/b>. &#8220;Si ustedes realmente me conocieran, conocer\u00edan tambi\u00e9n a mi Padre&#8230; El que me ha visto a m\u00ed,\u00a0 ha visto al Padre&#8221; (Nueva Versi\u00f3n Internacional).<\/p>\n<p style=\"text-align: justify;\"><b>Juan 16:26.<\/b> &#8220;No ser\u00e1 necesario que yo ruegue al Padre por ustedes, ya que \u00e9l mismo los ama&#8221; (Biblia, El Libro del Pueblo de Dios).<\/p>\n<p style=\"text-align: justify;\"><b>1Juan 4:18.<\/b> &#8220;En el amor no hay temor, sino que el perfecto amor echa fuera el temor, porque el temor involucra castigo&#8221; (La Nueva Biblia de los Hispanos).<\/p>\n<p style=\"text-align: justify;\"><b>Job 29:2-4 y 30:20.<\/b> &#8220;\u00a1C\u00f3mo a\u00f1oro los meses que se han ido, los d\u00edas en que Dios me cuidaba! \u00a1Qu\u00e9 d\u00edas aquellos&#8230;Dios bendec\u00eda mi casa con su \u00edntima amistad!.. A ti clamo, oh Dios, pero no me respondes; me hago presente, pero t\u00fa apenas me miras&#8221; (La Biblia al D\u00eda).<\/p>\n<p style=\"text-align: justify;\"><b>Job 42:7<\/b>.&#8221;A diferencia de mi siervo Job, lo que ustedes han dicho de m\u00ed no es verdad&#8221; (Nueva Versi\u00f3n Internacional).<\/p>\n<p style=\"text-align: justify;\"><b>1 Corintios 10:13.<\/b> &#8220;Pueden ustedes confiar en Dios, que no los dejar\u00e1 sufrir pruebas m\u00e1s duras de lo que pueden soportar&#8221; (Dios Habla Hoy).<\/p>\n<p style=\"text-align: justify;\"><b>Romanos 8:28.<\/b> &#8220;Sabemos que Dios obra en toda situaci\u00f3n para el bien de los que le aman&#8221; (Palabra de Dios para Todos).<\/p>\n<p style=\"text-align: justify;\"><b>G\u00e9nesis 18:23,25.<\/b> \u00a0&#8220;Entonces se acerc\u00f3 al Se\u00f1or y le dijo \u00bfDe veras vas a exterminar al justo junto con el malvado?&#8230; \u00a1Jam\u00e1s hagas tal cosa!\u00a0 T\u00fa,\u00a0 que eres el Juez de toda la tierra,\u00a0 \u00bfno har\u00e1s justicia?&#8221; (Nueva Versi\u00f3n Internacional).<\/p>\n<p style=\"text-align: justify;\"><b>Santiago 2:23.<\/b> &#8220;Abraham&#8230; fue llamado amigo de Dios&#8221; (Nueva Versi\u00f3n Internacional).<\/p>\n<p style=\"text-align: justify;\"><b>N\u00fameros 14:11-13,16.<\/b> \u00abEntonces el Se\u00f1or le dijo a Mois\u00e9s&#8230;Voy a enviarles una plaga que los destruya, pero de ti har\u00e9 un pueblo m\u00e1s grande y fuerte que ellos&#8230; pero Mois\u00e9s le argument\u00f3 al Se\u00f1or&#8230;Cuando los egipcios se enteren de lo ocurrido&#8230; las naciones que han o\u00eddo hablar de tu fama dir\u00e1n: \u201cEl Se\u00f1or no fue capaz de llevar a este pueblo a la tierra que jur\u00f3 darles, \u00a1y acab\u00f3 mat\u00e1ndolos en el desierto!\u201d\u00bb (La Biblia al D\u00eda).<\/p>\n<p style=\"text-align: justify;\"><b>\u00c9xodo 33:11.<\/b> &#8220;Y hablaba el Se\u00f1or con Mois\u00e9s cara a cara, como quien habla con un amigo&#8230;&#8221; (La Biblia al D\u00eda).<\/p>\n<p style=\"text-align: justify;\"><b>Hechos 10:13,14.<\/b> &#8220;Y oy\u00f3 una voz, que le dijo: \u00abLev\u00e1ntate, Pedro; mata y come\u00bb. Pedro contest\u00f3: No, Se\u00f1or&#8221; (Dios Habla Hoy).<\/p>\n<p style=\"text-align: justify;\"><b>Salmos 77:7-10.<\/b> &#8220;\u00bfAcaso va a estar siempre enojado el Se\u00f1or? \u00bfNo volver\u00e1 a tratarnos con bondad?\u00a0 \u00bfAcaso su amor se ha terminado? \u00bfSe ha acabado su promesa para siempre? \u00bfAcaso se ha olvidado Dios de su bondad?&#8230;Lo que m\u00e1s me duele es pensar que el Alt\u00edsimo ya no es el mismo con nosotros&#8221; (Dios Habla Hoy).<\/p>\n<p style=\"text-align: justify;\"><b>Salmos 139:19, 21-24.<\/b> &#8220;Oh Dios, qu\u00edtales la vida a los malvados y aleja de mi a los asesinos. Se\u00f1or, \u00bfno odio acaso a los que te odian y desprecio a los que te desaf\u00edan? \u00a1Los odio con toda mi alma! \u00a1Los considero mis enemigos! Oh Dios, exam\u00edname, reconoce mi coraz\u00f3n; ponme a prueba, reconoce mis pensamientos; m\u00edrame si voy por el camino del mal y gu\u00edame por el camino eterno&#8221; (Dios Habla Hoy).<\/p>\n<p style=\"text-align: justify;\"><b>Romanos 8:26.<\/b> &#8220;De igual manera, el Esp\u00edritu nos ayuda en nuestra debilidad. Porque no sabemos orar como es debido&#8221; (Dios Habla Hoy).<\/p>\n<p style=\"text-align: justify;\"><b>1 Tesalonicenses 5:17<\/b>. &#8220;Nunca dejen de orar&#8221; (Palabra de Dios para Todos).<\/p>\n","protected":false},"excerpt":{"rendered":"<p>CONVERSACIONES ACERCA DE DIOS 11 de mayo de 1984. Iglesia de la Universidad de Loma Linda. N\u00famero quince: &#8220;Hablando con Dios como con un amigo&#8221;, otra mirada al significado y prop\u00f3sito de la oraci\u00f3n, desde el amplio escenario del gran conflicto acerca del car\u00e1cter de Dios y su gobierno. Si como Jes\u00fas dijo, nuestro Padre [&hellip;]<\/p>\n","protected":false},"author":1,"featured_media":0,"parent":1352,"menu_order":0,"comment_status":"open","ping_status":"open","template":"","meta":{"footnotes":""},"class_list":["post-1426","page","type-page","status-publish","hentry"],"_links":{"self":[{"href":"https:\/\/speakingwellofgod.org\/es\/wp-json\/wp\/v2\/pages\/1426","targetHints":{"allow":["GET"]}}],"collection":[{"href":"https:\/\/speakingwellofgod.org\/es\/wp-json\/wp\/v2\/pages"}],"about":[{"href":"https:\/\/speakingwellofgod.org\/es\/wp-json\/wp\/v2\/types\/page"}],"author":[{"embeddable":true,"href":"https:\/\/speakingwellofgod.org\/es\/wp-json\/wp\/v2\/users\/1"}],"replies":[{"embeddable":true,"href":"https:\/\/speakingwellofgod.org\/es\/wp-json\/wp\/v2\/comments?post=1426"}],"version-history":[{"count":0,"href":"https:\/\/speakingwellofgod.org\/es\/wp-json\/wp\/v2\/pages\/1426\/revisions"}],"up":[{"embeddable":true,"href":"https:\/\/speakingwellofgod.org\/es\/wp-json\/wp\/v2\/pages\/1352"}],"wp:attachment":[{"href":"https:\/\/speakingwellofgod.org\/es\/wp-json\/wp\/v2\/media?parent=1426"}],"curies":[{"name":"wp","href":"https:\/\/api.w.org\/{rel}","templated":true}]}}