{"id":1423,"date":"2014-03-22T17:19:20","date_gmt":"2014-03-22T17:19:20","guid":{"rendered":"https:\/\/speakingwellofgod.ootartb0-liquidwebsites.com\/?page_id=1423"},"modified":"2014-03-22T17:19:20","modified_gmt":"2014-03-22T17:19:20","slug":"handout-14","status":"publish","type":"page","link":"https:\/\/speakingwellofgod.org\/es\/recursos-escritos\/conversaciones-acerca-de-dios\/handout-14","title":{"rendered":"Handout 14"},"content":{"rendered":"<h3 style=\"text-align: center;\"><b>CONVERSACIONES ACERCA DE DIOS<\/b><\/h3>\n<p style=\"text-align: justify;\">4 de mayo de 1984. Iglesia de la Universidad de Loma Linda.<b><\/b><\/p>\n<p style=\"text-align: justify;\"><b>N\u00famero catorce: <\/b>&#8220;Dios puede sanar completamente el da\u00f1o hecho&#8221;<b>,<\/b> otra mirada al significado de &#8220;perfecci\u00f3n&#8221;, desde el amplio escenario del gran conflicto acerca de Dios y su gobierno.<\/p>\n<p style=\"text-align: justify;\">En el Serm\u00f3n del Monte Jes\u00fas expres\u00f3 las memorables palabras que todav\u00eda confunden a santos y pecadores por igual: &#8220;Sed, pues, vosotros perfectos&#8221;. O \u00bfdeber\u00eda ser traducido: &#8220;Ustedes pues, <i>ser\u00e1n<\/i> perfectos&#8221;? \u00bfEs una promesa o es una orden?<\/p>\n<p style=\"text-align: justify;\">El tales palabras sean de \u00e1nimo o prohibitivas depende, una vez m\u00e1s, del tipo de persona que nosotros creemos que Dios es y de lo que entendemos que \u00c9l quiere de sus Hijos en todo el universo. Y especialmente de nosotros, en este planeta que qued\u00f3 atrapado entre las da\u00f1inas consecuencias del gran conflicto. Por sobre todas las cosas lo que Dios desea es paz y libertad en su familia. Y esto requiere amor mutuo y confianza, madurez y dominio propio. Y tales cosas no pueden demandarse, ni mucho menos lograrse a la fuerza o mediante el temor. En vez de ello, Dios ofrece rectificar todo lo que sali\u00f3 mal y sanar completamente el da\u00f1o que fue hecho.<\/p>\n<p style=\"text-align: justify;\">Como nuestro Padre y m\u00e9dico, Dios est\u00e1 ansioso de sanar a sus hijos. Nuestra funci\u00f3n no es la de sanarnos a nosotros mismos sino cooperar. Tal como Jes\u00fas le dijera al paral\u00edtico de aquel estanque: &#8220;\u00bfQuieres curarte?&#8221;\u00a0 \u00a1La perfecci\u00f3n es una oferta generosa, no una pesada orden! \u00a1\u00bfC\u00f3mo podr\u00edamos rechazarla?! Pero, \u00bfc\u00f3mo podemos cooperar?<\/p>\n<h3><b style=\"text-align: justify;\">Textos b\u00edblicos incluidos:<\/b><\/h3>\n<p><b>Mateo 5:48.<\/b> &#8220;Sed pues vosotros perfectos, como vuestro Padre, que est\u00e1 en los cielos es perfecto&#8221; (Reina Valera 1602).<\/p>\n<p><b style=\"text-align: justify;\">Lucas 18:42.<\/b> \u00a0&#8220;Ve, tu fe te ha hecho salvo&#8221; (Reina Valera 1865).<\/p>\n<p style=\"text-align: justify;\">&#8220;\u00a1Recibe la vista!\u00a0 \u2013le dijo Jes\u00fas\u2013.\u00a0 Tu fe te ha sanado&#8221; (Nueva Versi\u00f3n Internacional).<\/p>\n<p><b style=\"text-align: justify;\">Mateo 5:48.<\/b> &#8220;Ustedes deben ser perfectos&#8221; (La Biblia en Lenguaje Sencillo).<\/p>\n<p style=\"text-align: justify;\">&#8220;Ser\u00e9is, pues, vosotros perfectos&#8221; (Nuevo Testamento, Pablo Besson 1919)<\/p>\n<p style=\"text-align: justify;\">&#8220;Ustedes han de ser perfectos&#8221; (Traducci\u00f3n al espa\u00f1ol de la versi\u00f3n en ingl\u00e9s de Goodspeed).<\/p>\n<p style=\"text-align: justify;\"><b style=\"text-align: justify;\">1 Reyes 9:4, 5; 11:4, <\/b><b>6.<\/b> &#8220;Y si t\u00fa anduvieres delante de m\u00ed, como anduvo David tu padre, en integridad de coraz\u00f3n y en equidad&#8230; cuando Salom\u00f3n era ya viejo, sus mujeres inclinaron su coraz\u00f3n tras dioses ajenos, yo afirmar\u00e9 el trono de tu reino&#8230; Y su coraz\u00f3n&#8230; no era perfecto con Jehov\u00e1 su Dios, como el coraz\u00f3n de su padre David. Salom\u00f3n hizo lo malo ante los ojos de Jehov\u00e1, y no sigui\u00f3 cumplidamente a Jehov\u00e1 como David su padre&#8221; (Reina Valera 1960).<\/p>\n<p><b style=\"text-align: justify;\">2 Pedro 1:21.<\/b> &#8220;Los santos hombres de Dios hablaron siendo inspirados por el Esp\u00edritu Santo&#8221; (Reina Valera 1960).<\/p>\n<p style=\"text-align: justify;\"><b style=\"text-align: justify;\">Mateo 5:48.<\/b> &#8220;Ustedes tienen que llegar a ser espiritualmente maduros, as\u00ed como su Padre celestial es perfecto&#8221; (Traducci\u00f3n al espa\u00f1ol de la versi\u00f3n en ingl\u00e9s de Norlie).<\/p>\n<p style=\"text-align: justify;\"><b style=\"text-align: justify;\">Juan 3:3.<\/b> &#8220;Jes\u00fas le contest\u00f3: \u00abEn verdad te digo que el que no nace de nuevo no puede ver el reino de Dios\u00bb&#8221; (La Nueva Biblia de los Hispanos 2005).<\/p>\n<p style=\"text-align: justify;\"><b style=\"text-align: justify;\">Romanos 6:4.<\/b> &#8220;Al ser bautizados, morimos y somos sepultados con \u00e9l. Pero morimos para nacer a una vida totalmente diferente. Eso mismo pas\u00f3 con Jes\u00fas, cuando Dios el Padre lo resucit\u00f3 con gran poder&#8221; (La Biblia en Lenguaje Sencillo).<\/p>\n<p style=\"text-align: justify;\"><b style=\"text-align: justify;\">Romanos 6:3, 4,<\/b> <b>nota de pie de p\u00e1gina<\/b>: &#8220;San Pablo alude a la forma en la que el bautismo era com\u00fanmente efectuado en la iglesia primitiva, por inmersi\u00f3n. El descenso dentro del agua sugiere el descenso del cuerpo dentro de la tumba, y el ascenso sugiere la resurrecci\u00f3n a una nueva vida&#8221; (Kleist y Lilly, Nuevo Testamento Cat\u00f3lico Romano en ingl\u00e9s).<\/p>\n<p style=\"text-align: justify;\"><b style=\"text-align: justify;\">Hebreos 5:11 &#8211; 6:1. <\/b>&#8220;En realidad, a estas alturas ya deber\u00edais ser maestros, y sin embargo necesit\u00e1is que alguien vuelva a ense\u00f1aros las verdades m\u00e1s elementales de la palabra de Dios. Dicho de otro modo, necesit\u00e1is leche en vez de alimento s\u00f3lido. El que s\u00f3lo se alimenta de leche es inexperto en el mensaje de justicia; es como un ni\u00f1o de pecho.\u00a0 En cambio, el alimento s\u00f3lido es para los adultos, para los que tienen la capacidad de distinguir entre lo bueno y lo malo, pues han ejercitado su facultad de percepci\u00f3n espiritual. Por eso, dejando a un lado las ense\u00f1anzas elementales acerca de Cristo, avancemos hacia la madurez&#8221;\u00a0 (La Biblia al D\u00eda).<\/p>\n<p style=\"text-align: justify;\"><b>Efesios 4:11, 13-15.<\/b> &#8220;\u00c9l dio esos dones para&#8230;que seamos maduros como Cristo &#8230; As\u00ed no nos portaremos como ni\u00f1os, ni seremos como un barco a la deriva arrastrados por cualquier corriente nueva de quienes buscan enga\u00f1arnos con sus trampas&#8230; Por el contrario, maduraremos y seremos como Cristo en todo sentido, ense\u00f1ando la verdad con amor&#8221; (La Palabra de Dios para Todos).<\/p>\n<p style=\"text-align: justify;\"><b>1 Corintios 13:4, 5.<\/b> &#8220;El amor es paciente, es bondadoso. El amor no es envidioso ni jactancioso, ni orgulloso. No se comporta con rudeza, no es ego\u00edsta, no se enoja f\u00e1cilmente, no guarda rencor&#8221;\u00a0 (BAD).<\/p>\n<p style=\"text-align: justify;\"><b>2 Corintios 3:18.<\/b> \u00a0&#8220;No tenemos el rostro cubierto y reflejamos la gloria del Se\u00f1or como espejos claros. Y el Esp\u00edritu del Se\u00f1or nos va transformando y cada vez nos vamos pareciendo m\u00e1s a \u00e9l&#8221; (Nuevo Testamento, La Biblia al D\u00eda 1979).<\/p>\n<p style=\"text-align: justify;\"><b>Salmos 115:8.<\/b> &#8220;Se volver\u00e1n como ellos&#8230;&#8221; [<i>como los \u00eddolos<\/i>], &#8221; los que los hacen, <i>y<\/i> todos los que en ellos conf\u00edan&#8221; (La Biblia de las Am\u00e9ricas).<\/p>\n<p style=\"text-align: justify;\"><b>1 Corintios 11:1.<\/b> &#8220;Sed, pues, imitadores m\u00edos, as\u00ed como yo lo soy de Cristo&#8221; (Torres Amat).<\/p>\n<p style=\"text-align: justify;\"><b>Descripci\u00f3n de la pefecci\u00f3n y madurez de Cristo de una admiradora de Cristo:<\/b><\/p>\n<p style=\"text-align: justify;\">Cristo practic\u00f3 en su vida sus propias ense\u00f1anzas divinas. Su celo nunca lo llev\u00f3 a ser apasionado. Manifest\u00f3 consecuencia sin obstinaci\u00f3n, benevolencia sin debilidad, ternura y simpat\u00eda sin sentimentalismo. Era muy sociable y sin embargo pose\u00eda una reserva y dignidad que no estimulaban familiaridades indebidas. Su temperancia nunca lo llev\u00f3 al fanatismo ni a la austeridad rigurosa. No se conform\u00f3 a este mundo, y sin embargo no fue indiferente a las necesidades del m\u00e1s peque\u00f1o entre los hombres&#8221; (Manuscrito 132, 1902), (Evangelismo, p\u00e1g. 461).<\/p>\n","protected":false},"excerpt":{"rendered":"<p>CONVERSACIONES ACERCA DE DIOS 4 de mayo de 1984. Iglesia de la Universidad de Loma Linda. N\u00famero catorce: &#8220;Dios puede sanar completamente el da\u00f1o hecho&#8221;, otra mirada al significado de &#8220;perfecci\u00f3n&#8221;, desde el amplio escenario del gran conflicto acerca de Dios y su gobierno. En el Serm\u00f3n del Monte Jes\u00fas expres\u00f3 las memorables palabras que [&hellip;]<\/p>\n","protected":false},"author":1,"featured_media":0,"parent":1352,"menu_order":0,"comment_status":"open","ping_status":"open","template":"","meta":{"footnotes":""},"class_list":["post-1423","page","type-page","status-publish","hentry"],"_links":{"self":[{"href":"https:\/\/speakingwellofgod.org\/es\/wp-json\/wp\/v2\/pages\/1423","targetHints":{"allow":["GET"]}}],"collection":[{"href":"https:\/\/speakingwellofgod.org\/es\/wp-json\/wp\/v2\/pages"}],"about":[{"href":"https:\/\/speakingwellofgod.org\/es\/wp-json\/wp\/v2\/types\/page"}],"author":[{"embeddable":true,"href":"https:\/\/speakingwellofgod.org\/es\/wp-json\/wp\/v2\/users\/1"}],"replies":[{"embeddable":true,"href":"https:\/\/speakingwellofgod.org\/es\/wp-json\/wp\/v2\/comments?post=1423"}],"version-history":[{"count":0,"href":"https:\/\/speakingwellofgod.org\/es\/wp-json\/wp\/v2\/pages\/1423\/revisions"}],"up":[{"embeddable":true,"href":"https:\/\/speakingwellofgod.org\/es\/wp-json\/wp\/v2\/pages\/1352"}],"wp:attachment":[{"href":"https:\/\/speakingwellofgod.org\/es\/wp-json\/wp\/v2\/media?parent=1423"}],"curies":[{"name":"wp","href":"https:\/\/api.w.org\/{rel}","templated":true}]}}