{"id":1418,"date":"2014-03-22T17:10:59","date_gmt":"2014-03-22T17:10:59","guid":{"rendered":"https:\/\/speakingwellofgod.ootartb0-liquidwebsites.com\/?page_id=1418"},"modified":"2014-03-22T17:12:08","modified_gmt":"2014-03-22T17:12:08","slug":"handout-13","status":"publish","type":"page","link":"https:\/\/speakingwellofgod.org\/es\/recursos-escritos\/conversaciones-acerca-de-dios\/handout-13","title":{"rendered":"Handout 13"},"content":{"rendered":"<h3 align=\"center\"><b>CONVERSACIONES ACERCA DE DIOS<\/b><\/h3>\n<p>20 de abril de 1984. Iglesia de la Universidad de Loma Linda.<\/p>\n<p style=\"text-align: justify;\"><b>N\u00famero trece: <\/b>&#8220;C\u00f3mo trata Dios a sus hijos descarriados&#8221;, otra mirada a algunas de las pruebas m\u00e1s evidentes de que Dios no es el tipo de persona que sus enemigos le han hecho parecer.<\/p>\n<p style=\"text-align: justify;\">\u00bfC\u00f3mo ser\u00e1 estar de pie, alg\u00fan d\u00eda, en la presencia del Infinito y caer en la cuenta de que \u00c9l sabe todo acerca de nosotros? Aunque estuvi\u00e9semos en el grupo de los salvados, \u00bfnos sentir\u00edamos a gusto de pasar la eternidad con Alguien que nos conoce tan bien? \u00bfNos perseguir\u00e1 Dios con el recuerdo de nuestro pecaminoso pecado?<\/p>\n<p style=\"text-align: justify;\">Nuestra respuesta a esta pregunta depender\u00e1 del tipo de persona que creemos que es nuestro Dios. Toda la Escritura habla de esa pregunta, y no lo hace en meras promesas y palabras sino con pruebas y demostraciones.. Nunca la verdad acerca de este asunto se revel\u00f3 m\u00e1s claramente que de la manera en la que Jes\u00fas trat\u00f3 al peor de los pecadores, la mujer &#8220;inmoral del pueblo&#8221;, el santurr\u00f3n de Sim\u00f3n, el paral\u00edtico de Betesda, los disc\u00edpulos rencillosos, el traidor Judas, el cobarde e impulsivo Pedro, o hasta sus pretensiosamente piadosos acusadores y los hombres que lo clavaron a la cruz. Est\u00e1 bien claro que no es necesario tener miedo de la infinita memoria de Dios. Dios es el perd\u00f3n personificado. Nuestro Padre celestial no se complace en avergonzar a sus hijos. Por pecadors que todos hayamos sido, podemos sentirnos a gusto en su presencia y por la eternidad.<\/p>\n<p style=\"text-align: justify;\">O \u00bfnos sentir\u00edamos c\u00f3modos y seguros solamente si Dios borrara todos los recuerdos, incluyendo los suyos, de todo lo que ha sucedido en el gran conflicto?<\/p>\n<h3><b>Textos b\u00edblicos incluidos:<\/b><\/h3>\n<p style=\"text-align: justify;\"><b>Apocalipsis 20:11, 12.<\/b> &#8220;Y vi un gran trono blanco y al que estaba sentado en \u00e9l&#8230; Y vi a los muertos, grandes y peque\u00f1os, de pie ante Dios; y los libros fueron abiertos&#8230; y fueron juzgados los muertos por las cosas que estaban escritas en los libros, seg\u00fan sus obras&#8221; (Reina Valera 1960).<\/p>\n<p style=\"text-align: justify;\"><b>Romanos 3:10, 23.<\/b> &#8220;No hay justo, ni a\u00fan uno&#8230; por cuanto todos pecaron, y est\u00e1n destituidos de la gloria de Dios&#8221; (Reina Valera 1960).<\/p>\n<p style=\"text-align: justify;\"><b>Juan<\/b><b> 8:7, 9-11.<\/b> &#8220;Aquel de ustedes que no tenga pecado, que le tire la primera piedra&#8230;&#8221; &#8220;Al o\u00edr esto, uno tras otro comenzaron a irse, y los primeros en hacerlo fueron los m\u00e1s viejos. Cuando Jes\u00fas se\u00a0 encontr\u00f3 solo con la mujer, que se hab\u00eda quedado all\u00ed, se enderez\u00f3 y le pregunt\u00f3: &#8220;\u00abMujer, \u00bfd\u00f3nde est\u00e1n? \u00bfNinguno te ha condenado?\u00bb Ella le contest\u00f3: Ninguno, Se\u00f1or. Jes\u00fas le dijo: \u00abTampoco yo te condeno; ahora, vete y no vuelvas a pecar\u00bb&#8221; (Dios Habla Hoy).<\/p>\n<p style=\"text-align: justify;\"><b>Juan 13:27-29. <\/b>&#8220;Jes\u00fas le dijo: \u2013Lo que vas a hacer, hazlo pronto. Pero ninguno de los que estaban cenando a la mesa entendi\u00f3 por qu\u00e9 le dec\u00eda eso. Como Judas era el encargado de la bolsa del dinero, algunos pensaron que Jes\u00fas le quer\u00eda decir que comprara algo para la fiesta, o que diera algo a los pobres&#8221; (Dios Habla Hoy).<\/p>\n<p style=\"text-align: justify;\"><b>Marcos 14: 27, 29, 31. <\/b>&#8220;Jes\u00fas les dijo&#8221; [arriba en el aposento alto]: &#8220;\u2013Todos ustedes van a perder su fe en m\u00ed&#8230;&#8221; Y Pedro le dijo: &#8220;Aunque todos pierdan su fe, yo no&#8230; \u2013Aunque tenga que morir contigo, no te negar\u00e9&#8221; (Dios Habla Hoy).<\/p>\n<p style=\"text-align: justify;\"><b>Mateo 26: 69,70, 72 ,74.<\/b> &#8220;En esto, una sirvienta se le acerc\u00f3 y le dijo: \u2013T\u00fa tambi\u00e9n andabas con Jes\u00fas, el de Galilea. Pero \u00e9l neg\u00e1ndolo ante todos ellos dec\u00eda: \u2013No s\u00e9 de qu\u00e9 est\u00e1s hablando&#8230; \u2013 \u00a1No conozco a ese hombre! Entonces comenz\u00f3 a jurar y perjurar diciendo: -No conozco a ese hombre&#8221; (Dios Habla Hoy).<\/p>\n<p style=\"text-align: justify;\"><b>Lucas 22:61, 62. <\/b>\u00a0&#8220;El Se\u00f1or se volvi\u00f3 y mir\u00f3 directamente a Pedro. Entonces Pedro se acord\u00f3 de lo que el Se\u00f1or le hab\u00eda dicho: \u00abHoy mismo, antes de que el gallo cante, me negar\u00e1s tres veces\u00bb. Y saliendo de all\u00ed, llor\u00f3 amargamente&#8221; (La Biblia al D\u00eda).<\/p>\n<p style=\"text-align: justify;\"><b>Juan 20:17. <\/b>&#8220;Jes\u00fas le dijo: Deja ya de retenerme, porque a\u00fan no he subido al Padre; pero ve a mis hermanos y diles: Subo a mi Padre y a vuestro Padre, a mi Dios y a vuestro Dios&#8221; (N\u00e1car-Colunga).<\/p>\n<p style=\"text-align: justify;\"><b>Marcos 16:7. <\/b>&#8220;Ahora vayan a decir a los disc\u00edpulos, y en especial a Pedro, que \u00e9l se les adelanta camino de Galilea&#8230;&#8221; (La Biblia Latinoamericana 1995).<\/p>\n<p><b>Isa\u00edas 38:17. <\/b>&#8220;&#8230;porque echaste tras tus espaldas todos mis pecados&#8221; (Reina Valera 1960).<b><\/b><\/p>\n<p style=\"text-align: justify;\"><b>Miqueas 7:19. <\/b>&#8220;&#8230;sepultar\u00e1 nuestras iniquidades,\u00a0 y echar\u00e1 en lo profundo del mar todos nuestros pecados&#8221; (Reina Valera 1960).<\/p>\n<p style=\"text-align: justify;\"><b>2 Pedro 3:9. <\/b>&#8220;El Se\u00f1or&#8230; es paciente para con nosotros,\u00a0 no queriendo que ninguno perezca,\u00a0 sino que todos procedan al arrepentimiento&#8221; (Reina Valera 1960).<\/p>\n<p style=\"text-align: justify;\"><b>Ezequiel 33:11. <\/b>&#8220;Vivo yo \u00a0\u00abdeclara el Se\u00f1or DIOS\u00bb que no me complazco en la muerte del imp\u00edo, sino en que el imp\u00edo se aparte de su camino y viva. Volveos, volveos de vuestros malos caminos. \u00bfPor qu\u00e9 hab\u00e9is de morir, oh casa de Israel?&#8221; (La Biblia de las Am\u00e9ricas).<\/p>\n<p style=\"text-align: justify;\"><b>Lucas 15:20-24. <\/b>&#8220;Mientras el hijo todav\u00eda estaba muy lejos de casa, su padre lo vio y tuvo compasi\u00f3n de \u00e9l. Sali\u00f3 corriendo a su encuentro y le dio la bienvenida con besos y abrazos.\u00a0 El hijo le dijo: &#8216;Padre, he pecado contra Dios y contra ti. No merezco llamarme tu hijo&#8217;.\u00a0 &#8220;Pero el padre les dijo a sus siervos: &#8216;\u00a1Apres\u00farense! v\u00edstanlo con la mejor ropa&#8230; y\u00a0 \u00a1celebremos y comamos! Mi hijo estaba muerto y ha vuelto a vivir, estaba perdido y ha sido encontrado'&#8221; (La Palabra de Dios para Todos).<\/p>\n<p style=\"text-align: justify;\"><b>Oseas 14:1, 2 ,4. <\/b>&#8220;Vuelve, oh Israel, a Jehov\u00e1 tu Dios; Llevad con vosotros palabras de s\u00faplica, y volved a Jehov\u00e1&#8230; Yo sanar\u00e9 su rebeli\u00f3n, \u00a0los amar\u00e9 de pura gracia&#8221; (Reina Valera 1960).<\/p>\n<p style=\"text-align: justify;\"><b>Oseas 11:7, 8. <\/b>&#8220;Mi pueblo est\u00e1 aferrado a la rebeli\u00f3n contra m\u00ed&#8230;&#8221; No volviendo a casa, alej\u00e1ndose, &#8220;\u00bfC\u00f3mo voy a dejarte, Efra\u00edm, c\u00f3mo entregarte, Israel? (Biblia de Jerusal\u00e9n 1976).<\/p>\n<p style=\"text-align: justify;\"><b>Romanos<\/b> <b>2:4.<\/b> &#8220;\u00bfO menosprecias las riquezas de su bondad, paciencia y magnanimidad, ignorando que la bondad de Dios te gu\u00eda al arrepentimiento?&#8221; (Reina Valera 1989).<\/p>\n","protected":false},"excerpt":{"rendered":"<p>CONVERSACIONES ACERCA DE DIOS 20 de abril de 1984. Iglesia de la Universidad de Loma Linda. N\u00famero trece: &#8220;C\u00f3mo trata Dios a sus hijos descarriados&#8221;, otra mirada a algunas de las pruebas m\u00e1s evidentes de que Dios no es el tipo de persona que sus enemigos le han hecho parecer. \u00bfC\u00f3mo ser\u00e1 estar de pie, [&hellip;]<\/p>\n","protected":false},"author":1,"featured_media":0,"parent":1352,"menu_order":0,"comment_status":"open","ping_status":"open","template":"","meta":{"footnotes":""},"class_list":["post-1418","page","type-page","status-publish","hentry"],"_links":{"self":[{"href":"https:\/\/speakingwellofgod.org\/es\/wp-json\/wp\/v2\/pages\/1418","targetHints":{"allow":["GET"]}}],"collection":[{"href":"https:\/\/speakingwellofgod.org\/es\/wp-json\/wp\/v2\/pages"}],"about":[{"href":"https:\/\/speakingwellofgod.org\/es\/wp-json\/wp\/v2\/types\/page"}],"author":[{"embeddable":true,"href":"https:\/\/speakingwellofgod.org\/es\/wp-json\/wp\/v2\/users\/1"}],"replies":[{"embeddable":true,"href":"https:\/\/speakingwellofgod.org\/es\/wp-json\/wp\/v2\/comments?post=1418"}],"version-history":[{"count":0,"href":"https:\/\/speakingwellofgod.org\/es\/wp-json\/wp\/v2\/pages\/1418\/revisions"}],"up":[{"embeddable":true,"href":"https:\/\/speakingwellofgod.org\/es\/wp-json\/wp\/v2\/pages\/1352"}],"wp:attachment":[{"href":"https:\/\/speakingwellofgod.org\/es\/wp-json\/wp\/v2\/media?parent=1418"}],"curies":[{"name":"wp","href":"https:\/\/api.w.org\/{rel}","templated":true}]}}