{"id":1415,"date":"2014-03-22T17:06:32","date_gmt":"2014-03-22T17:06:32","guid":{"rendered":"https:\/\/speakingwellofgod.ootartb0-liquidwebsites.com\/?page_id=1415"},"modified":"2014-03-22T17:06:32","modified_gmt":"2014-03-22T17:06:32","slug":"handout-12","status":"publish","type":"page","link":"https:\/\/speakingwellofgod.org\/es\/recursos-escritos\/conversaciones-acerca-de-dios\/handout-12","title":{"rendered":"Handout 12"},"content":{"rendered":"<h3 style=\"text-align: center;\"><b>CONVERSACIONES ACERCA DE DIOS<\/b><\/h3>\n<p style=\"text-align: justify;\">13 de abril de 1984. Iglesia de la Universidad de Loma Linda.<\/p>\n<p style=\"text-align: justify;\"><b>N\u00famero doce: <\/b>&#8220;La ley de Dios no es una amenaza a nuestra libertad&#8221;, otra mirada a lo que las demandas de la ley de Dios, especialmente los Diez Mandamientos, en el amplio escenario del gran conflicto acerca del car\u00e1cter de Dios y su gobierno.<\/p>\n<p style=\"text-align: justify;\">Jes\u00fas, Pablo y Mois\u00e9s, todos ellos estuvieron de acuerdo en que el amor es cumplimiento de la ley de la de Dios. Pero el amor y la confianza, las cosas que Dios m\u00e1s desea, no pueden ser demandadas o alcanzadas a la fuerza. Ni se pueden hacer por obligaci\u00f3n, como algo que le debemos a Dios porque \u00c9l ha sido tan bueno con nosotros. \u00a1Dios quiere m\u00e1s de ello y por lo tanto nosotros tambi\u00e9n debemos querer m\u00e1s! No hay nada que nuestro Padre celestial valore m\u00e1s que libertad de su familia y Jes\u00fas sufri\u00f3 y muri\u00f3 para demostrarlo. Pero para que exista verdadera libertad se hace necesario el amor mutuo y la confianza obtenidos y confirmados por medio de incuestionable evidencia. Y esa evidencia es la verdad que liberta al hombre y lo mantiene libre.<\/p>\n<p style=\"text-align: justify;\">\u00bfPor qu\u00e9 entonces Dios pareciera demandar nuestro amor en el Dec\u00e1logo? Los Diez Mandamientos proclamados en el Sina\u00ed fueron otra de las medidas de emergencia de Dios en este gran conflicto. Pero cu\u00e1nto ans\u00eda \u00c9l el amor, la confianza y la disposici\u00f3n a escuchar dados en entera libertad, sin miedo, no a la fuerza ni por obligaci\u00f3n.<\/p>\n<p style=\"text-align: justify;\">Y el \u00e9nfasis en la libertad, el amor y la confianza no hacen de menos los requerimientos de la ley de Dios. Al contrario, esas son exactamente las cosas que la ley fue destinada\u00a0 a preservar. Como lo dijera un buen amig de Dios: &#8220;Los Diez Mandamientos fueron dados para no hubiera equivocaci\u00f3n respecto al tipo de personas a las que Dios puede confiarles los privilegios y la libertad de la vida eterna venidera&#8221;. \u00bfEst\u00e1 el s\u00e1bado incluido en ellos? El s\u00e1bado es el recordatorio de la evidencia de la verdad, sin la cual nunca ser\u00edamos libres.<\/p>\n<h3 style=\"text-align: justify;\"><b>Textos b\u00edblicos incluidos:<\/b><\/h3>\n<p style=\"text-align: justify;\"><b>Juan 14:15; 15:14. <\/b>&#8220;Si me am\u00e1is, guardad mis mandamientos&#8221;. &#8220;Vosotros sois mis amigos, si obedec\u00e9is lo que yo os mando&#8221; (Reina Valera 1960).<\/p>\n<p><b style=\"text-align: justify;\">Isa\u00edas 29:13.<\/b> &#8220;El Se\u00f1or Dios dice: \u00abEste pueblo viene a m\u00ed con palabras y me honra de labios para afuera, pero su coraz\u00f3n est\u00e1 lejos de m\u00ed. El culto que me rinden consiste en normas humanas repetidas de memoria\u00bb&#8221; (La Palabra de Dios para Todos).<\/p>\n<p><b style=\"text-align: justify;\">Mateo 11:28-30.<\/b> &#8220;Venid a m\u00ed todos los que est\u00e1is fatigados y sobrecargados, y yo os dar\u00e9 descanso.\u00a0 Tomad sobre vosotros mi yugo, y aprended de m\u00ed, que soy manso y humilde de coraz\u00f3n y hallar\u00e9is descanso para vuestras almas. Porque mi yugo es suave y mi carga ligera&#8221; (Biblia de Jerusal\u00e9n 1976).<\/p>\n<p><b style=\"text-align: justify;\">1 Timoteo 1:8, 9.<\/b> &#8220;Sabemos que la Ley es buena si uno la usa leg\u00edtimamente, teniendo en cuenta que la Ley no se ha dado para el justo sino para quienes no admiten norma ni sometimiento&#8221; (Nuevo Testamento de la Universidad de Navarra).<\/p>\n<p style=\"text-align: justify;\"><b style=\"text-align: justify;\">G\u00e1latas 5:13, 14, 18, 22, 23.<\/b> &#8220;Hermanos, ustedes han sido llamados a ser libres&#8230; Toda la Ley se resume en un solo mandamiento: \u00abAma a tu pr\u00f3jimo como a ti mismo\u00bb&#8230; Pero, si ustedes son guiados por el Esp\u00edritu&#8230; no est\u00e1n bajo la Ley&#8230; Pero el fruto del Esp\u00edritu es amor, gozo, paz paciencia, amabilidad, bondad, fidelidad, dominio propio&#8221; (Nueva Versi\u00f3n Internacional).<\/p>\n<p><b style=\"text-align: justify;\">Deuteronomio 6:5.<\/b> &#8220;Ama al Se\u00f1or tu Dios con todo tu coraz\u00f3n y con toda tu alma y con todas tus fuerzas&#8221; (Nueva Versi\u00f3n Internacional).<\/p>\n<p><b style=\"text-align: justify;\">Lev\u00edtico 19:17, 18.<\/b> &#8220;No odies en tu coraz\u00f3n a tu hermano&#8230; Amar\u00e1s a tu pr\u00f3jimo como a ti mismo&#8221; (Biblia de Jerusal\u00e9n 1976).<\/p>\n<p style=\"text-align: justify;\"><b style=\"text-align: justify;\">1 Corintios 13:4-6.<\/b> &#8220;El amor es paciente, es bondadoso. El amor no es envidioso, ni jactancioso, ni orgulloso. No es ego\u00edsta, no se enoja f\u00e1cilmente, no guarda rencor. No se comporta con rudeza, el amor no se deleita en la maldad sino que se regocija con la verdad&#8221; (Nueva Versi\u00f3n Internacional).<\/p>\n<p style=\"text-align: justify;\"><b style=\"text-align: justify;\">Isa\u00edas 58:13.<\/b> &#8220;Si retraes del s\u00e1bado tu pie, de hacer tus negocios en mi santo d\u00eda; si llamas al s\u00e1bado delicia, al d\u00eda santo de Yahveh venerando, y lo veneras, no haciendo tus encargos, no abordando tus negocios ni trat\u00e1ndolos,\u00a0 entonces te deleitar\u00e1s en Yahveh&#8221; (CAB 2003). &#8220;Hallar\u00e1s tu gozo en el Se\u00f1or&#8221; (Nueva Versi\u00f3n Internacional).<\/p>\n<p style=\"text-align: justify;\"><b style=\"text-align: justify;\">Santiago 2:8, 12.<\/b> &#8220;Si en verdad cumpl\u00eds la ley real, conforme a la Escritura: Amar\u00e1s a tu pr\u00f3jimo como a ti mismo,\u00a0 bien hac\u00e9is&#8230; As\u00ed hablad, y as\u00ed haced, como los que hab\u00e9is de ser juzgados por la ley de la libertad&#8221; (Reina Valera 1960).<\/p>\n<p><b style=\"text-align: justify;\">Diferentes razones para obedecer a Dios, \u00bfcu\u00e1l de ellas prefiere usted?<\/b><\/p>\n<ol style=\"text-align: justify;\">\n<li>Le obedezco porque Dios as\u00ed lo pide, y \u00c9l tiene el poder para recompensar y destruir.<\/li>\n<li>Le obedezco porque Dios as\u00ed lo pide, y yo le amo quiero agraderle.<\/li>\n<\/ol>\n<p style=\"text-align: justify;\">Le obedezco porque me he dado cuenta que es correcto y l\u00f3gico, y mi admiraci\u00f3n y reverencia aumentaron hacia Aquel que me aconsej\u00f3 a obrar as\u00ed y me lo mand\u00f3 cuando yo era ignorante e inmaduro. Y siendo que todav\u00eda son algo ignorante e inmaduro, estoy dispuesto a obedecer a Aquel cuyo consejo siempre ha sido probado como l\u00f3gico cuando \u00c9l me manda a que haga algo que est\u00e1 m\u00e1s all\u00e1 de mi comprensi\u00f3n actual.<\/p>\n<h3><b style=\"text-align: justify;\">Una descripci\u00f3n de verdadera obediencia:<\/b><\/h3>\n<p style=\"text-align: justify;\">&#8220;El hombre que trata de guardar los mandamientos de Dios solamente por un sentido de obligaci\u00f3n, \u00abporque se le exige que lo haga\u00bb nunca entrar\u00e1 en el gozo de la obediencia. El no obedece&#8230; La verdadera obediencia es el resultado de la obra efectuada por un principio implantado dentro. Nace del amor a la justicia, el amor a la ley de Dios. La esencia de toda justicia es la lealtad a nuestro Redentor&#8221;. &#8220;Abraham crey\u00f3 en Dios, y Dios dijo: \u00abEso es lo que yo quiero\u00bb. Eso es justificaci\u00f3n. Esto nos inducir\u00e1 a hacer lo bueno porque es bueno, porque el hacer el bien agrada a Dios&#8221; (Palabras de vida del gran maestro, p\u00e1g. 70).<\/p>\n","protected":false},"excerpt":{"rendered":"<p>CONVERSACIONES ACERCA DE DIOS 13 de abril de 1984. Iglesia de la Universidad de Loma Linda. N\u00famero doce: &#8220;La ley de Dios no es una amenaza a nuestra libertad&#8221;, otra mirada a lo que las demandas de la ley de Dios, especialmente los Diez Mandamientos, en el amplio escenario del gran conflicto acerca del car\u00e1cter [&hellip;]<\/p>\n","protected":false},"author":1,"featured_media":0,"parent":1352,"menu_order":0,"comment_status":"open","ping_status":"open","template":"","meta":{"footnotes":""},"class_list":["post-1415","page","type-page","status-publish","hentry"],"_links":{"self":[{"href":"https:\/\/speakingwellofgod.org\/es\/wp-json\/wp\/v2\/pages\/1415","targetHints":{"allow":["GET"]}}],"collection":[{"href":"https:\/\/speakingwellofgod.org\/es\/wp-json\/wp\/v2\/pages"}],"about":[{"href":"https:\/\/speakingwellofgod.org\/es\/wp-json\/wp\/v2\/types\/page"}],"author":[{"embeddable":true,"href":"https:\/\/speakingwellofgod.org\/es\/wp-json\/wp\/v2\/users\/1"}],"replies":[{"embeddable":true,"href":"https:\/\/speakingwellofgod.org\/es\/wp-json\/wp\/v2\/comments?post=1415"}],"version-history":[{"count":0,"href":"https:\/\/speakingwellofgod.org\/es\/wp-json\/wp\/v2\/pages\/1415\/revisions"}],"up":[{"embeddable":true,"href":"https:\/\/speakingwellofgod.org\/es\/wp-json\/wp\/v2\/pages\/1352"}],"wp:attachment":[{"href":"https:\/\/speakingwellofgod.org\/es\/wp-json\/wp\/v2\/media?parent=1415"}],"curies":[{"name":"wp","href":"https:\/\/api.w.org\/{rel}","templated":true}]}}