{"id":1411,"date":"2014-03-22T17:01:34","date_gmt":"2014-03-22T17:01:34","guid":{"rendered":"https:\/\/speakingwellofgod.ootartb0-liquidwebsites.com\/?page_id=1411"},"modified":"2014-03-22T17:02:20","modified_gmt":"2014-03-22T17:02:20","slug":"handout-11","status":"publish","type":"page","link":"https:\/\/speakingwellofgod.org\/es\/recursos-escritos\/conversaciones-acerca-de-dios\/handout-11","title":{"rendered":"Handout 11"},"content":{"rendered":"<h3 style=\"text-align: center;\" align=\"center\"><b>CONVERSACIONES ACERCA DE DIOS<\/b><\/h3>\n<p>6 de abril de 1984. Iglesia de la Universidad de Loma Linda.<\/p>\n<p style=\"text-align: justify;\"><b>N\u00famero once<\/b>: &#8220;Las medidas de emergencia de Dios&#8221;, otra mirada a las &#8220;tantas y variadas formas&#8221; en las que Dios ha obrado para mantener unida a su familia, mientras que demuestra la verdad. Todo visto desde el amplio escenario del gran conflicto acerca del car\u00e1cter de Dios y su gobierno.<\/p>\n<p style=\"text-align: justify;\">A un costo infinito, Dios ha buscado convencer al universo de que el suyo ser\u00e1 por siempre un gobierno de paz y libertad basado en una confianza mutua bien fundamentada. Pero cuando Satan\u00e1s hundi\u00f3 la familia en una crisis de rebeli\u00f3n y desconfianza, fueron necesarias medidas de emergencia para mantener una apariencia de orden y respeto hasta que el fundamento para la paz verdadera y la libertad pueda ser aclarado y confirmado. Dios tuvo aun que mandarle a sus hijos que dejaran de mentir, robar, hacer trampa y asesinarse entre s\u00ed. Con tal de obtener su atenci\u00f3n tuvo que alzar su voz en el Sina\u00ed, hacer llover fuego en el Monte Carmelo y en los d\u00edas de Eliseo, enviar osas. El mismo Dios que nota cuando el peque\u00f1o gorri\u00f3n cae, tuvo que establecer un sistema de sacrificios que ped\u00eda la muerte de miles de sus criaturas. Y Aquel que es el amor en persona, tuvo que establecer un sistema de mediaci\u00f3n sacerdotal porque su pueblo o era irreverente, o ten\u00eda miedo de ser su amigo. Incluso envi\u00f3 a su Hijo para que fuera el mediador, cuando en realidad no es necesario que nadie intervenga entre nosotros y nuestro misericordioso Dios. Adem\u00e1s, Aquel que vino es Dios, y nadie tuvo que intervenir entre \u00c9l y Judas, cuando de rodillas el Creador lavaba los sucios pies del traidor.<\/p>\n<p style=\"text-align: justify;\">Y cu\u00e1nto ha buscado Satan\u00e1s pervertir las medidas de emergencia de Dios, y hacerlas parecer como prueba de la veracidad de sus acusaciones \u00a1de que Dios es arbitrario, vengativo, no perdonador y severo! Probablemente el \u00e9xito m\u00e1s grande de Satan\u00e1s ha sido llevar a los hijos de Dios a creer que si no fuera por la constante intercesi\u00f3n de su Hijo, el Padre en s\u00ed mismo no tendr\u00eda motivos para perdonar ni sanar.<\/p>\n<p style=\"text-align: justify;\">\u00a1Gracias a Dios por las medidas de emergencia! Pero debemos comprender que eso es todo lo que son.<\/p>\n<h3 style=\"text-align: justify;\"><b>Textos b\u00edblicos incluidos:<\/b><\/h3>\n<p style=\"text-align: justify;\"><b>G\u00e1latas 3:19.<\/b> &#8220;Entonces, \u00bfpara qu\u00e9 <i>fue dada<\/i> la ley? Fue a\u00f1adida a causa de las transgresiones&#8221; (La Biblia de las Am\u00e9ricas).<\/p>\n<p style=\"text-align: justify;\"><b>G\u00e1latas 3:24, 25<\/b>. &#8220;As\u00ed que la Ley nos sirvi\u00f3 de gu\u00eda para llevarnos a Cristo, a fin de que fu\u00e9ramos justificados por la fe. Y ahora que ha llegado la fe, no necesitamos m\u00e1s de un gu\u00eda&#8221; (La Biblia, El Libro del Pueblo de Dios).<\/p>\n<p style=\"text-align: justify;\">&#8220;As\u00ed que la ley vino a ser nuestro gu\u00eda encargado de conducirnos a Cristo para que fu\u00e9ramos justificados por la fe. Pero ahora que ha llegado la fe,\u00a0 ya no estamos sujetos al gu\u00eda&#8221; (Nueva Versi\u00f3n Internacional).<\/p>\n<p style=\"text-align: justify;\"><b>Romanos 3:31.<\/b> &#8220;Luego nosotros, dir\u00e1 alguno, \u00bfdestruimos la ley de Mois\u00e9s por la fe en Jesucristo? No hay tal, antes bien confirmamos la ley&#8221; (Torres Amat).<\/p>\n<p style=\"text-align: justify;\"><b>1 Timoteo 1:8, 9.<\/b> &#8220;Sabemos que la ley es buena, si se aplica como es debido. Tengamos en cuenta que la ley no se ha instituido para los justos sino para los desobedientes y rebeldes,\u00a0 para los imp\u00edos y pecadores&#8221; (NVI).<\/p>\n<p style=\"text-align: justify;\"><b>Hebreos 10:3,4. <\/b>&#8220;Sino que por medio de los sacrificios hac\u00edan memoria de sus pecados a\u00f1o tras a\u00f1o. Porque la sangre de los toros y de los cabritos no puede limpiar los pecados&#8221; (Peshita en espa\u00f1ol).<\/p>\n<p style=\"text-align: justify;\"><b>Jerem\u00edas 7:22,23. <\/b>&#8220;Porque el d\u00eda en que los saqu\u00e9 de la tierra de Egipto, no habl\u00e9 con vuestros padres ni les mand\u00e9 acerca de holocaustos y sacrificios. M\u00e1s bien, les mand\u00e9 esto diciendo: \u00abEscuchad mi voz; y yo ser\u00e9 vuestro Dios, y vosotros ser\u00e9is mi pueblo\u00bb&#8221; (Reina Valera 1989).<\/p>\n<p style=\"text-align: justify;\"><b>Jerem\u00edas 3:16. <\/b>&#8220;En aquellos d\u00edas&#8230; no se hablar\u00e1 ya del Arca del Testamento del Se\u00f1or; ni se pensar\u00e1 en ella, ni habr\u00e1 de ella memoria, ni ser\u00e1 visitada, ni se har\u00e1 ya nada de esto&#8221; (Torres Amat).<\/p>\n<p style=\"text-align: justify;\"><b>Jerem\u00edas 31:33,34 <\/b>&#8220;Dar\u00e9 mi ley en su mente, y la escribir\u00e9 en su coraz\u00f3n; y yo ser\u00e9 a ellos por Dios,\u00a0 y ellos me ser\u00e1n por pueblo, y no ense\u00f1ar\u00e1 m\u00e1s ninguno a su pr\u00f3jimo,\u00a0 ni ninguno a su hermano,\u00a0 diciendo: Conoce a Jehov\u00e1;\u00a0 porque todos me conocer\u00e1n&#8221;\u00a0 (Reina Valera 1960).<\/p>\n<p style=\"text-align: justify;\"><b>Oseas 6:6. <\/b>&#8220;Lo que yo deseo de ti es fiel amor y no sacrificio. Quiero que ustedes me conozcan, no que me hagan ofrendas&#8221; (La Palabra de Dios para Todos).<\/p>\n<p style=\"text-align: justify;\">&#8220;Porque yo quiero amor, no sacrificio, conocimiento de Dios, m\u00e1s que holocaustos&#8221; (Biblia de Jerusal\u00e9n 1976).<\/p>\n<p><b>\u00c9xodo 20:19,20. <\/b>&#8220;As\u00ed que le suplicaron a Mois\u00e9s: \u2013H\u00e1blanos t\u00fa, y te escucharemos. Si Dios nos habla, seguramente moriremos. \u2013No teng\u00e1is miedo, les respondi\u00f3 Mois\u00e9s&#8221; (La Biblia al D\u00eda).<\/p>\n<p style=\"text-align: justify;\"><b>Deuteronomio 5:24,25,27. <\/b>\u00a0&#8220;Hoy hemos visto que Dios puede hablarle a una persona y que esta puede seguir viviendo. \u00a0Pero, \u00bfpara qu\u00e9 seguir arriesgando nuestra vida? Seguramente este gran fuego nos destruir\u00e1. Si escuchamos nuevamente la voz del Se\u00f1or nuestro Dios, moriremos&#8230; T\u00fa, Mois\u00e9s, te acercar\u00e1s y escuchar\u00e1s todo lo que el Se\u00f1or nuestro Dios diga, luego nos lo dir\u00e1s y nosotros te escucharemos y haremos lo que diga el Se\u00f1or nuestro Dios&#8221; (La Palabra de Dios para Todos).<\/p>\n<p style=\"text-align: justify;\"><b>N\u00fameros 12:6-8. <\/b>&#8220;Si uno de vosotros profetizara, yo me revelar\u00eda a \u00e9l en visi\u00f3n y le hablar\u00eda en sue\u00f1os. No as\u00ed a mi siervo Mois\u00e9s, que es en toda mi casa el hombre de confianza. Cara a cara hablo con \u00e9l, y a las claras&#8221; (N\u00e1car-Colunga).<\/p>\n<p style=\"text-align: justify;\"><b>\u00c9xodo 33:11. <\/b>&#8220;Y hablaba el Se\u00f1or con Mois\u00e9s cara a cara, como quien habla con un amigo&#8221; (La Biblia al D\u00eda).<\/p>\n<p style=\"text-align: justify;\"><b>Juan 15:15. <\/b>&#8220;Ya no os llamo m\u00e1s siervos, porque el siervo no sabe lo que hace su se\u00f1or. Pero os he llamado amigos, porque os he dado a conocer todas las cosas que o\u00ed de mi Padre&#8221; (Reina Valera 1989).<\/p>\n<p style=\"text-align: justify;\"><b>Juan 16:25,26. <\/b>&#8220;Les he hablado esto usando palabras que esconden el significado, pero llegar\u00e1 el momento en que ya no les hablar\u00e9 as\u00ed. Les hablar\u00e9 claramente sobre el Padre. Ese d\u00eda ustedes le pedir\u00e1n al Padre en mi nombre. No les estoy diciendo que yo tenga que pedirle al Padre por ustedes,\u00a0 porque el Padre mismo los ama&#8221; (La Palabra de Dios para Todos).<\/p>\n<p><b>Juan 14:9. <\/b>&#8220;El que me ha visto a m\u00ed, ha visto al Padre&#8221; (Reina Valera 1960).<\/p>\n<p style=\"text-align: justify;\"><b>Juan 20:28.<\/b> &#8220;Respondi\u00f3 Tom\u00e1s, y le dijo: \u00a1Se\u00f1or m\u00edo, y Dios m\u00edo!&#8221; (Torres Amat).<\/p>\n","protected":false},"excerpt":{"rendered":"<p>CONVERSACIONES ACERCA DE DIOS 6 de abril de 1984. Iglesia de la Universidad de Loma Linda. N\u00famero once: &#8220;Las medidas de emergencia de Dios&#8221;, otra mirada a las &#8220;tantas y variadas formas&#8221; en las que Dios ha obrado para mantener unida a su familia, mientras que demuestra la verdad. Todo visto desde el amplio escenario [&hellip;]<\/p>\n","protected":false},"author":1,"featured_media":0,"parent":1352,"menu_order":0,"comment_status":"open","ping_status":"open","template":"","meta":{"footnotes":""},"class_list":["post-1411","page","type-page","status-publish","hentry"],"_links":{"self":[{"href":"https:\/\/speakingwellofgod.org\/es\/wp-json\/wp\/v2\/pages\/1411","targetHints":{"allow":["GET"]}}],"collection":[{"href":"https:\/\/speakingwellofgod.org\/es\/wp-json\/wp\/v2\/pages"}],"about":[{"href":"https:\/\/speakingwellofgod.org\/es\/wp-json\/wp\/v2\/types\/page"}],"author":[{"embeddable":true,"href":"https:\/\/speakingwellofgod.org\/es\/wp-json\/wp\/v2\/users\/1"}],"replies":[{"embeddable":true,"href":"https:\/\/speakingwellofgod.org\/es\/wp-json\/wp\/v2\/comments?post=1411"}],"version-history":[{"count":0,"href":"https:\/\/speakingwellofgod.org\/es\/wp-json\/wp\/v2\/pages\/1411\/revisions"}],"up":[{"embeddable":true,"href":"https:\/\/speakingwellofgod.org\/es\/wp-json\/wp\/v2\/pages\/1352"}],"wp:attachment":[{"href":"https:\/\/speakingwellofgod.org\/es\/wp-json\/wp\/v2\/media?parent=1411"}],"curies":[{"name":"wp","href":"https:\/\/api.w.org\/{rel}","templated":true}]}}