{"id":1403,"date":"2014-03-21T14:23:09","date_gmt":"2014-03-21T14:23:09","guid":{"rendered":"https:\/\/speakingwellofgod.ootartb0-liquidwebsites.com\/?page_id=1403"},"modified":"2014-03-21T14:23:09","modified_gmt":"2014-03-21T14:23:09","slug":"handout-10","status":"publish","type":"page","link":"https:\/\/speakingwellofgod.org\/es\/recursos-escritos\/conversaciones-acerca-de-dios\/handout-10","title":{"rendered":"Handout 10"},"content":{"rendered":"<h3 style=\"text-align: center;\"><b>CONVERSACIONES ACERCA DE DIOS<\/b><\/h3>\n<p style=\"text-align: justify;\">30 de marzo de 1984. Iglesia de la Universidad de Loma Linda.<\/p>\n<p style=\"text-align: justify;\"><b>N\u00famero diez: <\/b>&#8220;El recordatorio de la evidencia&#8221;, otra mirada al s\u00e1bado, en el amplio escenario del gran conflicto acerca del car\u00e1cter de Dios y su gobierno.<\/p>\n<p style=\"text-align: justify;\">Si no hay nada que Dios valore m\u00e1s que nuestra libertad, \u00bfpor qu\u00e9 puso \u00c9l, exactamente en el coraz\u00f3n de la &#8220;real ley de libertad&#8221; (Santiago) un mandamiento para recordar el s\u00e1bado? \u00bfEs posible que este sea un caso en el que Dios impuso un mandato arbitrario, solo para mostrar su autoridad y como una prueba de la\u00a0 disposici\u00f3n a obedecer de su pueblo? Pero, todo el mensaje de las Escrituras es que no existe arbitrariedad en nuestro Dios. Tal como lo Pablo lo explicaba, Dios nos di\u00f3 sus leyes como una ayuda, para protegernos en nuestra ignorancia e inmadurez, para llevarnos de vuelta a la confianza.<\/p>\n<p style=\"text-align: justify;\">Visto desde la perspectiva del amplio escenario del gran conflicto acerca del car\u00e1cter de Dios y su gobierno, el s\u00e1bado &#8220;fue hecho para el hombre&#8221; (Jes\u00fas), no antes sino despu\u00e9s que el pecado entrara en el universo. Repetidas veces en los sesenta y seis libros de la Biblia, el s\u00e1bado se vincula con momentos especiales en que se demostraba la verdad acerca de nuestro Dios: La perfecci\u00f3n y la libertad de la semana de la creaci\u00f3n, la liberaci\u00f3n de su pueblo de la esclavitud egipcia, la costos\u00edsima y convincente evidencia de la semana de la crucifixi\u00f3n, la promesa de paz y libertad de la tierra nueva.<\/p>\n<p style=\"text-align: justify;\">El s\u00e1bado es un monumento a la libertad. En el se resumen las buenas noticias acerca de Dios. Nos recuerda de la eterna verdad que &#8220;nos liberta&#8221; (Jes\u00fas) y nos mantiene libres por la eternidad. Debiera ser siempre una &#8220;delicia&#8221; (Isa\u00edas), para disfrutarse en el m\u00e1s alto sentido de libertad. De observarse por mera obediencia a un mandamiento arbitrario, el s\u00e1bado puede alejarnos de Dios, hasta llevarnos a &#8220;crucificarle una vez m\u00e1s&#8221; (Hebreos 6) para entonces correr a casa para santificar el s\u00e1bado, tal como sucedi\u00f3 aquel triste viernes, mil novecientos a\u00f1os atr\u00e1s.<\/p>\n<h3 style=\"text-align: justify;\"><b>Textos b\u00edbicos incluidos:<\/b><\/h3>\n<p style=\"text-align: justify;\"><b>\u00c9xodo 20:8,11.<\/b> &#8220;Acu\u00e9rdate de santificar el d\u00eda de s\u00e1bado&#8230; por cuanto el Se\u00f1or en seis d\u00edas hizo el cielo y la tierra, y el mar, y todas las cosas que hay en ellos, y descans\u00f3 en el d\u00eda s\u00e9ptimo; por esto bendijo el Se\u00f1or el d\u00eda del s\u00e1bado, y le santific\u00f3&#8221; (Torres Amat).<\/p>\n<p><b style=\"text-align: justify;\">Apocalipsis 14:7<\/b>. &#8220;Rindan a Dios gloria y honor porque ha llegado la hora de su juicio. Adoren al que hizo el cielo, la tierra, el mar y los manantiales de agua&#8221; (La Biblia Latinoamericana).<\/p>\n<p style=\"text-align: justify;\"><b>G\u00e9nesis 2:9.<\/b> &#8220;Tambi\u00e9n el \u00e1rbol de vida\u00a0 en medio del huerto,\u00a0 y el \u00e1rbol de la ciencia del bien y del mal&#8221; (Reina Valera 1960)<\/p>\n<p style=\"text-align: justify;\"><b>1 Corintios 10:13.<\/b> &#8220;Pueden ustedes confiar en Dios,&#8221; o se puede confiar en Dios, &#8220;que no los dejar\u00e1 sufrir pruebas m\u00e1s duras de lo que pueden soportar&#8221; (Dios Habla Hoy).<\/p>\n<p style=\"text-align: justify;\"><b>G\u00e9nesis 1:28.<\/b> &#8220;Tengan muchos, muchos hijos; llenen el mundo y gobi\u00e9rnenlo&#8221; (Dios Habla Hoy).<\/p>\n<p style=\"text-align: justify;\"><b>G\u00e9nesis <\/b><b>2:2, <\/b><b>3.<\/b> &#8220;Y complet\u00f3 Dios al s\u00e9ptimo d\u00eda la obra que hab\u00eda hecho y en el d\u00eda s\u00e9ptimo repos\u00f3 o ces\u00f3 de las obras que hab\u00eda acabado. Y bendijo al d\u00eda s\u00e9ptimo; y le santific\u00f3, por cuanto hab\u00eda Dios cesado en \u00e9l de todas las obras que cre\u00f3 hasta dejarlas bien acabadas&#8221; (Torres-Amat).<\/p>\n<p style=\"text-align: justify;\"><b>Juan 19:30. <\/b>&#8220;Consumado es&#8221;\u00a0 (Reina Valera 1960).<\/p>\n<p style=\"text-align: justify;\"><b>Juan 17:4.<\/b> &#8220;He acabado la obra que me diste que hiciese&#8221; (Reina Valera 1960).<\/p>\n<p style=\"text-align: justify;\"><b>Marcos 2:27.<\/b> &#8220;El s\u00e1bado se hizo para el bien de los seres humanos&#8221; (La Biblia en Lenguaje Sencillo).<\/p>\n<p style=\"text-align: justify;\"><b>Juan 1:3.<\/b> &#8220;Todas las cosas por \u00e9l fueron hechas, y sin \u00e9l nada de lo que ha sido hecho, fue hecho&#8221; (Reina Valera 1960).<\/p>\n<p style=\"text-align: justify;\"><b>Colosenses 1:16.<\/b> &#8220;Porque en \u00e9l fueron creadas todas las cosas,\u00a0 las que hay en los cielos y las que hay en la tierra,\u00a0 visibles e invisibles;\u00a0 sean tronos,\u00a0 sean dominios,\u00a0 sean principados,\u00a0 sean potestades;\u00a0 todo fue creado por medio de \u00e9l y para \u00e9l&#8221; (Reina Valera 1960).<\/p>\n<p style=\"text-align: justify;\"><b>\u00c9xodo 31:13.<\/b> \u00a0&#8220;Deben respetar mis s\u00e1bados, porque esa es la se\u00f1al entre ustedes y yo a trav\u00e9s de los siglos, para que se sepa que yo, el Se\u00f1or, los he escogido a ustedes&#8221; (Dios Habla Hoy).<\/p>\n<p style=\"text-align: justify;\"><b>Ezequiel 20:20.<\/b> &#8220;Santificad mis d\u00edas de reposo,\u00a0 y sean por se\u00f1al entre m\u00ed y vosotros,\u00a0 para que sep\u00e1is que yo soy Jehov\u00e1 vuestro Dios&#8221; (Reina Valera 1960).<\/p>\n<p style=\"text-align: justify;\"><b>Ezequiel 20:12.<\/b> &#8220;Y les di tambi\u00e9n mis d\u00edas de reposo,\u00a0 para que fuesen por se\u00f1al entre m\u00ed y ellos para que supiesen que yo soy Jehov\u00e1 que los santifico&#8221; (Reina Valera 1960).<\/p>\n<p style=\"text-align: justify;\"><b>Samos 51:10.<\/b> &#8220;Crea en m\u00ed, oh Dios, un coraz\u00f3n limpio&#8221; (Reina Valera 1960).<\/p>\n<p style=\"text-align: justify;\"><b>Deuteronomio 5:15.<\/b> &#8220;Acu\u00e9rdate de que t\u00fa fuiste esclavo en la tierra de Egipto y que Jehovah tu Dios te sac\u00f3 de all\u00ed con mano poderosa y brazo extendido. Por eso Jehovah tu Dios te ha mandado que guardes el d\u00eda del s\u00e1bado&#8221; (Reina Valera 1989).<\/p>\n<p style=\"text-align: justify;\"><b>Hebreos 4:9.<\/b>&#8220;Por tanto,\u00a0 queda un reposo para el pueblo de Dios&#8221; (Reina Valera 1960).<\/p>\n<p style=\"text-align: justify;\">&#8220;Queda, por lo tanto, reservado un Reposo, el del s\u00e9ptimo d\u00eda, para el Pueblo de Dios&#8221; (La Biblia, El Libro del Pueblo de Dios).<\/p>\n<p style=\"text-align: justify;\"><b>Ezequiel 20:12.<\/b> Y les di mi S\u00e1bado para marcar la uni\u00f3n entre Yo y ellos, para ense\u00f1arles que soy Yo el Eterno, el que los ha apartado&#8221; (Traducci\u00f3n de la versi\u00f3n en ingl\u00e9s de Moffatt).<\/p>\n<p style=\"text-align: justify;\"><b>Apocalipsis 14:12.<\/b> &#8220;Aqu\u00ed se requiere la paciencia de los santos, de los que guardan los mandamientos de Dios y la fe de Jes\u00fas&#8221; (Biblia de Jerusal\u00e9n 1976).<\/p>\n<p style=\"text-align: justify;\"><b>2 Pedro 3:10.<\/b> &#8220;Y los elementos ardiendo ser\u00e1n deshechos y la tierra y las obra que en ella hay ser\u00e1n quemadas&#8221; (Reina Valera 1960).<\/p>\n<p style=\"text-align: justify;\"><b>Apocalipsis 21:1.<\/b> &#8220;Vi un cielo nuevo y una tierra nueva;\u00a0 porque el primer cielo y la primera tierra pasaron,\u00a0 y el mar ya no exist\u00eda m\u00e1s&#8221; (Reina Valera 1960).<\/p>\n<p style=\"text-align: justify;\"><b>Isa\u00edas 65:17.<\/b> &#8220;Presten atenci\u00f3n, que estoy por crear un cielo nuevo y una tierra nueva&#8221; (Nueva Versi\u00f3n Internacional).<\/p>\n<p style=\"text-align: justify;\"><b>Isa\u00edas 66:23.<\/b> &#8220;Y ser\u00e1 que de mes en mes, y de s\u00e1bado en s\u00e1bado vendr\u00e1 toda carne a adorar delante de m\u00ed, dijo Jehov\u00e1&#8221; (Reina Valera 1865).<\/p>\n","protected":false},"excerpt":{"rendered":"<p>CONVERSACIONES ACERCA DE DIOS 30 de marzo de 1984. Iglesia de la Universidad de Loma Linda. N\u00famero diez: &#8220;El recordatorio de la evidencia&#8221;, otra mirada al s\u00e1bado, en el amplio escenario del gran conflicto acerca del car\u00e1cter de Dios y su gobierno. Si no hay nada que Dios valore m\u00e1s que nuestra libertad, \u00bfpor qu\u00e9 [&hellip;]<\/p>\n","protected":false},"author":1,"featured_media":0,"parent":1352,"menu_order":0,"comment_status":"open","ping_status":"open","template":"","meta":{"footnotes":""},"class_list":["post-1403","page","type-page","status-publish","hentry"],"_links":{"self":[{"href":"https:\/\/speakingwellofgod.org\/es\/wp-json\/wp\/v2\/pages\/1403","targetHints":{"allow":["GET"]}}],"collection":[{"href":"https:\/\/speakingwellofgod.org\/es\/wp-json\/wp\/v2\/pages"}],"about":[{"href":"https:\/\/speakingwellofgod.org\/es\/wp-json\/wp\/v2\/types\/page"}],"author":[{"embeddable":true,"href":"https:\/\/speakingwellofgod.org\/es\/wp-json\/wp\/v2\/users\/1"}],"replies":[{"embeddable":true,"href":"https:\/\/speakingwellofgod.org\/es\/wp-json\/wp\/v2\/comments?post=1403"}],"version-history":[{"count":0,"href":"https:\/\/speakingwellofgod.org\/es\/wp-json\/wp\/v2\/pages\/1403\/revisions"}],"up":[{"embeddable":true,"href":"https:\/\/speakingwellofgod.org\/es\/wp-json\/wp\/v2\/pages\/1352"}],"wp:attachment":[{"href":"https:\/\/speakingwellofgod.org\/es\/wp-json\/wp\/v2\/media?parent=1403"}],"curies":[{"name":"wp","href":"https:\/\/api.w.org\/{rel}","templated":true}]}}