{"id":1400,"date":"2014-03-21T14:15:21","date_gmt":"2014-03-21T14:15:21","guid":{"rendered":"https:\/\/speakingwellofgod.ootartb0-liquidwebsites.com\/?page_id=1400"},"modified":"2014-03-21T14:15:21","modified_gmt":"2014-03-21T14:15:21","slug":"handout-9","status":"publish","type":"page","link":"https:\/\/speakingwellofgod.org\/es\/recursos-escritos\/conversaciones-acerca-de-dios\/handout-9","title":{"rendered":"Handout 9"},"content":{"rendered":"<div style=\"text-align: justify;\">\n<h3 align=\"center\"><b>CONVERSACIONES ACERCA DE DIOS<\/b><\/h3>\n<p>23 de marzo de 1984. Iglesia de la Universidad de Loma Linda.<\/p>\n<p><b>N\u00famero nueve: <\/b>&#8220;No hay necesidad de tenerle miedo a Dios&#8221;, otra mirada a la libertad en el amplio escenario del gran conflicto acerca del car\u00e1cter de Dios y su gobierno.<\/p>\n<p>Tener miedo de nuestro Padre celestial es negar lo que \u00c9l revel\u00f3 a tan alto precio. Aun siendo infinito en majestad y poder, no hay nada que \u00c9l valore m\u00e1s que libertad de sus inteligentes criaturas, para que su amor y confianza puedan ser dadas libremente. \u00c9l dio su vida para aclarar esto por toda la eternidad. Un Dios as\u00ed, seguramente es digno de nuestra m\u00e1s profunda reverencia, de nuestra disposici\u00f3n a escucharle y obedecerle.<\/p>\n<p>Si Dios fuera el tipo de ser que sus enemigos le han hecho parecer: arbitrario, vengativo y severo, entonces no habr\u00eda verdadera libertad y nuestra adoraci\u00f3n y obediencia estar\u00eda mancillada por el miedo. Tristemente millones de personas han sido alejadas de Dios por la sat\u00e1nica perversi\u00f3n de la verdad. Pero Jes\u00fas vino a traer la verdad que nos liberta, la verdad acerca de Dios que incluso hace posible que nosotros, simples mortales, seamos sus amigos.<\/p>\n<h3><b>Textos b\u00edblicos inclu\u00eddos:<\/b><\/h3>\n<p><b>Apocalipsis 14:7.<\/b> &#8220;Temed a Dios, y dadle gloria, porque la hora de su juicio ha llegado&#8221; (Reina Valera 1960).<\/p>\n<p><b>Salmos 128:1, 2.<\/b> <i>&#8220;<\/i>Bienaventurados todos aquellos que temen al Se\u00f1or&#8230; dichoso ser\u00e1s, y todo te ir\u00e1 bien&#8221; (Torres Amat).<\/p>\n<p><b>Proverbios 9:10.<\/b> &#8220;El principio de la sabidur\u00eda es el temor del Se\u00f1or&#8221; (Torres Amat).<\/p>\n<p>&#8220;La sabidur\u00eda comienza con el respeto al Se\u00f1or&#8221; (La Palabra de Dios para Todos).<\/p>\n<p><b>\u00c9xodo 20:18-20<\/b>. &#8220;El pueblo temblaba de\u00a0 miedo y manten\u00edan a distancia. Entonces dijeron a Mois\u00e9s Mois\u00e9s: \u00abHabla t\u00fa con nosotros, que te escucharemos; pero que no hable Dios, no sea que muramos\u00bb. Mois\u00e9s les respondi\u00f3: \u00abNo teman, pues Dios ha venido para probarlos; \u00e9l quiere que su temor permanezca en ustedes y as\u00ed no pequen\u00bb&#8221; (La Biblia Latinoamericana 1995).<\/p>\n<p><b>Hebreos 4:13. <\/b>&#8220;No hay nada creado en el mundo que se pueda esconder de Dios; todo est\u00e1 desnudo y expuesto a su vista. Es a \u00e9l a quien tendremos que rendirle cuentas de nuestra vida&#8221; (La Palabra de Dios para Todos). <b><\/b><\/p>\n<p><b>Eclesiast\u00e9s 12:14. <\/b>&#8220;Porque Dios traer\u00e1 toda obra a juicio, juntamente con toda cosa encubierta,\u00a0 sea buena o sea mala&#8221; (Reina Valera 1960).<\/p>\n<p><b>1 John 4:16.18. <\/b>&#8220;Dios es amor. El que permanece en amor, permanece en Dios, y Dios en \u00e9l. Ese amor se manifiesta plenamente\u00a0entre nosotros para que en el d\u00eda del juicio comparezcamos con toda confianza&#8230; En el amor no hay temor, el amor perfecto echa fuera el temor. El que teme espera el castigo, as\u00ed que no ha sido perfeccionado en el amor&#8221; (La Biblia al D\u00eda).<\/p>\n<p><b>Juan 5:22. <\/b>&#8220;Adem\u00e1s, el Padre no juzga a nadie, sino que todo juicio lo ha delegado en el Hijo&#8221;\u00a0 (La Biblia al D\u00eda).<b><\/b><\/p>\n<\/div>\n<p style=\"text-align: justify;\"><b>Juan 14:7, 9.<\/b> &#8220;Si me conocieseis, tambi\u00e9n a mi Padre conocer\u00edais&#8230; El que me ha visto a m\u00ed, ha visto al Padre&#8221; (Reina Valera 1960).<\/p>\n<p style=\"text-align: justify;\"><b>Juan 16:26 y 27.<\/b> &#8220;No ser\u00e1 necesario que yo ruegue al Padre por ustedes&#8230; ya que \u00e9l mismo les ama&#8221; (La Biblia del Pueblo de Dios).<\/p>\n<p style=\"text-align: justify;\"><b>Juan 3:19.<\/b> &#8220;Y este es el juicio: que la luz vino al mundo, y los hombres amaron m\u00e1s las tinieblas que la luz&#8221; (La Biblia de las Am\u00e9ricas).<\/p>\n<p style=\"text-align: justify;\"><b>Juan 12:47, 48<\/b>. &#8220;Si alguno escucha mis palabras, pero no las obedece, no ser\u00e9 yo quien lo juzgue&#8230; El que me rechaza y no acepta mis palabras tiene quien lo juzgue. La palabra que yo he proclamado lo condenar\u00e1 en el d\u00eda final&#8221; (La Biblia al D\u00eda).<\/p>\n<p style=\"text-align: justify;\"><b>Romanos 1:25, 28.<\/b> &#8220;En lugar de la verdad de Dios, han buscado la mentira,&#8230;Por eso, Dios los ha abandonado a pasiones vergonzosas&#8221; (Dios Habla Hoy).<\/p>\n<p style=\"text-align: justify;\"><b>Apocalipsis 22:11.<\/b> &#8220;Deja que el malo siga haciendo el mal y que el vil siga envileci\u00e9ndose;\u00a0 deja que el justo siga practicando la justicia y que el santo siga santific\u00e1ndose&#8221; (Nueva Versi\u00f3n Internacional).<\/p>\n<p style=\"text-align: justify;\"><b>Apocalipsis 14:10. <\/b>&#8220;\u00c9l tambi\u00e9n beber\u00e1 del vino de la ira de Dios&#8230;y ser\u00e1 atormentado con fuego y azufre&#8230;por los siglos de los siglos &#8221; (Reina Valera 1960).<\/p>\n<p style=\"text-align: justify;\"><b>Judas 7.<\/b> &#8220;Sodoma y Gomorra&#8230;fueron puestas por ejemplo sufriendo el castigo del fuego eterno&#8221; (Reina Valera 1960).<\/p>\n<p style=\"text-align: justify;\"><b>\u00c9<\/b><b>xodo 21:6<\/b>. &#8220;Y ser\u00e1 su siervo para siempre&#8221; (Reina Valera 1960).<\/p>\n<p style=\"text-align: justify;\"><b>\u00c9xodo 24:17<\/b>. &#8220;Y la apariencia de la gloria de Jehov\u00e1 era como un fuego abrasador en la cumbre del monte&#8221; (Reina Valera 1960).<\/p>\n<p style=\"text-align: justify;\"><b>Hebreos 2:15.<\/b> \u00a0 &#8220;Ha dado libertad a todos los que por miedo a la muerte viven como esclavos durante toda la vida&#8221; (Dios Habla Hoy).<\/p>\n<p style=\"text-align: justify;\"><b>Juan 8:32.<\/b> &#8220;Conocer\u00e9is la verdad, y la verdad os har\u00e1 libres&#8221; (Reina Valera 1960).<\/p>\n<p style=\"text-align: justify;\"><b>Juan 15:15.<\/b> &#8220;Ya no les digo siervos, porque el siervo no sabe lo que hace su se\u00f1or, pero los he llamado amigos, porque les he dado a conocer todo lo que he o\u00eddo de mi Padre&#8221; (Nueva Biblia de los Hispanos).<\/p>\n<p style=\"text-align: justify;\"><b>\u00c9xodo 33:11.<\/b> &#8220;Y hablaba el Se\u00f1or con Mois\u00e9s cara a cara, como quien habla con un amigo&#8221; (La Biblia al D\u00eda).<\/p>\n","protected":false},"excerpt":{"rendered":"<p>CONVERSACIONES ACERCA DE DIOS 23 de marzo de 1984. Iglesia de la Universidad de Loma Linda. N\u00famero nueve: &#8220;No hay necesidad de tenerle miedo a Dios&#8221;, otra mirada a la libertad en el amplio escenario del gran conflicto acerca del car\u00e1cter de Dios y su gobierno. Tener miedo de nuestro Padre celestial es negar lo [&hellip;]<\/p>\n","protected":false},"author":1,"featured_media":0,"parent":1352,"menu_order":0,"comment_status":"open","ping_status":"open","template":"","meta":{"footnotes":""},"class_list":["post-1400","page","type-page","status-publish","hentry"],"_links":{"self":[{"href":"https:\/\/speakingwellofgod.org\/es\/wp-json\/wp\/v2\/pages\/1400","targetHints":{"allow":["GET"]}}],"collection":[{"href":"https:\/\/speakingwellofgod.org\/es\/wp-json\/wp\/v2\/pages"}],"about":[{"href":"https:\/\/speakingwellofgod.org\/es\/wp-json\/wp\/v2\/types\/page"}],"author":[{"embeddable":true,"href":"https:\/\/speakingwellofgod.org\/es\/wp-json\/wp\/v2\/users\/1"}],"replies":[{"embeddable":true,"href":"https:\/\/speakingwellofgod.org\/es\/wp-json\/wp\/v2\/comments?post=1400"}],"version-history":[{"count":0,"href":"https:\/\/speakingwellofgod.org\/es\/wp-json\/wp\/v2\/pages\/1400\/revisions"}],"up":[{"embeddable":true,"href":"https:\/\/speakingwellofgod.org\/es\/wp-json\/wp\/v2\/pages\/1352"}],"wp:attachment":[{"href":"https:\/\/speakingwellofgod.org\/es\/wp-json\/wp\/v2\/media?parent=1400"}],"curies":[{"name":"wp","href":"https:\/\/api.w.org\/{rel}","templated":true}]}}