{"id":1397,"date":"2014-03-21T14:08:22","date_gmt":"2014-03-21T14:08:22","guid":{"rendered":"https:\/\/speakingwellofgod.ootartb0-liquidwebsites.com\/?page_id=1397"},"modified":"2014-03-21T14:08:22","modified_gmt":"2014-03-21T14:08:22","slug":"handout-8","status":"publish","type":"page","link":"https:\/\/speakingwellofgod.org\/es\/recursos-escritos\/conversaciones-acerca-de-dios\/handout-8","title":{"rendered":"Handout 8"},"content":{"rendered":"<h3 style=\"text-align: center;\" align=\"center\"><b>CONVERSACIONES ACERCA DE DIOS<\/b><\/h3>\n<p style=\"text-align: justify;\">16 de marzo de 1984. Iglesia de la Universidad de Loma Linda.<\/p>\n<p style=\"text-align: justify;\"><b>N\u00famero ocho: <\/b>&#8220;La m\u00e1s costosa y convincente evidencia&#8221;, otra mirada a la cruz, en el amplio escenario del gran conflicto acerca del car\u00e1cter de Dios y su gobierno.<\/p>\n<p style=\"text-align: justify;\">En la segunda de nuestras conversaciones consideramos de nuevo la descripci\u00f3n b\u00edblica de pecado, como algo m\u00e1s que la simple violaci\u00f3n de las leyes. El pecado involucra el colapso de la confianza y la confiabilidad, una necia y sospechosa falta de disposici\u00f3n a escuchar. Si no se le trata, el pecado imposibilita la paz. Para hacer la cosas rectas y mantenerlas as\u00ed, la confianza debe restaurarse de alguna manera. Dios envi\u00f3 a su Hijo para &#8220;hacerse cargo del pecado&#8221;. \u00bfPor qu\u00e9 ten\u00eda que morir Jes\u00fas? \u00bfPor qu\u00e9 no hab\u00eda otra manera?<\/p>\n<p style=\"text-align: justify;\">La forma en la que Jes\u00fas sufri\u00f3 y muri\u00f3 es la revelaci\u00f3n suprema de la verdad acerca de Dios que el universe alguna vez ver\u00e1 o necesitar\u00e1. Si se le entiende correctamente, significa la derrota de el acusador de nuestro Padre celestial. No es de sorprender que Satan\u00e1s haya buscado ocultar, incluso pervertir, el significado de la cruz, \u00a1para su mal\u00e9fico beneficio y p\u00e9rdida nuestra! Pero, \u00bfpor qu\u00e9 ten\u00eda que morir Jes\u00fas?<\/p>\n<h3 style=\"text-align: justify;\"><b>Textos b\u00edblicos inclu\u00eddos:<\/b><\/h3>\n<p style=\"text-align: justify;\"><b>Romanos 6:23.<\/b> &#8220;El pecado paga un salario, y es la muerte&#8221; (La Biblia Latinoamericana 1995).<\/p>\n<p style=\"text-align: justify;\"><b>G\u00e9nesis 3:4, 5<\/b>. &#8220;Y la serpiente dijo a la mujer: Ciertamente no morir\u00e9is&#8221;.\u00a0 &#8220;Pues Dios sabe que el d\u00eda que de \u00c9l com\u00e1is, ser\u00e1n abiertos vuestros ojos y ser\u00e9is como Dios&#8221; (Reina Valera 1995).<\/p>\n<p style=\"text-align: justify;\"><b>Romanos 3:4. <\/b>&#8220;As\u00ed lo dice la Biblia: Todos reconocer\u00e1n que siempre dices la verdad, por eso ganar\u00e1s el pleito cuando te acusen ante los jueces&#8221; (La Biblia en Lenguaje Sencillo).<\/p>\n<p style=\"text-align: justify;\"><b>Romanos 3:25, 26.<\/b>&#8220;A quien Dios puso como propiciaci\u00f3n por medio de la fe en su sangre,\u00a0 para manifestar su justicia,\u00a0 a causa de haber pasado por alto,\u00a0 en su paciencia,\u00a0 los pecados pasados, con la mira de manifestar en este tiempo su justicia,\u00a0 a fin de que \u00c9l sea el justo,\u00a0 y el que justifica al que es de la fe de Jes\u00fas&#8221; (Reina Valera 1960).<\/p>\n<p style=\"text-align: justify;\">&#8220;Y Dios lo mostr\u00f3 muriendo p\u00fablicamente, como medio de reconciliaci\u00f3n que se aprovecha por fe. Eso fue para demostrar la justicia de Dios, ya que en su divina paciencia aparentemente \u00c9l pas\u00f3 por alto los pecados pasados de los hombres. Fue para demostrar su justicia en este tiempo y mostrar que \u00c9l es recto y que rectifica a todos los que conf\u00edan en Jes\u00fas&#8221; (Maxwell).<\/p>\n<p style=\"text-align: justify;\"><b>2 Corintios 5:21<\/b>. &#8220;Al que no conoci\u00f3 pecado, por nosotros lo hizo pecado&#8221; (Reina Valera 1960).<\/p>\n<p style=\"text-align: justify;\"><b>Romanos 1:18, 24, 26 y 28. <\/b>&#8220;Pues la ira de Dios se manifiesta desde el cielo contra toda impiedad e injusticia de los hombres que con injusticia detienen la verdad&#8230; Por tanto, Dios los entreg\u00f3&#8230; Por esta causa Dios los entreg\u00f3&#8230; Como ellos no aprobaron tener en cuenta a Dios, los entreg\u00f3 Dios&#8221; (Reina Valera 1989).<\/p>\n<p style=\"text-align: justify;\"><b>Romanos 4:24, 25. <\/b>&#8220;Jes\u00fas Se\u00f1or nuestro; el cual fue entregado a la muerte por nuestros pecados&#8221; (Torres Amat).\u00a0<b><br \/>\n<\/b><\/p>\n<p style=\"text-align: justify;\"><b>Oseas 11:7 y 8. <\/b>&#8220;Mi pueblo est\u00e1 aferrado a la rebeli\u00f3n contra m\u00ed&#8230; \u00bfC\u00f3mo voy a dejarte, Efra\u00edm, c\u00f3mo entregarte, Israel? (Biblia de Jerusal\u00e9n 1976).<b><\/b><\/p>\n<p style=\"text-align: justify;\"><b>Mateo 27:46. <\/b>&#8220;Jes\u00fas grit\u00f3 con fuerza:&#8221;Dios m\u00edo, Dios m\u00edo, \u00bfpor qu\u00e9 me has abandonado?&#8221; (Dios Habla Hoy).<\/p>\n<p style=\"text-align: justify;\"><b>Juan 19:31. <\/b>&#8220;Era el d\u00eda antes de la Pascua, y los jud\u00edos no quer\u00edan que los cuerpos quedaran en las cruces durante el s\u00e1bado, pues precisamente aquel s\u00e1bado era muy solemne. Por eso le pidieron a Pilato que ordenara quebrar las piernas a los crucificados y que quitaran de all\u00ed los cuerpos&#8221; (Dios Habla Hoy).<\/p>\n<p style=\"text-align: justify;\"><b>2<\/b> <b>Corintios 5:19.<\/b>&#8220;En Cristo, Dios estaba reconciliando consigo mismo al mundo&#8221; (Dios Habla Hoy).<\/p>\n<p style=\"text-align: justify;\"><b>Colosenses 1:20. <\/b>&#8220;Y por medio de \u00c9l Dios reconcili\u00f3 a todo el universo&#8230; tanto lo que est\u00e1 en la tierra como lo que est\u00e1 en el cielo, haciendo la paz mediante la sangre que Cristo derram\u00f3 en la cruz&#8221; (Dios Habla Hoy).<\/p>\n<p style=\"text-align: justify;\"><b>Juan 12:32.<\/b> &#8220;Pero cuando yo sea levantado de la tierra, atraer\u00e9 a todos a m\u00ed mismo&#8221; (Dios Habla Hoy).<\/p>\n<p style=\"text-align: justify;\"><b>1 Corintios 1:17, 18. <\/b>&#8220;Cristo no me ha enviado a bautizar, sino a anunciar las buenas noticias, y no con palabras de sabidur\u00eda, para que la cruz de Cristo no pierda su poder. El mensaje de la cruz parece una tonter\u00eda para aquellos que est\u00e1n perdidos; pero para los que somos salvos, ese mensaje es el poder de Dios&#8221; (La Palabra de Dios para Todos).<\/p>\n<p style=\"text-align: justify;\"><b>Romanos 1:16. <\/b>&#8220;Porque no me averg\u00fcenzo del evangelio, pues es poder de Dios para salvaci\u00f3n a todo aquel que cree&#8230; porque en \u00e9l la justicia de Dios se revela&#8221; (Reina Valera 1989).<\/p>\n<p style=\"text-align: justify;\"><b>Jerem\u00edas 9:24. <\/b>&#8220;Si alguien quiere hacer alarde de algo, que lo haga de que aprendi\u00f3 a conocerme, y de que entiende que yo soy el Se\u00f1or que act\u00faa con fiel amor, justicia y rectitud, pues es lo que a m\u00ed me gusta. Lo dice el Se\u00f1or&#8221; (La Palabra de Dios para Todos).<\/p>\n","protected":false},"excerpt":{"rendered":"<p>CONVERSACIONES ACERCA DE DIOS 16 de marzo de 1984. Iglesia de la Universidad de Loma Linda. N\u00famero ocho: &#8220;La m\u00e1s costosa y convincente evidencia&#8221;, otra mirada a la cruz, en el amplio escenario del gran conflicto acerca del car\u00e1cter de Dios y su gobierno. En la segunda de nuestras conversaciones consideramos de nuevo la descripci\u00f3n [&hellip;]<\/p>\n","protected":false},"author":1,"featured_media":0,"parent":1352,"menu_order":0,"comment_status":"open","ping_status":"open","template":"","meta":{"footnotes":""},"class_list":["post-1397","page","type-page","status-publish","hentry"],"_links":{"self":[{"href":"https:\/\/speakingwellofgod.org\/es\/wp-json\/wp\/v2\/pages\/1397","targetHints":{"allow":["GET"]}}],"collection":[{"href":"https:\/\/speakingwellofgod.org\/es\/wp-json\/wp\/v2\/pages"}],"about":[{"href":"https:\/\/speakingwellofgod.org\/es\/wp-json\/wp\/v2\/types\/page"}],"author":[{"embeddable":true,"href":"https:\/\/speakingwellofgod.org\/es\/wp-json\/wp\/v2\/users\/1"}],"replies":[{"embeddable":true,"href":"https:\/\/speakingwellofgod.org\/es\/wp-json\/wp\/v2\/comments?post=1397"}],"version-history":[{"count":0,"href":"https:\/\/speakingwellofgod.org\/es\/wp-json\/wp\/v2\/pages\/1397\/revisions"}],"up":[{"embeddable":true,"href":"https:\/\/speakingwellofgod.org\/es\/wp-json\/wp\/v2\/pages\/1352"}],"wp:attachment":[{"href":"https:\/\/speakingwellofgod.org\/es\/wp-json\/wp\/v2\/media?parent=1397"}],"curies":[{"name":"wp","href":"https:\/\/api.w.org\/{rel}","templated":true}]}}