{"id":1392,"date":"2014-03-21T14:01:05","date_gmt":"2014-03-21T14:01:05","guid":{"rendered":"https:\/\/speakingwellofgod.ootartb0-liquidwebsites.com\/?page_id=1392"},"modified":"2014-03-21T14:02:24","modified_gmt":"2014-03-21T14:02:24","slug":"handout-7","status":"publish","type":"page","link":"https:\/\/speakingwellofgod.org\/es\/recursos-escritos\/conversaciones-acerca-de-dios\/handout-7","title":{"rendered":"Handout 7"},"content":{"rendered":"<h3 style=\"text-align: center;\"><b>CONVERSACIONES ACERCA DE DIOS<\/b><\/h3>\n<p style=\"text-align: justify;\">24 de febrero de 1984. Iglesia de la Universidad de Loma Linda<\/p>\n<p style=\"text-align: justify;\"><b>N\u00famero siete: <\/b>&#8220;Un asunto de autoridad&#8221;, otra mirada a la forma en que Dios ejerce su autoridad, en el amplio escenario del gran conflicto acerca del car\u00e1cter de Dios y su gobierno.<\/p>\n<p style=\"text-align: justify;\">Nuestro Padre celestial ha sido acusado de arbitrario y ego\u00edsta abuso de autoridad y poder divinos. De ser as\u00ed, ser\u00eda peligroso confiar en \u00c9l. Pero la Biblia entera refuta esta acusaci\u00f3n, y no solamente reclamando que no es cierto, sino demostr\u00e1ndolo con pruebas. Incluso Pablo, que una vez malentendiera el uso que Dios hace de su poder, \u00a0cambi\u00f3 de opini\u00f3n en el camino a Damasco. Para m\u00e1s tarde instarnos a no dejarnos arrastrar por cualquier &#8220;viento de doctrina&#8221; sino a un ejercicio mayor del discernimiento (Efesios 4:14, Hebreos 5:14).<\/p>\n<p style=\"text-align: justify;\">Muchos obran a\u00fan bajo el malentendido concepto que Pablo una vez tuvo, y as\u00ed andamos rodeados de afirmaciones conflictivas de autoridad religiosa basada en la posici\u00f3n, poder, milagros, o pretendidas comunicaciones del Se\u00f1or. \u00bfC\u00f3mo podemos ejercitar m\u00e1s el discernimiento?<\/p>\n<h3 style=\"text-align: justify;\"><b>Textos b\u00edblicos incluidos:<\/b><\/h3>\n<p style=\"text-align: justify;\"><b>Mateo 24:24. <\/b>&#8220;Entonces,\u00a0 si alguno os dice:\u00a0 &#8220;Mirad,\u00a0 aqu\u00ed est\u00e1 el Cristo&#8221;,\u00a0 o &#8220;Mirad,\u00a0 all\u00ed est\u00e1&#8221;,\u00a0 no lo cre\u00e1is, porque se levantar\u00e1n falsos cristos y falsos profetas,\u00a0 y har\u00e1n grandes se\u00f1ales y prodigios,\u00a0 de tal manera que enga\u00f1ar\u00e1n,\u00a0 si es posible,\u00a0 aun a los escogidos&#8221; (Reina Valera 1995).<\/p>\n<p style=\"text-align: justify;\"><b>Mateo 24:4, 5. <\/b>&#8220;Respondiendo Jes\u00fas,\u00a0 les dijo: Mirad que nadie os enga\u00f1e, porque vendr\u00e1n muchos en mi nombre diciendo: Yo soy el Cristo, y a muchos enga\u00f1ar\u00e1n&#8221; (Reina Valera 1995).<\/p>\n<p style=\"text-align: justify;\"><b>Apocalipsis 13:13, 14. <\/b>&#8220;Esta segunda bestia hac\u00eda grandes milagros; incluso, hac\u00eda bajar fuego del cielo a la tierra delante de mucha gente. Enga\u00f1aba a la gente de la tierra haciendo esos milagros&#8221; (La Palabra de Dios para Todos).<b><\/b><\/p>\n<p style=\"text-align: justify;\"><b>2 Tesalonicenses 2:9. <\/b>&#8220;El malvado vendr\u00e1, por obra de Satan\u00e1s, con toda clase de milagros,\u00a0 se\u00f1ales y prodigios falsos. Con toda perversidad enga\u00f1ar\u00e1 a los que se pierden por haberse negado a amar la verdad&#8221; (Nueva Versi\u00f3n Internacional).<\/p>\n<p style=\"text-align: justify;\"><b>2 Corintios 11:13-15. <\/b>&#8220;Falsos ap\u00f3stoles y enga\u00f1adores que se disfrazan de ap\u00f3stoles de Cristo. Y esto no es nada raro, ya que Satan\u00e1s mismo se disfraza de \u00e1ngel de luz; por eso resulta muy natural que sus servidores pretendan aparecer como defensores de la justicia&#8221; (DHH).<\/p>\n<p style=\"text-align: justify;\"><b>Juan 8:44, 45.<\/b> &#8220;El padre, de quienes ustedes son hijos es el diablo, y ustedes hacen los deseos de su padre. El prob\u00f3 ser un asesino desde el mismo principio, y no fue leal a la verdad; de hecho, no hay un solo destello de verdad en \u00e9l. Cuando habla, habla falsedad, expresi\u00f3n de su verdadero car\u00e1cter; porque \u00e9l es mentiroso y padre de mentira. Yo por el contrario, hablo la verdad, por lo tanto ustedes no creen en mi&#8221; (Traducci\u00f3n nuestra\u00a0 al espa\u00f1ol de la versi\u00f3n en ingl\u00e9s de Kleist &amp; Lilly).<\/p>\n<p style=\"text-align: justify;\"><b>2<\/b> <b>Tesalonicenses 2:1-3. <\/b>&#8220;No se preocupen ni se inquieten f\u00e1cilmente&#8230; si oyen decir como si fuera una profec\u00eda o un mensaje. Tampoco hagan caso si se los escriben en una carta diciendo falsamente que es de parte nuestra&#8230; No permitan que nadie los enga\u00f1e de ninguna manera&#8221; (La Palabra de Dios para Todos).<\/p>\n<p style=\"text-align: justify;\"><b>1 Juan 4:1, 2<\/b>. &#8220;Queridos hermanos, no les crean a todos los que dicen que tienen el Esp\u00edritu de Dios. P\u00f3nganlos a prueba, para ver si son lo que dicen ser. Porque el mundo est\u00e1 lleno de falsos profetas&#8221; (Biblia en Lenguaje Sencillo).<\/p>\n<p style=\"text-align: justify;\"><b>1 Tesalonicenses 5:21. <\/b>&#8220;P\u00f3nganlo todo a prueba, pero qu\u00e9dense s\u00f3lo con lo bueno&#8221; (Biblia en Lenguaje Sencillo).<\/p>\n<p style=\"text-align: justify;\"><b>Mateo 7:29.<\/b> &#8220;Y cuando Jes\u00fas acab\u00f3 estas palabras, la multitud se admiraba de su doctrina;\u00a0 porque les ense\u00f1aba como quien tiene autoridad&#8221; (Reina Valera 2000).<\/p>\n<p style=\"text-align: justify;\"><b>Lucas 4:32. <\/b>&#8220;Porque su mensaje ten\u00eda autoridad&#8221; (La Palabra de Dios para Todos).<\/p>\n<p style=\"text-align: justify;\"><b>Deuteronomio 13:1-3. <\/b>(La advertencia de Mois\u00e9s a no dejarse desviar por obradores de milagros que no ense\u00f1en la verdad.)<\/p>\n<p style=\"text-align: justify;\"><b>1 Reyes 13:15-18. <\/b>(La historia del profeta que minti\u00f3 al afirmar que hablaba de parte de Dios.)<\/p>\n<p style=\"text-align: justify;\"><b>Lucas 24:15-17, 27, 30, 31. <\/b>(La historia en el camino a Ema\u00fas acerca de c\u00f3mo Jes\u00fas no revel\u00f3 qui\u00e9n era sin antes haber convencido a los disc\u00edpulos primero por medio de las pruebas.)<\/p>\n<h3 style=\"text-align: justify;\"><b>La experiencia del camino a Ema\u00fas, a los ojos de una escritora:<\/b><\/h3>\n<p style=\"text-align: justify;\">&#8220;Jes\u00fas no se revel\u00f3 ante ellos en su verdadero car\u00e1cter y entonces abri\u00f3 las Escrituras ante sus mentes&#8230; \u00c9l se mantuvo oculto hasta haber interpretado las Escrituras, y haberles llevado a una fe inteligente en su vida, en su car\u00e1cter, su misi\u00f3n en esta tierra y su muerte y resurrecci\u00f3n. \u00c9l deseaba que la verdad fuera arraigada en sus mentes, <b>no porque era apoyada por su testimonio personal<\/b>, sino porque los tipos de la ley y los profetas del Antiguo Testamento en acuerdo con los hechos de su vida y muerte presentaban incuestionables pruebas de la verdad. Entonces, cuando hab\u00eda alcanzado el objeto de sus labores con los dos disc\u00edpulos, se revel\u00f3 ante ellos&#8221;\u00a0 E.G. White, 1878 (la negrita es nuestra).<\/p>\n","protected":false},"excerpt":{"rendered":"<p>CONVERSACIONES ACERCA DE DIOS 24 de febrero de 1984. Iglesia de la Universidad de Loma Linda N\u00famero siete: &#8220;Un asunto de autoridad&#8221;, otra mirada a la forma en que Dios ejerce su autoridad, en el amplio escenario del gran conflicto acerca del car\u00e1cter de Dios y su gobierno. Nuestro Padre celestial ha sido acusado de [&hellip;]<\/p>\n","protected":false},"author":1,"featured_media":0,"parent":1352,"menu_order":0,"comment_status":"open","ping_status":"open","template":"","meta":{"footnotes":""},"class_list":["post-1392","page","type-page","status-publish","hentry"],"_links":{"self":[{"href":"https:\/\/speakingwellofgod.org\/es\/wp-json\/wp\/v2\/pages\/1392","targetHints":{"allow":["GET"]}}],"collection":[{"href":"https:\/\/speakingwellofgod.org\/es\/wp-json\/wp\/v2\/pages"}],"about":[{"href":"https:\/\/speakingwellofgod.org\/es\/wp-json\/wp\/v2\/types\/page"}],"author":[{"embeddable":true,"href":"https:\/\/speakingwellofgod.org\/es\/wp-json\/wp\/v2\/users\/1"}],"replies":[{"embeddable":true,"href":"https:\/\/speakingwellofgod.org\/es\/wp-json\/wp\/v2\/comments?post=1392"}],"version-history":[{"count":0,"href":"https:\/\/speakingwellofgod.org\/es\/wp-json\/wp\/v2\/pages\/1392\/revisions"}],"up":[{"embeddable":true,"href":"https:\/\/speakingwellofgod.org\/es\/wp-json\/wp\/v2\/pages\/1352"}],"wp:attachment":[{"href":"https:\/\/speakingwellofgod.org\/es\/wp-json\/wp\/v2\/media?parent=1392"}],"curies":[{"name":"wp","href":"https:\/\/api.w.org\/{rel}","templated":true}]}}