{"id":1389,"date":"2014-03-21T13:57:09","date_gmt":"2014-03-21T13:57:09","guid":{"rendered":"https:\/\/speakingwellofgod.ootartb0-liquidwebsites.com\/?page_id=1389"},"modified":"2014-03-21T13:57:09","modified_gmt":"2014-03-21T13:57:09","slug":"handout-6","status":"publish","type":"page","link":"https:\/\/speakingwellofgod.org\/es\/recursos-escritos\/conversaciones-acerca-de-dios\/handout-6","title":{"rendered":"Handout 6"},"content":{"rendered":"<div style=\"text-align: justify;\">\n<h3 align=\"center\"><b>CONVERSACIONES ACERCA DE DIOS<\/b><\/h3>\n<p>17 de febrero de 1984. Iglesia de la Universidad de Loma Linda<\/p>\n<p><b>N\u00famero seis<\/b>: &#8220;Evaluando las pruebas&#8221;, otra mirada para entender la Biblia, en el amplio escenario del gran conflicto acerca del car\u00e1cter de Dios y su gobierno.<\/p>\n<p>La Biblia no es una mera colecci\u00f3n de declaraciones teol\u00f3gicas. Ni es el c\u00f3digo de acciones a ejecutar y pecados a rehuir. Es m\u00e1s bien un registro inspirado de c\u00f3mo Dios manejo la crisis de desconfianza en su universo. Para estar seguros de que vemos su verdadero sentido, tenemos que ver la Biblia como un todo, debemos relacionar todas sus partes con el tema central, la verdad acerca de Dios mismo. De cada historia, ense\u00f1anza y acontencimiento tiene que hacerse la misma pregunta: \u00bfQu\u00e9 dice eso de Dios? Y la pregunta obligada que surge es: \u00bfPodemos confiar en el Dios que vemos?<\/p>\n<h3><b>Textos b\u00edblicos incluidos:<\/b><\/h3>\n<p><b>Habacuc 2:7. <\/b>&#8220;Ser\u00e1s un bot\u00edn para ellos&#8221; (La Palabra de Dios para Todos)<\/p>\n<p><b>Job 41:18.<\/b> &#8220;Resopla y lanza deslumbrantes rel\u00e1mpagos&#8221; (La Biblia al D\u00eda)<b>\u00c9xodo 28:11.<\/b> &#8220;Engarces de oro&#8221; (Biblia La Palabra, Hispanoam\u00e9rica).<\/p>\n<p><b>Abd\u00edas 1:18.<\/b> &#8220;Ni quedar\u00e1 reliquia en la casa de Esa\u00fa porque Jehov\u00e1 habl\u00f3&#8221; (Reina Valera 1569).<\/p>\n<p><b>2 Samuel 14:7.<\/b> &#8220;No dejando a mi marido nombre, ni reliquia sobre la tierra&#8221; (Reina Valera 1960).<\/p>\n<p><b>Juan 20:17<\/b>. &#8220;\u00a1No me toques! \u2014le advirti\u00f3 Jes\u00fas\u2014. Todav\u00eda no he ascendido al Padre&#8221; (Nuevo Testamento La Biblia al D\u00eda 1979).<\/p>\n<p><b>Juan 2:4<\/b>. &#8220;D\u00edcele Jes\u00fas: Mujer \u00bfqu\u00e9 tengo yo que ver contigo?&#8221; (Versi\u00f3n Moderna 1929).<\/p>\n<p><b>Mateo 11:4-6. <\/b>&#8220;Jes\u00fas les contest\u00f3: &#8216;Regresen y d\u00edganle a Juan lo que est\u00e1n viendo y oyendo. Los ciegos ven, los cojos caminan, los leprosos son sanados, los sordos oyen, los muertos resucitan y los pobres reciben las buenas noticias.\u00a0 Afortunado el que no dude de m\u00ed'&#8221; (Palabra de Dios Para Todos) \u00a0(Ver Isa\u00edas 35 and 61)<b>.<\/b><\/p>\n<p><b>Hebreos 1:1-3. <\/b>&#8220;En el pasado muchas veces y de muchas formas habl\u00f3 Dios a nuestros padres por medio de los profetas. En esta etapa final nos ha hablado por medio de su Hijo&#8230; \u00c9l es reflejo de su gloria, la imagen misma de lo que Dios es&#8221; (La Bibia de Nuestro Pueblo).<\/p>\n<p><b>Juan 5:39, 40<\/b>. &#8220;Ustedes estudian las Escrituras con mucho cuidado, porque esperan encontrar en ellas la vida eterna; sin embargo, aunque las Escrituras dan testimonio de m\u00ed,\u00a0 ustedes no quieren venir a m\u00ed para tener esa vida&#8221; (Dios Habla Hoy).<\/p>\n<\/div>\n<p style=\"text-align: justify;\"><b>Lucas 24:27.<\/b> &#8220;Y comenzando desde Mois\u00e9s y todos los Profetas les interpretaba en las Escrituras lo que de \u00e9l dec\u00edan&#8221; (Reina Valera 1989).<\/p>\n<p style=\"text-align: justify;\"><b>Juan 14:8, 9. <\/b>&#8220;Felipe le dijo: Se\u00f1or, mu\u00e9stranos el Padre, y nos basta. Jes\u00fas le dijo: \u00bfTanto tiempo hace que estoy con vosotros, y no me has conocido, Felipe? El que me ha visto a m\u00ed, ha visto al Padre&#8221; (Reina Valera 1960).<\/p>\n<p style=\"text-align: justify;\"><b>Juan 16:26.<\/b> &#8220;Y no os digo que yo interceder\u00e9 con mi Padre por vosotros,\u00a0 siendo cierto que el mismo Padre os ama&#8221; (Torres Amat).<\/p>\n<p style=\"text-align: justify;\"><b>1 Corintios 10:4.<\/b> &#8220;Pues beb\u00edan de la roca espiritual que los acompa\u00f1aba, y la roca era Cristo&#8221; (La Biblia al D\u00eda).<\/p>\n<p style=\"text-align: justify;\"><b>Mateo 19:7, 8. <\/b>&#8220;Los Fariseos le preguntaron: Entonces \u00bfpor qu\u00e9 Mois\u00e9s nos dej\u00f3 una ley que dice que el hombre puede separarse de su esposa d\u00e1ndole un certificado de divorcio? Jes\u00fas les respondi\u00f3: Mois\u00e9s les permiti\u00f3 divorciarse porque ustedes son muy tercos y no quieren obedecer a Dios. Pero Dios, desde un principio, nunca ha querido que el hombre se separe de su esposa&#8221; (La Biblia en Lenguaje Sencillo).<\/p>\n<h3 style=\"text-align: justify;\"><b>Una declaraci\u00f3n del prop\u00f3sito y m\u00e9todo de estudio de la Biblia.<\/b><\/h3>\n<p style=\"text-align: justify;\">El gran prop\u00f3sitio de la Biblia es el de revelar la verdad acerca de nuestro Padre celestial, para que podamos volver a \u00c9l con amor y confianza. Esta verdad, estas buenas nuevas eternas deben encontrarse en cada uno de los sesenta y seis libros. Pero para descubrir esta verdad, tenemos que aprender m\u00e1s que solamente es: \u00bfQu\u00e9 nos dicen estas historias acerca de Dios?<\/p>\n<p style=\"text-align: justify;\">Si uno no se hace esa pregunta, mucho del contenido de las Escrituras parecer\u00e1 sin relaci\u00f3n con el plan de salvaci\u00f3n, incluso desconcertante y a veces hasta contradictorio. Pero cuando aprende a ver la Biblia como un todo, de ella emerge la imagen constante y sabia de un Dios misericordioso que pareciera dispuesto a todo para mantenerse en contacto con su pueblo. A inclinarse para alcanzarlos en donde se encuentran, a hablar un idioma que puedan entender. Y mientras uno m\u00e1s lee, libro por libro, uno es movido al amor y a la admiraci\u00f3n de un Dios que estuvo dispuesto a correr un riesgo tal, a pagar un precio tal con tal de mantener abiertas las v\u00edas de comunicaci\u00f3n entre \u00c9l y sus descarriados hijos.<\/p>\n<p style=\"text-align: justify;\">Dios salvar\u00e1 a todos los que confien en \u00c9l. Pero no nos pide que confiemos en \u00c9l sin conocerle. La Biblia, toda ella, es el registro de la revelaci\u00f3n de Dios y su demostraci\u00f3n de que es infinitamente digno de confianza.<\/p>\n","protected":false},"excerpt":{"rendered":"<p>CONVERSACIONES ACERCA DE DIOS 17 de febrero de 1984. Iglesia de la Universidad de Loma Linda N\u00famero seis: &#8220;Evaluando las pruebas&#8221;, otra mirada para entender la Biblia, en el amplio escenario del gran conflicto acerca del car\u00e1cter de Dios y su gobierno. La Biblia no es una mera colecci\u00f3n de declaraciones teol\u00f3gicas. Ni es el [&hellip;]<\/p>\n","protected":false},"author":1,"featured_media":0,"parent":1352,"menu_order":0,"comment_status":"open","ping_status":"open","template":"","meta":{"footnotes":""},"class_list":["post-1389","page","type-page","status-publish","hentry"],"_links":{"self":[{"href":"https:\/\/speakingwellofgod.org\/es\/wp-json\/wp\/v2\/pages\/1389","targetHints":{"allow":["GET"]}}],"collection":[{"href":"https:\/\/speakingwellofgod.org\/es\/wp-json\/wp\/v2\/pages"}],"about":[{"href":"https:\/\/speakingwellofgod.org\/es\/wp-json\/wp\/v2\/types\/page"}],"author":[{"embeddable":true,"href":"https:\/\/speakingwellofgod.org\/es\/wp-json\/wp\/v2\/users\/1"}],"replies":[{"embeddable":true,"href":"https:\/\/speakingwellofgod.org\/es\/wp-json\/wp\/v2\/comments?post=1389"}],"version-history":[{"count":0,"href":"https:\/\/speakingwellofgod.org\/es\/wp-json\/wp\/v2\/pages\/1389\/revisions"}],"up":[{"embeddable":true,"href":"https:\/\/speakingwellofgod.org\/es\/wp-json\/wp\/v2\/pages\/1352"}],"wp:attachment":[{"href":"https:\/\/speakingwellofgod.org\/es\/wp-json\/wp\/v2\/media?parent=1389"}],"curies":[{"name":"wp","href":"https:\/\/api.w.org\/{rel}","templated":true}]}}