{"id":1383,"date":"2014-03-21T13:47:50","date_gmt":"2014-03-21T13:47:50","guid":{"rendered":"https:\/\/speakingwellofgod.ootartb0-liquidwebsites.com\/?page_id=1383"},"modified":"2014-03-21T13:48:54","modified_gmt":"2014-03-21T13:48:54","slug":"handout-5","status":"publish","type":"page","link":"https:\/\/speakingwellofgod.org\/es\/recursos-escritos\/conversaciones-acerca-de-dios\/handout-5","title":{"rendered":"Handout 5"},"content":{"rendered":"<h3 style=\"text-align: center;\" align=\"center\"><b>CONVERSACIONES ACERCA DE DIOS<\/b><\/h3>\n<div style=\"text-align: justify;\">\n<p>10 de febrero de 1984. Iglesia de la Universidad de Loma Linda.<\/p>\n<p><b>N\u00famero cinco: <\/b>&#8220;El registro de las pruebas&#8221;, otra mirada a la Biblia, en el amplio escenario del gran conflicto acerca del car\u00e1cter de Dios y su gobierno.<\/p>\n<p>Sin la Biblia nada sabr\u00edamos de este conflicto en la familia de Dios. Ni tendr\u00edamos el registro de c\u00f3mo Dios demostr\u00f3 que es digno de confianza mediante su h\u00e1bil y misericordioso manejo del conflicto. Pero, \u00bfse puede confiar en la Biblia? \u00bfTenemos la colecci\u00f3n correcta de sesenta y seis libros? \u00bfHan sido las palabras preservadas con exactitud? \u00bfPodemos confiar en tantas traducciones? Y por sobre todo, \u00bfpodemos confiar en que comprendemos su significado?<\/p>\n<h3><b>Textos b\u00edblicos incluidos:<\/b><\/h3>\n<p><b>2 Timoteo 3:16<\/b>. &#8220;Toda la Escritura es inspirada por Dios, y \u00fatil para ense\u00f1ar&#8221; (Reina Valera 1960).<\/p>\n<p>&#8220;Toda escritura inspirada de Dios es propia para ense\u00f1ar&#8230;&#8221; (Torres Amat).<\/p>\n<p><b>2 Timoteo 3:14-17<\/b>. &#8220;T\u00fa, amado hijo, mantente firme en lo que has aprendido y se te ha encomendado, considerando qui\u00e9n te lo ense\u00f1\u00f3, y tambi\u00e9n que desde la ni\u00f1ez aprendiste las sagradas letras que te pueden instruir para la salvaci\u00f3n, mediante la fe que cree en Jesucristo. Toda escritura inspirada es propia para ense\u00f1ar, para convencer, para corregir a los pecadores, para dirigir a los buenos en la justicia o virtud, en fin, para que el hombre de Dios o el cristiano sea perfecto, y est\u00e9 apercibido para toda obra buena&#8221; (Torres Amat).<\/p>\n<p><b>Lucas 24:44. <\/b>&#8220;Era necesario que se cumpliese todo lo que est\u00e1 escrito de m\u00ed en la ley de Mois\u00e9s,\u00a0 en los profetas y en los salmos&#8221; (Reina Valera 1960).<\/p>\n<p><b>Mateo 5:17, 18. <\/b>&#8220;&#8221;No piensen que he venido a anular la ley o los profetas; no he venido a anularlos sino a darles cumplimiento. Les aseguro que mientras existan el cielo y la tierra,\u00a0 ni una letra, ni una tilde de la ley desaparecer\u00e1n hasta que todo se haya cumplido&#8221; (Nueva Versi\u00f3n Internacional).<\/p>\n<p><b>Juan 10:34. <\/b>&#8220;\u00bfY acaso -respondi\u00f3 Jes\u00fas- no est\u00e1 escrito en su ley: &#8216;Yo he dicho que ustedes son dioses&#8217;?&#8221; (Nueva Versi\u00f3n Internacional) (Referencia del Salmo 82:6)<\/p>\n<p><b>Juan 10:34, 35.<\/b>&#8220;Jes\u00fas les contest\u00f3,&#8230; y las Escrituras siempre dicen la verdad&#8221;\u00a0 (La Palabra de Dios para Todos).<\/p>\n<p><b>Isa\u00edas 8:19, 20. <\/b>&#8220;Y si os dijeren: Preguntad a los encantadores y a los adivinos, que susurran hablando, responded: \u00bfNo consultar\u00e1 el pueblo a su Dios? \u00bfConsultar\u00e1 a los muertos por los vivos? \u00a1A la ley y al testimonio! Si no dijeren conforme a esto, es porque no les ha amanecido&#8221; (Reina Valera 1960).<b><\/b><\/p>\n<\/div>\n<p style=\"text-align: justify;\"><b>Zacar\u00edas 7:12.<\/b> &#8220;Pusieron su coraz\u00f3n como diamante, para no o\u00edr la ley ni las palabras que Jehov\u00e1 de los ej\u00e9rcitos enviaba por su Esp\u00edritu, por medio de los profetas primeros&#8221; (Reina Valera 1960)<\/p>\n<p style=\"text-align: justify;\"><b>La Ley:<\/b> G\u00e9nesis, \u00c9xodo, Lev\u00edtico, N\u00fameros, Deuteronomio.<\/p>\n<p style=\"text-align: justify;\"><b>Los<\/b> <b>Profetas<\/b>: Josu\u00e9, Jueces, Samuel, Reyes, Isa\u00edas, Jerem\u00edas, Ezequiel, Oseas, Joel, Am\u00f3s, Abd\u00edas, Jon\u00e1s, Miqueas, Nah\u00fam, Habacuc, Sofon\u00edas, Hageo, Zacar\u00edas, Malaqu\u00edas.<\/p>\n<p style=\"text-align: justify;\"><b>Los<\/b> <b>Escritos<\/b>: Salmos, Proverbios, Job, El Cantar de los Cantares de Salom\u00f3n, Rut, Lamentaciones, Eclesiast\u00e9s, Ester, Daniel, Esdras-Nehem\u00edas, Cr\u00f3nicas.<\/p>\n<p style=\"text-align: justify;\"><b>Ap\u00f3crifos del Antiguo Testamento: <\/b>I y II Esdras, Tob\u00edas, Judit, Adiciones a Ester, Sabidur\u00eda de Salom\u00f3n, Eclesiast\u00e9s, Baruc, Susana, El Canto de los Tres Ni\u00f1os, Bel y el Drag\u00f3n, La Oraci\u00f3n de Manas\u00e9s, I y II Macabeos.<\/p>\n<p style=\"text-align: justify;\"><b>Algunos libros seudoep\u00edgrafos del Antiguo Testamento: <\/b>El Testamento de Ad\u00e1n, El Libro de los Jubileos, Testamentos de los Doce Patriarcas, El Testamento de Job, El Libro de Enoc, Or\u00e1culos Sibilinos, La Asunci\u00f3n de Mois\u00e9s, La Asunci\u00f3n de Isa\u00edas, Los Salmos de Salom\u00f3n, Los Libros M\u00e1gicos de Mois\u00e9s, La Historia de Ahicar.<\/p>\n<p style=\"text-align: justify;\"><b>Algunos libros ap\u00f3crifos del Nuevo Testamento: <\/b>El Evangelio de Tom\u00e1s, El Libro de Santiago, La Asunci\u00f3n de la Virgen, Hechos de Juan, Hechos de Pablo, Hechos de Pedro, Las Cartas de Cristo y Abgaro, La Carta de L\u00e9ntulo, El Apocalipsis de Pedro, El Apocalipsis de Pablo.<\/p>\n<p style=\"text-align: justify;\">Hebreo\u00a0\u00a0\u00a0\u00a0\u00a0\u00a0\u00a0\u00a0\u00a0 tierra \u00a0el\u00a0\u00a0 \u00a0y \u00a0\u00a0\u00a0\u00a0\u00a0\u00a0cielos\u00a0\u00a0\u00a0\u00a0\u00a0 \u00a0el \u00a0\u00a0\u00a0\u00a0\u00a0\u00a0\u00a0Dios \u00a0\u00a0\u00a0\u00a0\u00a0\u00a0cre\u00f3 \u00a0\u00a0principio \u00a0en<\/p>\n<p style=\"text-align: justify;\">Arameo\u00a0\u00a0\u00a0\u00a0\u00a0\u00a0\u00a0\u00a0 vive \u00a0\u00a0siempre por \u00a0rey O<\/p>\n<p style=\"text-align: justify;\">Griego\u00a0\u00a0\u00a0\u00a0\u00a0\u00a0\u00a0\u00a0\u00a0\u00a0\u00a0 tanto\u00a0\u00a0\u00a0 porque\u00a0\u00a0\u00a0\u00a0\u00a0\u00a0\u00a0 am\u00f3\u00a0\u00a0\u00a0\u00a0\u00a0\u00a0\u00a0\u00a0\u00a0\u00a0 el\u00a0\u00a0\u00a0 Dios\u00a0\u00a0\u00a0\u00a0\u00a0\u00a0 el\u00a0\u00a0\u00a0\u00a0\u00a0\u00a0\u00a0 mundo<\/p>\n<p style=\"text-align: justify;\">\u00bfC\u00f3mo leer\u00eda usted esta frase?\u00a0 NOEXISTEDIOS<\/p>\n<p style=\"text-align: justify;\"><b>La opini\u00f3n de un competente erudito sobre la preservaci\u00f3n de la Biblia:<\/b><\/p>\n<p style=\"text-align: justify;\">&#8220;El cristiano puede tomar en su mano la Biblia completa y expresar, sin temor ni duda, que all\u00ed se encuentra la verdadera Palabra de Dios, entregada de generaci\u00f3n en generaci\u00f3n a trav\u00e9s de los siglos y sin p\u00e9rdidas eseciales&#8221; (Frederic Kenyon, curador del Museo Brit\u00e1nico).<\/p>\n<p style=\"text-align: justify;\">S\u00ed, para prop\u00f3sitos pr\u00e1cticos tenemos en nuestro poder los libros de la Biblia seg\u00fan fueron escritos originalmente.<\/p>\n","protected":false},"excerpt":{"rendered":"<p>CONVERSACIONES ACERCA DE DIOS 10 de febrero de 1984. Iglesia de la Universidad de Loma Linda. N\u00famero cinco: &#8220;El registro de las pruebas&#8221;, otra mirada a la Biblia, en el amplio escenario del gran conflicto acerca del car\u00e1cter de Dios y su gobierno. Sin la Biblia nada sabr\u00edamos de este conflicto en la familia de [&hellip;]<\/p>\n","protected":false},"author":1,"featured_media":0,"parent":1352,"menu_order":0,"comment_status":"open","ping_status":"open","template":"","meta":{"footnotes":""},"class_list":["post-1383","page","type-page","status-publish","hentry"],"_links":{"self":[{"href":"https:\/\/speakingwellofgod.org\/es\/wp-json\/wp\/v2\/pages\/1383","targetHints":{"allow":["GET"]}}],"collection":[{"href":"https:\/\/speakingwellofgod.org\/es\/wp-json\/wp\/v2\/pages"}],"about":[{"href":"https:\/\/speakingwellofgod.org\/es\/wp-json\/wp\/v2\/types\/page"}],"author":[{"embeddable":true,"href":"https:\/\/speakingwellofgod.org\/es\/wp-json\/wp\/v2\/users\/1"}],"replies":[{"embeddable":true,"href":"https:\/\/speakingwellofgod.org\/es\/wp-json\/wp\/v2\/comments?post=1383"}],"version-history":[{"count":0,"href":"https:\/\/speakingwellofgod.org\/es\/wp-json\/wp\/v2\/pages\/1383\/revisions"}],"up":[{"embeddable":true,"href":"https:\/\/speakingwellofgod.org\/es\/wp-json\/wp\/v2\/pages\/1352"}],"wp:attachment":[{"href":"https:\/\/speakingwellofgod.org\/es\/wp-json\/wp\/v2\/media?parent=1383"}],"curies":[{"name":"wp","href":"https:\/\/api.w.org\/{rel}","templated":true}]}}