{"id":1380,"date":"2014-03-21T13:42:07","date_gmt":"2014-03-21T13:42:07","guid":{"rendered":"https:\/\/speakingwellofgod.ootartb0-liquidwebsites.com\/?page_id=1380"},"modified":"2014-03-21T13:42:07","modified_gmt":"2014-03-21T13:42:07","slug":"handout-4","status":"publish","type":"page","link":"https:\/\/speakingwellofgod.org\/es\/recursos-escritos\/conversaciones-acerca-de-dios\/handout-4","title":{"rendered":"Handout 4"},"content":{"rendered":"<h3 style=\"text-align: center;\" align=\"center\"><b>CONVERSACIONES ACERCA DE DIOS<\/b><\/h3>\n<p style=\"text-align: justify;\">3 de febrero de 1984. Iglesia de la Universidad de Loma Linda.<\/p>\n<p style=\"text-align: justify;\"><b>N\u00famero cuatro: <\/b>&#8220;La forma en la que Dios restaura la confianza&#8221;, otra mirada al \u00fanico fundamento seguro para la fe, en el amplio escenario del Gran Conflicto acerca del car\u00e1cter de Dios y su gobierno.<\/p>\n<p style=\"text-align: justify;\">Para tener paz una vez m\u00e1s en su universo, todo lo que Dios nos pide es confianza. Pero \u00c9l no espera que confiemos en \u00c9l sin conocerle. Adem\u00e1s, \u00c9l fue acusado de no ser digno de nuestra fe. \u00bfC\u00f3mo es que Dios aclar\u00f3 dicha acusaci\u00f3n? El decir solamente que se es digno de confianza no es prueba suficiente. \u00danicamente demostrando que se es digno de confianza, durante un per\u00edodo largo de tiempo y bajo una gran variedad de circunstancias, especialmente las dif\u00edciles, es que la confianza puede ser restablecida y confirmada. La Biblia es el registro de tal demostraci\u00f3n. Es la manera en la que Dios restaura la confianza.<\/p>\n<h3 style=\"text-align: justify;\"><b>Textos b\u00edblicos incluidos:<\/b><\/h3>\n<p style=\"text-align: justify;\"><b>Santiago 2:19. <\/b>&#8220;T\u00fa crees que Dios es uno; bien haces. Tambi\u00e9n los demonios creen, y tiemblan&#8221; (Reina Valera).<\/p>\n<p style=\"text-align: justify;\"><b>Apocalipsis 12:12.<\/b> &#8220;Porque el Diablo ha descendido a ustedes con gran furor, sabiendo que tiene poco tiempo&#8221; (La Nueva Biblia de los Hispanos).<\/p>\n<p style=\"text-align: justify;\"><b>G\u00e9nesis 9:8, 11-13; 11:1, 3, 4. <\/b>&#8220;Y habl\u00f3 Dios a No\u00e9 y a sus hijos con \u00e9l, diciendo:&#8230; no exterminar\u00e9 ya m\u00e1s toda carne con aguas de diluvio, ni habr\u00e1 m\u00e1s diluvio para destruir la tierra&#8230; Mi arco he puesto en las nubes, el cual ser\u00e1 por se\u00f1al del pacto entre m\u00ed y la tierra&#8221;. &#8220;Ten\u00eda entonces toda la tierra una sola lengua y unas mismas palabras&#8230; Y dijeron: Vamos, edifiqu\u00e9monos una ciudad y una torre, cuya c\u00faspide llegue al cielo&#8221; (Reina Valera 1960).<\/p>\n<p style=\"text-align: justify;\"><b>Deuteronomio 13:1-3.<\/b> &#8220;Cuando se levantare en medio de ti profeta, o so\u00f1ador de sue\u00f1os, y te anunciare se\u00f1al o prodigios, y si se cumpliere la se\u00f1al o prodigio que \u00e9l te anunci\u00f3, diciendo: Vamos en pos de dioses ajenos, que no conociste, y sirv\u00e1mosles; no dar\u00e1s o\u00eddo a las palabras de tal profeta, ni al so\u00f1ador de sue\u00f1os&#8221;\u00a0 (Reina Valera 1960).<\/p>\n<p style=\"text-align: justify;\"><b>1 Reyes 13:15-18. <\/b>&#8220;Entonces (el viejo profeta) le dijo: \u2013Ven conmigo a casa, y come pan. Pero \u00e9l (el var\u00f3n de Dios) le respondi\u00f3: \u2013No podr\u00e9 volver contigo ni entrar contigo. Tampoco comer\u00e9 pan ni beber\u00e9 agua contigo en este lugar, porque me fue dicho por mandato de Jehovah: &#8220;No comas pan, ni bebas agua de all\u00ed, ni vuelvas por el camino que vayas&#8221;. Y le dijo: \u2013Yo tambi\u00e9n soy profeta como t\u00fa, y un \u00e1ngel me ha hablado por mandato de Jehovah, diciendo: &#8220;Hazle volver contigo a tu casa, para que coma pan y beba agua&#8221;. Pero le minti\u00f3 &#8221; (Reina Valera 1989).<\/p>\n<p style=\"text-align: justify;\"><b>Lucas 24:15-17, 27, 30, 31.<\/b> &#8220;Mientras hablaban y discut\u00edan entre s\u00ed, Jes\u00fas mismo se acerc\u00f3, y caminaba con ellos. Mas los ojos de ellos estaban velados, para que no le conociesen. Y les dijo: \u00bfQu\u00e9 pl\u00e1ticas son estas que ten\u00e9is entre vosotros mientras camin\u00e1is?&#8221; Y se quedaron parados, con rostros tristes&#8230; Y comenzando desde Mois\u00e9s, y siguiendo por todos los profetas, les declaraba en todas las Escrituras lo que de \u00e9l dec\u00edan&#8230; Y estando sentado con ellos a la mesa, tom\u00f3 el pan y lo bendijo, lo parti\u00f3, y les dio. Entonces les fueron abiertos los ojos, y le reconocieron&#8221; (Reina Valera 1960).<\/p>\n<p style=\"text-align: justify;\"><b>Romanos 10:11, 13 -15, 17. <\/b>&#8220;La Escritura dice: &#8220;El que conf\u00ede en \u00e9l, no quedar\u00e1 defraudado&#8230; Todos los que invoquen el nombre del Se\u00f1or, alcanzar\u00e1n la salvaci\u00f3n. Pero \u00bfc\u00f3mo van a invocarlo, si no han cre\u00eddo en \u00e9l? \u00bfY c\u00f3mo van a creer en \u00e9l, si no han o\u00eddo hablar de \u00e9l? \u00bfY c\u00f3mo van a o\u00edr, si no hay quien les anuncie el mensaje?&#8230; \u00a1Qu\u00e9 hermosa es la llegada de los que traen buenas noticias!&#8221; (Dios Habla Hoy.) &#8220;Mas la fe nace cuando se presta atenci\u00f3n a las Buenas Noticias acerca de Jesucristo&#8221; (La Biblia al D\u00eda).<\/p>\n<p style=\"text-align: justify;\"><b>G\u00e1latas 5:22.<\/b> &#8220;Empero el fruto del Esp\u00edritu es amor, gozo, paz, paciencia, benignidad, bondad, fe&#8221; (Reina Valera 1960).<\/p>\n<p style=\"text-align: justify;\"><b>2 Pedro 1:20, 21. <\/b>&#8220;Ante todo, tened muy presente que ninguna profec\u00eda de la Escritura surge de la interpretaci\u00f3n particular de nadie. Porque la profec\u00eda no ha tenido su origen en la voluntad humana, sino que los profetas hablaron de parte de Dios, impulsados por el Esp\u00edritu Santo&#8221; (La Biblia al D\u00eda).<\/p>\n<p style=\"text-align: justify;\">&#8220;Entendiendo primero esto, que ninguna profec\u00eda de la Escritura es de particular interpretaci\u00f3n; porque la profec\u00eda no fue en los tiempos pasados tra\u00edda por voluntad humana, sino que los santos hombres de Dios hablaron siendo inspirados del Esp\u00edritu Santo&#8221; (Reina Valera 2000).<\/p>\n<p style=\"text-align: justify;\"><b>Juan 14:16, 17, 25, 26; 15:26; 16:13.\u00a0 <\/b>&#8220;Yo interceder\u00e9 ante mi Padre y les dar\u00e1 otro Ayudador; para que est\u00e9 para siempre con ustedes: El esp\u00edritu de la verdad&#8230; el Ayudador, el esp\u00edritu santo, a quien mi Padre enviar\u00e1 en mi Nombre, \u00c9l les ense\u00f1ar\u00e1 todas las cosas y les recordar\u00e1 todo lo que les he dicho&#8230; cuando venga el Ayudador, a quien yo les enviar\u00e9 de parte de mi Padre, el esp\u00edritu de la verdad que proviene de mi Padre, \u00c9l dar\u00e1 testimonio de m\u00ed&#8230; \u00a0pero cuando venga el esp\u00edritu de la verdad, \u00c9l los guiar\u00e1 a toda la verdad&#8221; (Biblia Peshitta en espa\u00f1ol).<\/p>\n<p style=\"text-align: justify;\"><b>Juan 5:39. <\/b>&#8220;Ustedes examinan las Escrituras porque piensan tener en ellas la vida eterna. \u00a1Y son ellas las que dan testimonio de m\u00ed!&#8221; (Nueva Biblia Latinoamericana de Hoy).<\/p>\n<p style=\"text-align: justify;\"><b>Hebreos 1:1. <\/b>&#8220;Muchas veces y de muchos modos habl\u00f3 Dios en el pasado a nuestros Padres por medio de los Profetas; en estos \u00faltimos tiempos nos ha hablado por medio del Hijo&#8221; (Biblia de Jerusal\u00e9n 2a edici\u00f3n).<\/p>\n","protected":false},"excerpt":{"rendered":"<p>CONVERSACIONES ACERCA DE DIOS 3 de febrero de 1984. Iglesia de la Universidad de Loma Linda. N\u00famero cuatro: &#8220;La forma en la que Dios restaura la confianza&#8221;, otra mirada al \u00fanico fundamento seguro para la fe, en el amplio escenario del Gran Conflicto acerca del car\u00e1cter de Dios y su gobierno. Para tener paz una [&hellip;]<\/p>\n","protected":false},"author":1,"featured_media":0,"parent":1352,"menu_order":0,"comment_status":"open","ping_status":"open","template":"","meta":{"footnotes":""},"class_list":["post-1380","page","type-page","status-publish","hentry"],"_links":{"self":[{"href":"https:\/\/speakingwellofgod.org\/es\/wp-json\/wp\/v2\/pages\/1380","targetHints":{"allow":["GET"]}}],"collection":[{"href":"https:\/\/speakingwellofgod.org\/es\/wp-json\/wp\/v2\/pages"}],"about":[{"href":"https:\/\/speakingwellofgod.org\/es\/wp-json\/wp\/v2\/types\/page"}],"author":[{"embeddable":true,"href":"https:\/\/speakingwellofgod.org\/es\/wp-json\/wp\/v2\/users\/1"}],"replies":[{"embeddable":true,"href":"https:\/\/speakingwellofgod.org\/es\/wp-json\/wp\/v2\/comments?post=1380"}],"version-history":[{"count":0,"href":"https:\/\/speakingwellofgod.org\/es\/wp-json\/wp\/v2\/pages\/1380\/revisions"}],"up":[{"embeddable":true,"href":"https:\/\/speakingwellofgod.org\/es\/wp-json\/wp\/v2\/pages\/1352"}],"wp:attachment":[{"href":"https:\/\/speakingwellofgod.org\/es\/wp-json\/wp\/v2\/media?parent=1380"}],"curies":[{"name":"wp","href":"https:\/\/api.w.org\/{rel}","templated":true}]}}