{"id":1377,"date":"2014-03-21T13:35:56","date_gmt":"2014-03-21T13:35:56","guid":{"rendered":"https:\/\/speakingwellofgod.ootartb0-liquidwebsites.com\/?page_id=1377"},"modified":"2014-03-21T13:35:56","modified_gmt":"2014-03-21T13:35:56","slug":"handout-3","status":"publish","type":"page","link":"https:\/\/speakingwellofgod.org\/es\/recursos-escritos\/conversaciones-acerca-de-dios\/handout-3","title":{"rendered":"Handout 3"},"content":{"rendered":"<h3 style=\"text-align: center;\"><b>CONVERSACIONES ACERCA DE DIOS<\/b><\/h3>\n<p style=\"text-align: justify;\">29 de enero de 1984. Iglesia<b> <\/b>de<b> <\/b>la<b> <\/b>Universidad<b> <\/b>de<b> <\/b>Loma<b> <\/b>Linda<\/p>\n<p style=\"text-align: justify;\"><b>N\u00famero tres: <\/b>&#8220;Todo<b> <\/b>lo que Dios pide es confianza&#8221;, otra mirada al significado y a la necesidad de la fe, en el amplio escenario del Gran Conflicto.<\/p>\n<p style=\"text-align: justify;\">Hubo una ruptura en la confianza en el universo de Dios, al punto de que hubo guerra en el cielo, as\u00ed como malentendidos continuos y desconfianza aqu\u00ed en este planeta. No puede haber paz real ni duradera en la familia de Dios\u00a0 hasta que la confianza mutua y la confiabilidad se restauren. No es de sorprender que todo lo que Dios pida sea confianza, incluso de pecadores da\u00f1ados como nosotros. Porque si solamente confi\u00e1ramos en \u00c9l lo suficiente como para escucharle, \u00c9l podr\u00eda, prestamente sanar el da\u00f1o que se hizo. Dios puede salvar y salvar\u00e1 a quienes confien en \u00c9l.<\/p>\n<h3 style=\"text-align: justify;\"><b>Textos b\u00edblicos incluidos:<\/b><\/h3>\n<p style=\"text-align: justify;\"><b>Hechos 16:30, 31. <\/b>&#8220;Se\u00f1ores, \u00bfqu\u00e9 es menester que yo haga para ser salvo?&#8221; Y ellos le dijeron: &#8220;Cree en el Se\u00f1or Jesucristo, y ser\u00e1s salvo&#8221; (Reina Valera); \u00a0&#8220;Ten fe en el Se\u00f1or Jes\u00fas&#8230;&#8221; (La Biblia Latinoamericana); &#8220;Est\u00e9s confiado sobre el Se\u00f1or Jes\u00fas&#8230;&#8221; (Interlineal griego-espa\u00f1ol Tischendorf)<\/p>\n<p style=\"text-align: justify;\"><b>Hebreos 11:1. <\/b>&#8220;Es pues la fe la substancia de las cosas que se esperan, la demostraci\u00f3n de las cosas que no se ven&#8221; (Reina Valera)<\/p>\n<p style=\"text-align: justify;\">&#8220;Ahora la fe es la escritura de propiedad de las cosas que se esperan&#8230;&#8221; (Montgomery en ingl\u00e9s). &#8220;Es, pues, la fe la certeza de lo que se espera&#8221; (Nueva Versi\u00f3n Internacional).<\/p>\n<p style=\"text-align: justify;\">&#8220;La fe es el fundamento de las cosas que se esperan&#8221; (Biblia de la Universidad de Navarra).<\/p>\n<p style=\"text-align: justify;\"><b>Hebreos 10:35-39. <\/b>&#8220;No perd\u00e1is, pues, vuestra confianza, que tiene grande galard\u00f3n. Porque os es necesaria la paciencia, para que habiendo hecho la voluntad de Dios, obteng\u00e1is la promesa. Porque a\u00fan un poquito, y el que ha de venir, vendr\u00e1 y no tardar\u00e1. M\u00e1s el justo vivir\u00e1 por fe; y si retrocediere no agradar\u00e1 a mi alma. Pero nosotros no somos de los que retroceden para perdici\u00f3n, sino de los que tienen fe para preservaci\u00f3n del alma&#8221; \u00a0(Reina Valera).<\/p>\n<p style=\"text-align: justify;\"><b>Juan 17:3. <\/b>&#8220;Y esta es la vida eterna, que te conozcan a ti el \u00fanico Dios verdadero, y a Jesucristo a quien has enviado&#8221; (Reina Valera).<\/p>\n<p style=\"text-align: justify;\"><b>\u00c9xodo 33:11 y 17. <\/b>&#8220;El Se\u00f1or le hablaba a Mois\u00e9s cara a cara, como quien le habla a un amigo&#8230; \u00a0El Se\u00f1or le dijo a Mois\u00e9s: \u2014Voy a hacer lo que me pides porque estoy contento contigo y te conozco por tu nombre&#8221; (Palabra de Dios para Todos).<\/p>\n<p style=\"text-align: justify;\"><b>Romanos 10:17. <\/b>&#8220;Por esto, la fe es por el o\u00edr, y el o\u00edr por la palabra de Cristo&#8221; (Reina Valera).<\/p>\n<p style=\"text-align: justify;\"><b>Salmos 51:6, 10, 16, 17<\/b>. &#8220;Mas t\u00fa amas la verdad en lo \u00edntimo del ser, y en lo secreto me ense\u00f1as la sabidur\u00eda&#8230; (Biblia de Jerusal\u00e9n) Crea en m\u00ed, oh Dios, un coraz\u00f3n limpio, y renueva un esp\u00edritu recto dentro de m\u00ed&#8230; Porque no quieres sacrificio, que yo lo dar\u00eda; no quieres holocausto. (Reina Valera 1960) El sacrificio que te agrada es un esp\u00edritu quebrantado; t\u00fa, oh Dios, no desprecias al coraz\u00f3n quebrantado y arrepentido&#8221; (Biblia al D\u00eda).<\/p>\n<p style=\"text-align: justify;\"><b>Oseas 6:6 y 7. <\/b>&#8220;Lo que yo deseo de ti es fiel amor y no sacrificio. Quiero que ustedes me conozcan, no que me hagan ofrendas&#8221;. Pero Efra\u00edn y Jud\u00e1 rompieron el pacto como hizo Ad\u00e1n. Me traicionaron all\u00ed&#8221; (Palabra de Dios para Todos).<\/p>\n<p style=\"text-align: justify;\"><b>Juan 3:3. <\/b>&#8220;Respondi\u00f3 Jes\u00fas y le dijo: \u2014De cierto, de cierto te digo, a menos que uno nazca de nuevo, no puede ver el reino de Dios&#8221; (Reina Valera 1960).<\/p>\n<p style=\"text-align: justify;\"><b>Santiago 2:14,19, 21-23. <\/b>&#8220;Amados hermanos, \u00bfde qu\u00e9 le sirve a uno decir que tiene fe si no lo demuestra con sus acciones? \u00bfPuede esa clase de fe salvar a alguien?&#8230;dices tener fe porque crees que hay un solo Dios. \u00a1Bien hecho! Aun los demonios lo creen y tiemblan aterrorizados&#8230;\u00bfNo recuerdas que nuestro antepasado Abraham fue declarado justo ante Dios por sus acciones cuando ofreci\u00f3 a su hijo Isaac sobre el altar?&#8230; su fe y sus acciones actuaron en conjunto: sus acciones hicieron que su fe fuera completa. Y as\u00ed se cumpli\u00f3 lo que dicen las Escrituras: \u00abAbraham le crey\u00f3 a Dios, y Dios lo consider\u00f3 justo debido a su fe\u00bb; incluso lo llamaron \u00abamigo de Dios\u00bb&#8221; (Nueva Traducci\u00f3n Viviente).<\/p>\n<p style=\"text-align: justify;\"><b>Hebreos 11:31, 32, 39. <\/b>&#8220;Por fe, Rahab, la prostituta, no muri\u00f3 junto con los desobedientes, porque ella hab\u00eda recibido amistosamente a los esp\u00edas de Israel. \u00bfQu\u00e9 m\u00e1s voy a decir? Me faltar\u00eda tiempo para hablar de Gede\u00f3n, de Barac, de Sans\u00f3n, de Jeft\u00e9, de David, de Samuel y de los profetas&#8230; Estos hombres&#8230; fueron aprobados por la fe que ten\u00edan&#8221; (Dios Habla Hoy).<\/p>\n<p style=\"text-align: justify;\"><b>Lucas 23:42 y 43.<\/b> &#8220;Y dijo a Jes\u00fas: Acu\u00e9rdate de m\u00ed cuando vengas en tu reino. Entonces Jes\u00fas le dijo&#8230; estar\u00e1s conmigo en el para\u00edso&#8221; (Reina Valera).<\/p>\n<h3 style=\"text-align: justify;\"><b>Una manera de describir la fe:<\/b><\/h3>\n<p style=\"text-align: justify;\">Fe es una palabra que usamos para describir la relaci\u00f3n con Dios como con una persona a la que conocemos muy bien. Mientras m\u00e1s le conocemos, mejor es la relaci\u00f3n.<\/p>\n<p style=\"text-align: justify;\">La palabra fe implica el tener una actitud hacia Dios, una actitud de amor, confianza y admiraci\u00f3n profunda. Significa tener suficiente confianza en Dios, basados en la m\u00e1s que suficiente y adecuada evidencia proporcionada. Es estar dispuesto a creer en lo que \u00c9l dice, a aceptar lo que nos ofrece, a hacer lo que \u00c9l desea y sin reservas por el resto de la eternidad. Cualquiera que tenga una fe tal podr\u00e1 ser salvado sin que se corran riesgos. Por eso es que la fe es el \u00fanico requisito para entrar al cielo.<\/p>\n<p style=\"text-align: justify;\">Fe tambi\u00e9n significa que, as\u00ed como Abrah\u00e1n y Mois\u00e9s, conozcamos a Dios lo suficiente como para preguntarle reverentemente \u00bfpor qu\u00e9?.<\/p>\n","protected":false},"excerpt":{"rendered":"<p>CONVERSACIONES ACERCA DE DIOS 29 de enero de 1984. Iglesia de la Universidad de Loma Linda N\u00famero tres: &#8220;Todo lo que Dios pide es confianza&#8221;, otra mirada al significado y a la necesidad de la fe, en el amplio escenario del Gran Conflicto. Hubo una ruptura en la confianza en el universo de Dios, al [&hellip;]<\/p>\n","protected":false},"author":1,"featured_media":0,"parent":1352,"menu_order":0,"comment_status":"open","ping_status":"open","template":"","meta":{"footnotes":""},"class_list":["post-1377","page","type-page","status-publish","hentry"],"_links":{"self":[{"href":"https:\/\/speakingwellofgod.org\/es\/wp-json\/wp\/v2\/pages\/1377","targetHints":{"allow":["GET"]}}],"collection":[{"href":"https:\/\/speakingwellofgod.org\/es\/wp-json\/wp\/v2\/pages"}],"about":[{"href":"https:\/\/speakingwellofgod.org\/es\/wp-json\/wp\/v2\/types\/page"}],"author":[{"embeddable":true,"href":"https:\/\/speakingwellofgod.org\/es\/wp-json\/wp\/v2\/users\/1"}],"replies":[{"embeddable":true,"href":"https:\/\/speakingwellofgod.org\/es\/wp-json\/wp\/v2\/comments?post=1377"}],"version-history":[{"count":0,"href":"https:\/\/speakingwellofgod.org\/es\/wp-json\/wp\/v2\/pages\/1377\/revisions"}],"up":[{"embeddable":true,"href":"https:\/\/speakingwellofgod.org\/es\/wp-json\/wp\/v2\/pages\/1352"}],"wp:attachment":[{"href":"https:\/\/speakingwellofgod.org\/es\/wp-json\/wp\/v2\/media?parent=1377"}],"curies":[{"name":"wp","href":"https:\/\/api.w.org\/{rel}","templated":true}]}}