{"id":1364,"date":"2014-03-21T13:23:17","date_gmt":"2014-03-21T13:23:17","guid":{"rendered":"https:\/\/speakingwellofgod.ootartb0-liquidwebsites.com\/?page_id=1364"},"modified":"2014-03-22T17:55:07","modified_gmt":"2014-03-22T17:55:07","slug":"handout-2","status":"publish","type":"page","link":"https:\/\/speakingwellofgod.org\/es\/recursos-escritos\/conversaciones-acerca-de-dios\/handout-2","title":{"rendered":"Handout 2"},"content":{"rendered":"<div style=\"text-align: justify;\">\n<h3 align=\"center\"><b>CONVERSACIONES ACERCA DE DIOS<\/b><\/h3>\n<p>20 de enero de 1984. Iglesia de la Universidad de Loma Linda<\/p>\n<p style=\"text-align: justify;\"><b>N\u00famero dos: &#8220;\u00bfQu\u00e9 sali\u00f3 mal en el universo de Dios?&#8221;<\/b>, otra mirada al pecado y sus consecuencias en el amplio escenario del Gran Conflicto.<\/p>\n<p style=\"text-align: justify;\">La Biblia describe al pecado como algo m\u00e1s que el mero rompimiento de las reglas. El pecado involucra una ruptura de la confianza y la confiabilidad, una necia y sospechosa falta de disposici\u00f3n a escuchar. Si no se le atiende, el pecado hace que la paz sea imposible. Para poner y mantener las cosas derechas, la confianza debe de alguna manera, ser restaurada.\u00a0 Dios envi\u00f3 a su Hijo para que se &#8220;encargara del pecado&#8221;.<\/p>\n<p><b>Textos b\u00edblicos incluidos:<\/b><\/p>\n<p style=\"text-align: justify;\"><b>1 Juan 3:4<\/b>. \u201cEl que peca demuestra ser un rebelde; todo pecado es rebeld\u00eda\u201d (La Biblia Latinoamericana).<\/p>\n<p><b>Santiago \u00a04:17.<\/b> \u201cAs\u00ed que comete pecado todo aquel que sabe hacer el bien y no lo hace\u201d (NVI).<\/p>\n<p style=\"text-align: justify;\"><b>Romanos 14:23.<\/b> \u201cTodo lo que no se hace de buena fe, es pecado\u201d (La Biblia de Jerusal\u00e9n).<br \/>\n\u201cTodo lo que no proviene de fe, es pecado\u201d (Reina Valera 1960).<br \/>\n\u201cTodo lo que se hace en contra de lo que uno cree, es pecado\u201d (Traducci\u00f3n en Lenguaje Actual).<\/p>\n<p><b>Esdras 10:2<\/b> .\u201cNo hemos portado traidoramente para con nuestro Dios\u201d (Versi\u00f3n Moderna).<br \/>\n\u201cHemos traicionado a nuestro Dios\u201d (Biblia el Pueblo de Dios).<\/p>\n<p>&#8220;Nosotros nos hemos rebelado contra nuestro Dios&#8221; (Reina Valera 1865).<\/p>\n<p><b>N\u00fameros 20:12<\/b>. \u201cEl Se\u00f1or les dijo a Mois\u00e9s y a Aar\u00f3n: \u00abPor no haber confiado en m\u00ed, ni haber reconocido mi santidad en presencia de los israelitas, no ser\u00e1n ustedes los que lleven a esta comunidad a la tierra que les he dado\u201d (Nueva Versi\u00f3n Internacional).<\/p>\n<p><b>Romanos 3:10-18.<\/b> \u201cPues las Escrituras dicen: \u00a1No hay ni uno solo que sea justo! \u00a0No hay quien tenga entendimiento; \u00a0no hay quien busque a Dios. \u00a0Todos se han ido por mal camino; \u00a0todos por igual se han pervertido. \u00a1No hay quien haga lo bueno! \u00a0\u00a1No hay ni siquiera uno! Su garganta es un sepulcro abierto, su lengua es mentirosa, sus labios esconden veneno de v\u00edbora y su boca est\u00e1 llena de maldici\u00f3n y amargura. Sus pies corren \u00e1giles a derramar sangre; destrucci\u00f3n y miseria hay en sus caminos, y no conocen el camino de la paz. Jam\u00e1s tienen presente que hay que temer a Dios&#8221; (Dios Habla Hoy).<\/p>\n<p><b>Romanos 1:21-24, 28-32<\/b>. \u201cHan conocido a Dios, no lo han honrado como a Dios, ni le han dado gracias. Al contrario, han terminado pensando puras tonter\u00edas, y su necia mente se ha quedado a oscuras. Dec\u00edan que eran sabios, pero se hicieron tontos; porque han cambiado la gloria del Dios inmortal por im\u00e1genes del hombre mortal, y hasta por im\u00e1genes de aves, cuadr\u00fapedos y reptiles\u201d. (Dios Habla Hoy)<\/p>\n<\/div>\n<p style=\"text-align: justify;\">\u201cYa que cambiaron la verdad de Dios por la mentira, \u00c9l a su vez los entreg\u00f3 a la depravaci\u00f3n mental, para que hicieran lo que no deb\u00edan hacer. Se han llenado de toda clase de maldad, perversidad, avaricia y depravaci\u00f3n. Est\u00e1n repletos de envidia, homicidios, disensiones, enga\u00f1o y malicia. Son chismosos, calumniadores, enemigos de Dios, insolentes, soberbios y arrogantes; se ingenian maldades; se rebelan contra sus padres; son insensatos, desleales,\u201d uno no puede confiar en ese tipo de personas, \u201cinsensibles, despiadados. Saben bien que, seg\u00fan el justo decreto de Dios, quienes practican tales cosas merecen la muerte; sin embargo, no s\u00f3lo siguen practic\u00e1ndolas sino que incluso aprueban a quienes las practican\u201d (Nueva Versi\u00f3n Internacional).<\/p>\n<p style=\"text-align: justify;\"><b>Oseas 4:16, 17.<\/b> \u201cIsrael es obstinado como una vaquilla terca. \u00bfDeber\u00eda el Se\u00f1or alimentarlo como a un cordero en buenos pastizales? Dejen a Israel solo porque est\u00e1 casado con la idolatr\u00eda\u201d (Nueva Traducci\u00f3n Viviente).<\/p>\n<p style=\"text-align: justify;\"><b>Oseas 5:4<\/b>.\u201cPorque esp\u00edritu de fornicaci\u00f3n est\u00e1 en medio de ellos, y no conocen a Jehov\u00e1.\u201d (Reina Valera 1960)<\/p>\n<p style=\"text-align: justify;\"><b>Oseas 4:1; 5:6, 12<\/b>. &#8220;\u201cPues no hay verdad, ni misericordia, ni conocimiento de Dios en la tierra&#8230; (Reina Valera 1909).<\/p>\n<p style=\"text-align: justify;\">\u00a1Mi pueblo! \u00a1Piden consejo a un trozo de madera! \u00a1Creen que un palo puede decirles el futuro!\u201d (Nueva Traducci\u00f3n Viviente).<\/p>\n<p style=\"text-align: justify;\"><b>Romanos 6:23.<\/b>\u201cPorque la paga del pecado es muerte\u201d (Reina Valera).<br \/>\n\u201cEl pago que da el pecado es la muerte\u201d (Dios Habla Hoy).<\/p>\n<p style=\"text-align: justify;\"><b>Santiago 1:14, 15<\/b>. &#8220;Uno es tentado por sus propios malos deseos, que lo atraen y lo seducen.<\/p>\n<p style=\"text-align: justify;\">De estos malos deseos nace el pecado; y del pecado, cuando llega a su completo desarrollo,nace la muerte. \u00a0(Dios Habla Hoy)<\/p>\n<p style=\"text-align: justify;\"><b>Romanos 3:4.<\/b> &#8220;\u201cPero entonces, si a algunos les falt\u00f3 la fe, \u00bfacaso su falta de fe anula la fidelidad de Dios?<b><\/b>\u00a1De ninguna manera!\u201d (Nueva Versi\u00f3n Internacional).<\/p>\n<p style=\"text-align: justify;\"><b>Romanos 8:3.<\/b> \u201cLo que no pod\u00eda hacer La ley&#8230;Dios lo hizo&#8230; enviando a su propio Hijo&#8230;as\u00ed \u00c9l conden\u00f3 al pecado\u201d (La Biblia de Jerusal\u00e9n).<br \/>\n&#8220;Dios enviando a su Hijo, en condici\u00f3n semejante a la del hombre pecador para entend\u00e9rselas con el pecado&#8221; (La Biblia de Nuestro Pueblo).<\/p>\n<p style=\"text-align: justify;\"><b>Romanos 5:1<\/b>. \u201cPor tanto, habiendo sido justificados por la fe, tenemos paz para con Dios por medio de nuestro Se\u00f1or Jesucristo\u201d (La Biblia de las Am\u00e9ricas).<\/p>\n","protected":false},"excerpt":{"rendered":"<p>CONVERSACIONES ACERCA DE DIOS 20 de enero de 1984. Iglesia de la Universidad de Loma Linda N\u00famero dos: &#8220;\u00bfQu\u00e9 sali\u00f3 mal en el universo de Dios?&#8221;, otra mirada al pecado y sus consecuencias en el amplio escenario del Gran Conflicto. La Biblia describe al pecado como algo m\u00e1s que el mero rompimiento de las reglas. [&hellip;]<\/p>\n","protected":false},"author":1,"featured_media":0,"parent":1352,"menu_order":0,"comment_status":"open","ping_status":"open","template":"","meta":{"footnotes":""},"class_list":["post-1364","page","type-page","status-publish","hentry"],"_links":{"self":[{"href":"https:\/\/speakingwellofgod.org\/es\/wp-json\/wp\/v2\/pages\/1364","targetHints":{"allow":["GET"]}}],"collection":[{"href":"https:\/\/speakingwellofgod.org\/es\/wp-json\/wp\/v2\/pages"}],"about":[{"href":"https:\/\/speakingwellofgod.org\/es\/wp-json\/wp\/v2\/types\/page"}],"author":[{"embeddable":true,"href":"https:\/\/speakingwellofgod.org\/es\/wp-json\/wp\/v2\/users\/1"}],"replies":[{"embeddable":true,"href":"https:\/\/speakingwellofgod.org\/es\/wp-json\/wp\/v2\/comments?post=1364"}],"version-history":[{"count":0,"href":"https:\/\/speakingwellofgod.org\/es\/wp-json\/wp\/v2\/pages\/1364\/revisions"}],"up":[{"embeddable":true,"href":"https:\/\/speakingwellofgod.org\/es\/wp-json\/wp\/v2\/pages\/1352"}],"wp:attachment":[{"href":"https:\/\/speakingwellofgod.org\/es\/wp-json\/wp\/v2\/media?parent=1364"}],"curies":[{"name":"wp","href":"https:\/\/api.w.org\/{rel}","templated":true}]}}