{"id":1355,"date":"2014-03-19T16:04:04","date_gmt":"2014-03-19T16:04:04","guid":{"rendered":"https:\/\/speakingwellofgod.ootartb0-liquidwebsites.com\/?page_id=1355"},"modified":"2014-03-21T13:50:26","modified_gmt":"2014-03-21T13:50:26","slug":"handout-1","status":"publish","type":"page","link":"https:\/\/speakingwellofgod.org\/es\/recursos-escritos\/conversaciones-acerca-de-dios\/handout-1","title":{"rendered":"Handout 1"},"content":{"rendered":"<div style=\"text-align: justify;\">\n<h2 align=\"center\">La Iglesia de la Universitaria le invita a la serie:<\/h2>\n<h2 align=\"center\">Conversaciones acerca de Dios<\/h2>\n<h3 align=\"center\">con<\/h3>\n<h3 align=\"center\">GRAHAM MAXWELL<\/h3>\n<\/div>\n<div style=\"text-align: justify;\">\n<p>Estas discusiones de viernes se fundamentan en la convicci\u00f3n de que la m\u00e1s importante de todas las \u00a0creencias cristianas es la que produce gozo y seguridad en los amigos de Dios en cualquier parte; la verdad acerca de nuestro Padre Celestial, que fue confirmada a un precio tan alto mediante la vida y la muerte de su Hijo.<\/p>\n<p>Dios no es el tipo de persona que sus enemigos le han hecho parecer: arbitrario, severo y no perdonador. Jes\u00fas dijo: \u201cSi me han visto a m\u00ed han visto al Padre\u201d.<\/p>\n<p>Dios es tan amante y digno de confianza como el Hijo, dispuesto\u00a0 a perdonar y a sanar. Aunque infinito en majestad y poder, nuestro Creador es un ser igualmente misericordioso, que valora por sobre todas las cosas la libertad, la dignidad y la individualidad de sus inteligentes criaturas; para que su amor, su fe y su disposici\u00f3n a escuchar y a obedecer le sean dadas libremente. Hasta prefiere considerarnos como sus amigos, y no como siervos.<\/p>\n<p>Esta es la verdad que se revela a lo largo de todos los libros de las Escrituras. Estas son las buenas nuevas eternas que ganan la confianza y la admiraci\u00f3n de todos los hijos leales de Dios por todo el universo.<\/p>\n<\/div>\n<p style=\"text-align: justify;\">Otra visi\u00f3n de nuestro Padre celestial \u2014en el amplio escenario del gran conflicto universal sobre su car\u00e1cter y gobierno. Los viernes por la noche, de enero a junio de 1984 en Loma Linda, California.<\/p>\n<p style=\"text-align: justify;\">Enero\u00a0 \u00a0\u00a0\u00a0\u00a0\u00a0\u00a0\u00a0\u00a0 13 \u00a0\u00a0\u00a0\u00a0 C\u00f3mo empez\u00f3 el conflicto<\/p>\n<p style=\"text-align: justify;\">20 \u00a0\u00a0\u00a0\u00a0 \u00bfQu\u00e9 sali\u00f3 mal en el universo de Dios?<\/p>\n<p style=\"text-align: justify;\">27 \u00a0\u00a0\u00a0\u00a0 Todo lo que Dios pide es confianza<\/p>\n<p style=\"text-align: justify;\">Febrero\u00a0\u00a0\u00a0\u00a0\u00a0\u00a0\u00a0 3 \u00a0\u00a0\u00a0\u00a0\u00a0 La forma en la que Dios restaura la confianza<\/p>\n<p style=\"text-align: justify;\">10 \u00a0\u00a0\u00a0\u00a0 El registro de las pruebas<\/p>\n<p style=\"text-align: justify;\">17\u00a0\u00a0\u00a0\u00a0\u00a0 Evaluando las pruebas<\/p>\n<p style=\"text-align: justify;\">24 \u00a0\u00a0\u00a0\u00a0 Un asunto de autoridad<\/p>\n<p style=\"text-align: justify;\">Marzo \u00a0\u00a0\u00a0\u00a0\u00a0\u00a0\u00a0\u00a0 16 \u00a0\u00a0\u00a0\u00a0 La m\u00e1s costosa y convincente evidencia<\/p>\n<p style=\"text-align: justify;\">23 \u00a0\u00a0\u00a0\u00a0 No hay necesidad de tenerle miedo a Dios<\/p>\n<p style=\"text-align: justify;\">30 \u00a0\u00a0\u00a0\u00a0 El recordatorio de la evidencia<\/p>\n<p style=\"text-align: justify;\">Abril\u00a0\u00a0 \u00a0\u00a0\u00a0\u00a0\u00a0\u00a0\u00a0 6 \u00a0\u00a0\u00a0\u00a0\u00a0\u00a0 Las medidas de emergencia de Dios<\/p>\n<p style=\"text-align: justify;\">13\u00a0\u00a0\u00a0\u00a0\u00a0 La ley de Dios no es una amenaza a nuestra libertad<\/p>\n<p style=\"text-align: justify;\">20 \u00a0\u00a0\u00a0\u00a0 C\u00f3mo trata Dios a sus hijos descarriados<\/p>\n<p style=\"text-align: justify;\">Mayo\u00a0 \u00a0\u00a0\u00a0\u00a0\u00a0\u00a0\u00a0 4 \u00a0\u00a0\u00a0\u00a0\u00a0\u00a0 Dios puede sanar completamente el da\u00f1o hecho<\/p>\n<p style=\"text-align: justify;\">11 \u00a0\u00a0\u00a0\u00a0 Hablando con Dios como con un amigo<\/p>\n<p style=\"text-align: justify;\">18 \u00a0\u00a0\u00a0\u00a0 El \u00faltimo ruego de Dios a sus hijos<\/p>\n<p style=\"text-align: justify;\">25 \u00a0\u00a0\u00a0\u00a0 El esfuerzo final de Satan\u00e1s por enga\u00f1ar<\/p>\n<p style=\"text-align: justify;\">Junio\u00a0 \u00a0\u00a0\u00a0\u00a0\u00a0\u00a0\u00a0\u00a0 1 \u00a0\u00a0\u00a0\u00a0\u00a0 Dios espera a que sus hijos maduren<\/p>\n<p style=\"text-align: justify;\">8 \u00a0\u00a0\u00a0\u00a0\u00a0 Cu\u00e1n pronto concluir\u00e1 el conflicto<\/p>\n<p style=\"text-align: justify;\">15 \u00a0\u00a0\u00a0\u00a0 En paz con nuestro Padre celestial<\/p>\n<p style=\"text-align: justify;\">Le invitamos a que traiga sus preguntas y se una a nosotros en esta serie de Conversaciones acerca de Dios. El programa, que se llevar\u00e1 a cabo en el santuario principal, incluir\u00e1 una breve presentaci\u00f3n del t\u00f3pico de la noche seguida de una sesi\u00f3n de respuestas a preguntas de la audiencia. Luego, para quienes deseen, habr\u00e1n unos momentos de discusi\u00f3n abierta en el sal\u00f3n comedor. Las Conversaciones acerca de Dios dar\u00e1n inicio a las 7:00 pm durante los meses de enero a abril, y luego a las 7:30 pm en los siguientes meses.<\/p>\n<p style=\"text-align: justify;\">\n<h2 style=\"text-align: justify;\" align=\"center\"><b>CONVERSACIONES ACERCA DE DIOS<\/b><\/h2>\n<p style=\"text-align: justify;\">13 de enero de 1984. Iglesia de la Universidad de Loma Linda<\/p>\n<p style=\"text-align: justify;\"><b>N\u00famero uno<\/b>: &#8220;C\u00f3mo empez\u00f3 el conflicto&#8221; \u2014 Otra mirada al fundamento b\u00edblico para comprender el plan de salvaci\u00f3n como el plan de contingencia de Dios para restaurar la paz en su universo.<\/p>\n<p style=\"text-align: justify;\">La Biblia cuenta de una guerra que empez\u00f3 en el mismo coraz\u00f3n de la familia de Dios. Y todos quedamos atrapados en las consecuencias de esta rebeli\u00f3n. El futuro de la familia de Dios depende del desenlace de esta guerra, luego de la exitosa soluci\u00f3n de Dios a la crisis de desconfianza. \u00a1La Buena Noticia es que Dios ya gan\u00f3 la guerra!<\/p>\n<p style=\"text-align: justify;\"><b>Textos b\u00edblicos inclu\u00eddos:<\/b><\/p>\n<p style=\"text-align: justify;\"><b>Apocalipsis 12:7-12<\/b>. \u00abSe declar\u00f3 la guerra en el cielo: Miguel y sus \u00e1ngeles luchaban contra el drag\u00f3n; el luchaba asistido de sus \u00e1ngeles; pero no venc\u00eda, y perdieron su puesto en el cielo. El drag\u00f3n gigante, la serpiente primitiva, llamada Diablo y Satan\u00e1s, que enga\u00f1aba a todo el mundo, fue arrojado a la tierra con todos sus \u00e1ngeles. Escuch\u00e9 en el cielo una voz potente que dec\u00eda: Ha llegado la victoria, el poder y el reinado de nuestro Dios y la autoridad de su Cristo; porque ha sido expulsado el que acusaba a nuestros hermanos, el que los acusaba d\u00eda y noche ante nuestro Dios. Ellos lo derrotaron con la sangre del Cordero y con su testimonio, porque despreciaron la vida que no temieron la muerte. Por eso festejadlo cielos y los que habit\u00e1is en ellos. \u00a1Ay de la tierra y del mar!, porque ha bajado a vosotros el Diablo, enfurecido porque sabe que le queda poco tiempo\u00bb.<sup>\u2014<\/sup> (Biblia del Peregrino)<\/p>\n<p style=\"text-align: justify;\"><b>Isa\u00edas 14:12-14<\/b>. \u00ab\u00a1C\u00f3mo has ca\u00eddo del cielo, oh lucero de la ma\u00f1ana, hijo de la aurora! Has sido derribado por tierra, t\u00fa que debilitabas a las naciones. Pero t\u00fa dijiste en tu coraz\u00f3n: &#8220;Subir\u00e9 al cielo, por encima de las estrellas de Dios levantar\u00e9 mi trono, y me sentar\u00e9 en el monte de la asamblea, en el extremo norte.\u00a0 &#8220;Subir\u00e9 sobre las alturas de las nubes, me har\u00e9 semejante al Alt\u00edsimo&#8221;\u00bb.<sup>\u2014<\/sup> (La Biblia de las Am\u00e9ricas)<\/p>\n<p style=\"text-align: justify;\"><b>Mateo 4:8-11<\/b>. \u00abOtra vez le llev\u00f3 el diablo a un monte muy alto, y le mostr\u00f3 todos los reinos del mundo y la gloria de ellos, y le dijo: Todo esto te dar\u00e9, si postrado me adorares.\u00a0 Entonces Jes\u00fas le dijo: Vete, Satan\u00e1s, porque escrito est\u00e1: Al Se\u00f1or tu Dios adorar\u00e1s, y a \u00e9l s\u00f3lo servir\u00e1s. El diablo entonces le dej\u00f3; y he aqu\u00ed vinieron \u00e1ngeles y le serv\u00edan\u00bb.<sup>\u2014<\/sup> (Reina Valera 1960)<\/p>\n<p style=\"text-align: justify;\"><b>G\u00e9nesis 3:1-5<\/b>. \u00abY la serpiente era m\u00e1s astuta que cualquiera de los animales del campo que el SE\u00d1OR Dios hab\u00eda hecho. Y dijo a la mujer: \u00bfConque Dios os ha dicho: &#8220;No comer\u00e9is de ning\u00fan \u00e1rbol del huerto&#8221;? Y la mujer respondi\u00f3 a la serpiente: Del fruto de los \u00e1rboles del huerto podemos comer; pero del fruto del \u00e1rbol que est\u00e1 en medio del huerto, ha dicho Dios: &#8220;No comer\u00e9is de \u00e9l, ni lo tocar\u00e9is, para que no mur\u00e1is.&#8221; Y la serpiente dijo a la mujer: Ciertamente no morir\u00e9is. Pues Dios sabe que el d\u00eda que de \u00e9l com\u00e1is, ser\u00e1n abiertos vuestros ojos y ser\u00e9is como Dios, conociendo el bien y el mal\u00bb.<sup>\u2014<\/sup> (La Biblia Latinoamericana)<\/p>\n<p style=\"text-align: justify;\"><b>Colosenses 1:19-20<\/b>. \u00abPues a Dios, en toda su plenitud, le agrad\u00f3 vivir en Cristo y, por medio de \u00e9l, Dios reconcili\u00f3 consigo todas las cosas. Hizo la paz con todo lo que existe en el cielo y en la tierra por medio de la sangre de Cristo en la cruz\u00bb.<sup>\u2014<\/sup> (Nueva Traducci\u00f3n Viviente)<\/p>\n<p style=\"text-align: justify;\">\u00abY en \u00e9l se encuentra todo el poder divino. Por medio de Cristo, Dios hizo que todo el universo volviera a estar en paz con \u00c9l. Y esto lo hizo posible por medio de la muerte de su Hijo en la cruz\u00bb.<sup>\u2014<\/sup> (La Biblia en Lenguaje Sencillo)<\/p>\n<p style=\"text-align: justify;\"><b>Efesios 1:9-10<\/b>. \u00abY nos ha hecho conocer el designio secreto de su voluntad. \u00c9l en su bondad se hab\u00eda propuesto realizar en Cristo este designio, e hizo que se cumpliera el t\u00e9rmino que hab\u00eda se\u00f1alado. Y este designio consiste en que Dios ha querido unir bajo el mando de Cristo todas las cosas, tanto en el cielo como en la tierra\u00bb.<sup>\u2014<\/sup> (Dios Habla Hoy)<\/p>\n<p style=\"text-align: justify;\">\n<p style=\"text-align: justify;\"><b>Efesios 3:9-10<\/b>. \u00abY me ha encargado hacerles ver a todos cu\u00e1l es la realizaci\u00f3n de ese designio que Dios, creador de todas las cosas, hab\u00eda mantenido secreto desde la eternidad. De esta manera ahora, por medio de la iglesia, todos los poderes y autoridades en el cielo podr\u00e1n conocer la sabidur\u00eda de Dios\u00bb.<sup>\u2014<\/sup> (Dios Habla Hoy)<\/p>\n<p style=\"text-align: justify;\">\n<p style=\"text-align: justify;\"><b>1 Corintios 4:9<\/b>. \u00ab&#8230;hemos llegado a ser un espect\u00e1culo para el mundo, tanto para los \u00e1ngeles como para los hombres\u00bb. <sup>\u2014<\/sup> (La Biblia de las Am\u00e9ricas)<\/p>\n<p style=\"text-align: justify;\">\n<p style=\"text-align: justify;\"><b>Juan 12:32<\/b>. \u00abPero yo, cuando sea levantado de la tierra, atraer\u00e9 a todos a m\u00ed mismo\u00bb.<sup>\u2014<\/sup> (La Biblia al D\u00eda)<\/p>\n<p style=\"text-align: justify;\">\n<p style=\"text-align: justify;\"><b>Otros pasajes que hablan de Satan\u00e1s y sus \u00e1ngeles<\/b>:<\/p>\n<p style=\"text-align: justify;\">Job 1 y 2; Zacar\u00edas 3:1-2; Mateo 25:41; 2 Corintios 11:14; 1 Pedro 5:8 y Judas 6.<\/p>\n","protected":false},"excerpt":{"rendered":"<p>La Iglesia de la Universitaria le invita a la serie: Conversaciones acerca de Dios con GRAHAM MAXWELL Estas discusiones de viernes se fundamentan en la convicci\u00f3n de que la m\u00e1s importante de todas las \u00a0creencias cristianas es la que produce gozo y seguridad en los amigos de Dios en cualquier parte; la verdad acerca de [&hellip;]<\/p>\n","protected":false},"author":1,"featured_media":0,"parent":1352,"menu_order":0,"comment_status":"open","ping_status":"open","template":"","meta":{"footnotes":""},"class_list":["post-1355","page","type-page","status-publish","hentry"],"_links":{"self":[{"href":"https:\/\/speakingwellofgod.org\/es\/wp-json\/wp\/v2\/pages\/1355","targetHints":{"allow":["GET"]}}],"collection":[{"href":"https:\/\/speakingwellofgod.org\/es\/wp-json\/wp\/v2\/pages"}],"about":[{"href":"https:\/\/speakingwellofgod.org\/es\/wp-json\/wp\/v2\/types\/page"}],"author":[{"embeddable":true,"href":"https:\/\/speakingwellofgod.org\/es\/wp-json\/wp\/v2\/users\/1"}],"replies":[{"embeddable":true,"href":"https:\/\/speakingwellofgod.org\/es\/wp-json\/wp\/v2\/comments?post=1355"}],"version-history":[{"count":0,"href":"https:\/\/speakingwellofgod.org\/es\/wp-json\/wp\/v2\/pages\/1355\/revisions"}],"up":[{"embeddable":true,"href":"https:\/\/speakingwellofgod.org\/es\/wp-json\/wp\/v2\/pages\/1352"}],"wp:attachment":[{"href":"https:\/\/speakingwellofgod.org\/es\/wp-json\/wp\/v2\/media?parent=1355"}],"curies":[{"name":"wp","href":"https:\/\/api.w.org\/{rel}","templated":true}]}}