{"id":1352,"date":"2014-03-19T16:02:01","date_gmt":"2014-03-19T16:02:01","guid":{"rendered":"https:\/\/speakingwellofgod.ootartb0-liquidwebsites.com\/?page_id=1352"},"modified":"2014-04-14T18:02:00","modified_gmt":"2014-04-14T18:02:00","slug":"conversaciones-acerca-de-dios","status":"publish","type":"page","link":"https:\/\/speakingwellofgod.org\/es\/recursos-escritos\/conversaciones-acerca-de-dios","title":{"rendered":"Conversaciones Acerca de Dios"},"content":{"rendered":"<ul>\n<li><a href=\"https:\/\/speakingwellofgod.org\/es\/recursos-escritos\/conversaciones-acerca-de-dios\/numero-uno-como-empezo-el-conflicto\">N\u00daMERO UNO &#8211; \u00bfC\u00d3MO EMPEZ\u00d3 EL CONFLICTO?<\/a><\/li>\n<li><a href=\"https:\/\/speakingwellofgod.org\/es\/recursos-escritos\/conversaciones-acerca-de-dios\/numero-dos-que-salio-mal-en-el-universo-de-dios\">N\u00daMERO DOS &#8211; \u00bfQU\u00c9 SALI\u00d3 MAL EN EL UNIVERSO DE DIOS?<\/a><\/li>\n<li><a href=\"https:\/\/speakingwellofgod.org\/es\/recursos-escritos\/conversaciones-acerca-de-dios\/numero-tres-todo-lo-que-dios-pide-es-confianza\">N\u00daMERO TRES &#8211; TODO LO QUE DIOS PIDE ES CONFIANZA<\/a><\/li>\n<li><a href=\"https:\/\/speakingwellofgod.org\/es\/recursos-escritos\/conversaciones-acerca-de-dios\/numero-cuatro-la-forma-en-la-que-dios-restaura-la-confianza\">N\u00daMERO\u00a0 CUATRO &#8211; LA FORMA EN LA QUE DIOS RESTAURA LA CONFIANZA<\/a><\/li>\n<li><a href=\"https:\/\/speakingwellofgod.org\/es\/recursos-escritos\/conversaciones-acerca-de-dios\/numero-cinco-el-registro-de-las-pruebas\">N\u00daMERO CINCO &#8211; EL REGISTRO DE LAS PRUEBAS<\/a><\/li>\n<li><a href=\"https:\/\/speakingwellofgod.org\/es\/recursos-escritos\/conversaciones-acerca-de-dios\/numero-seis-evaluando-las-pruebas\">N\u00daMERO SEIS &#8211; EVALUANDO LAS PRUEBAS<\/a><\/li>\n<li><a href=\"https:\/\/speakingwellofgod.org\/es\/recursos-escritos\/conversaciones-acerca-de-dios\/numero-siete-un-asunto-de-autoridad\">N\u00daMERO SIETE &#8211; UN ASUNTO DE AUTORIDAD<\/a><\/li>\n<li><a href=\"https:\/\/speakingwellofgod.org\/es\/recursos-escritos\/conversaciones-acerca-de-dios\/numero-ocho-la-mas-costosa-y-convincente-evidencia\">N\u00daMERO OCHO &#8211; LA M\u00c1S COSTOSA Y CONVINCENTE EVIDENCIA<\/a><\/li>\n<li><a href=\"https:\/\/speakingwellofgod.org\/es\/recursos-escritos\/conversaciones-acerca-de-dios\/numero-nueve-no-hay-necesidad-de-tenerle-miedo-a-dios\">N\u00daMERO NUEVE &#8211; NO HAY NECESIDAD DE TENERLE MIEDO A DIOS<\/a><\/li>\n<li><a href=\"https:\/\/speakingwellofgod.org\/es\/recursos-escritos\/conversaciones-acerca-de-dios\/numero-diez-el-recordatorio-de-la-evidencia\">N\u00daMERO DIEZ &#8211; EL RECORDATORIO DE LA EVIDENCIA<\/a><\/li>\n<li><a href=\"https:\/\/speakingwellofgod.org\/es\/recursos-escritos\/conversaciones-acerca-de-dios\/numero-once-las-medidas-de-emergencia-de-dios\">N\u00daMERO ONCE &#8211; LAS MEDIDAS DE EMERGENCIA DE DIOS<\/a><\/li>\n<li><a href=\"https:\/\/speakingwellofgod.org\/es\/recursos-escritos\/conversaciones-acerca-de-dios\/numero-doce-la-ley-de-dios-no-es-una-amenaza-a-nuestra-libertad\">N\u00daMERO DOCE- LA LEY DE DIOS NO ES UNA AMENAZA A NUESTRA LIBERTAD<\/a><\/li>\n<li><a href=\"https:\/\/speakingwellofgod.org\/es\/recursos-escritos\/conversaciones-acerca-de-dios\/numero-trece-como-trata-dios-a-sus-hijos-descarriados\">N\u00daMERO TRECE &#8211; C\u00d3MO TRATA DIOS A SUS HIJOS DESCARRIADOS<\/a><\/li>\n<li><a href=\"https:\/\/speakingwellofgod.org\/es\/recursos-escritos\/conversaciones-acerca-de-dios\/numero-catorce-dios-puede-sanar-completamente-el-dano-hecho\">N\u00daMERO CATORCE &#8211; DIOS PUEDE SANAR COMPLETAMENTE EL DA\u00d1O HECHO<\/a><\/li>\n<li><a href=\"https:\/\/speakingwellofgod.org\/es\/recursos-escritos\/conversaciones-acerca-de-dios\/numero-quince-hablando-con-dios-como-con-un-amigo\">N\u00daMERO QUINCE &#8211; HABLANDO CON DIOS COMO CON UN AMIGO<\/a><\/li>\n<li><a href=\"https:\/\/speakingwellofgod.org\/es\/recursos-escritos\/conversaciones-acerca-de-dios\/numero-dieciseis-el-ultimo-ruego-de-dios-a-sus-hijos\">N\u00daMERO DIECIS\u00c9IS &#8211; EL \u00daLTIMO RUEGO DE DIOS A SUS HIJOS<\/a><\/li>\n<li><a href=\"https:\/\/speakingwellofgod.org\/es\/recursos-escritos\/conversaciones-acerca-de-dios\/numero-diecisiete-el-esfuerzo-final-de-satanas-por-enganar\">N\u00daMERO DIECISIETE: &#8220;EL ESFUERZO FINAL DE SATAN\u00c1S POR ENGA\u00d1AR&#8221;<\/a><\/li>\n<li><a href=\"https:\/\/speakingwellofgod.org\/es\/recursos-escritos\/conversaciones-acerca-de-dios\/numero-dieciocho-dios-espera-a-que-sus-hijos-maduren\">N\u00daMERO DIECIOCHO: &#8220;DIOS ESPERA A QUE SUS HIJOS MADUREN&#8221;<\/a><\/li>\n<li><a href=\"https:\/\/speakingwellofgod.org\/es\/recursos-escritos\/conversaciones-acerca-de-dios\/numero-diecinueve-cuan-pronto-concluira-el-conflicto\">N\u00daMERO DIECINUEVE: &#8220;\u00bfCU\u00c1N PRONTO CONCLUIR\u00c1 EL CONFLICTO?&#8221;<\/a><\/li>\n<li><a href=\"https:\/\/speakingwellofgod.org\/es\/recursos-escritos\/conversaciones-acerca-de-dios\/numero-veinte-en-paz-con-nuestro-padre-celestial\">N\u00daMERO VEINTE: &#8220;EN PAZ CON NUESTRO PADRE CELESTIAL&#8221;<\/a><\/li>\n<\/ul>\n<ul>\n<li><a href=\"conversaciones-acerca-de-dios\/handout-1\">Handout #1<\/a><\/li>\n<li><a href=\"conversaciones-acerca-de-dios\/handout-2\">Handout #2<\/a><\/li>\n<li><a href=\"conversaciones-acerca-de-dios\/handout-3\">Handout #3<\/a><\/li>\n<li><a href=\"conversaciones-acerca-de-dios\/handout-4\">Handout #4<\/a><\/li>\n<li><a href=\"conversaciones-acerca-de-dios\/handout-5\">Handout #5<\/a><\/li>\n<li><a href=\"conversaciones-acerca-de-dios\/handout-6\">Handout #6<\/a><\/li>\n<li><a href=\"conversaciones-acerca-de-dios\/handout-7\">Handout #7<\/a><\/li>\n<li><a href=\"conversaciones-acerca-de-dios\/handout-8\">Handout #8<\/a><\/li>\n<li><a href=\"conversaciones-acerca-de-dios\/handout-9\">Handout #9<\/a><\/li>\n<li><a href=\"conversaciones-acerca-de-dios\/handout-10\">Handout #10<\/a><\/li>\n<li><a href=\"conversaciones-acerca-de-dios\/handout-11\">Handout #11<\/a><\/li>\n<li><a href=\"conversaciones-acerca-de-dios\/handout-12\">Handout #12<\/a><\/li>\n<li><a href=\"conversaciones-acerca-de-dios\/handout-13\">Handout #13<\/a><\/li>\n<li><a href=\"conversaciones-acerca-de-dios\/handout-14\">Handout #14<\/a><\/li>\n<li><a href=\"conversaciones-acerca-de-dios\/handout-15\">Handout #15<\/a><\/li>\n<li><a href=\"conversaciones-acerca-de-dios\/handout-16\">Handout #16<\/a><\/li>\n<li><a href=\"conversaciones-acerca-de-dios\/handout-17\">Handout #17<\/a><\/li>\n<li><a href=\"conversaciones-acerca-de-dios\/handout-18\">Handout #18<\/a><\/li>\n<li><a href=\"conversaciones-acerca-de-dios\/handout-19\">Handout #19<\/a><\/li>\n<li><a href=\"conversaciones-acerca-de-dios\/handout-20\">Handout #20<\/a><\/li>\n<\/ul>\n","protected":false},"excerpt":{"rendered":"<p>N\u00daMERO UNO &#8211; \u00bfC\u00d3MO EMPEZ\u00d3 EL CONFLICTO? N\u00daMERO DOS &#8211; \u00bfQU\u00c9 SALI\u00d3 MAL EN EL UNIVERSO DE DIOS? N\u00daMERO TRES &#8211; TODO LO QUE DIOS PIDE ES CONFIANZA N\u00daMERO\u00a0 CUATRO &#8211; LA FORMA EN LA QUE DIOS RESTAURA LA CONFIANZA N\u00daMERO CINCO &#8211; EL REGISTRO DE LAS PRUEBAS N\u00daMERO SEIS &#8211; EVALUANDO LAS PRUEBAS N\u00daMERO [&hellip;]<\/p>\n","protected":false},"author":1,"featured_media":0,"parent":452,"menu_order":0,"comment_status":"open","ping_status":"open","template":"","meta":{"footnotes":""},"class_list":["post-1352","page","type-page","status-publish","hentry"],"_links":{"self":[{"href":"https:\/\/speakingwellofgod.org\/es\/wp-json\/wp\/v2\/pages\/1352","targetHints":{"allow":["GET"]}}],"collection":[{"href":"https:\/\/speakingwellofgod.org\/es\/wp-json\/wp\/v2\/pages"}],"about":[{"href":"https:\/\/speakingwellofgod.org\/es\/wp-json\/wp\/v2\/types\/page"}],"author":[{"embeddable":true,"href":"https:\/\/speakingwellofgod.org\/es\/wp-json\/wp\/v2\/users\/1"}],"replies":[{"embeddable":true,"href":"https:\/\/speakingwellofgod.org\/es\/wp-json\/wp\/v2\/comments?post=1352"}],"version-history":[{"count":0,"href":"https:\/\/speakingwellofgod.org\/es\/wp-json\/wp\/v2\/pages\/1352\/revisions"}],"up":[{"embeddable":true,"href":"https:\/\/speakingwellofgod.org\/es\/wp-json\/wp\/v2\/pages\/452"}],"wp:attachment":[{"href":"https:\/\/speakingwellofgod.org\/es\/wp-json\/wp\/v2\/media?parent=1352"}],"curies":[{"name":"wp","href":"https:\/\/api.w.org\/{rel}","templated":true}]}}