{"id":1174,"date":"2012-07-18T21:35:38","date_gmt":"2012-07-18T21:35:38","guid":{"rendered":"https:\/\/speakingwellofgod.ootartb0-liquidwebsites.com\/?page_id=1174"},"modified":"2013-04-28T14:57:52","modified_gmt":"2013-04-28T14:57:52","slug":"el-autor","status":"publish","type":"page","link":"https:\/\/speakingwellofgod.org\/es\/recursos-escritos\/puede-dios-ser-de-confianza\/el-autor","title":{"rendered":"SOBRE EL AUTOR"},"content":{"rendered":"<p style=\"text-align: justify;\">GRAHAM MAXWELL fue profesor em\u00e9rito del Nuevo Testamento en la Universidad de Loma Linda. Naci\u00f3 en Inglaterra, asisti\u00f3 a la Universidad en California y obtuvo su doctorado en Estudios B\u00edblicos, Nuevo Testamento, en la Facultad de Divinidades de la Universidad de Chicago, EEUU.<\/p>\n<p>Su tesis doctoral trat\u00f3 el tema de los elementos de interpretaci\u00f3n que se han utilizado en la traducci\u00f3n del Nuevo Testamento y en especial en el libro de los Romanos. El libro de Romanos continu\u00f3 siendo el tema de su investigaci\u00f3n y escritos. Otras de sus publicaciones incluyen <em>I Want to Be Free<\/em> (<em>Quiero ser libre<\/em>), <em>You Can Trust the Bible<\/em> (<em>Usted puede confiar en la Biblia<\/em>), <em>Servants Or Friends? Another Look at God<\/em> (<em>\u00bfSiervos o amigos? Otra visi\u00f3n de Dios<\/em>) y <em>Be Careful Who You Trust<\/em> (<em>Tenga cuidado en qui\u00e9n conf\u00eda<\/em>).<\/p>\n<p>Durante diecinueve a\u00f1os dict\u00f3 las materias de Biblia y de Lenguas B\u00edblicas para estudiantes universitarios y ministeriales en el Pacific Union College. En 1961 se traslad\u00f3 a Loma Linda, California, en donde sirvi\u00f3 como director de la Divisi\u00f3n de Religi\u00f3n y ense\u00f1\u00f3 a estudiantes de medicina, odontolog\u00eda y otras profesiones.<\/p>\n<p>Su clase favorita fue: viajando por un a\u00f1o a trav\u00e9s de toda la Biblia, para descubrir la imagen que de Dios que se presenta en cada uno de los sesenta y seis libros. Dict\u00f3 este curso 140 veces, no solamente en el sal\u00f3n de clases, sino en iglesias y hogares, a grupos que variaron entre doce hasta setecientas personas.<\/p>\n<p>Este estudio, libro por libro, ha sido compartido con personas de 118 pa\u00edses diferentes con la ayuda de grabaciones de audio. Pero, como una vez escribiera un hombre, desde las Islas Malvinas: \u00abQuiero que sepa, que siempre leo el libro de la Biblia antes de escuchar la grabaci\u00f3n\u00bb.<\/p>\n<p>El doctor Maxwell observ\u00f3 el efecto que este tipo de estudio de la Biblia tuvo en m\u00e1s de 10,000 personas, \u00abhay algo que parece suceder\u00bb, coment\u00f3 \u00e9l, \u00abcuando individuos de todo tipo de culturas descubren en la Biblia una imagen constante de Dios, un Ser infinitamente poderoso e igualmente misericordioso, que valora por sobre todas las cosas la libertad y la amistad\u00bb. Eso fue, precisamente, lo que le llev\u00f3 a escribir este libro.<\/p>\n","protected":false},"excerpt":{"rendered":"<p>GRAHAM MAXWELL fue profesor em\u00e9rito del Nuevo Testamento en la Universidad de Loma Linda. Naci\u00f3 en Inglaterra, asisti\u00f3 a la Universidad en California y obtuvo su doctorado en Estudios B\u00edblicos, Nuevo Testamento, en la Facultad de Divinidades de la Universidad de Chicago, EEUU. Su tesis doctoral trat\u00f3 el tema de los elementos de interpretaci\u00f3n que [&hellip;]<\/p>\n","protected":false},"author":1,"featured_media":0,"parent":1156,"menu_order":0,"comment_status":"open","ping_status":"open","template":"","meta":{"footnotes":""},"class_list":["post-1174","page","type-page","status-publish","hentry"],"_links":{"self":[{"href":"https:\/\/speakingwellofgod.org\/es\/wp-json\/wp\/v2\/pages\/1174","targetHints":{"allow":["GET"]}}],"collection":[{"href":"https:\/\/speakingwellofgod.org\/es\/wp-json\/wp\/v2\/pages"}],"about":[{"href":"https:\/\/speakingwellofgod.org\/es\/wp-json\/wp\/v2\/types\/page"}],"author":[{"embeddable":true,"href":"https:\/\/speakingwellofgod.org\/es\/wp-json\/wp\/v2\/users\/1"}],"replies":[{"embeddable":true,"href":"https:\/\/speakingwellofgod.org\/es\/wp-json\/wp\/v2\/comments?post=1174"}],"version-history":[{"count":0,"href":"https:\/\/speakingwellofgod.org\/es\/wp-json\/wp\/v2\/pages\/1174\/revisions"}],"up":[{"embeddable":true,"href":"https:\/\/speakingwellofgod.org\/es\/wp-json\/wp\/v2\/pages\/1156"}],"wp:attachment":[{"href":"https:\/\/speakingwellofgod.org\/es\/wp-json\/wp\/v2\/media?parent=1174"}],"curies":[{"name":"wp","href":"https:\/\/api.w.org\/{rel}","templated":true}]}}