{"id":1156,"date":"2012-07-18T21:05:52","date_gmt":"2012-07-18T21:05:52","guid":{"rendered":"https:\/\/speakingwellofgod.ootartb0-liquidwebsites.com\/?page_id=1156"},"modified":"2023-07-10T19:46:41","modified_gmt":"2023-07-10T19:46:41","slug":"puede-dios-ser-de-confianza","status":"publish","type":"page","link":"https:\/\/speakingwellofgod.org\/es\/recursos-escritos\/puede-dios-ser-de-confianza","title":{"rendered":"\u00bfSe puede confiar en Dios?"},"content":{"rendered":"<p><a href=\"https:\/\/speakingwellofgod.org\/wp-content\/uploads\/2011\/03\/CGBT-A-Front-Cover-no-crop.jpg\"><img decoding=\"async\" class=\"size-medium wp-image-884 alignright lazyload\" title=\"Can God Be Trust - by Graham Maxwell\" data-src=\"https:\/\/speakingwellofgod.org\/wp-content\/uploads\/2011\/03\/CGBT-A-Front-Cover-no-crop-300x293.jpg\" alt=\"Can God Be Trust - by Graham Maxwell\" width=\"300\" height=\"293\" data-srcset=\"https:\/\/speakingwellofgod.org\/wp-content\/uploads\/2011\/03\/CGBT-A-Front-Cover-no-crop-300x293.jpg 300w, https:\/\/speakingwellofgod.org\/wp-content\/uploads\/2011\/03\/CGBT-A-Front-Cover-no-crop.jpg 500w\" data-sizes=\"(max-width: 300px) 100vw, 300px\" src=\"data:image\/svg+xml;base64,PHN2ZyB3aWR0aD0iMSIgaGVpZ2h0PSIxIiB4bWxucz0iaHR0cDovL3d3dy53My5vcmcvMjAwMC9zdmciPjwvc3ZnPg==\" style=\"--smush-placeholder-width: 300px; --smush-placeholder-aspect-ratio: 300\/293;\" \/><\/a>\u00bfSe puede confiar en Dios? considera que los problemas en la gran controversia sobre el car\u00e1cter de Dios. Compasivo y convincente como lo es, el gran maestro nos invita a examinar abiertamente la evidencia b\u00edblica y juzgar por nosotros mismos si la verdad est\u00e1 de su lado y si vamos a encontrar lo digno de nuestra confianza.<\/p>\n<ul>\n<li><a href=\"\/es\/recursos-escritos\/puede-dios-ser-de-confianza\/una-crisis-de-confianza\">Cap\u00edtulo 01<\/a><\/li>\n<li><a href=\"\/es\/recursos-escritos\/puede-dios-ser-de-confianza\/se-puede-confiar-en-dios\">Cap\u00edtulo 02<\/a><\/li>\n<li><a href=\"\/es\/recursos-escritos\/puede-dios-ser-de-confianza\/angeles-con-buenas-nuevas\">Cap\u00edtulo 03<\/a><\/li>\n<li><a href=\"\/es\/recursos-escritos\/puede-dios-ser-de-confianza\/cuales-son-las-buenas-nuevas\">Cap\u00edtulo 04<\/a><\/li>\n<li><a href=\"\/es\/recursos-escritos\/puede-dios-ser-de-confianza\/la-fe-en-dios-no-es-un-salto-al-abismo\">Cap\u00edtulo 05<\/a><\/li>\n<li><a href=\"\/es\/recursos-escritos\/puede-dios-ser-de-confianza\/se-puede-confiar-en-la-biblia\">Cap\u00edtulo 06<\/a><\/li>\n<li><a href=\"\/es\/recursos-escritos\/puede-dios-ser-de-confianza\/verdad-acerca-de-dios\">Cap\u00edtulo 07<\/a><\/li>\n<li><a href=\"\/es\/recursos-escritos\/puede-dios-ser-de-confianza\/por-que-tuvo-que-morir-jesus\">Cap\u00edtulo 08<\/a><\/li>\n<li><a href=\"\/es\/recursos-escritos\/puede-dios-ser-de-confianza\/el-respeto-de-dios-por-nosotros-los-pecadores\">Cap\u00edtulo 09<\/a><\/li>\n<li><a href=\"\/es\/recursos-escritos\/puede-dios-ser-de-confianza\/adorando-a-dios-sin-temor\">Cap\u00edtulo 10<\/a><\/li>\n<li><a href=\"\/es\/recursos-escritos\/puede-dios-ser-de-confianza\/las-buenas-nuevas-acerca-del-juicio\">Cap\u00edtulo 11<\/a><\/li>\n<li><a href=\"\/es\/recursos-escritos\/puede-dios-ser-de-confianza\/un-recordatorio-de-las-evidencias\">Cap\u00edtulo 12<\/a><\/li>\n<li><a href=\"\/es\/recursos-escritos\/puede-dios-ser-de-confianza\/dios-espera-que-confiemos-en-el\">Cap\u00edtulo 13<\/a><\/li>\n<li><a href=\"\/es\/recursos-escritos\/puede-dios-ser-de-confianza\/el-autor\">El Autor<\/a><\/li>\n<\/ul>\n<p>Derechos de autor\u00eda \u00a9 1977, 2002 por A. Graham Maxwell<\/p>\n<p>Fotograf\u00eda \u00a9 2002 Publicaciones Pine Knoll<\/p>\n","protected":false},"excerpt":{"rendered":"<p>\u00bfSe puede confiar en Dios? considera que los problemas en la gran controversia sobre el car\u00e1cter de Dios. Compasivo y convincente como lo es, el gran maestro nos invita a examinar abiertamente la evidencia b\u00edblica y juzgar por nosotros mismos si la verdad est\u00e1 de su lado y si vamos a encontrar lo digno de [&hellip;]<\/p>\n","protected":false},"author":1,"featured_media":0,"parent":452,"menu_order":0,"comment_status":"open","ping_status":"open","template":"","meta":{"footnotes":""},"class_list":["post-1156","page","type-page","status-publish","hentry"],"_links":{"self":[{"href":"https:\/\/speakingwellofgod.org\/es\/wp-json\/wp\/v2\/pages\/1156","targetHints":{"allow":["GET"]}}],"collection":[{"href":"https:\/\/speakingwellofgod.org\/es\/wp-json\/wp\/v2\/pages"}],"about":[{"href":"https:\/\/speakingwellofgod.org\/es\/wp-json\/wp\/v2\/types\/page"}],"author":[{"embeddable":true,"href":"https:\/\/speakingwellofgod.org\/es\/wp-json\/wp\/v2\/users\/1"}],"replies":[{"embeddable":true,"href":"https:\/\/speakingwellofgod.org\/es\/wp-json\/wp\/v2\/comments?post=1156"}],"version-history":[{"count":0,"href":"https:\/\/speakingwellofgod.org\/es\/wp-json\/wp\/v2\/pages\/1156\/revisions"}],"up":[{"embeddable":true,"href":"https:\/\/speakingwellofgod.org\/es\/wp-json\/wp\/v2\/pages\/452"}],"wp:attachment":[{"href":"https:\/\/speakingwellofgod.org\/es\/wp-json\/wp\/v2\/media?parent=1156"}],"curies":[{"name":"wp","href":"https:\/\/api.w.org\/{rel}","templated":true}]}}