{"id":1150,"date":"2012-07-18T14:22:42","date_gmt":"2012-07-18T14:22:42","guid":{"rendered":"https:\/\/speakingwellofgod.ootartb0-liquidwebsites.com\/?page_id=1150"},"modified":"2013-04-28T14:55:01","modified_gmt":"2013-04-28T14:55:01","slug":"dios-espera-que-confiemos-en-el","status":"publish","type":"page","link":"https:\/\/speakingwellofgod.org\/es\/recursos-escritos\/puede-dios-ser-de-confianza\/dios-espera-que-confiemos-en-el","title":{"rendered":"DIOS EST\u00c1 ESPERANDO A QUE CONFIEMOS EN \u00c9L"},"content":{"rendered":"<p style=\"text-align: justify;\">Han pasado alrededor de dos mil a\u00f1os desde que Dios gan\u00f3 su caso en el Calvario.\u00a0 Hace mucho tiempo que Dios respondi\u00f3 a satisfacci\u00f3n las acusaciones y mentiras de Satan\u00e1s. La libertad del universo ha sido eternamente asegurada. \u00bfEntonces por qu\u00e9 contin\u00faa Dios tolerando a este \u00fanico punto de rebeld\u00eda en todo su universo leal? Dios anhela recrear nuestro mundo y entregarlo una vez m\u00e1s a sus santos. \u00bfPor qu\u00e9 sigue esperando?<\/p>\n<p style=\"text-align: justify;\">Antes de que Jes\u00fas dejara esta tierra para volver con su Padre celestial, les dijo a sus disc\u00edpulos que regresar\u00eda pronto.\u00a0 \u00ab\u00bfCu\u00e1n pronto?\u00bb le preguntaron ellos. \u00abDinos \u00bfcu\u00e1ndo suceder\u00e1 eso? \u00bfY cu\u00e1l ser\u00e1 la se\u00f1al de tu venida y del fin del mundo?\u00bb (Mateo 24:3 Torres Amat).<\/p>\n<p style=\"text-align: justify;\">\u00abNadie lo sabe, ni aun los \u00e1ngeles del cielo\u00bb, les contest\u00f3 Jes\u00fas (ver Mateo 24:36). Pero \u00abNo dejen que el coraz\u00f3n se les llene de angustia; conf\u00eden en Dios y conf\u00eden tambi\u00e9n en m\u00ed&#8230; volver\u00e9 para llevarlos, para que siempre est\u00e9n conmigo donde yo estoy\u00bb (Juan 14:1 NTV).<\/p>\n<p style=\"text-align: justify;\">Un d\u00eda, sentados en el Monte de los Olivos, Jes\u00fas les dijo a sus disc\u00edpulos las muchas se\u00f1ales por las que podr\u00edan saber que el tiempo estaba cerca. Les habl\u00f3 de alarmantes disturbios en la tierra y en el cielo, de la creciente falta de confianza entre las naciones, del levantamiento de l\u00edderes religiosos falsos. De manera especial les advirti\u00f3 de aquellos que ense\u00f1ar\u00edan que su segunda venida ser\u00eda en secreto. \u00abNo les crean\u00bb, les dijo Jes\u00fas: \u00abPorque mi venida ser\u00e1 tan visible como un rel\u00e1mpago que cruza el cielo de este a oeste\u00bb (Mateo 24: 26, 27 NT BAD 1979).<\/p>\n<p style=\"text-align: justify;\">Dif\u00edcilmente es esta la descripci\u00f3n de alg\u00fan evento invisible. Al contrario, \u00a0como lo predijera Juan, cuando vuelva Jes\u00fas, \u00abtodo ojo le ver\u00e1\u00bb (Apocalipsis 1:7).<\/p>\n<p style=\"text-align: justify;\">Aquellos que han aprendido a confiar en Dios se alegrar\u00e1n de verle venir. Tal como escribiera Isa\u00edas, hace tantos a\u00f1os, \u00abY se dir\u00e1 en aquel d\u00eda: He aqu\u00ed, \u00e9ste es nuestro Dios, le hemos esperado, y nos salvar\u00e1; \u00e9ste es Jehov\u00e1 a quien hemos esperado, nos gozaremos y nos alegraremos en su salvaci\u00f3n\u00bb (Isa\u00edas 26: 9).<\/p>\n<p style=\"text-align: justify;\">Pero, seg\u00fan Apocalipsis 13, la mayor parte del mundo se tornar\u00e1 contra Dios. Y cuando los pecadores perdidos miren el rostro del Redentor que menospreciaron \u2014y aunque viene en forma humana (ver Apocalipsis 14:14) \u2014huir\u00e1n de \u00e9l, aterrorizados, \u00abCaed sobre nosotros, y escondednos del rostro de aquel que est\u00e1 sentado sobre el trono, y de la ira del Cordero\u00bb (Apocalipsis 6:16).<\/p>\n<p style=\"text-align: justify;\">Pedro y Judas contemplaron el mismo rostro, tierno pero majestuoso. Uno de ellos fue movido a arrepentimiento y el otro se quit\u00f3 la vida. Nuestro Se\u00f1or no es un dos caras. La diferencia radica en nosotros. Los que han recibido con agrado las Buenas Nuevas estar\u00e1n listos para verlo \u2014incluso en toda su gloria\u2014 y sin sentir temor. Pero los que hayan despreciado la verdad mirar\u00e1n a Aquel que muri\u00f3 por ellos y, como Judas, ser\u00e1n movidos al suicidio.<\/p>\n<p style=\"text-align: justify;\">De todos los eventos que tienen que suceder antes de la venida de Jes\u00fas, \u00e9l enfatiz\u00f3 uno en especial.\u00a0 \u00abY ser\u00e1 predicado este evangelio del reino en todo el mundo, para testimonio a todas las naciones; y entonces vendr\u00e1 el fin\u00bb (Mateo 24:14). Usted puede confiar en Dios de que \u00e9l esperar\u00e1 hasta que todos hayan tenido la oportunidad de tomar una decisi\u00f3n bien informada. Usted puede confiar en Dios de que \u00e9l no le va a pedir a nadie que pase por el tiempo de angustia final sin que haya tenido la oportunidad de prepararse.<\/p>\n<p style=\"text-align: justify;\">Dios siempre ha esperado, pacientemente, \u00a0para que sus hijos se decidan. Esper\u00f3 por siglos para que el pueblo de Israel respondiera a las invitaciones y advertencias de sus mensajeros los profetas. Fue hasta que ellos resistieron por tanto tiempo, que estaban m\u00e1s all\u00e1 a\u00fan del poder del Creador para restaurarlos que Dios renuentemente los abandon\u00f3.<\/p>\n<p style=\"text-align: justify;\">Despu\u00e9s que los israelitas fueron llevados al cautiverio babil\u00f3nico, el escritor de 2 Cr\u00f3nicas explic\u00f3 por qu\u00e9 Dios ya no pod\u00eda protegerlos: \u00abYahveh, el Dios de sus padres, les envi\u00f3 desde el principio avisos por medio de sus mensajeros, porque ten\u00eda compasi\u00f3n de su pueblo&#8230; Pero ellos se burlaron de los mensajeros de Dios, despreciaron sus palabras y se mofaron de sus profetas, hasta que subi\u00f3 la ira de Yahveh contra su pueblo a tal punto que ya no hubo remedio\u00bb (36:15, 16 BJ 1976).<\/p>\n<p style=\"text-align: justify;\">A veces se malinterpreta la paciencia de Dios haci\u00e9ndola parecer como que uno puede continuar pecando con impunidad, porque Dios es tan paciente y amable como para disciplinar o como para dejar que el pecador sufra las destructivas consecuencias del pecado. Pablo nos advierte del error de tal suposici\u00f3n: \u00abTienes que entender que Dios ha sido muy paciente y bondadoso contigo, esperando que cambies. Pero t\u00fa piensas que su paciencia nunca termina y no te das cuenta de que \u00e9l es bueno contigo para que cambies tu vida\u00bb (Romanos 2:4, PDT).<\/p>\n<p style=\"text-align: justify;\">En los d\u00edas del profeta Habacuc, el pueblo clamaba desesperado porque Dios no interven\u00eda en su favor. El profeta fue enviado para exhortarlos a no abandonar su fe en Dios, sino a que confiaran en \u00e9l lo suficiente como para permitirle escoger el mejor momento para llevar a cabo sus planes. \u00abAunque parezca que se demora en llegar, espera con paciencia, porque sin lugar a dudas suceder\u00e1\u00bb (Habacuc 2:3, NTV).<\/p>\n<p style=\"text-align: justify;\">Pedro advierte que \u00aben los \u00faltimos d\u00edas vendr\u00e1 gente burlona que, siguiendo sus malos deseos, se mofar\u00e1: &#8216;\u00bfQu\u00e9 hubo de esa promesa de su venida? Nuestros padres murieron, y nada ha cambiado desde el principio de la creaci\u00f3n&#8217;\u00bb.<\/p>\n<p style=\"text-align: justify;\">El ap\u00f3stol contin\u00faa explicando, \u00abEl Se\u00f1or no tarda en cumplir su promesa, seg\u00fan entienden algunos la tardanza. M\u00e1s bien, \u00e9l tiene paciencia con vosotros, porque no quiere que nadie perezca, sino que todos se arrepientan. Pero el d\u00eda del Se\u00f1or vendr\u00e1 como un ladr\u00f3n\u00bb.<\/p>\n<p style=\"text-align: justify;\">Entonces Pedro hace referencia al consejo de Pablo en Romanos 2:4: \u00abTened presente que la paciencia de nuestro Se\u00f1or significa salvaci\u00f3n, tal como os escribi\u00f3 tambi\u00e9n nuestro querido hermano Pablo, con la sabidur\u00eda que Dios le dio\u00bb (2 Pedro 3:3, 4, 9,10, 15 BAD).<\/p>\n<p style=\"text-align: justify;\">Algunas veces la misericordia de Dios ha resultado incluso \u00a1en verg\u00fcenza para algunos de sus hijos! Cuando se le pidi\u00f3 al profeta Jon\u00e1s que amonestara a los habitantes de N\u00ednive, lo primero que hizo fue huir. Y luego llev\u00f3 con renuencia el mensaje: \u00ab\u00a1Dentro de cuarenta d\u00edas N\u00ednive ser\u00e1 destruida!\u00bb Entonces se sent\u00f3 para observar la destrucci\u00f3n de la ciudad desde una colina cercana.<\/p>\n<p style=\"text-align: justify;\">Pero los habitantes de N\u00ednive se arrepintieron y la ciudad no fue destruida. Por lo que muy enojado se quej\u00f3 con Dios: \u00abPor eso es que hu\u00ed. Yo sab\u00eda que eras demasiado bueno como para hacerlo. Me hiciste quedar como un profeta falso, estoy tan humillado que preferir\u00eda morir\u00bb (ver Jon\u00e1s 3:4; 4:1-11).<\/p>\n<p style=\"text-align: justify;\">Dios trat\u00f3 de razonar con el frustrado Jon\u00e1s: \u00ab\u00bfNo sientes compasi\u00f3n por esa gente? \u00bfNo te alegras de que hayan escogido arrepentirse?\u00bb Pero Jon\u00e1s estaba m\u00e1s preocupado de su reputaci\u00f3n como profeta.<\/p>\n<p style=\"text-align: justify;\">Pablo se sent\u00eda orgulloso de las Buenas Nuevas acerca de nuestro misericordioso y perdonador Dios. \u00a1Pero a Jon\u00e1s le avergonzaba!<\/p>\n<p style=\"text-align: justify;\">Cuando Jes\u00fas vuelva, volver\u00e1 ante una generaci\u00f3n de creyentes que ha experimentado el \u00faltimo y supremo intento de Satan\u00e1s de enga\u00f1ar y destruir al pueblo de Dios. Estos habr\u00e1n alcanzado lo que un tercio de los \u00e1ngeles fall\u00f3 en alcanzar. Rechazar\u00e1n las mentiras de Satan\u00e1s que intentaban alejarlos de Dios. Habr\u00e1n sido capaces de decir, juntamente con Pablo: \u00abSi alguno, a\u00fan si un \u00e1ngel del cielo, trajera una versi\u00f3n diferente de las Buenas Nuevas eternas, est\u00e1 equivocado, \u00a1y no le creeremos!\u00bb (Ver G\u00e1latas 1:8,9).<\/p>\n<p style=\"text-align: justify;\">Estos no son beb\u00e9s en la verdad. Son creyentes maduros. Estos dan la altura de la descripci\u00f3n b\u00edblica de madurez cristiana: tienen \u00absus facultades entrenadas por medio de la pr\u00e1ctica para distinguir el bien del mal\u00bb (ver Hebreos 5:11 y 6:3). \u00a0Ellos no solamente tienen la d\u00f3cil fe de un ni\u00f1o, que a\u00fan necesita mucha protecci\u00f3n, sino que como Job pueden mantenerse en pie por s\u00ed solos. Aunque su fe es probada con severidad nunca van a abandonar a Dios.<\/p>\n<p style=\"text-align: justify;\">Han recibido con gozo al Esp\u00edritu Santo, el Maestro del amor y la verdad. \u00c9l los ha sellado y establecido tan firmemente en la verdad que no pueden ser desviados (ver Juan 14:16, 17, 26; Efesios 4:30). Ser lleno del Esp\u00edritu de amor significa estar lleno del Esp\u00edritu de verdad. El cristiano amante no es d\u00e9bil; es una persona de convicci\u00f3n firme y que habla con la autoridad de la verdad.<\/p>\n<p style=\"text-align: justify;\">Dios est\u00e1 a la espera de este tipo de creyentes firmes. En Apocalipsis 7:1-3 sus \u00e1ngeles son representados reteniendo misericordiosamente los vientos de conflicto hasta que las mentes de los hijos de Dios son inconmoviblemente afirmadas en la verdad.<\/p>\n<p style=\"text-align: justify;\">El \u00faltimo libro de la Biblia habla frecuentemente de las marcas del verdadero pueblo de Dios, el que resiste el tiempo de angustia y que recibe con gozo a Jes\u00fas cuando regrese. Por sobre todo, conf\u00edan en Dios y son leales a su Hijo. Han aceptado el testimonio que Jes\u00fas profes\u00f3 acerca de su Padre. Creen que Dios es tan misericordioso como su Hijo. Este evangelio eterno los ha ganado una vez m\u00e1s a la fe.<\/p>\n<p style=\"text-align: justify;\">Debido a su confianza en Dios, gustosamente guardan sus mandamientos. Es decir, se aman uno a otro y a su Padre celestial. Movidos por el mismo Esp\u00edritu que inspir\u00f3 a los profetas, es su mayor delicia el unirse a cada amigo de Dios para testificar de Jes\u00fas (ver Apocalipsis 14:12; 12:17; 19:10; Juan 5:39).<\/p>\n<p style=\"text-align: justify;\">La misi\u00f3n de la iglesia cristiana es la de ayudar a producir este tipo de personas. En su carta a los creyentes de \u00c9feso, Pablo explica el prop\u00f3sito de Cristo en fundar su iglesia:<\/p>\n<p style=\"text-align: justify;\">\u00abCristo mismo le dio dones a la gente: a unos, el don de ser ap\u00f3stoles; a otros el de ser profetas; a otros el de anunciar las buenas noticias; y a otros el de ser pastores y maestros. \u00c9l dio esos dones para preparar a su pueblo santo para el trabajo de servir y fortalecer al cuerpo de Cristo (un s\u00edmbolo de la iglesia de Cristo). Este trabajo debe continuar hasta que estemos todos unidos en la misma fe y en el mismo conocimiento del Hijo de Dios. Debemos seguir creciendo hasta que seamos maduros como Cristo y compartamos su perfecci\u00f3n. As\u00ed no nos portaremos como ni\u00f1os, ni seremos como un barco a la deriva arrastrados por cualquier corriente nueva de quienes buscan enga\u00f1arnos con sus trampas. Por el contrario, maduraremos y seremos como Cristo en todo sentido, ense\u00f1ando la verdad con amor. Cristo es la cabeza y el cuerpo entero depende de \u00e9l\u00bb (Efesios 4:11-15 PDT).<\/p>\n<p style=\"text-align: justify;\">No hay unidad m\u00e1s estrecha que esta que es inherente en nuestra fe. Al crecer juntos en amor y en admiraci\u00f3n por el mismo Cristo y el mismo Dios, somos unidos \u00a1por la misma verdad que nos hace libres! La verdadera iglesia de Dios est\u00e1 hecha por personas que, en el mayor sentido de libertad han escogido atarse en unidad para animarse mutuamente y para esparcir el evangelio m\u00e1s eficientemente en todo el mundo.<\/p>\n<p style=\"text-align: justify;\">Dios sigue esperando que sus hijos maduren de esta forma. \u00c9l necesita mejores portavoces de lo que fue Jon\u00e1s. Los renuentes maestros de la verdad, que act\u00faan motivados solo por el temor o por la obligaci\u00f3n, son en s\u00ed mismos una triste negaci\u00f3n del contenido de las Buenas Nuevas. Dios espera por un pueblo leal, un pueblo orgulloso de las Buenas Nuevas, que \u00ab\u00a1espera con ansias el d\u00eda de Dios y apresura que \u00e9ste llegue!\u00bb (Ver 2 Pedro 3:12 NTV).<\/p>\n<p style=\"text-align: justify;\">\u00bfCu\u00e1nto m\u00e1s cree usted que Dios tendr\u00e1 que esperar? \u00c9l va a esperar mientras haya esperanza para alguien m\u00e1s, podemos confiar en \u00e9l. Pero tampoco va a esperar por siempre, tambi\u00e9n podemos confiar en \u00e9l acerca de eso. El que puede leer cada pensamiento sabr\u00e1 cu\u00e1ndo el evangelio ha llegado a todo el mundo y que toda decisi\u00f3n final ha sido hecha. \u00abPor eso\u00bb, le advirti\u00f3 Jes\u00fas a sus disc\u00edpulos, \u00abustedes tambi\u00e9n est\u00e9n preparados; porque el Hijo del hombre vendr\u00e1 cuando menos lo esperen\u00bb (Mateo 24:44 DHH 1996).<\/p>\n<p style=\"text-align: justify;\">Cada a\u00f1o que pasa agrega m\u00e1s pruebas de que Dios no es el tipo de persona que Satan\u00e1s le ha hecho parecer. Nuestro Padre celestial es infinitamente poderoso e igualmente misericordioso y no hay nada que valore m\u00e1s que la libertad, la dignidad y la individualidad de sus inteligentes criaturas. Para que nuestro amor, nuestra fe y nuestra disposici\u00f3n a escuchar y a obedecer se le den en completa libertad. Es obvio que lo que Dios m\u00e1s desea no se puede obtener a la fuerza. Por eso es que \u00e9l espera.<\/p>\n<p style=\"text-align: justify;\">Si como Pablo, estamos orgullosos de las Buenas Nuevas y adoramos a Dios por sus sabias y misericordiosas decisiones, eso afectar\u00e1 en gran medida nuestra manera de vivir, la forma en la que nos tratamos mutuamente y la manera en la que le representamos. Nuestra admiraci\u00f3n por Dios se notar\u00e1 en todo lo que decimos y hacemos. As\u00ed como Abraham y Mois\u00e9s, que fueron llamados amigos de Dios, debemos ser celosos de la reputaci\u00f3n de Dios. Querremos que el mundo lo vea tal como \u00e9l es en realidad. Y ambicionaremos el mayor de todos los cumplidos, las palabras que Dios dijo de Job: \u00ab\u00c9l habl\u00f3 lo que es correcto acerca de m\u00ed\u00bb (ver Job 42:7 PDT).<\/p>\n<p style=\"text-align: justify;\">El evangelio no termina con la venida de Jes\u00fas, porque es la verdad eterna. Permanecer\u00e1 como la base de nuestra fe por toda la eternidad. Desde un mundo hacia otro, a trav\u00e9s de todo el vasto universo, nunca cesar\u00e1 el eco de las eternas Buenas Nuevas: S\u00ed, usted <em>puede<\/em> confiar en Dios.<\/p>\n","protected":false},"excerpt":{"rendered":"<p>Han pasado alrededor de dos mil a\u00f1os desde que Dios gan\u00f3 su caso en el Calvario.\u00a0 Hace mucho tiempo que Dios respondi\u00f3 a satisfacci\u00f3n las acusaciones y mentiras de Satan\u00e1s. La libertad del universo ha sido eternamente asegurada. \u00bfEntonces por qu\u00e9 contin\u00faa Dios tolerando a este \u00fanico punto de rebeld\u00eda en todo su universo leal? [&hellip;]<\/p>\n","protected":false},"author":1,"featured_media":0,"parent":1156,"menu_order":0,"comment_status":"open","ping_status":"closed","template":"","meta":{"footnotes":""},"class_list":["post-1150","page","type-page","status-publish","hentry"],"_links":{"self":[{"href":"https:\/\/speakingwellofgod.org\/es\/wp-json\/wp\/v2\/pages\/1150","targetHints":{"allow":["GET"]}}],"collection":[{"href":"https:\/\/speakingwellofgod.org\/es\/wp-json\/wp\/v2\/pages"}],"about":[{"href":"https:\/\/speakingwellofgod.org\/es\/wp-json\/wp\/v2\/types\/page"}],"author":[{"embeddable":true,"href":"https:\/\/speakingwellofgod.org\/es\/wp-json\/wp\/v2\/users\/1"}],"replies":[{"embeddable":true,"href":"https:\/\/speakingwellofgod.org\/es\/wp-json\/wp\/v2\/comments?post=1150"}],"version-history":[{"count":0,"href":"https:\/\/speakingwellofgod.org\/es\/wp-json\/wp\/v2\/pages\/1150\/revisions"}],"up":[{"embeddable":true,"href":"https:\/\/speakingwellofgod.org\/es\/wp-json\/wp\/v2\/pages\/1156"}],"wp:attachment":[{"href":"https:\/\/speakingwellofgod.org\/es\/wp-json\/wp\/v2\/media?parent=1150"}],"curies":[{"name":"wp","href":"https:\/\/api.w.org\/{rel}","templated":true}]}}