{"id":1141,"date":"2012-07-18T14:08:40","date_gmt":"2012-07-18T14:08:40","guid":{"rendered":"https:\/\/speakingwellofgod.ootartb0-liquidwebsites.com\/?page_id=1141"},"modified":"2013-04-28T14:52:24","modified_gmt":"2013-04-28T14:52:24","slug":"un-recordatorio-de-las-evidencias","status":"publish","type":"page","link":"https:\/\/speakingwellofgod.org\/es\/recursos-escritos\/puede-dios-ser-de-confianza\/un-recordatorio-de-las-evidencias","title":{"rendered":"UN RECORDATORIO DE LA EVIDENCIA"},"content":{"rendered":"<p style=\"text-align: justify;\">Exactamente en el centro de la \u00abreal ley de libertad\u00bb hay un mandamiento a recordar el S\u00e1bado. \u00bfQuiz\u00e1s es este un caso en el que Dios impuso un requisito arbitrario sobre su pueblo, con el \u00fanico prop\u00f3sito de demostrar su autoridad y para probar la disposici\u00f3n de ellos a obedecerle? Pero todo el mensaje de las Escrituras es que no hay arbitrariedad en Dios. Pablo ha explicado que las leyes de Dios fueron dadas para ayudarnos, para protegernos en nuestra ignorancia e inmadurez, para llevarnos de nuevo a la fe.<\/p>\n<p style=\"text-align: justify;\">El primer \u00e1ngel de Apocalipsis 14 nos hace un llamado a adorar a Dios nuestro Creador. Esto nos recuerda que la primera menci\u00f3n del S\u00e1bado en la Biblia se hace al final de la semana de la creaci\u00f3n.<\/p>\n<p style=\"text-align: justify;\">\u00a1Cu\u00e1n f\u00e1cilmente pudo haber creado Dios nuestro mundo en un instante! Pero en vez de eso, ante los ojos del universo que observaba, escogi\u00f3 hacerlo en seis d\u00edas de veinticuatro horas. En el primer d\u00eda fue solamente \u00abHaya la luz\u00bb. Despu\u00e9s fue el segundo d\u00eda, el tercero, el cuarto, el quinto d\u00eda, mientras que Dios en pausado y majestuoso drama desplegaba sus planes para nuestro planeta.<\/p>\n<p style=\"text-align: justify;\">Ya para el sexto d\u00eda este mundo era un bello lugar.<\/p>\n<p style=\"text-align: justify;\">\u00bfEn d\u00f3nde quedaban ahora las acusaciones de Satan\u00e1s de que Dios era ego\u00edsta y severo?\u00a0 Vean la libertad dada a Ad\u00e1n y a Eva, cre\u00e1ndolos a su misma imagen, con individualidad, con el poder de pensar y hacer. Los cre\u00f3 capaces de amar y de confiar \u2014o \u00a1de rebelarse y de escupirle en la cara!<\/p>\n<p style=\"text-align: justify;\">Dios hasta le dio a Satan\u00e1s la oportunidad de abordar a nuestros primeros padres en el \u00e1rbol de la ciencia del bien y del mal. Y Dios no escondi\u00f3 ese \u00e1rbol en alguna oscura esquina del Ed\u00e9n. Lo puso en el mismo centro del jard\u00edn para que Ad\u00e1n y Eva lo vieran cada vez que vinieran a comer del \u00e1rbol de la vida (ver G\u00e9nesis 2:9; 3:2). Claro que podemos confiar en que Dios no permite que sus hijos sean tentados m\u00e1s all\u00e1 de su capacidad de resistir (ver 1 Corintios 10:13). As\u00ed que los abordajes de Satan\u00e1s estaban limitados al \u00e1rbol y Ad\u00e1n y Eva fueron advertidos de no arriesgarse en una confrontaci\u00f3n con el artero enemigo.<\/p>\n<p style=\"text-align: justify;\">Entonces Dios comparti\u00f3 con nosotros \u2014hasta donde era posible compartir con sus seres creados\u00a0 \u2014algo de su propio poder creativo. Entonces Dios dise\u00f1\u00f3 las cosas de tal manera que cuando el hombre y la mujer se acercan en amor, pueden darle vida a otros seres \u2014\u00a1peque\u00f1as personas formadas a la imagen de sus padres humanos! \u00abTengan muchos hijos&#8230;\u00bb, les dijo el Creador, \u00abpara as\u00ed poblar el mundo y ejercer control sobre \u00e9l\u00bb (G\u00e9nesis 1:28 PDT).<\/p>\n<p style=\"text-align: justify;\">El universo vio que todo era muy bueno. Seguro que el amor y la admiraci\u00f3n por Dios abundaban sin l\u00edmites.\u00a0 \u00bfEn d\u00f3nde quedaban ahora las acusaciones de Satan\u00e1s de que Dios no ten\u00eda ning\u00fan respeto por la libertad y que hac\u00eda uso ego\u00edsta de su autoridad y poder?<\/p>\n<p style=\"text-align: justify;\">\u00abY consum\u00f3 Dios en el d\u00eda el sexto las obras suyas que hizo; y repos\u00f3 el d\u00eda el s\u00e9ptimo de todas las obras suyas que hizo. Y bendijo Dios el d\u00eda el s\u00e9ptimo y santificole, porque en \u00e9l ces\u00f3 de todas las obras suyas que empez\u00f3 Dios a hacer\u00bb (G\u00e9nesis 2:2,3 LSB J\u00fcneman).<\/p>\n<p style=\"text-align: justify;\">As\u00ed Dios y su universo celebraron el primer s\u00e9ptimo d\u00eda S\u00e1bado. No era el s\u00e9ptimo d\u00eda del hombre, era solamente su segundo d\u00eda. Si el prop\u00f3sito principal del S\u00e1bado fuera el de proveer de un d\u00eda de descanso cada semana desde nuestra creaci\u00f3n, \u00a1deber\u00edamos estar guardando el jueves! Pero ese primer S\u00e1bado era un s\u00e9ptimo d\u00eda <em>de Dios<\/em>. Fue el d\u00eda en que el Creador invit\u00f3 al universo a celebrar con \u00e9l el significado de lo que acababa de hacer, para reflexionar en la verdad que hab\u00eda sido revelada y en la falsedad de las acusaciones de Satan\u00e1s.<\/p>\n<p style=\"text-align: justify;\">Tuvo que haberle parecido a los \u00e1ngeles como que Dios hab\u00eda ganado el gran conflicto. Pero la acusaci\u00f3n m\u00e1s grave de Satan\u00e1s en contra de Dios no hab\u00eda sido aclarada todav\u00eda. Este hab\u00eda acusado a Dios de ser mentiroso cuando el Creador le advirti\u00f3 a sus criaturas que la muerte era la consecuencia del pecado. Los eventos de la semana de creaci\u00f3n no hab\u00edan satisfecho esa acusaci\u00f3n. Durante miles de a\u00f1os Dios aguard\u00f3 para dar su respuesta.<\/p>\n<p style=\"text-align: justify;\">Luego, en el momento m\u00e1s propicio, Dios se sacrific\u00f3 a s\u00ed mismo en su Hijo para probar la veracidad de su palabra. \u00abConsumado es\u00bb, exclam\u00f3 Jes\u00fas. Ya para el viernes de tarde en la semana de la crucifixi\u00f3n, todos los cuestionamientos del gran conflicto hab\u00edan sido totalmente aclarados. La m\u00e1s perjudicial de las acusaciones de Satan\u00e1s hab\u00eda sido completamente resuelta.<\/p>\n<p style=\"text-align: justify;\">Y el d\u00eda siguiente era otro S\u00e1bado. Mientras que el Hijo de Dios descansaba en la tumba, todo el universo que observaba hizo una pausa para reflexionar sobre la verdad que se hab\u00eda revelado durante aquella \u00faltima semana en la vida de Jes\u00fas y para celebrar la costosa victoria que se hab\u00eda ganado en el Calvario. Satan\u00e1s hab\u00eda sido finalmente desenmascarado. La credibilidad de Dios qued\u00f3 confirmada por la eternidad.<\/p>\n<p style=\"text-align: justify;\">Este es el S\u00e1bado que Dios le dijo a su pueblo que recordara. \u00c9l sab\u00eda que necesit\u00e1bamos de una pausa cada semana para ser recordados de la verdad que el S\u00e1bado representa. El S\u00e1bado no es una mera prueba de obediencia. Atrapados como estamos, en este gran conflicto, necesitamos el mensaje del s\u00e9ptimo d\u00eda. De la manera en la que Jes\u00fas les dijo a sus disc\u00edpulos, \u00abEl s\u00e1bado se hizo para el bien de los seres humanos\u00bb (Marcos 2:27 TLA-D).<\/p>\n<p style=\"text-align: justify;\">A trav\u00e9s de toda la Biblia, el significado del S\u00e1bado se repite y se aumenta. Cuando Dios dio los Diez Mandamientos en el Monte Sina\u00ed, present\u00f3 el S\u00e1bado como una conmemoraci\u00f3n de la semana de la creaci\u00f3n, como un recordatorio de que \u00e9l es nuestro Creador y que nosotros somos sus criaturas.<\/p>\n<p style=\"text-align: justify;\">Pero, tal como nos lo explican Juan y Pablo, el que nos cre\u00f3 no era otro sino el mismo Cristo (ver Juan 1:1-3; Colosenses 1:16). Cada semana el S\u00e1bado nos recuerda que el que vino a salvarnos es el que nos cre\u00f3 al principio.\u00a0 El tierno Jes\u00fas que muri\u00f3 en el Calvario es tambi\u00e9n el supremo y todopoderoso Creador del universo. Dios no envi\u00f3 a ning\u00fan subordinado a morir por nosotros. El Creador mismo vino, el que es igual con Dios, porque \u00e9l es Dios. Al guardar el santo S\u00e1bado de la semana de la creaci\u00f3n reconocemos nuestra fe en Jes\u00fas no solamente como nuestro Salvador, sino como nuestro Creador y nuestro Dios.<\/p>\n<p style=\"text-align: justify;\">\u00bfQu\u00e9 clase de persona, pues, es nuestro Dios? \u00bfSer\u00e1 tan misericordioso y respetuoso de nuestra libertad como es el Hijo? La respuesta nos llega con cada S\u00e1bado: Dios es exactamente igual a Cristo, pues Cristo es Dios.<\/p>\n<p style=\"text-align: justify;\">Muchos cristianos observan el primer d\u00eda de la semana para conmemorar la resurrecci\u00f3n de Cristo. Seguro que es algo bueno recordar en un domingo de ma\u00f1ana, que ese fue el d\u00eda en que Cristo se levant\u00f3 de la tumba. Y los viernes, \u00bfno estar\u00eda bien reflexionar, ese fue el d\u00eda en que Cristo fue crucificado? \u00bfY los jueves por la tarde, que ese fue el d\u00eda cuando Jes\u00fas se reuni\u00f3 con sus disc\u00edpulos en el aposento alto?<\/p>\n<p style=\"text-align: justify;\">Pero el \u00fanico S\u00e1bado semanal del que la Biblia habla es el d\u00eda que fue apartado para recordarnos de que la Persona que vivi\u00f3 entre nosotros como un hombre tan misericordioso, Aquel que dio su vida por nosotros, es el mismo que nos hizo, porque \u00e9l tambi\u00e9n es Dios.<\/p>\n<p style=\"text-align: justify;\">Nuestra salvaci\u00f3n incluye no solo perd\u00f3n, sino sanidad del da\u00f1o que el pecado hizo. No es menos milagro de creaci\u00f3n el restaurar seres humanos ca\u00eddos que el crearlos perfectos en el principio. No es de extra\u00f1ar que David orara como lo hizo despu\u00e9s de su triste experiencia como Betsab\u00e9: \u00abCrea en m\u00ed, oh Dios, un coraz\u00f3n limpio\u00bb (Salmo 51:10).<\/p>\n<p style=\"text-align: justify;\">Cuando Mois\u00e9s repiti\u00f3 los Diez Mandamientos en el libro de Deuteronomio, mencion\u00f3 el \u00e9xodo en vez de la creaci\u00f3n como la raz\u00f3n para la observancia del S\u00e1bado: \u00abAcu\u00e9rdate de que t\u00fa fuiste esclavo en la tierra de Egipto y que Jehovah tu Dios te sac\u00f3 de all\u00ed con mano poderosa y brazo extendido. Por eso Jehovah tu Dios te ha mandado que guardes el d\u00eda del s\u00e1bado\u00bb (Deuteronomio 5:15 RV1989).<\/p>\n<p style=\"text-align: justify;\">No hay discrepancia en la Escritura, ni un desliz en la memoria del gran l\u00edder. El prop\u00f3sito del S\u00e1bado es recordarnos de la verdad acerca de Dios. \u00c9l no es solamente nuestro Creador sino nuestro Salvador y Redentor. Aquel que nos cre\u00f3 libres al principio esta ejerciendo su poder creativo ahora para liberarnos de cualquier esclavitud y devolvernos nuestra libertad.<\/p>\n<p style=\"text-align: justify;\">En Hebreos 4 se menciona otra forma en la que el S\u00e1bado nos recuerda la verdad y fortalece nuestra fe en Dios. \u00a0All\u00ed el S\u00e1bado se describe como un tipo y anticipo del descanso que ha de venir y de la restauraci\u00f3n final. As\u00ed como Dios descans\u00f3 de sus labores al final de la semana de la creaci\u00f3n, asimismo le queda al pueblo de Dios \u00abun descanso sab\u00e1tico\u00bb.<\/p>\n<p style=\"text-align: justify;\">Cuando los hijos de Israel entraron a Cana\u00e1n, no pudieron entrar en el descanso de Dios a causa de su falta de fe. Tomaron posesi\u00f3n de la Tierra Prometida, pero no disfrutaron del descanso sab\u00e1tico que les hubiera tra\u00eddo el confiar en Dios. Hoy, si mantenemos nuestra fe en Dios, podr\u00edamos empezar a disfrutar de este descanso en esta vida. Y entraremos de lleno en el descanso sab\u00e1tico cuando seamos admitidos al reino celestial y el Ed\u00e9n sea restaurado.<\/p>\n<p style=\"text-align: justify;\">Estos significados del S\u00e1bado dan respuesta a las grandes inc\u00f3gnitas que ocupan las mentes de personas pensantes, las b\u00e1sicas preguntas de la filosof\u00eda: \u00bfDe d\u00f3nde venimos? \u00bfPor qu\u00e9 estamos aqu\u00ed? \u00bfA d\u00f3nde vamos cuando morimos? Y la inc\u00f3gnita primordial: \u00bfExiste un Dios? Si existe, \u00bfc\u00f3mo es? Y \u00bfqu\u00e9 quiere de nosotros?<\/p>\n<p style=\"text-align: justify;\">\u00bfDe d\u00f3nde venimos? El S\u00e1bado siempre nos ha recordado que \u00aben el principio cre\u00f3 Dios los cielos y la tierra\u00bb (G\u00e9nesis 1:1).<\/p>\n<p style=\"text-align: justify;\">\u00bfPor qu\u00e9 estamos aqu\u00ed? \u00bfCu\u00e1l es el gran prop\u00f3sito de la vida humana? \u00bfC\u00f3mo alcanzamos el mayor bien en esta vida? El S\u00e1bado siempre nos ha recordado que el gran prop\u00f3sito de la vida es nuestra salvaci\u00f3n, nuestra restauraci\u00f3n a la imagen de Dios por la fe en Aquel que nos hizo perfectos al principio.<\/p>\n<p style=\"text-align: justify;\">\u00bfAd\u00f3nde vamos despu\u00e9s de morir? El S\u00e1bado apunta hacia la segunda venida de Cristo y al descanso y restauraci\u00f3n finales.<\/p>\n<p style=\"text-align: justify;\">\u00bfExiste un Dios? \u00bfSabemos c\u00f3mo es y qu\u00e9 desea de nosotros? El S\u00e1bado nos recuerda de c\u00f3mo Dios se ha revelado \u2014en tantas maneras, pero especialmente en su Hijo.<\/p>\n<p style=\"text-align: justify;\">Puesto que el S\u00e1bado es tan importante, era natural que el gran enemigo se ocupara en intentar destruirlo. El prop\u00f3sito de Satan\u00e1s es destruir la fe en Cristo, de socavar nuestra confianza en \u00e9l como nuestro Creador y as\u00ed hacer nulo el testimonio de Jes\u00fas acerca de su Padre. Pero mientras los hombres contin\u00faen reconociendo todo lo que el S\u00e1bado representa, Satan\u00e1s dif\u00edcilmente espera lograrlo. Por lo tanto, puso toda su influencia para el descuido del S\u00e1bado o para distorsionar su significado.<\/p>\n<p style=\"text-align: justify;\">Me gusta la manera en la que Moffatt, en su versi\u00f3n en ingl\u00e9s, interpret\u00f3 Ezequiel 20:12: \u00abLes di mi s\u00e1bado, como marca del enlace entre ellos y Yo, para ense\u00f1arles que soy Yo, el Eterno, el que los ha apartado\u00bb. El \u00faltimo mensaje de Dios al mundo es la restauraci\u00f3n de este enlace. No es un mensaje de legalismo; no es una advertencia de que forzosamente tienen que guardar el S\u00e1bado y los otros mandamientos, porque de no hacerlo, ser\u00e1n destruidos. Al contrario, es un mensaje de amor y de fe. Y Dios nos dio el S\u00e1bado para recordarnos cada semana de las convincentes pruebas que son la base de una confianza tal.<\/p>\n<p style=\"text-align: justify;\">Dios ha prometido restaurar nuestro mundo, d\u00e1rselo una vez m\u00e1s a su pueblo. Tal como dijera Jes\u00fas en su Serm\u00f3n del Monte, \u00abAfortunados los apacibles porque ellos heredar\u00e1n la tierra\u00bb (Mateo 5:5 WH Interlineal). Pero antes de que puedan recibir su herencia, nuestra tierra tiene que pasar por el fuego descrito en el mensaje del tercer \u00e1ngel. Este fuego \u00abeterno\u00bb (ver Judas 7) es tan intenso que Pedro dice que \u00ablos elementos se derretir\u00e1n por el calor y la tierra con todo lo que hay en ella se consumir\u00e1\u00bb (2 Pedro 3:10 BL95).<\/p>\n<p style=\"text-align: justify;\">Cuando el fuego haya acabado con la purificaci\u00f3n de nuestro planeta, Dios volver\u00e1 a crear el mundo. As\u00ed como \u00aben el principio cre\u00f3 Dios los cielos y la tierra\u00bb, al final los crear\u00e1 una vez m\u00e1s. Juan dijo \u00abVi un cielo nuevo y una tierra nueva; porque el primer cielo y la primera tierra pasaron\u00bb (Apocalipsis 21:1).<\/p>\n<p style=\"text-align: justify;\">He imaginado a Dios creando nuestro nuevo mundo. \u00bfC\u00f3mo piensan que lo har\u00e1 esta vez? Claro, as\u00ed como podr\u00eda haberlo hecho en el principio podr\u00eda crearlo en tan solo un instante. Pero, \u00bfy qu\u00e9 tal si repitiera el pausado y majestuoso drama de la primera semana de la creaci\u00f3n? El gran conflicto ya ha terminado. No hay necesidad de responder a las acusaciones de Satan\u00e1s. Pero, paciente maestro que \u00e9l es, \u00bfquerr\u00e1 Dios responder las preguntas que alguien pudiera tener acerca del sencillo relato del G\u00e9nesis?<\/p>\n<p style=\"text-align: justify;\">De cualquier manera que \u00e9l escoja, por lo menos una cosa ser\u00e1 diferente. No es necesario esta vez, que Dios cree a Ad\u00e1n y Eva -tan solo que se abran las puertas de la ciudad y se d\u00e9 la bienvenida a sus hijos que vuelven a su hogar en Ed\u00e9n, (ver Apocalipsis 21, 22).<\/p>\n<p style=\"text-align: justify;\">El profeta Isa\u00edas anticipaba el d\u00eda cuando Dios crear\u00eda \u00abnuevos cielos y nueva tierra\u00bb, imaginando al feliz pueblo de Dios reuni\u00e9ndose para adorar a su Creador \u00abde s\u00e1bado en s\u00e1bado\u00bb (Isa\u00edas 65:17; 66:23 Torres Amat).<\/p>\n<p style=\"text-align: justify;\">Si en el primer S\u00e1bado en la tierra nueva Dios nos invitara a unirnos a \u00e9l y al universo que observa para celebrar todo lo que se ha hecho, \u00bfprotestar\u00edamos? \u00bfLe objetar\u00edamos diciendo que guardar el S\u00e1bado es un requisito arbitrario solamente para demostrar la autoridad de Dios y para probar nuestra disposici\u00f3n a obedecer?<\/p>\n<p style=\"text-align: justify;\">\u00a1Piense en todo lo que habr\u00e1 para recordar! Y por toda la eternidad el S\u00e1bado continuar\u00e1 record\u00e1ndonos de la evidencia.<\/p>\n","protected":false},"excerpt":{"rendered":"<p>Exactamente en el centro de la \u00abreal ley de libertad\u00bb hay un mandamiento a recordar el S\u00e1bado. \u00bfQuiz\u00e1s es este un caso en el que Dios impuso un requisito arbitrario sobre su pueblo, con el \u00fanico prop\u00f3sito de demostrar su autoridad y para probar la disposici\u00f3n de ellos a obedecerle? Pero todo el mensaje de [&hellip;]<\/p>\n","protected":false},"author":1,"featured_media":0,"parent":1156,"menu_order":0,"comment_status":"open","ping_status":"open","template":"","meta":{"footnotes":""},"class_list":["post-1141","page","type-page","status-publish","hentry"],"_links":{"self":[{"href":"https:\/\/speakingwellofgod.org\/es\/wp-json\/wp\/v2\/pages\/1141","targetHints":{"allow":["GET"]}}],"collection":[{"href":"https:\/\/speakingwellofgod.org\/es\/wp-json\/wp\/v2\/pages"}],"about":[{"href":"https:\/\/speakingwellofgod.org\/es\/wp-json\/wp\/v2\/types\/page"}],"author":[{"embeddable":true,"href":"https:\/\/speakingwellofgod.org\/es\/wp-json\/wp\/v2\/users\/1"}],"replies":[{"embeddable":true,"href":"https:\/\/speakingwellofgod.org\/es\/wp-json\/wp\/v2\/comments?post=1141"}],"version-history":[{"count":0,"href":"https:\/\/speakingwellofgod.org\/es\/wp-json\/wp\/v2\/pages\/1141\/revisions"}],"up":[{"embeddable":true,"href":"https:\/\/speakingwellofgod.org\/es\/wp-json\/wp\/v2\/pages\/1156"}],"wp:attachment":[{"href":"https:\/\/speakingwellofgod.org\/es\/wp-json\/wp\/v2\/media?parent=1141"}],"curies":[{"name":"wp","href":"https:\/\/api.w.org\/{rel}","templated":true}]}}