{"id":1108,"date":"2012-07-18T13:38:52","date_gmt":"2012-07-18T13:38:52","guid":{"rendered":"https:\/\/speakingwellofgod.ootartb0-liquidwebsites.com\/?page_id=1108"},"modified":"2013-04-28T14:07:37","modified_gmt":"2013-04-28T14:07:37","slug":"la-fe-en-dios-no-es-un-salto-al-abismo","status":"publish","type":"page","link":"https:\/\/speakingwellofgod.org\/es\/recursos-escritos\/puede-dios-ser-de-confianza\/la-fe-en-dios-no-es-un-salto-al-abismo","title":{"rendered":"LA FE EN DIOS NO ES UN SALTO EN LA OSCURIDAD"},"content":{"rendered":"<p style=\"text-align: justify;\">\u00a0\u00a0\u00a0\u00a0\u00a0\u00a0\u00a0\u00a0\u00a0\u00a0\u00a0 En uno de los cap\u00edtulos m\u00e1s tristes de la historia estadounidense, el presidente fue p\u00fablicamente acusado por sus asociados m\u00e1s allegados, de deshonestidad y enga\u00f1o premeditados.<\/p>\n<p style=\"text-align: justify;\">\u00a0\u00a0\u00a0\u00a0\u00a0\u00a0\u00a0\u00a0\u00a0\u00a0\u00a0 \u00a1Qu\u00e9 espect\u00e1culo para el mundo entero! El m\u00e1s alto funcionario de una de las naciones m\u00e1s grandes del mundo, acusado de abuso ego\u00edsta de su poder presidencial y de violar la confianza otorgada por el pueblo que lo eligi\u00f3 como su representante.<\/p>\n<p style=\"text-align: justify;\">\u00a0\u00a0\u00a0\u00a0\u00a0\u00a0\u00a0\u00a0\u00a0\u00a0\u00a0 Los cargos fueron categ\u00f3ricamente negados por el presidente. En dram\u00e1ticas apelaciones a la lealtad del pueblo, las acusaciones fueron tratadas como las mentiras alevosas de enemigos contrariados. Y como muestra de afecto hacia el presidente y por respeto al alto cargo que ocupaba, muchos de nosotros est\u00e1bamos dispuestos a creer sus sentidas declaraciones. Como ciudadanos del pa\u00eds que estampa en su moneda \u00abEn Dios Confiamos\u00bb (<em>In God We Trust<\/em>), dese\u00e1bamos tambi\u00e9n, de tal manera honrar a nuestro presidente como a alguien en quien pod\u00edamos confiar.<\/p>\n<p style=\"text-align: justify;\">\u00a0\u00a0\u00a0\u00a0\u00a0\u00a0\u00a0\u00a0\u00a0\u00a0\u00a0 Pero ahora sabemos que las simples negaciones no bastan. Aunque procedan de la sede de m\u00e1s alta autoridad y poder, reclamar que se dice la verdad no cambia una mentira en verdad.\u00a0 El Creador del universo tambi\u00e9n ha sido acusado, un enemigo contrariado le ha acusado de abusar ego\u00edstamente de su autoridad divina y de la distorsi\u00f3n intencional de la verdad.<\/p>\n<p style=\"text-align: justify;\">\u00a0\u00a0\u00a0\u00a0\u00a0\u00a0\u00a0\u00a0\u00a0\u00a0\u00a0 \u00a0Para hacerle frente a tales acusaciones no basta con negarlas, aunque lo negara el mism\u00edsimo Dios infinito, \u00bfc\u00f3mo sabr\u00edamos si lo que dice es cierto? Tambi\u00e9n Satan\u00e1s ha presentado sus reclamos y lo ha hecho con gran despliegue de autoridad y fuerza.<\/p>\n<p style=\"text-align: justify;\">\u00a0\u00a0\u00a0\u00a0\u00a0\u00a0\u00a0\u00a0\u00a0\u00a0\u00a0 Sin embargo, ni los reclamos\u00a0 ni el despliegue superior de poder sirven para establecer la integridad o la confiabilidad. Jes\u00fas nos hizo la advertencia de no creer en simples declaraciones, aunque parezcan apoyadas por se\u00f1ales sobrenaturales. \u00c9l habl\u00f3 de l\u00edderes religiosos que se levantar\u00edan, haciendo todo tipo de afirmaciones falsas \u2014incluso \u00a1declarando ser el mismo Cristo! Y que har\u00edan toda suerte de milagros y maravillas para comprobar la verdad de sus afirmaciones.\u00a0 \u00abNo les crean\u00bb, dijo Jes\u00fas (ver Mateo 24:11, 23-26, PDT).<\/p>\n<p style=\"text-align: justify;\">\u00a0\u00a0\u00a0\u00a0\u00a0\u00a0\u00a0\u00a0\u00a0\u00a0\u00a0 \u00abMirad que nadie os enga\u00f1e\u00bb, les advirti\u00f3, \u00abporque vendr\u00e1n muchos en mi nombre, diciendo: Yo soy el Cristo; y a muchos enga\u00f1ar\u00e1n\u00bb (Mateo 24:4-5).<\/p>\n<p style=\"text-align: justify;\">\u00a0\u00a0\u00a0\u00a0\u00a0\u00a0\u00a0\u00a0\u00a0\u00a0\u00a0 M\u00e1s adelante Juan aconseja: \u00abQueridos hermanos, no crean ustedes a todos los que dicen estar inspirados por Dios, sino p\u00f3nganlos a prueba, a ver si el esp\u00edritu que hay en ellos es de Dios o no. Porque el mundo est\u00e1 lleno de falsos profetas\u00bb (1 Juan 4:1 DHH).<\/p>\n<p style=\"text-align: justify;\">\u00a0\u00a0\u00a0\u00a0\u00a0\u00a0\u00a0\u00a0\u00a0\u00a0\u00a0 En su descripci\u00f3n de los esfuerzos de Satan\u00e1s por llevarse a todo el mundo a su campamento, justamente antes de la venida de Cristo, Juan habla del uso de la autoridad y de la fuerza, acompa\u00f1adas por grandes milagros, hasta el punto de hacer \u00abdescender fuego del cielo a la tierra ante todos\u00bb. Y como resultado \u00abtodos los moradores de la tierra\u00bb son enga\u00f1ados \u00abcon las se\u00f1ales que se le ha permitido hacer\u00bb\u2014 excepto el verdadero pueblo de Dios (ver Apocalipsis 13:8, 12-14).<\/p>\n<p style=\"text-align: justify;\">\u00a0\u00a0\u00a0\u00a0\u00a0\u00a0\u00a0\u00a0\u00a0\u00a0\u00a0 Hace mucho tiempo Mois\u00e9s advirti\u00f3 a los hijos de Israel que no se dejaran enga\u00f1ar por los milagros. \u00abSi se alzare en medio de ti un profeta o un visionario en sue\u00f1os y te da una se\u00f1al o un prodigio, dici\u00e9ndote: Vayamos tras otros dioses que t\u00fa no has conocido y sirv\u00e1mosles, aunque la se\u00f1al o el prodigio anunciado se verifique, no escuchar\u00e1s las palabras de ese profeta\u00bb (Deuteronomio 13:1-3, BSA 1975).<\/p>\n<p style=\"text-align: justify;\">\u00a0\u00a0\u00a0\u00a0\u00a0\u00a0\u00a0\u00a0\u00a0\u00a0\u00a0 El gran conflicto no es acerca de qui\u00e9n puede realizar el mayor de los milagros, sino de qui\u00e9n dice la verdad. En su posici\u00f3n de Lucifer, Satan\u00e1s fue testigo del poder y de la arrobadora majestad de Dios. Y cada vez que piensa en Aquel que colg\u00f3 el vasto universo en el espacio, tiembla de miedo (Santiago 2:19) \u00absabiendo que tiene poco tiempo\u00bb (Apocalipsis 12:12).<\/p>\n<p style=\"text-align: justify;\">\u00a0\u00a0\u00a0\u00a0\u00a0\u00a0\u00a0\u00a0\u00a0\u00a0\u00a0 Dios no ha sido acusado de falta de poder, sino de abusar de este. El conflicto es acerca de su car\u00e1cter.<\/p>\n<p style=\"text-align: justify;\">\u00a0\u00a0\u00a0\u00a0\u00a0\u00a0\u00a0\u00a0\u00a0\u00a0\u00a0 \u00bfQu\u00e9 hacer para saber qui\u00e9n dice la verdad?<\/p>\n<p style=\"text-align: justify;\">\u00a0\u00a0\u00a0\u00a0\u00a0\u00a0\u00a0\u00a0\u00a0\u00a0\u00a0 Cuando\u00a0 los creyentes de Tesal\u00f3nica estaban siendo confundidos por medio de mensajes que pretend\u00edan venir de Pablo, el ap\u00f3stol les advirti\u00f3 que no se dejaran enga\u00f1ar por tales falsedades, les escribi\u00f3: \u00abexam\u00ednenlo todo, pero retengan s\u00f3lo lo bueno\u00bb \u00a0(1Tesalonicenses 5:21 NT BAD).<\/p>\n<p style=\"text-align: justify;\">\u00a0\u00a0\u00a0\u00a0\u00a0\u00a0\u00a0\u00a0\u00a0\u00a0\u00a0 Cuando Dios llev\u00f3 su caso ante el tribunal, estaba invitando al universo a examinar a\u00fan sus propias afirmaciones y a que creyera solo aquello que se pudiera probar como verdad. Puesto que la verdad estaba de su lado, no ten\u00eda nada que temer de la investigaci\u00f3n m\u00e1s minuciosa. Tampoco ten\u00eda que alterar las pruebas, ni intimidar a los investigadores.<\/p>\n<p style=\"text-align: justify;\">\u00a0\u00a0\u00a0\u00a0\u00a0\u00a0\u00a0\u00a0\u00a0\u00a0\u00a0 Todo lo que Dios necesitaba para ganar su caso era la demostraci\u00f3n y exposici\u00f3n m\u00e1s clara de la verdad, y \u00a1mientras m\u00e1s abierta y transparente mejor! Solamente los mentirosos y los estafadores tienen miedo de ser interrogados. \u00abEsta es la acusaci\u00f3n\u00bb, le dijo Jes\u00fas a Nicodemo, \u00abtodo el que practica lo malo, aborrece la luz, y no viene a la luz, para que sus obras no sean expuestas. Pero el que practica la verdad viene hacia la luz, para que sea manifiesto que sus obras son hechas en Dios\u00bb (Juan 3:18-21, BTX3).<\/p>\n<p style=\"text-align: justify;\">\u00a0\u00a0\u00a0\u00a0\u00a0\u00a0\u00a0\u00a0\u00a0\u00a0\u00a0 Dios mismo ha venido a la luz. Y el universo ha visto claramente que la verdad radica en \u00e9l. No se ha encontrado mentira alguna en la boca de Dios. \u00abJustos y verdaderos son tus caminos\u00bb, resuena en armon\u00eda todo el cielo (Apocalipsis 15:3, comp\u00e1rese con 16:7; 19:2). Podemos, con toda seguridad, poner nuestra confianza en \u00e9l.<\/p>\n<p style=\"text-align: justify;\">\u00a0\u00a0\u00a0\u00a0\u00a0\u00a0\u00a0\u00a0\u00a0\u00a0\u00a0 Ciertamente que una fe tal no es como dar un salto en la oscuridad \u2014a no ser que se quiera creer que Dios nos ha dejado en la oscuridad. Y si en verdad Dios nos ha dejado en tinieblas, sin suficientes pruebas de su confiabilidad, entonces las acusaciones de Satan\u00e1s no fueron aclaradas y el confiar en Dios es en verdad en un riesgo no dilucidado.<\/p>\n<p style=\"text-align: justify;\">\u00a0\u00a0\u00a0\u00a0\u00a0\u00a0\u00a0\u00a0\u00a0\u00a0\u00a0 El primer \u00e1ngel de Apocalipsis 14 hace un llamado a la humanidad por doquier, a que se decidan con respecto a Dios. Pero no se nos pide que confiemos en un Dios que no conocemos. El \u00e1ngel viene primero con la verdad eterna, las eternas Buenas Nuevas. A la luz de la evidencia, \u00bfnos parece que Dios es digno de nuestra fe?<\/p>\n<p style=\"text-align: justify;\">\u00a0\u00a0\u00a0\u00a0\u00a0\u00a0\u00a0\u00a0\u00a0\u00a0\u00a0 Esta es la fe de la cual habla la Biblia, la confianza en Dios que hace posible que \u00e9l nos salve y nos sane. Esta es la fe que en Hebreos 11:1 se describe como \u00abestar totalmente seguro de que uno va a recibir lo que espera. Es estar convencido de que algo existe, aun cuando no podamos verlo\u00bb (VM).<\/p>\n<p style=\"text-align: justify;\">\u00a0\u00a0\u00a0\u00a0\u00a0\u00a0\u00a0\u00a0\u00a0\u00a0\u00a0 En las conocidas palabras de la versi\u00f3n Reina-Valera 2000 la fe se define como \u00abla sustancia de las cosas que se esperan, la demostraci\u00f3n de las cosas que no se ven\u00bb.<\/p>\n<p style=\"text-align: justify;\">\u00a0\u00a0\u00a0\u00a0\u00a0\u00a0\u00a0\u00a0\u00a0\u00a0\u00a0 La palabra griega traducida como \u00abpruebas\u00bb aparece pocas veces en el Nuevo Testamento. En su uso secular frecuentemente significa \u00abexamen\u00bb, \u00abescrutinio\u00bb, \u00abinterrogatorio riguroso\u00bb, con su resultante \u00abprueba\u00bb, \u00abcomprobaci\u00f3n\u00bb y \u00abconvicci\u00f3n\u00bb. La forma verbal de esta palabra es mucho m\u00e1s com\u00fan en la Biblia. Se usa para describir la obra del Esp\u00edritu Santo cuando \u00abY habiendo venido aqu\u00e9l\u00a0 pondr\u00e1 al descubierto\u00a0 a el\u00a0 mundo acerca de pecado y acerca de rectitud y acerca de juicio\u00bb (Juan 16:8 Tischendorf). \u00a0\u00a0\u00a0 Aparece tambi\u00e9n al explicar la falta de disposici\u00f3n de alguien deshonesto a venir a la luz \u00abpara que sus obras no sean puestas al descubierto\u00bb (Juan 3:20 RV95). Pablo usa la misma palabra al aconsejar a los efesios, \u00abno teng\u00e1is nada que ver con las obras infructuosas de la oscuridad, sino m\u00e1s bien denunciadlas\u00bb (Efesios 5:11 BAD).<\/p>\n<p style=\"text-align: justify;\">\u00a0\u00a0\u00a0\u00a0\u00a0\u00a0\u00a0\u00a0\u00a0\u00a0\u00a0 La Biblia constantemente relaciona la fe en Dios con luz, revelaci\u00f3n, verdad, pruebas, ex\u00e1menes, investigaci\u00f3n.<\/p>\n<p style=\"text-align: justify;\">\u00a0\u00a0\u00a0\u00a0\u00a0\u00a0\u00a0\u00a0\u00a0\u00a0\u00a0 Otro t\u00e9rmino de especial importancia en la definici\u00f3n de fe que aparece en el libro de Hebreos es la palabra griega que se traduce como \u00absustancia\u00bb (que significa \u00abser\u00bb, \u00abesencia\u00bb, \u00abnaturaleza de algo\u00bb, \u00abrealidad\u00bb), que fue la palabra escogida en la versi\u00f3n Reina-Valera 1865 en el cap\u00edtulo once.<\/p>\n<p style=\"text-align: justify;\">\u00a0\u00a0\u00a0\u00a0\u00a0\u00a0\u00a0\u00a0\u00a0\u00a0\u00a0 Pero un significado relacionado es el de \u00abconvicci\u00f3n\u00bb, \u00abseguridad confiable\u00bb. Y este fue el significado escogido para la misma palabra griega en un cap\u00edtulo anterior de la misma ep\u00edstola: \u00abPorque participantes de Cristo somos hechos, si empero retenemos firme hasta el cabo el principio de la confianza\u00bb (Hebreos 3:14 RV1865). Dos veces en su segunda carta a los Corintios, Pablo emplea el mismo vocablo con el significado de \u00abconfianza\u00bb (v\u00e9ase 2 Corintios 9:4 y 11:17 RV60). Muchos eruditos concuerdan en que este es significado m\u00e1s apropiado en Hebreos 11:1.<\/p>\n<p style=\"text-align: justify;\">\u00a0\u00a0\u00a0\u00a0\u00a0\u00a0\u00a0\u00a0\u00a0\u00a0\u00a0 A finales del siglo XIX, unos arque\u00f3logos que trabajaban en el Medio Oriente empezaron a descubrir documentos en papiros antiguos, que resultaron ser registros de transacciones de negocios, contratos de venta, t\u00edtulos de propiedad, garant\u00edas. Y el t\u00e9rmino griego com\u00fan para todos esos documentos, no es otro que el traducido como \u00absustancia\u00bb.<\/p>\n<p style=\"text-align: justify;\">\u00a0\u00a0\u00a0\u00a0\u00a0\u00a0\u00a0\u00a0\u00a0\u00a0\u00a0 Este descubrimiento hizo posible entender que Hebreos 11:1 quiere decir que la que la fe es, por decirlo as\u00ed, una transacci\u00f3n en la que uno participa, un pacto, un acuerdo entre el creyente y su Dios.<\/p>\n<p style=\"text-align: justify;\">\u00a0\u00a0\u00a0\u00a0\u00a0\u00a0\u00a0\u00a0\u00a0\u00a0\u00a0 Dios tiene mucho que ofrecernos: perd\u00f3n, sanidad, vida eterna. Pero nunca les pide a sus criaturas inteligentes que crean en algo para lo que \u00e9l no ha dado pruebas suficientes, y que sean pruebas que apelen a la raz\u00f3n. Dios no espera que tengamos fe en un extra\u00f1o. Al contrario, primero se revela a s\u00ed mismo. A trav\u00e9s de su Hijo, por medio de las Escrituras, por la inmensidad de la naturaleza que nos rodea, y de tantas otras maneras para que podamos conocerle bien.<\/p>\n<p style=\"text-align: justify;\">\u00a0\u00a0\u00a0\u00a0\u00a0\u00a0\u00a0\u00a0\u00a0\u00a0\u00a0 Si a la luz de esta revelaci\u00f3n y de las abundantes pruebas acerca de Dios, escogemos confiar en \u00e9l, amarle, aceptar sus dones y direcci\u00f3n, entonces habremos entrado en esa transacci\u00f3n con Dios a la que el Nuevo Testamento llama fe.<\/p>\n<p style=\"text-align: justify;\">\u00a0\u00a0\u00a0\u00a0\u00a0\u00a0\u00a0\u00a0\u00a0\u00a0\u00a0 \u00abTener fe es estar seguro de aquello que esperamos; es creer en algo que no vemos\u00bb. \u00a0Esta es la traducci\u00f3n de Hebreos 11:1 en la versi\u00f3n<em> <\/em>La Palabra de Dios para Todos, editada por el Centro Mundial de Traducci\u00f3n de la Biblia.<\/p>\n<p style=\"text-align: justify;\">\u00a0\u00a0\u00a0\u00a0\u00a0\u00a0\u00a0\u00a0\u00a0\u00a0\u00a0 En 1995, La Biblia Latinoamericana lo tradujo de manera similar: \u00abLa fe es como aferrarse a lo que se espera, es la certeza de cosas que no se pueden ver\u00bb.<\/p>\n<p style=\"text-align: justify;\">\u00a0\u00a0\u00a0\u00a0\u00a0\u00a0\u00a0\u00a0\u00a0\u00a0\u00a0 Mucho tiempo atr\u00e1s, William Tyndale, quien fuera quemado en la hoguera por atreverse a producir el primer Nuevo Testamento en ingl\u00e9s, tuvo el discernimiento de ofrecer esta traducci\u00f3n: \u00abFe es la confianza segura de las cosas que se esperan y la certeza de las cosas que no podemos ver\u00bb.<\/p>\n<p style=\"text-align: justify;\">\u00a0\u00a0\u00a0\u00a0\u00a0\u00a0\u00a0\u00a0\u00a0\u00a0\u00a0 Ninguno de nosotros ha visto a Dios. Pero esto no significa que no podamos conocerle. \u00abEl Hijo \u00fanico, que es Dios y que vive en \u00edntima comuni\u00f3n con el Padre, es quien nos lo hadado a conocer\u00bb (Juan 1:18, DHH).<\/p>\n<p style=\"text-align: justify;\">\u00a0\u00a0\u00a0\u00a0\u00a0\u00a0\u00a0\u00a0\u00a0\u00a0\u00a0 Seg\u00fan lo entiendo yo, fe, es una palabra que usamos para describir una relaci\u00f3n con Dios, como la relaci\u00f3n que se tiene con alguien bien conocido. Mientras m\u00e1s le conozcamos, mejor ser\u00e1 la relaci\u00f3n.<\/p>\n<p style=\"text-align: justify;\">\u00a0\u00a0\u00a0\u00a0\u00a0\u00a0\u00a0\u00a0\u00a0\u00a0\u00a0 La fe implica una actitud de amor, confianza y profunda admiraci\u00f3n hacia Dios. Significa tener suficiente confianza en \u00e9l, basados en las m\u00e1s que suficientes pruebas reveladas. Para estar dispuestos a creer en cualquier cosa que \u00e9l diga, para aceptar lo que sea que \u00e9l ofrezca y para hacer todo lo que \u00e9l desea, sin reservas, por el resto de la eternidad.<\/p>\n<p style=\"text-align: justify;\">\u00a0\u00a0\u00a0\u00a0\u00a0\u00a0\u00a0\u00a0\u00a0\u00a0\u00a0 Cualquiera que posee una fe tal, es perfectamente fiable para ser salvado. Es por eso que la fe es el \u00fanico requisito para ir al cielo.<\/p>\n<p style=\"text-align: justify;\">\u00a0\u00a0\u00a0\u00a0\u00a0\u00a0\u00a0\u00a0\u00a0\u00a0\u00a0 Semejante fe no es una fe ciega, sino que est\u00e1 fundada firmemente en la evidencia. Seg\u00fan lo explica Pablo en Romanos 10:17, \u00abLa fe es por el o\u00edr, y el o\u00edr, por la palabra de Dios\u00bb.<\/p>\n<p style=\"text-align: justify;\">\u00a0\u00a0\u00a0\u00a0\u00a0\u00a0\u00a0\u00a0\u00a0\u00a0\u00a0 En los manuscritos m\u00e1s antiguos en este pasaje aparece \u00abCristo\u00bb, \u00a0en vez de \u00abDios\u00bb, por eso Goodspeed tradujo as\u00ed el mismo pasaje: \u00abLa fe viene por o\u00edr lo que se relata y ese o\u00edr viene por el mensaje acerca de Cristo\u00bb.<\/p>\n<p style=\"text-align: justify;\">\u00a0\u00a0\u00a0\u00a0\u00a0\u00a0\u00a0\u00a0\u00a0\u00a0\u00a0 El significado de este pasaje aumenta, cuando se lee en el amplio contexto de la carta de Pablo a los Romanos:<\/p>\n<p style=\"text-align: justify;\">\u00a0\u00a0\u00a0\u00a0\u00a0\u00a0\u00a0\u00a0\u00a0\u00a0\u00a0 &#8220;Por eso dice la Escritura: \u00abNinguno de los que creen en \u00e9l quedar\u00e1 defraudado\u00bb Pues no hay diferencia entre jud\u00edo y griego, ya que uno mismo es el Se\u00f1or de todos, que prodiga sus riquezas para con todos los que lo invocan;\u00a0 y \u00abtodo el que invoque el nombre del Se\u00f1or, ser\u00e1 salvo\u00bb.\u00a0 Ahora bien, \u00bfc\u00f3mo podr\u00edan invocar a aquel en quien no tuvieron fe? \u00bfY c\u00f3mo podr\u00e1n tener fe en aquel de quien no oyeron hablar? \u00bfY c\u00f3mo van a o\u00edr, sin que nadie lo proclame? \u00a0\u00bfY c\u00f3mo podr\u00e1n proclamarlo, sin haber sido enviados? Como est\u00e1 escrito: \u00ab\u00a1Cu\u00e1n hermosos son los pies de los que anuncian cosas buenas!\u00bb\u00a0 Pero no todos aceptaron el Evangelio. Ya lo dice Isa\u00edas: \u00abSe\u00f1or, \u00bfqui\u00e9n ha prestado fe a nuestro mensaje?\u00a0 As\u00ed que la fe viene de la predicaci\u00f3n escuchada, y esta predicaci\u00f3n se hace en virtud de la palabra de Cristo\u00bb (Romanos 10:11-17, BSA 1975).<\/p>\n<p style=\"text-align: justify;\">\u00a0\u00a0\u00a0\u00a0\u00a0\u00a0\u00a0\u00a0\u00a0\u00a0\u00a0 En los tiempos de Pablo un hombre ten\u00eda muy pocas oportunidades de leer ese mensaje por s\u00ed mismo. Si deseaba aprender la verdad acerca de Dios, era necesario que fuera a la sinagoga o iglesia y escuchar cuando se le\u00edan en voz alta los escasos y costosos manuscritos de la Biblia.<\/p>\n<p style=\"text-align: justify;\">\u00a0\u00a0\u00a0\u00a0\u00a0\u00a0\u00a0\u00a0\u00a0\u00a0\u00a0 Es por eso que la introducci\u00f3n de Apocalipsis dice del libro de Juan, \u00abLa Revelaci\u00f3n (El Apocalipsis) de Jesucristo, que Dios Le dio&#8230;a conocer (<em>la<\/em> manifest\u00f3) envi\u00e1ndo<em>la<\/em> por medio de Su \u00e1ngel a Su siervo Juan&#8230; Bienaventurado (Feliz) el que lee y los que oyen las palabras\u00bb (Apocalipsis 1:2,3, NBLH 2005).<\/p>\n<p style=\"text-align: justify;\">\u00a0\u00a0\u00a0\u00a0\u00a0\u00a0\u00a0\u00a0\u00a0\u00a0\u00a0 En nuestros tiempos, cuando la Biblia es tan f\u00e1cil de conseguir, Pablo escribir\u00eda, \u00abLa fe viene por el estudio de la Palabra de Dios\u00bb o \u00abLa fe viene de leer el mensaje acerca de Cristo\u00bb.<\/p>\n<p style=\"text-align: justify;\">\u00a0\u00a0\u00a0\u00a0\u00a0\u00a0\u00a0\u00a0\u00a0\u00a0\u00a0 Los que hemos aprendido a leer la Biblia como la divinamente inspirada narraci\u00f3n de la larga y costosa revelaci\u00f3n de la verdad, encontramos en sus p\u00e1ginas pruebas m\u00e1s que suficientes para nuestra fe. Cuando Dios nos invita a confiar en \u00e9l, \u00e9l no nos pide que probemos suerte con \u00e9l, o a que nos arriesguemos a saltar en la oscuridad. Tampoco espera que aceptemos simples declaraciones, o que confiemos en una corazonada, o en alguna se\u00f1al o milagro que Satan\u00e1s puede falsificar.<\/p>\n<p style=\"text-align: justify;\">\u00a0\u00a0\u00a0\u00a0\u00a0\u00a0\u00a0\u00a0\u00a0\u00a0\u00a0 Dios simplemente nos pide que tomemos en cuenta las pruebas, tan f\u00e1cilmente disponibles, especialmente en su Palabra, y que con toda libertad, decidamos si \u00e9l es digno o no de nuestra confianza.<\/p>\n<p style=\"text-align: justify;\">\u00a0\u00a0\u00a0\u00a0\u00a0\u00a0\u00a0\u00a0\u00a0\u00a0\u00a0 Todo esto es, asumiendo desde luego, que la Biblia es ver\u00eddica. \u00bfCu\u00e1n seguros podemos estar de que los libros del Antiguo y Nuevo Testamentos nos dicen la verdad? \u00bfEs la fe en la Biblia un salto en la oscuridad?<\/p>\n<p style=\"text-align: justify;\">\n","protected":false},"excerpt":{"rendered":"<p>\u00a0\u00a0\u00a0\u00a0\u00a0\u00a0\u00a0\u00a0\u00a0\u00a0\u00a0 En uno de los cap\u00edtulos m\u00e1s tristes de la historia estadounidense, el presidente fue p\u00fablicamente acusado por sus asociados m\u00e1s allegados, de deshonestidad y enga\u00f1o premeditados. \u00a0\u00a0\u00a0\u00a0\u00a0\u00a0\u00a0\u00a0\u00a0\u00a0\u00a0 \u00a1Qu\u00e9 espect\u00e1culo para el mundo entero! El m\u00e1s alto funcionario de una de las naciones m\u00e1s grandes del mundo, acusado de abuso ego\u00edsta de su poder presidencial [&hellip;]<\/p>\n","protected":false},"author":1,"featured_media":0,"parent":1156,"menu_order":0,"comment_status":"open","ping_status":"open","template":"","meta":{"footnotes":""},"class_list":["post-1108","page","type-page","status-publish","hentry"],"_links":{"self":[{"href":"https:\/\/speakingwellofgod.org\/es\/wp-json\/wp\/v2\/pages\/1108","targetHints":{"allow":["GET"]}}],"collection":[{"href":"https:\/\/speakingwellofgod.org\/es\/wp-json\/wp\/v2\/pages"}],"about":[{"href":"https:\/\/speakingwellofgod.org\/es\/wp-json\/wp\/v2\/types\/page"}],"author":[{"embeddable":true,"href":"https:\/\/speakingwellofgod.org\/es\/wp-json\/wp\/v2\/users\/1"}],"replies":[{"embeddable":true,"href":"https:\/\/speakingwellofgod.org\/es\/wp-json\/wp\/v2\/comments?post=1108"}],"version-history":[{"count":0,"href":"https:\/\/speakingwellofgod.org\/es\/wp-json\/wp\/v2\/pages\/1108\/revisions"}],"up":[{"embeddable":true,"href":"https:\/\/speakingwellofgod.org\/es\/wp-json\/wp\/v2\/pages\/1156"}],"wp:attachment":[{"href":"https:\/\/speakingwellofgod.org\/es\/wp-json\/wp\/v2\/media?parent=1108"}],"curies":[{"name":"wp","href":"https:\/\/api.w.org\/{rel}","templated":true}]}}