{"id":1103,"date":"2012-07-18T13:31:20","date_gmt":"2012-07-18T13:31:20","guid":{"rendered":"https:\/\/speakingwellofgod.ootartb0-liquidwebsites.com\/?page_id=1103"},"modified":"2013-04-28T14:03:52","modified_gmt":"2013-04-28T14:03:52","slug":"cuales-son-las-buenas-nuevas","status":"publish","type":"page","link":"https:\/\/speakingwellofgod.org\/es\/recursos-escritos\/puede-dios-ser-de-confianza\/cuales-son-las-buenas-nuevas","title":{"rendered":"\u00bfCU\u00c1LES SON LAS BUENAS NUEVAS?"},"content":{"rendered":"<p style=\"text-align: justify;\">\u00a0\u00a0\u00a0\u00a0\u00a0\u00a0\u00a0\u00a0\u00a0\u00a0\u00a0 Podr\u00eda parecer que el lugar m\u00e1s apropiado para buscar la respuesta a esta pregunta son los evangelios de Mateo, Marcos, Lucas y Juan. Si pudi\u00e9ramos preguntarle\u00a0 ha alguno de ellos, en persona, quiz\u00e1s nos responder\u00eda: \u00ab\u00bfPor qu\u00e9 no lees mi libro?\u00bb<\/p>\n<p style=\"text-align: justify;\">\u00a0\u00a0\u00a0\u00a0\u00a0\u00a0\u00a0\u00a0\u00a0\u00a0\u00a0 Nadie, sin embargo, se sent\u00eda m\u00e1s seguro de conocer el verdadero contenido de las Buenas Nuevas que el ap\u00f3stol Pablo. \u00c9l era enf\u00e1tico, al dirigirse a sus lectores, que el \u00a0evangelio que \u00e9l ense\u00f1aba no era algo que hab\u00eda aprendido de Pedro, de Santiago o de Juan, ni de ning\u00fan otro l\u00edder cristiano. \u00abEl evangelio predicado por m\u00ed no es de origen humano\u00bb, afirmaba Pablo. \u00abNo lo he recibido ni aprendido de hombre alguno, sino por revelaci\u00f3n de Jesucristo\u00bb (G\u00e1latas 1:11, 12, BSA 1975).<\/p>\n<p style=\"text-align: justify;\">\u00a0\u00a0\u00a0\u00a0\u00a0\u00a0\u00a0\u00a0\u00a0\u00a0\u00a0 En una ocasi\u00f3n, cuando su versi\u00f3n del evangelio fue seriamente puesta en duda, Pablo se sinti\u00f3 movido a hacer la siguiente declaraci\u00f3n:<\/p>\n<p style=\"text-align: justify;\">\u00a0\u00a0\u00a0\u00a0\u00a0\u00a0\u00a0\u00a0\u00a0\u00a0\u00a0 \u00abPero si nosotros mismos o un \u00e1ngel del cielo les anuncia un evangelio distinto del que les hemos anunciado, \u00a1que sea expulsado!\u00a0 Ya se lo dijimos antes, y ahora les vuelvo a repetir: el que les predique un evangelio distinto del que ustedes han recibido, \u00a1que sea expulsado!\u00bb (G\u00e1latas 1: 8,9 BPD).<\/p>\n<p style=\"text-align: justify;\">\u00a0\u00a0\u00a0\u00a0\u00a0\u00a0\u00a0\u00a0\u00a0\u00a0\u00a0 Si el lenguaje empleado por el ap\u00f3stol pareciera demasiado fuerte, la traducci\u00f3n utilizada en la versi\u00f3n La Biblia Palabra de Dios de las palabras griegas <em>anathema esto<\/em> (\u00ab\u00a1que sea expulsado!\u00bb) son leves en comparaci\u00f3n con la versi\u00f3n La Biblia al D\u00eda (\u00ab\u00a1que caiga bajo maldici\u00f3n!\u00bb), o con las de la versi\u00f3n Dios Habla Hoy (\u00abque caiga sobre \u00e9l la maldici\u00f3n de Dios\u00bb), o con la Reina-Valera 1865 (\u00absea maldito\u00bb).<\/p>\n<p style=\"text-align: justify;\">\u00a0\u00a0\u00a0\u00a0\u00a0\u00a0\u00a0\u00a0\u00a0\u00a0\u00a0 Podemos decir que Pablo estaba, por lo menos, profundamente convencido de la rectitud de su versi\u00f3n de las Buenas Nuevas y de las nefastas consecuencias de pervertir la verdad y de desviarse hacia otro evangelio. En su carta a los Romanos, describe detalladamente algunas de las desastrosas consecuencias de abandonar el verdadero evangelio (v\u00e9ase Romanos 1:18-32).<\/p>\n<p style=\"text-align: justify;\">\u00a0\u00a0\u00a0\u00a0\u00a0\u00a0\u00a0\u00a0\u00a0\u00a0\u00a0 Pablo estaba sorprendido al ver con qu\u00e9 disposici\u00f3n tantos cristianos primitivos,\u00a0 reci\u00e9n liberado por las Buenas Nuevas de las insensatas obligaciones de la falsa religi\u00f3n, se volv\u00edan\u00a0 a la indignidad y al temor de su esclavitud pasada.<\/p>\n<p style=\"text-align: justify;\">\u00a0\u00a0\u00a0\u00a0\u00a0\u00a0\u00a0\u00a0\u00a0\u00a0\u00a0 Les escrib\u00eda a los cristianos de Galacia: \u00abMe sorprende que ustedes abandonen tan pronto&#8230; para seguir otro evangelio. No es que haya otro, sino que hay gente que los est\u00e1 perturbando y quiere alterar el Evangelio de Cristo\u00bb (G\u00e1latas 1:6,7, BPD).<\/p>\n<p style=\"text-align: justify;\">\u00a0\u00a0\u00a0\u00a0\u00a0\u00a0\u00a0\u00a0\u00a0\u00a0\u00a0 \u00abG\u00e1latas, \u00bfc\u00f3mo son tan insensatos?&#8230;\u00bb, continu\u00f3 diciendo \u00ab\u00bfQui\u00e9n los engatus\u00f3?\u00bb \u00a0\u00a0\u00abEn otro tiempo no conoc\u00edan a Dios y estaban al servicio de falsos dioses. Pero ahora que ya conocen a Dios,\u2026\u00bb \u00ab\u00bfC\u00f3mo es que vuelven a dejarse esclavizar por esas realidades mundanas que no tienen fuerza ni valor? Todav\u00eda celebran como fiestas religiosas ciertos d\u00edas, meses, estaciones y a\u00f1os. Mucho me temo que mis sudores entre ustedes hayan sido bald\u00edos\u00bb (G\u00e1latas 3:1; 4:8-11, BLPH).<\/p>\n<p style=\"text-align: justify;\">\u00a0\u00a0\u00a0\u00a0\u00a0\u00a0\u00a0\u00a0\u00a0\u00a0\u00a0 Pero \u00bfqu\u00e9 se pod\u00eda esperar de los nuevos conversos cuando algunos de los mismos l\u00edderes cristianos en Jerusal\u00e9n compromet\u00edan y contradec\u00edan el evangelio de Cristo? (v\u00e9ase Hechos 21:18-26). Pedro mismo, a pesar de su reveladora experiencia en casa de Cornelio, hab\u00eda revertido a algunas de sus cerradas perspectivas de anta\u00f1o, por lo que Pablo tuvo que reprenderlo de frente y en p\u00fablico (G\u00e1latas 2:11-14).<\/p>\n<p style=\"text-align: justify;\">\u00a0\u00a0\u00a0\u00a0\u00a0\u00a0\u00a0\u00a0\u00a0\u00a0\u00a0 Este es el mismo Pablo que ense\u00f1aba que el amor nunca es rudo y que el amor nunca insiste en lo suyo (1 Corintios 13:5). Este es el mismo Pablo tan respetuoso de la libertad ajena que pudo decir de ciertas pr\u00e1cticas religiosas: \u00abCada uno est\u00e9 plenamente convencido de lo que piensa\u00bb y \u00abT\u00fa,\u00a0 pues\u00a0 \u00bfpor qu\u00e9 juzgas a tu hermano?\u00bb (v\u00e9ase Romanos 14:1-10, RV95).<\/p>\n<p style=\"text-align: justify;\">\u00a0\u00a0\u00a0\u00a0\u00a0\u00a0\u00a0\u00a0\u00a0\u00a0\u00a0 Pero cuando se trataba de las Buenas Nuevas y de aquellos que quer\u00edan suprimirlas o pervertirlas, Pablo se expresa con una convicci\u00f3n y un poder casi pavorosos. Es m\u00e1s, hasta lleg\u00f3 a sugerir que los agitadores legalistas que estaban\u00a0 alborotando a los nuevos conversos exigi\u00e9ndoles requisitos externos, tales como la circuncisi\u00f3n, que\u00a0 \u00ab\u00a1ojal\u00e1 se castraran a s\u00ed mismos de una vez!\u00bb (G\u00e1latas 5:12, DHH).<\/p>\n<p style=\"text-align: justify;\">\u00a0\u00a0\u00a0\u00a0\u00a0\u00a0\u00a0\u00a0\u00a0\u00a0\u00a0 \u00bfCu\u00e1les son las Buenas Nuevas de las que Pablo se sent\u00eda tan seguro y que a trav\u00e9s de los siglos se han malinterpretado tanto y provocado semejante oposici\u00f3n? \u00bfQu\u00e9 era eso que Pablo consideraba como una gran contradicci\u00f3n, m\u00e1s a\u00fan, una perversi\u00f3n de las Buenas Nuevas, al punto de llevarlo a expresarse tan fuerte con los creyentes de Galacia?<\/p>\n<p style=\"text-align: justify;\">\u00a0\u00a0\u00a0\u00a0\u00a0\u00a0\u00a0\u00a0\u00a0\u00a0\u00a0 Le he pedido a muchos cristianos que expresen qu\u00e9 es lo que entienden como la esencia de las Buenas Nuevas. \u00a0Las respuestas tan variadas han inclu\u00eddo mucho del \u00a0contenido de la fe cristiana: desde la gracia y la Expiaci\u00f3n hasta la Segunda Venida y la vida eterna.<\/p>\n<p style=\"text-align: justify;\">\u00a0\u00a0\u00a0\u00a0\u00a0\u00a0\u00a0\u00a0\u00a0\u00a0\u00a0 Pero la respuesta que considero que se acerca al meollo del asunto es esta: Las Buenas Nuevas son, que Dios no es el tipo de persona que Satan\u00e1s ha dicho que es.\u00a0\u00a0\u00a0\u00a0\u00a0\u00a0\u00a0\u00a0\u00a0\u00a0\u00a0 El que las Buenas Nuevas deben tener relaci\u00f3n con los asuntos del gran conflicto entre Cristo y Satan\u00e1s quiz\u00e1s est\u00e1 sugerido por la audaz declaraci\u00f3n de Pablo, de que aunque fuese un \u00e1ngel del cielo el que se atreviera a ense\u00f1ar un evangelio diferente, se le deb\u00eda tener por anatema. A primera vista, esto podr\u00eda parecer inconcebiblemente presuntuoso y dogm\u00e1tico. Y, sin embargo, \u00bfno fue precisamente un \u00e1ngel el que empez\u00f3 a circular falsos rumores acerca de Dios y que a\u00fan se disfraza \u00abcomo un \u00e1ngel de luz\u00bb (2 Corintios 11:14), mientras busca enga\u00f1ar a los hombres para que rechacen las Buenas Nuevas?<\/p>\n<p style=\"text-align: justify;\">\u00a0\u00a0\u00a0\u00a0\u00a0\u00a0\u00a0\u00a0\u00a0\u00a0\u00a0 Desde que el gran conflicto empez\u00f3, ha sido el estudiado prop\u00f3sito de Satan\u00e1s convencer tanto a los \u00e1ngeles como a los hombres de que Dios no es digno de fe ni de su amor. Ha presentado al Creador como un tirano duro y exigente, que impone requisitos arbitrarios sobre su pueblo solo para mostrar su autoridad y para comprobar su disposici\u00f3n a obedecer. Desde G\u00e9nesis hasta Apocalipsis, la Biblia relata los incesantes esfuerzos de Satan\u00e1s por pervertir la verdad y mancillar el car\u00e1cter de Dios.<\/p>\n<p style=\"text-align: justify;\">\u00a0\u00a0\u00a0\u00a0\u00a0\u00a0\u00a0\u00a0\u00a0\u00a0\u00a0 Si Dios fuera como nos lo presenta Satan\u00e1s, \u00a1cu\u00e1n f\u00e1cil habr\u00eda sido para \u00e9l exterminar a sus rebeldes criaturas y empezar todo de nuevo! Si todo lo que Dios quer\u00eda era obediencia irracional, \u00a1cu\u00e1n f\u00e1cil le habr\u00eda sido manipular las mentes de hombres y \u00e1ngeles, oblig\u00e1ndolos a obedecerle por la fuerza!<\/p>\n<p style=\"text-align: justify;\">\u00a0\u00a0\u00a0\u00a0\u00a0\u00a0\u00a0\u00a0\u00a0\u00a0\u00a0 Pero el amor y la confianza, las cualidades que Dios m\u00e1s desea, no son producto de la fuerza \u2014ni aun del mismo Dios.<\/p>\n<p style=\"text-align: justify;\">\u00a0\u00a0\u00a0\u00a0\u00a0\u00a0\u00a0\u00a0\u00a0\u00a0\u00a0 Es por eso que en vez de recurrir a la destrucci\u00f3n o al uso de la fuerza, Dios sencillamente llev\u00f3 su caso ante una corte. Con el fin de probar la rectitud de su causa y para demostrar que su forma de gobernar el universo era la mejor para todos los involucrados, Dios humildemente someti\u00f3 su propio car\u00e1cter a la investigaci\u00f3n y al juicio de sus criaturas.<\/p>\n<p style=\"text-align: justify;\">\u00a0\u00a0\u00a0\u00a0\u00a0\u00a0\u00a0\u00a0\u00a0\u00a0\u00a0 Pablo entendi\u00f3 esto cuando exclam\u00f3: \u00abDios quedar\u00e1 siempre por veraz, aunque todo hombre sea mentiroso, seg\u00fan est\u00e1 escrito: &#8216;Para que seas declarado justo en tus palabras y salgas triunfante cuando te lleven a juicio&#8217;\u00bb (Romanos 3:4, BSA 1975).<\/p>\n<p style=\"text-align: justify;\">\u00a0\u00a0\u00a0\u00a0\u00a0\u00a0\u00a0\u00a0\u00a0\u00a0\u00a0 Las\u00a0 Buenas Nuevas son que Dios gan\u00f3 su caso. Aunque todos le fall\u00e1ramos, Dios no puede perder su caso, porque \u00a1ya lo gan\u00f3! El universo ha reconocido que las pruebas le favorecen, que el diablo minti\u00f3 cuando acus\u00f3 a Dios.<\/p>\n<p style=\"text-align: justify;\">\u00a0\u00a0\u00a0\u00a0\u00a0\u00a0\u00a0\u00a0\u00a0\u00a0\u00a0 \u00ab\u00a1Consumado es!\u00bb \u00a0exclam\u00f3 Jes\u00fas (Juan 19:30). Por la vida que vivi\u00f3 y por la terrible y singular forma en que muri\u00f3, Jes\u00fas ha demostrado la rectitud de su Padre aclarando cualquier duda que quedara acerca del car\u00e1cter de Dios y de su gobierno (v\u00e9ase Romanos 3:25,26).<\/p>\n<p style=\"text-align: justify;\">\u00a0\u00a0\u00a0\u00a0\u00a0\u00a0\u00a0\u00a0\u00a0\u00a0\u00a0 Pablo se sent\u00eda orgulloso de ser portador de estas Buenas Nuevas, y \u00e9l sab\u00eda bien de qu\u00e9 se trataban \u2014\u00abPorque en el evangelio la justicia de Dios se revela\u00bb (Romanos 1:16,17).<\/p>\n<p style=\"text-align: justify;\">\u00a0\u00a0\u00a0\u00a0\u00a0\u00a0\u00a0\u00a0\u00a0\u00a0\u00a0 Con verg\u00fcenza Pablo confes\u00f3 que en el pasado \u00e9l hab\u00eda dado una grav\u00edsima y err\u00f3nea representaci\u00f3n de Dios, al punto de mostrar la imagen que Satan\u00e1s presenta de Dios, cuando encarcelaba y persegu\u00eda a hombres y mujeres con tal de obligarlos a obedecer (v\u00e9ase Hechos 8:3; 9:1,2; G\u00e1latas 1:13).<\/p>\n<p style=\"text-align: justify;\">\u00a0\u00a0\u00a0\u00a0\u00a0\u00a0\u00a0\u00a0\u00a0\u00a0\u00a0 Pero despu\u00e9s de aceptar las Buenas Nuevas, Pablo dedic\u00f3 el resto de su vida a decir la verdad. Y \u00bfqui\u00e9n sino Pablo ha escrito con mayor elocuencia acerca de la libertad, el amor y la gracia \u2014que la fe es el \u00fanico requisito para el cielo, que no estamos bajo la ley, sino bajo la gracia y que Cristo es el final del legalismo como v\u00eda de salvaci\u00f3n?<\/p>\n<p style=\"text-align: justify;\">\u00a0\u00a0\u00a0\u00a0\u00a0\u00a0\u00a0\u00a0\u00a0\u00a0\u00a0 \u00abDesde luego, no quiero que me malentiendan,\u00bb parece decir Pablo en Romanos. \u00ab\u00bfPor la fe invalidamos la ley? En ninguna manera, sino que confirmamos la ley \u2014al ponerla en su debida perspectiva\u00bb (ver Romanos 3:31).\u00a0 Por lo tanto, al adoptar el entendimiento que Pablo ten\u00eda de la fe, la persona que realmente conoce, ama, conf\u00eda y admira a Dios por sus caminos sabios y ordenados est\u00e1 m\u00e1s que dispuesta a escuchar y a obedecer las instrucciones de Dios sobre cualquier tema.<\/p>\n<p style=\"text-align: justify;\">\u00a0\u00a0\u00a0\u00a0\u00a0\u00a0\u00a0\u00a0\u00a0\u00a0\u00a0 \u00abPerm\u00edtanme decirles\u00bb, contin\u00faa Pablo, \u00a0\u00abpor qu\u00e9 nuestro misericordioso Se\u00f1or, que desea que sintamos el gozo y la dignidad de la libertad, hizo tanto uso de la ley\u00bb.<\/p>\n<p style=\"text-align: justify;\">\u00a0\u00a0\u00a0\u00a0\u00a0\u00a0\u00a0\u00a0\u00a0\u00a0\u00a0 \u00ab\u00bfPara qu\u00e9, entonces, la ley?\u00bb, le escribi\u00f3 a los g\u00e1latas, \u00abFue a\u00f1adida por causa de las transgresiones\u00bb (G\u00e1latas 3:19 BTX3). Fue dise\u00f1ada para ser nuestro guardi\u00e1n, nuestro protector, para restaurarnos a una relaci\u00f3n correcta con Dios. Entendidas de la manera correcta, las leyes de Dios no amenazan nuestra libertad. Se nos dieron solamente para nuestro bien; todas son bien l\u00f3gicas y merecen ser inteligentemente obedecidas.<\/p>\n<p style=\"text-align: justify;\">\u00a0\u00a0\u00a0\u00a0\u00a0\u00a0\u00a0\u00a0\u00a0\u00a0\u00a0 Pero en cuanto a aquellas tradiciones insensatas, que no tienen nada que ver con los prop\u00f3sitos de Dios, \u00a1fuera con ellas!\u00a0 Tal como Pablo les dec\u00eda a los colosenses: \u00ab\u00bfpor qu\u00e9 se comportan como si todav\u00eda estuvieran bajo su dominio? \u00bfPor qu\u00e9 obedecen a quienes les dicen &#8216;no toquen esto&#8217;, &#8216;no coman eso&#8217;, &#8216;no prueben aquello&#8217;? Esas reglas no son m\u00e1s que ense\u00f1anzas humanas, que con el tiempo van perdiendo su valor. Tienen sin duda apariencia de sabidur\u00eda, con su afectada piedad, falsa humildad y severo trato del cuerpo, pero de nada sirven frente a los apetitos de la naturaleza pecaminosa\u00bb (Colosenses 2:20-23, TLA-D y BAD).<\/p>\n<p style=\"text-align: justify;\">\u00a0\u00a0\u00a0\u00a0\u00a0\u00a0\u00a0\u00a0\u00a0\u00a0\u00a0 Peor a\u00fan, ense\u00f1adas y obedecidas en el nombre del cristianismo, estas presentan al Dios de los cristianos como la deidad arbitraria que Satan\u00e1s ha dicho que es \u2014y esas no son buenas nuevas.<\/p>\n<p style=\"text-align: justify;\">\u00a0\u00a0\u00a0\u00a0\u00a0\u00a0\u00a0\u00a0\u00a0\u00a0\u00a0 \u00bfQu\u00e9 es lo que los cristianos queremos decir hoy acerca de nuestro Dios? \u00bfSer\u00e1 la verdad? \u00bfSon, en verdad \u00abbuenas nuevas\u00bb? \u00bfEstamos empleando los mejores medios para comunicarlas? A pesar de nuestros mejores esfuerzos, \u00bfqu\u00e9 es lo que la gente escucha? \u00bfHabr\u00e1 mejores maneras de decirlas?<\/p>\n<p style=\"text-align: justify;\">\u00a0\u00a0\u00a0\u00a0\u00a0\u00a0\u00a0\u00a0\u00a0\u00a0\u00a0 Considero que estas son las preguntas m\u00e1s importantes que los cristianos enfrentamos hoy \u2014para nuestra propia salvaci\u00f3n y para cumplir con nuestra misi\u00f3n para con el mundo. La historia nos advierte de que la confianza otorgada con facilidad no est\u00e1 justificada. Hay algo de elusivo en las Buenas Nuevas, no es algo que se pueda declarar \u00a0sumariamente, o meterse a la fuerza.<\/p>\n<p style=\"text-align: justify;\">\u00a0\u00a0\u00a0\u00a0\u00a0\u00a0\u00a0\u00a0\u00a0\u00a0\u00a0 Fue dif\u00edcil, incluso para Dios, explicar las sutiles pero vitales diferencias entre la verdad y las acusaciones de Satan\u00e1s. Le fue m\u00e1s efectivo \u00a1demostrar las Buenas Nuevas que explicarlas!\u00a0 Es por eso que la Biblia es mayormente la historia de c\u00f3mo manej\u00f3 Dios la rebeli\u00f3n y su firme pero misericordioso trato con aquellos que resultaron atrapados en sus destructivas consecuencias.<\/p>\n<p style=\"text-align: justify;\">\u00a0\u00a0\u00a0\u00a0\u00a0\u00a0\u00a0\u00a0\u00a0\u00a0\u00a0 Le cost\u00f3 al cielo un precio infinito el traernos las Buenas Nuevas y las confirm\u00f3 con pruebas incomovibles para la eternidad. No es de sorprender que Pablo saliera con tanta convicci\u00f3n en su defensa.\u00a0 As\u00ed como los \u00e1ngeles leales, Pablo estaba celoso por el car\u00e1cter de Dios. Para \u00e9l era impensable que sus compa\u00f1eros en el ministerio, pudieran en efecto, prestarse a apoyar las acusaciones de Satan\u00e1s, al atribuirle el m\u00e1s m\u00ednimo rastro de arbitrariedad a nuestro misericordioso Dios.<\/p>\n<p style=\"text-align: justify;\">\u00a0\u00a0\u00a0\u00a0\u00a0\u00a0\u00a0\u00a0\u00a0\u00a0\u00a0 Fue la misma perversi\u00f3n de las Buenas Nuevas lo que conmovi\u00f3 tan profundamente a Jes\u00fas. \u00c9l era misericordioso hasta con el peor de los pecadores \u2014con Sim\u00f3n, en su vergonzoso trato de la mujer que ungi\u00f3 los pies de Cristo. Con la mujer tomada en adulterio y hasta con el traidor Judas.<\/p>\n<p style=\"text-align: justify;\">\u00a0\u00a0\u00a0\u00a0\u00a0\u00a0\u00a0\u00a0\u00a0\u00a0\u00a0 \u00a0Pero cuando algunos de los l\u00edderes religiosos, maestros respetados por el pueblo, negaron las Buenas Nuevas e hicieron eco de las mentiras de Satan\u00e1s acerca de Dios, Cristo pronunci\u00f3 las terribles palabras: \u00abVosotros sois de vuestro padre el diablo\u00bb (Juan 8:44).<\/p>\n<p style=\"text-align: justify;\">\u00a0\u00a0\u00a0\u00a0\u00a0\u00a0\u00a0\u00a0\u00a0\u00a0\u00a0 No hab\u00eda desacuerdo entre Jes\u00fas y aquellos maestros en cuanto a la existencia de Dios, la historia de la Creaci\u00f3n, o la autoridad de los Diez Mandamientos, ni sobre qu\u00e9 d\u00eda de la semana era el S\u00e1bado. Su desacuerdo era respecto al car\u00e1cter de Dios.<\/p>\n<p style=\"text-align: justify;\">Jes\u00fas vino para traerles las Buenas Nuevas, una imagen de Dios que les permitir\u00eda seguir haciendo muchas de las mismas cosas, pero por una raz\u00f3n diferente \u2014una raz\u00f3n que hubiera hecho posible que fueran obedientes y libres a la vez. Pero lo mataron, en vez de cambiar la imagen que ten\u00edan acerca de Dios, \u2014y se apresuraron a volver a casa para guardar otro S\u00e1bado.<\/p>\n<p style=\"text-align: justify;\">\u00a0\u00a0\u00a0\u00a0\u00a0\u00a0\u00a0\u00a0\u00a0\u00a0\u00a0 No hay cosa m\u00e1s diab\u00f3lica que suprimir y pervertir las Buenas Nuevas acerca de Dios. Y esto se puede hacer incluso mientras se presenta, aparentemente, \u00a0la doctrina cristiana. De la manera en la que se presenta a Dios desde algunos p\u00falpitos, la doctrina de la Segunda Venida ciertamente no son buenas nuevas. La perspectiva de pasar la eternidad con semejante deidad ser\u00eda repulsiva.<\/p>\n<p style=\"text-align: justify;\">\u00a0\u00a0\u00a0\u00a0\u00a0\u00a0\u00a0\u00a0\u00a0\u00a0\u00a0 Hay explicaciones de la muerte de Cristo y de su intercesi\u00f3n por nosotros que hacen ver a Dios muy desfavorablemente, menos misericordioso y menos comprensivo que su Hijo. Temas tales como el del pecado, la ley, la destrucci\u00f3n de los imp\u00edos, los requisitos para la salvaci\u00f3n, son algunas veces presentados de manera tal \u2014incluyendo la voz y los gestos del predicador\u2014 que dejan en la gente precisamente el concepto de Dios que Satan\u00e1s ha venido promoviendo.<\/p>\n<p style=\"text-align: justify;\">\u00a0\u00a0\u00a0\u00a0\u00a0\u00a0\u00a0\u00a0\u00a0\u00a0\u00a0 Como seguidores de Cristo, es nuestro deseo ser contados como parte del fiel pueblo de Dios, descrito en Apocalipsis como obediente a sus mandamientos y fiel a la verdad que Cristo revelara.<\/p>\n<p style=\"text-align: justify;\">\u00a0\u00a0\u00a0\u00a0\u00a0\u00a0\u00a0\u00a0\u00a0\u00a0\u00a0 Pero si en nuestro af\u00e1n de obedecer damos la impresi\u00f3n de que adoramos a un Dios legalista y arbitrario, entonces no hemos dado buen testimonio de las Buenas Nuevas. Y si por nuestra forma de ense\u00f1ar, o por nuestra manera de vivir llevamos a alguien a pensar en Dios como el tipo de persona que Satan\u00e1s ha dicho que es, no nos habremos mostrado como amigos dignos de confianza, ni de ellos, ni de Dios.<\/p>\n<p style=\"text-align: justify;\">\u00a0\u00a0\u00a0\u00a0\u00a0\u00a0\u00a0\u00a0\u00a0\u00a0\u00a0 No puede haber mayor privilegio, ni honor, que el ser confiados con las Buenas Nuevas acerca de Dios. Sin duda alguna que ha llegado el momento en que los amigos de Dios, en todas partes, los que compartimos algo del celo de Pablo por la reputaci\u00f3n de Dios, levantemos la voz y expresemos con m\u00e1s del orgullo y convicci\u00f3n de Pablo lo que creemos que las Buenas Nuevas son en realidad.<\/p>\n","protected":false},"excerpt":{"rendered":"<p>\u00a0\u00a0\u00a0\u00a0\u00a0\u00a0\u00a0\u00a0\u00a0\u00a0\u00a0 Podr\u00eda parecer que el lugar m\u00e1s apropiado para buscar la respuesta a esta pregunta son los evangelios de Mateo, Marcos, Lucas y Juan. Si pudi\u00e9ramos preguntarle\u00a0 ha alguno de ellos, en persona, quiz\u00e1s nos responder\u00eda: \u00ab\u00bfPor qu\u00e9 no lees mi libro?\u00bb \u00a0\u00a0\u00a0\u00a0\u00a0\u00a0\u00a0\u00a0\u00a0\u00a0\u00a0 Nadie, sin embargo, se sent\u00eda m\u00e1s seguro de conocer el verdadero contenido [&hellip;]<\/p>\n","protected":false},"author":1,"featured_media":0,"parent":1156,"menu_order":0,"comment_status":"open","ping_status":"open","template":"","meta":{"footnotes":""},"class_list":["post-1103","page","type-page","status-publish","hentry"],"_links":{"self":[{"href":"https:\/\/speakingwellofgod.org\/es\/wp-json\/wp\/v2\/pages\/1103","targetHints":{"allow":["GET"]}}],"collection":[{"href":"https:\/\/speakingwellofgod.org\/es\/wp-json\/wp\/v2\/pages"}],"about":[{"href":"https:\/\/speakingwellofgod.org\/es\/wp-json\/wp\/v2\/types\/page"}],"author":[{"embeddable":true,"href":"https:\/\/speakingwellofgod.org\/es\/wp-json\/wp\/v2\/users\/1"}],"replies":[{"embeddable":true,"href":"https:\/\/speakingwellofgod.org\/es\/wp-json\/wp\/v2\/comments?post=1103"}],"version-history":[{"count":0,"href":"https:\/\/speakingwellofgod.org\/es\/wp-json\/wp\/v2\/pages\/1103\/revisions"}],"up":[{"embeddable":true,"href":"https:\/\/speakingwellofgod.org\/es\/wp-json\/wp\/v2\/pages\/1156"}],"wp:attachment":[{"href":"https:\/\/speakingwellofgod.org\/es\/wp-json\/wp\/v2\/media?parent=1103"}],"curies":[{"name":"wp","href":"https:\/\/api.w.org\/{rel}","templated":true}]}}