{"id":1098,"date":"2012-07-18T13:26:33","date_gmt":"2012-07-18T13:26:33","guid":{"rendered":"https:\/\/speakingwellofgod.ootartb0-liquidwebsites.com\/?page_id=1098"},"modified":"2013-04-28T13:59:37","modified_gmt":"2013-04-28T13:59:37","slug":"angeles-con-buenas-nuevas","status":"publish","type":"page","link":"https:\/\/speakingwellofgod.org\/es\/recursos-escritos\/puede-dios-ser-de-confianza\/angeles-con-buenas-nuevas","title":{"rendered":"\u00c1NGELES CON BUENAS NUEVAS"},"content":{"rendered":"<p style=\"text-align: justify;\">Dos mil a\u00f1os han pasado desde que Jes\u00fas les dijo a sus seguidores que llevaran el evangelio a todo el mundo. Cuando esto se haga, dijo, vendr\u00e1 el fin (ver Mateo 24:14).<\/p>\n<p style=\"text-align: justify;\">La verdad que el Hijo de Dios vino a revelar no deb\u00eda guardarse como un secreto para unos pocos privilegiados. Algunas de las religiones m\u00e1s populares en el tiempo de Jes\u00fas, conocidas como \u00abMisterios\u00bb, se desarrollaron en torno a informaci\u00f3n sagrada revelada \u00fanicamente a aquellos que pasaban por ritos especiales de iniciaci\u00f3n.<\/p>\n<p style=\"text-align: justify;\">Sin embargo, la palabra \u00abevangelio\u00bb quiere decir \u00abbuenas nuevas\u00bb y por lo tanto era algo que deb\u00eda hacerse p\u00fablico. Jes\u00fas indic\u00f3 que se le diese la mayor circulaci\u00f3n posible, tan lejos como \u00abhasta lo \u00faltimo de la tierra\u00bb (Hechos 1:8), \u00aba todas las naciones\u00bb (Mateo 28:19) y \u00aba toda criatura\u00bb (Marcos 16:15). La verdad deb\u00eda llegar hasta donde hab\u00edan llegado las mentiras de Satan\u00e1s.<\/p>\n<p style=\"text-align: justify;\">El peque\u00f1o grupo de creyentes cristianos se dispuso confiadamente a cumplir esta inmensa tarea. Hasta esperaban completarla en un breve periodo de tiempo. \u00bfNo hab\u00eda dicho Jes\u00fas que volver\u00eda pronto? \u00bfNo les hab\u00eda advertido constantemente que estuvieran atentos para que su regreso no les tomase por sorpresa? Algunos creyentes de Tesal\u00f3nica dejaron incluso de trabajar, bajo la equivocada creencia de que el fin ya hab\u00eda llegado. Pablo tuvo que informarles que todav\u00eda hab\u00eda algunos eventos importantes que ten\u00edan que suceder antes de que Cristo regresase (ver 2 Tesalonicenses 2:1-12; 3:6-13).<\/p>\n<p style=\"text-align: justify;\">Pero toda una generaci\u00f3n pas\u00f3 y el Se\u00f1or a\u00fan no hab\u00eda regresado. De los doce disc\u00edpulos, solo Juan quedaba vivo, y estaba prisionero en la solitaria isla de Patmos. \u00bfHab\u00eda fallado algo? Las Buenas Nuevas hab\u00edan sido recibidas por muchos provocando a su vez una seria y violenta oposici\u00f3n. Muchos cristianos eran asesinados por los mismos a quienes ellos quer\u00edan ayudar.<\/p>\n<p style=\"text-align: justify;\">Pero lo m\u00e1s serio de todo es que algunos creyentes comenzaban a dudar de la veracidad de las Buenas Nuevas que ellos mismos hab\u00edan estado intentando diseminar. Algunos negaban ahora que el Hijo de Dios hab\u00eda venido en forma humana para revelar la verdad acerca de su Padre (ver 2 Juan 7).<\/p>\n<p style=\"text-align: justify;\">En ese cr\u00edtico momento Dios envi\u00f3 otro mensaje de \u00e1nimo y de aclaraci\u00f3n. Al anciano prisionero en la isla de Patmos le envi\u00f3 la informaci\u00f3n registrada en el \u00faltimo libro del Nuevo Testamento. Juan la describi\u00f3 como \u00abLa revelaci\u00f3n de Jesucristo, que Dios le dio, para manifestar a sus siervos las cosas que deben suceder pronto\u00bb (Apocalipsis 1:1).<\/p>\n<p style=\"text-align: justify;\">Este mensaje aconsejaba a los cristianos a que tuvieran una visi\u00f3n m\u00e1s amplia de la vida y no solo de las dificultades del momento. El creyente debe comprender que ha llegado a involucrarse activamente en el gran conflicto entre Cristo y Satan\u00e1s, un conflicto que abarca a todo el universo.<\/p>\n<p style=\"text-align: justify;\">Por primera vez en la Biblia, se hace menci\u00f3n de esa guerra que comenz\u00f3 hace tanto tiempo en los cielos y de la abarcante influencia de Satan\u00e1s entre los \u00e1ngeles (ver Apocalipsis 12). El cristiano debe aprender a ver su especial misi\u00f3n a la luz de esta gran lucha. Entonces, cuando parezca que la predicaci\u00f3n del evangelio est\u00e1 condenada al fracaso y que la venida de Jes\u00fas se demora indefinidamente, el creyente recordar\u00e1 el gran conflicto y todo lo que Dios ha logrado hasta ahora. \u00a0Se recordar\u00e1 de c\u00f3mo a trav\u00e9s de los tiempos Dios ha obrado, pacientemente, para revelar la verdad acerca de \u00e9l. Y de como todav\u00eda trabaja, pacientemente, para alcanzar a la raza humana. Entonces el desaliento de la demora se torna en gratitud y admiraci\u00f3n por la infinita gracia de Dios, y as\u00ed el creyente est\u00e1 m\u00e1s dispuesto a esperar.<\/p>\n<p style=\"text-align: justify;\">El Apocalipsis de Juan tambi\u00e9n habla de la ira de Satan\u00e1s en contra de aquellos que se atreven a arruinar sus esfuerzos por enga\u00f1ar al mundo. Mientras busca enemistar a los hombres con Dios, se inflama en c\u00f3lera al escuchar el incesante testimonio de aquellos que todav\u00eda \u00a0\u00abobedecen los mandamientos de Dios y siguen confiando en el mensaje de Jes\u00fas\u00bb (Apocalipsis 12:17, BLS). Esto debiera ayudar a los creyentes a entender por qu\u00e9 sus esfuerzos por ense\u00f1ar la verdad han provocado tan fiera resistencia.<\/p>\n<p style=\"text-align: justify;\">Entonces, dando una mirada al futuro Apocalipsis 13 predice el \u00faltimo y supremo intento de Satan\u00e1s, a trav\u00e9s de enga\u00f1os, milagros y fuerza, de silenciar la verdad y de imponerse como Dios. Tan severa es la lucha que Juan interrumpe su descripci\u00f3n para decir \u00abAqu\u00ed se requiere la paciencia y la fe de los santos\u00bb (Apocalipsis 13:10 BJ 1976)<\/p>\n<p style=\"text-align: justify;\">En el cap\u00edtulo 14, el ap\u00f3stol contin\u00faa describiendo a esta compa\u00f1\u00eda del pueblo de Dios como resistiendo todav\u00eda las mentiras de Satan\u00e1s hasta el mismo fin. De manera particular se menciona que \u00aben la boca de ellos no fue hallada mentira\u00bb (Apocalipsis 14:5 NT Besson). Arriesgando sus vidas reh\u00fasan unirse al mundo que se ha alejado del Dios de verdad, para adorar al que Cristo llam\u00f3 \u00abpadre de mentira\u00bb (Juan 8: 44). Al contrario, ellos persisten en \u00abobedecer los mandatos de Dios y seguir confiando en Jes\u00fas\u00bb (Apocalipsis 14:12 BLS).<\/p>\n<p style=\"text-align: justify;\">Mientras la lucha se acerca a su cl\u00edmax, el leal pueblo de Dios no est\u00e1 esperando pasivamente el prometido regreso de su Se\u00f1or. \u00a1Ellos no permitir\u00e1n que el enemigo conquiste el mundo tan f\u00e1cilmente! Al contrario, redoblan sus esfuerzos para cumplir el mandato original de dar a conocer la verdad en todos los rincones de la tierra.<\/p>\n<p style=\"text-align: justify;\">Una vez m\u00e1s, en el lenguaje simb\u00f3lico del libro de Apocalipsis, Juan escribe que ve el \u00a0\u00faltimo gran esfuerzo por difundir el evangelio como representado por \u00e1ngeles que traen mensajes urgentes del cielo. En el cap\u00edtulo 14 menciona especialmente tres.<\/p>\n<p style=\"text-align: justify;\">El primero de esos \u00e1ngeles que Juan vio \u00abLlevaba buenas noticias de valor eterno, para la gente de todos los pa\u00edses, razas, idiomas y pueblos&#8230; [El \u00e1ngel] dec\u00eda con fuerte voz: &#8216;Honren a Dios y al\u00e1benlo; ha llegado el momento en que \u00e9l juzgar\u00e1 al mundo. Adoren al creador del cielo y de la tierra, del mar y de los manantiales&#8217;\u00bb (Apocalipsis 14:6,7 TLA-D 2004).<\/p>\n<p style=\"text-align: justify;\">\u00a0\u00abLo sigui\u00f3 un segundo \u00e1ngel, que dec\u00eda: &#8216;\u00a1Ya cay\u00f3, ya cay\u00f3 la gran Babilonia!&#8217; \u00bb (Apocalipsis 14:8, DHH). La oposici\u00f3n a Dios ha colapsado, en corrupci\u00f3n y en derrota.<\/p>\n<p style=\"text-align: justify;\">Un tercer \u00e1ngel sigui\u00f3 a los anteriores y con un v\u00edvido lenguaje advirti\u00f3 acerca de las terribles consecuencias de creer en las mentiras de Satan\u00e1s y de un\u00edrse a \u00e9l en rebeli\u00f3n contra Dios. De nuevo hay un llamado para \u00abel pueblo de Dios <em>que<\/em> debe aprender a soportar con fortaleza&#8230;\u00bb y a \u00abobedecer los mandatos de Dios y seguir confiando en Jes\u00fas\u00bb \u00a0(Apocalipsis 14:12 TLA-D 2004).<\/p>\n<p style=\"text-align: justify;\">Estos tres mensajes, en el contexto en que son dados, parecen resumir el \u00faltimo mensaje de invitaci\u00f3n y advertencia de parte de Dios para nuestro mundo. Pero el mensaje no es nuevo. Las Buenas Nuevas del primer \u00e1ngel son descritas como eternas, imperecederas, esta ha sido siempre la verdad.<\/p>\n<p style=\"text-align: justify;\">Esta era la verdad que exist\u00eda ya desde la eternidad, incluso antes de que Lucifer comenzara a circular sus mentiras. Es la misma verdad que ha sustentado la lealtad de la mayor\u00eda de los hijos de Dios en todo el universo. La verdad que permanecer\u00e1 a trav\u00e9s de las edades sin fin de la eternidad, la verdad que nos induce a poner libremente nuestra confianza en Dios.<\/p>\n<p style=\"text-align: justify;\">Pero, \u00bfqu\u00e9 es exactamente esta verdad, este evangelio eterno, estas Buenas Nuevas?<\/p>\n","protected":false},"excerpt":{"rendered":"<p>Dos mil a\u00f1os han pasado desde que Jes\u00fas les dijo a sus seguidores que llevaran el evangelio a todo el mundo. Cuando esto se haga, dijo, vendr\u00e1 el fin (ver Mateo 24:14). La verdad que el Hijo de Dios vino a revelar no deb\u00eda guardarse como un secreto para unos pocos privilegiados. Algunas de las [&hellip;]<\/p>\n","protected":false},"author":1,"featured_media":0,"parent":1156,"menu_order":0,"comment_status":"open","ping_status":"open","template":"","meta":{"footnotes":""},"class_list":["post-1098","page","type-page","status-publish","hentry"],"_links":{"self":[{"href":"https:\/\/speakingwellofgod.org\/es\/wp-json\/wp\/v2\/pages\/1098","targetHints":{"allow":["GET"]}}],"collection":[{"href":"https:\/\/speakingwellofgod.org\/es\/wp-json\/wp\/v2\/pages"}],"about":[{"href":"https:\/\/speakingwellofgod.org\/es\/wp-json\/wp\/v2\/types\/page"}],"author":[{"embeddable":true,"href":"https:\/\/speakingwellofgod.org\/es\/wp-json\/wp\/v2\/users\/1"}],"replies":[{"embeddable":true,"href":"https:\/\/speakingwellofgod.org\/es\/wp-json\/wp\/v2\/comments?post=1098"}],"version-history":[{"count":0,"href":"https:\/\/speakingwellofgod.org\/es\/wp-json\/wp\/v2\/pages\/1098\/revisions"}],"up":[{"embeddable":true,"href":"https:\/\/speakingwellofgod.org\/es\/wp-json\/wp\/v2\/pages\/1156"}],"wp:attachment":[{"href":"https:\/\/speakingwellofgod.org\/es\/wp-json\/wp\/v2\/media?parent=1098"}],"curies":[{"name":"wp","href":"https:\/\/api.w.org\/{rel}","templated":true}]}}