{"id":1091,"date":"2012-07-18T13:18:52","date_gmt":"2012-07-18T13:18:52","guid":{"rendered":"https:\/\/speakingwellofgod.ootartb0-liquidwebsites.com\/?page_id=1091"},"modified":"2013-04-28T13:55:49","modified_gmt":"2013-04-28T13:55:49","slug":"se-puede-confiar-en-dios","status":"publish","type":"page","link":"https:\/\/speakingwellofgod.org\/es\/recursos-escritos\/puede-dios-ser-de-confianza\/se-puede-confiar-en-dios","title":{"rendered":"\u00bfSE PUEDE CONFIAR EN DIOS?"},"content":{"rendered":"<p>\u00bfQui\u00e9n se atrever\u00eda a cuestionar la integridad de Dios? \u00bfQui\u00e9n se atrever\u00eda a sugerir que en Dios no se puede confiar? Pero es con esta incre\u00edble acusaci\u00f3n que comienza el relato b\u00edblico de la historia humana.<\/p>\n<p>El que plante\u00f3 esta acusaci\u00f3n contra Dios no siempre fue su enemigo. Se le describe inicialmente como alguien altamente distinguido, que habitaba en la mism\u00edsima presencia de nuestro Padre celestial. Como su vocero de confianza iba entre sus compa\u00f1eros, los \u00e1ngeles, portando luz y verdad. Por eso fue llamado \u00abPortador de Luz\u00bb, a veces traducido como \u00abLucifer\u00bb o \u00abLucero de la Ma\u00f1ana\u00bb, un nombre perteneciente tambi\u00e9n, al Hijo de Dios mismo (ver Ezequiel 28:14; Isa\u00edas 14:12; 2 Pedro 1:19; Apocalipsis 22:16).<\/p>\n<p>Pero Jes\u00fas m\u00e1s tarde lo llam\u00f3 \u00abmentiroso, y padre de mentira\u00bb (Juan 8:44); y el \u00faltimo libro de la Biblia lo describe como \u00abel gran drag\u00f3n, la serpiente antigua, que se llama diablo y Satan\u00e1s, el cual enga\u00f1a al mundo entero\u00bb (Apocalipsis 12:9).<\/p>\n<p>\u00abNo es cierto. No morir\u00e1n\u00bb, dijo la serpiente a Eva. \u00abDios sabe muy bien que cuando ustedes coman del fruto de ese \u00e1rbol podr\u00e1n saber lo que es bueno y lo que es malo, y que entonces ser\u00e1n como Dios\u00bb. (G\u00e9nesis 3:4, 5 DHH). \u00abDios no respeta la libertad ni la dignidad que ustedes merecen como criaturas inteligentes\u00bb, fue el argumento de Satan\u00e1s. \u00abEn una tiran\u00eda ego\u00edsta les priva del conocimiento y experiencia a las que ustedes tienen derecho. \u00c9l les ha mentido y no es digno de su confianza\u00bb.<\/p>\n<p>Con tales falsedades, Satan\u00e1s hab\u00eda logrado ya desviar a una tercera parte de los \u00e1ngeles a ponerse de su lado en contra de Dios. Aunque siendo un ser creado, hab\u00eda llegado a pensar en s\u00ed mismo como divino. \u00abSubir\u00e9 al cielo; en lo alto, junto a las estrellas de Dios, levantar\u00e9 mi trono,&#8230; sobre las alturas de las nubes subir\u00e9, y ser\u00e9 semejante al Alt\u00edsimo\u00bb. (Isa\u00edas 14:13, 14). M\u00e1s tarde, este delirante orgullo lo llev\u00f3 incluso a instar a Jes\u00fas, su Creador, a postrarse y adorarle (ver Mateo 4:8-10).<\/p>\n<p>Para establecerse a s\u00ed mismo en lugar de Dios, primero necesitaba socavar la confianza en Aquel a quien deseaba sustituir. Y la forma de hacerlo fue destruyendo su reputaci\u00f3n. Siendo que no pudo encontrar ninguna falta en Dios, recurri\u00f3 al enga\u00f1o.<\/p>\n<p>As\u00ed comenz\u00f3 esta larga lucha por la lealtad de las inteligentes y libres criaturas de Dios. \u00bfQui\u00e9n dec\u00eda la verdad, Dios o el reluciente Portador de Luz? \u00bfSer\u00eda cierto que Dios es arbitrario y severo, indigno del amor y la confianza de los seres que hab\u00eda creado? \u00bfQu\u00e9 clase de dios permitir\u00eda que su car\u00e1cter fuese de tal modo cuestionado? \u00bfFue debilidad o fortaleza lo que le llev\u00f3 a permitir tan extendido debate, y a que se extendiera por todo su universo?<\/p>\n<p>Finalmente, Satan\u00e1s y sus seguidores, se aventuraron a rebelarse abiertamente. Entonces Dios, en su previsor plan para el mayor beneficio de todos los interesados, expuls\u00f3 a los rebeldes de su presencia, y el gran conflicto se extendi\u00f3 al planeta en que vivimos.<\/p>\n<p>En el lenguaje, frecuentemente simb\u00f3lico del libro de Apocalipsis, se nos proporciona esta descripci\u00f3n: \u00abEntretanto se trab\u00f3 una batalla grande en el cielo: Miguel y sus \u00e1ngeles peleaban contra el drag\u00f3n, y el drag\u00f3n con sus \u00e1ngeles lidiaba contra \u00e9l. Pero \u00e9stos fueron los m\u00e1s d\u00e9biles, y despu\u00e9s no qued\u00f3 ya para ellos lugar alguno en el cielo. As\u00ed fue abatido aquel drag\u00f3n descomunal, aquella antigua serpiente, que se llama diablo, y tambi\u00e9n Satan\u00e1s, que anda enga\u00f1ando a la tierra y fue lanzado y arrojado a la tierra, y sus \u00e1ngeles con \u00e9l. \u2026 \u00a1Ay de la tierra y del mar!, porque el diablo baj\u00f3 a vosotros, arrojado del cielo, y est\u00e1 lleno de furor, sabiendo que le queda poco tiempo\u00bb (Apocalipsis 12:7-9, 12, Torres Amat).<\/p>\n<p>Un d\u00eda, muy pronto, antes del regreso de Cristo, Satan\u00e1s har\u00e1 un \u00faltimo y desesperado intento para conquistarnos a todos y ponernos de su parte. Aparecer\u00e1 otra vez como un \u00e1ngel de luz, otra vez como el Portador de Luz, Lucifer, la Estrella de la Ma\u00f1ana (v\u00e9ase 2 Corintios 11:14). Incluso se autoproclamar\u00e1 Dios. Y tal como trat\u00f3 de persuadir a Cristo a que lo adorara en el desierto de la tentaci\u00f3n, as\u00ed tambi\u00e9n esta vez tratar\u00e1 de ganar nuestra adoraci\u00f3n.<\/p>\n<p>La Biblia predice que sus esfuerzos parecer\u00e1n ser un \u00e9xito absoluto. El mundo entero le adorar\u00e1, con excepci\u00f3n de unos pocos, \u00abel remanente\u00bb (RVG 2004), que no ser\u00e1 enga\u00f1ado. Al contrario, ellos se colocar\u00e1n del lado de los \u00e1ngeles fieles y mantendr\u00e1n su confianza en Dios (ver Apocalipsis 12:17; 13:1-8; 14:12).<\/p>\n<p>Todos estamos inevitablemente atrapados en esta lucha y en sus consecuencias. A lo largo de la historia, Satan\u00e1s ha tenido gran \u00e9xito corrompiendo las ideas de los hombres acerca de Dios. Millones de personas han adorado deidades que utilizan el terror y la fuerza para salirse con la suya. Incluso entre los que se llaman a s\u00ed mismos seguidores de Cristo (la m\u00e1s cruel de las persecuciones se llev\u00f3 a cabo en el nombre de Dios), hombres y mujeres fueron torturados en la hoguera para forzar la aceptaci\u00f3n de una pervertida fe cristiana.<\/p>\n<p>\u00a1Con cuanta frecuencia la religi\u00f3n ha tratado de restringir la libertad del hombre neg\u00e1ndole su sagrado derecho a la individualidad! \u00a1Cu\u00e1n frecuentemente la religi\u00f3n ha insultado a la dignidad humana, exigiendo sumisi\u00f3n ciega a sus creencias!<\/p>\n<p>Todo esto denota un Dios arrogante y arbitrario. \u00bfEs esta la verdad que Jes\u00fas dijo que libertar\u00eda a los hombres? \u00bfO son estas, mentiras de Satan\u00e1s acerca de nuestro bondadoso Dios? \u00bfDesea Dios la obediencia que emana del miedo o la que surge de la confianza y de la admiraci\u00f3n de sus justos caminos?<\/p>\n<p>No es de extra\u00f1ar que, para muchos, Dios est\u00e1 muerto. Esa deidad que algunos han adorado quiz\u00e1s est\u00e1 mucho mejor as\u00ed, muerta. Pero en el vac\u00edo que queda \u00bfsurgir\u00e1n acaso otras peores caricaturas de Dios, para tomar su lugar? El hombre no fue dise\u00f1ado para vivir solo, sin amigos y sin Dios.<\/p>\n<p>\u00bfQu\u00e9 imagen tiene usted de Dios? \u00bfSer\u00e1 la verdadera? \u00bfLe ha liberado? \u00bfTiene usted amigos que se regocijan en la misma verdad, haci\u00e9ndolos personas en las que se puede confiar?<\/p>\n<p>La Biblia describe un tipo de unidad especial que existe entre aquellos que conocen y adoran a Dios; eso s\u00ed, entre los que conf\u00edan en \u00e9l, y le admiran de la manera en que la que \u00e9l es en verdad. \u00a1Qu\u00e9 tremenda seguridad, felicidad y paz se experimenta en compa\u00f1\u00eda de amigos en donde la confianza es mutua!<\/p>\n<p>Nunca olvidar\u00e9 a los m\u00e9dicos y asistentes que trabajaron intensamente para lograr la recuperaci\u00f3n de nuestra hija mayor de una enfermedad que con frecuencia es fatal. Durante dos meses, s\u00f3lo pudieron ofrecernos esperanzas reservadas. Pero nunca tuvieron necesidad de decir que estaban haciendo todo lo posible. Por supuesto que lo hac\u00edan, y nosotros est\u00e1bamos seguros de ello, y nos alegraba saber que ellos lo sab\u00edan.<\/p>\n<p>Por a\u00f1os los conoc\u00edamos como los mejores expertos en sus campos y como amigos de confianza. Todos ellos cre\u00edan en Dios, y expresaban su fe abiertamente. En muchas ocasiones nos hab\u00edamos reunido para conversar acerca de Dios, y la confianza que compart\u00edamos en \u00e9l nos dio gran serenidad en momentos de apremio. Aun si nuestra hija no hubiera sanado, habr\u00edamos estado seguros de que nuestros amigos hab\u00edan hecho todo lo posible.<\/p>\n<p>A menudo pienso en mi padre y c\u00f3mo \u00e9l ven\u00eda al rescate cuando uno de nosotros necesitaba ayuda. Sab\u00eda que pod\u00eda confiarle mi reputaci\u00f3n y mi vida, y ambas estar\u00edan tan seguras en sus manos en la medida de sus posibilidades. Incluso despu\u00e9s de haber crecido y habernos ido por caminos separados, \u00e9l estaba dispuesto a recorrer la mitad del mundo para ayudarnos en cualquier emergencia. Y nuestra madre se preocupaba de igual manera. Los padres dignos de confianza le facilitan a sus hijos el aprender a confiar en Dios.<\/p>\n<p>Adem\u00e1s, mi padre hab\u00eda escrito m\u00e1s de un centenar de libros, especialmente para ayudar a los ni\u00f1os, y a los adultos, a ver cu\u00e1n digno es Dios de nuestra confianza, y todos nosotros crecimos con esos libros. Ahora se los leemos a nuestros hijos y nietos, esperando que ellos tambi\u00e9n elijan confiar. Porque tambi\u00e9n tenemos que darles su libertad, si les contamos la verdad acerca de Dios. Pero aunque la confianza que Dios desea tiene que ser individualmente confirmada como propia, con gratitud me doy cuenta de lo mucho que fuimos ayudados por nuestros confiables padres.<\/p>\n<p>Pero \u00bfqu\u00e9 hay de la persona para quien la palabra \u00abpadre\u00bb evoca cualquier cosa, menos la imagen de una persona confiable?<\/p>\n<p>Carl Burke, para entonces capell\u00e1n de la c\u00e1rcel del condado de Erie, Nueva York, en su extraordinaria par\u00e1frasis de las historias de la Biblia titulada \u00a0\u00abGod Is for Real, Man\u00bb (<em>Hombre, Dios es real<\/em>), cuenta de cuando trat\u00f3 de reforzar en un ni\u00f1o la certeza del amor de Dios, dici\u00e9ndole: \u00abDios es como un padre\u00bb.<\/p>\n<p>\u00abSi \u00e9l es como mi padre\u00bb replic\u00f3 el muchacho, \u00abseguro que lo odiar\u00e9\u00bb.<\/p>\n<p>Tambi\u00e9n cuenta sobre una ni\u00f1a que fue abandonada a los ocho a\u00f1os en las calles de una gran ciudad que le pregunt\u00f3: \u00abSi Dios me ama como usted dice \u00bfpor qu\u00e9 permiti\u00f3 que mam\u00e1 y pap\u00e1 me abandonaran?\u00bb<\/p>\n<p>Burke luch\u00f3 para encontrar algo en la vida de estos ni\u00f1os y ni\u00f1as abandonados que pudiera simbolizar lo que \u00e9l quer\u00eda decirles acerca de Dios. De manera que les pidi\u00f3 a algunos de ellos que le ayudaran a traducir partes de la Biblia en t\u00e9rminos que ellos pudieran entender.<\/p>\n<p>Un peque\u00f1o muchacho, que sent\u00eda que absolutamente nadie en el mundo ten\u00eda inter\u00e9s en \u00e9l, y que parec\u00eda estar deseando tener alguien en quien poder confiar, le ayud\u00f3 a parafrasear el Salmo veintitr\u00e9s. S\u00f3lo hab\u00eda una persona que parec\u00eda preocuparse por \u00e9l, y el muchacho hab\u00eda llegado a admirarlo much\u00edsimo: su agente de libertad condicional. Y as\u00ed, \u00abJehov\u00e1 es mi pastor\u00bb, se convirti\u00f3 en \u00abJehov\u00e1 es como mi agente de libertad condicional\u00bb.<\/p>\n<p>Dios es nuestro Padre, y ante sus ojos todos somos igualmente miembros de su gran familia. Pero, \u00bfc\u00f3mo puede hablarles a sus hijos? \u00bfC\u00f3mo puede persuadirlos a que conf\u00eden cuando ellos piensan que el Padre es como un borracho sin rumbo, y que la Madre es como una que va de aqu\u00ed para all\u00e1 con otros hombres?<\/p>\n<p>\u00bfC\u00f3mo puede \u00e9l mantener la confianza de sus hijos jud\u00edos, a quienes se les ense\u00f1\u00f3 a creer que no era necesario temer, porque Dios estaba con ellos? Memorizaron promesas tales como: \u00abYo Jehov\u00e1 soy tu Dios, quien te sostiene de tu mano derecha, y te dice: &#8216;No temas, yo te ayudo&#8217;\u00bb (Isa\u00edas 41:13). Y entonces, en la tierra en la que Lutero hab\u00eda predicado, vieron a millones de su pueblo morir y oyeron a sus vecinos traicionarlos con sus enemigos.<\/p>\n<p>\u00bfC\u00f3mo puede Dios ganarse la confianza de la buena gente de Camboya, que corri\u00f3 a las calles para recibir a sus salvadores comunistas, solo para ser golpeados, ametrallados y echados por millones de sus hogares? En menos de dos a\u00f1os, entre uno y dos millones de los siete millones de habitantes de Camboya habr\u00edan muerto. \u00abNo hay amor en ninguna parte\u00bb, se reporta que dijo un joven refugiado (v\u00e9ase \u00abMurder of a Gentle Land\u00bb [<em>El asesinato de una tierra apacible<\/em>] condensado en <em>Reader&#8217;s Digest<\/em>, 1977). Aquellos hombres que empu\u00f1aban las armas nunca ocultaron su desprecio por la fe en Dios. \u00bfC\u00f3mo podr\u00e1 la gente de esa tierra arrasada volver a confiar en Dios y en sus semejantes?<\/p>\n<p>Seg\u00fan la descripci\u00f3n b\u00edblica de nuestro origen, este mundo estaba destinado a ser un lugar donde se disfrutase de completa seguridad y libertad. \u00a0Si se ten\u00edan confianza mutua y confiaban tambi\u00e9n en Dios, \u00bfqu\u00e9 habr\u00edan de temer? Pero el enemigo de Dios es tambi\u00e9n nuestro enemigo. El que con enga\u00f1o nos incita a desconfiar de Dios, se esfuerza tambi\u00e9n en destruir nuestra confianza en los dem\u00e1s y nuestra propia honestidad. Donde no hay confianza y amor mutuos, tampoco puede haber verdadera libertad, ni seguridad.<\/p>\n<p>Aun as\u00ed, estas son las cosas que todos m\u00e1s deseamos en la vida. \u00a1Qu\u00e9 bien nos sentimos cuando en alguna emergencia demostramos qu\u00e9 tipo de amigos podemos ser! \u00a1C\u00f3mo nos complace cuando los pa\u00edses trabajan juntos para enviar medicinas y alimentos a los damnificados en el mundo por alg\u00fan desastre natural! Todo el mundo aplaude cuando un barco de una naci\u00f3n acude al rescate de otro, especialmente cuando este enarbola la bandera de un viejo enemigo. \u00a1Cu\u00e1n conmovido qued\u00f3 el mundo al ver aquel raro momento de unidad y respeto en el dolor, cuando los l\u00edderes de diferentes naciones se congregaron junto a la tumba de John F. Kennedy!<\/p>\n<p>Si se pudiera, de alguna manera, restaurar en el universo la confianza, entonces podr\u00edamos disfrutar de nuevo de esa seguridad apacible que viene con la fe en Dios y la confianza mutua. Podr\u00edamos experimentar una vez m\u00e1s la dignidad y la autoestima que resultan de saber que Dios y nuestros amigos pueden poner su confianza en nosotros con total seguridad.<\/p>\n<p>Pero hemos perdido gran parte de nuestra capacidad y de nuestro deseo de confiar. Adem\u00e1s, el riesgo de confiar a veces parece demasiado grande. Cu\u00e1n a menudo nos hemos defraudado los unos a los otros, y as\u00ed, con la p\u00e9rdida de la confianza mutua, llegamos al punto en que empezamos a preguntarnos incluso si es seguro confiar en Dios.<\/p>\n<p>\u00bfSe puede confiar realmente en Dios? Una simple declaraci\u00f3n no puede resolver esta duda. El diablo ha hecho muchas acusaciones, y lo ha hecho con impresionante autoridad y poder. Lo que se necesita ahora es establecer la verdad, la verdad acerca de Dios. No podemos, no debemos atrevernos a confiar en alguien que no conocemos.<\/p>\n<p>Pero, \u00bfser\u00e1 posible conocer a Dios as\u00ed de bien? \u00bfSe ha revelado a s\u00ed mismo este Ser Infinito, de una manera tal que podamos entender y estar seguros de que esa es la verdad? \u00bfLo que hemos visto y o\u00eddo acerca de \u00e9l es suficiente evidencia como para exclamar que \u00abVerdaderamente usted puede confiar en Dios\u00bb?<\/p>\n<p>La Biblia apunta hacia un tiempo de paz en todo el mundo, cuando el amor y la confianza colmar\u00e1n todo el universo de Dios. Entonces, \u00abno ense\u00f1ar\u00e1 m\u00e1s ninguno a su pr\u00f3jimo, ni ninguno a su hermano, diciendo: Conoce a Jehov\u00e1; porque todos me conocer\u00e1n, desde el m\u00e1s peque\u00f1o de ellos hasta el m\u00e1s grande, dice Jehov\u00e1\u00bb (Jerem\u00edas 31:34).<\/p>\n<p>Ese tiempo todav\u00eda no ha llegado. Aun quedan muchos vecinos y hermanos que no conocen c\u00f3mo es Dios en realidad. \u00bfC\u00f3mo podr\u00e1n decidirse por Dios mientras sigan en la ignorancia, o bien, cegados por las mentiras de Satan\u00e1s? \u00bfC\u00f3mo podr\u00e1n enfrentar la \u00faltima gran embestida de Satan\u00e1s para enga\u00f1ar a todo el mundo?<\/p>\n<p>No debe extra\u00f1arnos que nuestro Se\u00f1or expresara que el evangelio deb\u00eda ir a todo el mundo para que pueda llegar el fin (ver Mateo 24:14). Dios no le pedir\u00eda a nadie que resistiera el indescriptible periodo de sufrimiento final, sin darle la oportunidad de prepararse (ver Daniel 12:1-3).<\/p>\n<p>Cuando era ni\u00f1o, siempre fue para mi un honor el que mi maestro me pidiera exponer una noticia importante, y mientras m\u00e1s importante era la noticia, tanto mayor el privilegio de contarla. Para quienes se han decidido ya a confiar en Dios, es un privilegio inestimable el difundir las Buenas Nuevas, la eterna verdad acerca de nuestro misericordioso Dios, tan absolutamente digno de nuestra confianza.<\/p>\n","protected":false},"excerpt":{"rendered":"<p>\u00bfQui\u00e9n se atrever\u00eda a cuestionar la integridad de Dios? \u00bfQui\u00e9n se atrever\u00eda a sugerir que en Dios no se puede confiar? Pero es con esta incre\u00edble acusaci\u00f3n que comienza el relato b\u00edblico de la historia humana. El que plante\u00f3 esta acusaci\u00f3n contra Dios no siempre fue su enemigo. Se le describe inicialmente como alguien altamente [&hellip;]<\/p>\n","protected":false},"author":1,"featured_media":0,"parent":1156,"menu_order":0,"comment_status":"open","ping_status":"closed","template":"","meta":{"footnotes":""},"class_list":["post-1091","page","type-page","status-publish","hentry"],"_links":{"self":[{"href":"https:\/\/speakingwellofgod.org\/es\/wp-json\/wp\/v2\/pages\/1091","targetHints":{"allow":["GET"]}}],"collection":[{"href":"https:\/\/speakingwellofgod.org\/es\/wp-json\/wp\/v2\/pages"}],"about":[{"href":"https:\/\/speakingwellofgod.org\/es\/wp-json\/wp\/v2\/types\/page"}],"author":[{"embeddable":true,"href":"https:\/\/speakingwellofgod.org\/es\/wp-json\/wp\/v2\/users\/1"}],"replies":[{"embeddable":true,"href":"https:\/\/speakingwellofgod.org\/es\/wp-json\/wp\/v2\/comments?post=1091"}],"version-history":[{"count":0,"href":"https:\/\/speakingwellofgod.org\/es\/wp-json\/wp\/v2\/pages\/1091\/revisions"}],"up":[{"embeddable":true,"href":"https:\/\/speakingwellofgod.org\/es\/wp-json\/wp\/v2\/pages\/1156"}],"wp:attachment":[{"href":"https:\/\/speakingwellofgod.org\/es\/wp-json\/wp\/v2\/media?parent=1091"}],"curies":[{"name":"wp","href":"https:\/\/api.w.org\/{rel}","templated":true}]}}