{"id":1083,"date":"2012-07-18T13:10:41","date_gmt":"2012-07-18T13:10:41","guid":{"rendered":"https:\/\/speakingwellofgod.ootartb0-liquidwebsites.com\/?page_id=1083"},"modified":"2013-04-28T13:51:36","modified_gmt":"2013-04-28T13:51:36","slug":"una-crisis-de-confianza","status":"publish","type":"page","link":"https:\/\/speakingwellofgod.org\/es\/recursos-escritos\/puede-dios-ser-de-confianza\/una-crisis-de-confianza","title":{"rendered":"UNA CRISIS DE CONFIANZA"},"content":{"rendered":"<p><em>\u00a1Mirad cu\u00e1n bueno y cu\u00e1n delicioso es\u00a0 que habiten los hermanos juntos en \u00a0\u00a0\u00a0\u00a0\u00a0\u00a0\u00a0\u00a0\u00a0\u00a0\u00a0 armon\u00eda! <\/em><\/p>\n<p align=\"right\">\u2014Reina Valera 95<\/p>\n<p><em>\u00a1Vean qu\u00e9 bueno y agradable es que los hermanos vivan unidos!<\/em><\/p>\n<p align=\"right\">\u2014Dios Habla Hoy<\/p>\n<p><em>\u00a1Oh, qu\u00e9 bueno, qu\u00e9 dulce habitar los hermanos todos juntos!<\/em><\/p>\n<p align=\"right\">\u2014La Biblia de Jerusal\u00e9n 1976<\/p>\n<p>&nbsp;<\/p>\n<p>\u00bfHabr\u00e1 algo m\u00e1s deseable que un mundo en donde la gente pueda convivir de la manera descrita en Salmos 133:1? Para m\u00ed, nada es motivo de mayor felicidad que el estar en compa\u00f1\u00eda de buenos amigos, de aquellos que tienen toda nuestra confianza, entre quienes no existen celos ni sospechas,\u00a0 sino que cada uno busca el bien de los dem\u00e1s, y todos interpretan positivamente las palabras y acciones de los dem\u00e1s.<\/p>\n<p>Tal grado de uni\u00f3n solo puede existir entre personas que se tienen total confianza, amor y respeto.<\/p>\n<p>Sin embargo, la Biblia describe a la raza humana atrapada en una gran red de desconfianza. Esta crisis, que afecta tambi\u00e9n al resto del universo, est\u00e1 centrada en el cuestionamiento de la fidelidad de Dios mismo.<\/p>\n<p>A nuestro infinito Dios se le ha acusado de no ser digno de confianza. Sin embargo, Dios ha hecho frente a esta acusaci\u00f3n, y la manera en que lo hizo, constituye en s\u00ed misma, la prueba m\u00e1s convincente de que \u00e9l es absolutamente digno de nuestra fe.<\/p>\n<p>La Biblia es un registro de la larga y costosa demostraci\u00f3n de la fidelidad de Dios. Si la confianza se pudiera generar por medio de declaraciones o exhortaciones, la Biblia ser\u00eda un libro muy diferente. Pero las meras aseveraciones de que se es digno de confianza no merecen m\u00e1s consideraci\u00f3n que la fidelidad misma de quien las hace. Por lo tanto, incluso cuando una persona ha sido acusada falsamente, sus afirmaciones o simples negaciones no comprueban nada. Es solamente mediante la demostraci\u00f3n de que se es digno de confianza, durante un largo per\u00edodo de tiempo y en las m\u00e1s variadas circunstancias que la fidelidad puede ser convincentemente establecida.<\/p>\n<p>Generalmente se cree que la Biblia trata, en primer lugar, acerca del plan de Dios para salvar a los pecadores. Ciertamente que este tema est\u00e1 incluido. Pero un asunto a\u00fan mucho mayor se recoge en las p\u00e1ginas de las Escrituras: la veracidad y confiabilidad del Creador mismo. \u00a0\u00bfSe puede confiar en Dios? Esta pregunta ha sido planteada ante la audiencia de todo el universo. La respuesta de Dios es tanto para ellos como para nosotros.<\/p>\n<p>Este libro analiza brevemente los argumentos y respuestas presentadas en el gran conflicto acerca del car\u00e1cter de Dios. Como el misericordioso y convincente maestro que es, Dios nos invita a examinar las pruebas, a estudiar todo el expediente -los sesenta y seis libros de la Biblia-, a juzgar por nosotros mismos si la verdad est\u00e1 de su lado y si lo hallamos digno de nuestra confianza.<\/p>\n<p>La Biblia habla de un tipo especial de unidad que se da entre aquellos cuya fe en Dios ha sido reconquistada. Confiando y admirando al mismo Dios, se dan cuenta de que pueden confiar y respetarse entre s\u00ed. Llegando as\u00ed a experimentar\u00a0 \u00ab\u00a1Cu\u00e1n bueno y cu\u00e1n delicioso es que habiten los hermanos juntos en armon\u00eda!\u00bb<\/p>\n","protected":false},"excerpt":{"rendered":"<p>\u00a1Mirad cu\u00e1n bueno y cu\u00e1n delicioso es\u00a0 que habiten los hermanos juntos en \u00a0\u00a0\u00a0\u00a0\u00a0\u00a0\u00a0\u00a0\u00a0\u00a0\u00a0 armon\u00eda! \u2014Reina Valera 95 \u00a1Vean qu\u00e9 bueno y agradable es que los hermanos vivan unidos! \u2014Dios Habla Hoy \u00a1Oh, qu\u00e9 bueno, qu\u00e9 dulce habitar los hermanos todos juntos! \u2014La Biblia de Jerusal\u00e9n 1976 &nbsp; \u00bfHabr\u00e1 algo m\u00e1s deseable que un mundo [&hellip;]<\/p>\n","protected":false},"author":1,"featured_media":0,"parent":1156,"menu_order":0,"comment_status":"open","ping_status":"open","template":"","meta":{"footnotes":""},"class_list":["post-1083","page","type-page","status-publish","hentry"],"_links":{"self":[{"href":"https:\/\/speakingwellofgod.org\/es\/wp-json\/wp\/v2\/pages\/1083","targetHints":{"allow":["GET"]}}],"collection":[{"href":"https:\/\/speakingwellofgod.org\/es\/wp-json\/wp\/v2\/pages"}],"about":[{"href":"https:\/\/speakingwellofgod.org\/es\/wp-json\/wp\/v2\/types\/page"}],"author":[{"embeddable":true,"href":"https:\/\/speakingwellofgod.org\/es\/wp-json\/wp\/v2\/users\/1"}],"replies":[{"embeddable":true,"href":"https:\/\/speakingwellofgod.org\/es\/wp-json\/wp\/v2\/comments?post=1083"}],"version-history":[{"count":0,"href":"https:\/\/speakingwellofgod.org\/es\/wp-json\/wp\/v2\/pages\/1083\/revisions"}],"up":[{"embeddable":true,"href":"https:\/\/speakingwellofgod.org\/es\/wp-json\/wp\/v2\/pages\/1156"}],"wp:attachment":[{"href":"https:\/\/speakingwellofgod.org\/es\/wp-json\/wp\/v2\/media?parent=1083"}],"curies":[{"name":"wp","href":"https:\/\/api.w.org\/{rel}","templated":true}]}}